{"id":25367,"date":"2021-03-03T18:22:29","date_gmt":"2021-03-03T21:22:29","guid":{"rendered":"https:\/\/homolog.saopaulo.sp.leg.br\/escoladoparlamento\/?page_id=25367"},"modified":"2021-05-20T17:53:44","modified_gmt":"2021-05-20T20:53:44","slug":"tempo-escolar-e-pandemia-de-covid-19-na-america-latina","status":"publish","type":"page","link":"https:\/\/homolog.saopaulo.sp.leg.br\/escoladoparlamento\/cursos\/cursos-anteriores\/cursos-realizados-em-2021\/tempo-escolar-e-pandemia-de-covid-19-na-america-latina\/","title":{"rendered":"Tempo Escolar e Pandemia de Covid-19 na Am\u00e9rica Latina"},"content":{"rendered":"<h2><strong><a href=\"https:\/\/homolog.saopaulo.sp.leg.br\/escoladoparlamento\/wp-content\/uploads\/sites\/5\/2021\/03\/WhatsApp-Image-2021-03-03-at-18.43.34.jpeg\"><img loading=\"lazy\" decoding=\"async\" class=\"alignright wp-image-25375\" src=\"https:\/\/homolog.saopaulo.sp.leg.br\/escoladoparlamento\/wp-content\/uploads\/sites\/5\/2021\/03\/WhatsApp-Image-2021-03-03-at-18.43.34.jpeg\" alt=\"\" width=\"158\" height=\"64\" \/><\/a>Semin\u00e1rio Avan\u00e7ado com o <\/strong><strong>Prof. Dr. S\u00e9rgio Martinic (Univ. de Ays\u00e9n &#8211; Chile)<\/strong><\/h2>\n<h4><strong>(Parceria Escola do Parlamento e a Unicid)<\/strong><\/h4>\n<p><strong>DIRETOR RESPONS\u00c1VEL: Alexsandro Santos<\/strong><\/p>\n<p><strong>COORDENA\u00c7\u00c3O: <\/strong><\/p>\n<p>Prof. Roberto Gimenez (Unicid)<\/p>\n<p>Profa. Sandra Lucia Ferreira (Unicid)<\/p>\n<p>O ano de 2020 foi marcado pelo advento da Pandemia de Covid-19. No mundo inteiro, as sociedades precisaram enfrentar os desafios e problemas em, pelo menos, dois n\u00edveis: a) aqueles relativos \u00e0s caracter\u00edsticas e contornos espec\u00edficos da crise sanit\u00e1ria e de sa\u00fade e b) aqueles relativos \u00e0s m\u00faltiplas e diversificadas implica\u00e7\u00f5es das restri\u00e7\u00f5es impostas pelo combate \u00e0 pandemia nos outros campos da vida social.<\/p>\n<p>Nessa conjuntura, a garantia do direito humano \u00e0 educa\u00e7\u00e3o e \u00e0 escolariza\u00e7\u00e3o se apresentou como uma demanda priorit\u00e1ria e complexa para todas as na\u00e7\u00f5es. Continuar assegurando a continuidade das pr\u00e1ticas educativas na intera\u00e7\u00e3o com as restri\u00e7\u00f5es impostas por estrat\u00e9gias de distanciamento\/isolamento social e de fechamento de espa\u00e7os p\u00fablicos (como a Escola) exigiu dos governos a formula\u00e7\u00e3o e implementa\u00e7\u00e3o de pol\u00edticas educacionais diversificadas e capazes de lidar com novas vari\u00e1veis.<\/p>\n<p>Esse movimento, entretanto, acontece sempre numa rela\u00e7\u00e3o de for\u00e7a com os aspectos pr\u00f3prios da cultura escolar (materialidades, organiza\u00e7\u00e3o dos tempos, rituais da rela\u00e7\u00e3o pedag\u00f3gica entre professores e estudantes, entre outras coisas). Analisar e compreender como a realidade imposta para o trabalho educativo no contexto da Covid-19 produziu deslocamentos, modifica\u00e7\u00f5es e\/ou inova\u00e7\u00f5es na experi\u00eancia e na gest\u00e3o do tempo escolar \u00e9 a proposta deste Semin\u00e1rio Avan\u00e7ado, realizado em parceria entre o Programa de P\u00f3s-Gradua\u00e7\u00e3o em Educa\u00e7\u00e3o da Unicid e a Escola do Parlamento.<\/p>\n<p>&nbsp;<\/p>\n<p><strong>OBJETIVOS<\/strong><\/p>\n<p>Espera-se que, ao final das atividades previstas nessa iniciativa, os participantes tenham ampliado sua capacidade de:<\/p>\n<ol>\n<li>Identificar, analisar e compreender as implica\u00e7\u00f5es das pol\u00edticas educacionais assumidas nos pa\u00edses da Am\u00e9rica Latina para o enfrentamento da Pandemia de Covid-19 na experi\u00eancia social e na gest\u00e3o do tempo escolar.<\/li>\n<li>Refletir sobre a realidade experimentada nas escolas brasileiras no enfrentamento da Pandemia de Covid-19 a partir do di\u00e1logo com a sistematiza\u00e7\u00e3o de experi\u00eancias latino-americanas.<\/li>\n<\/ol>\n<p><strong>EMENTA<\/strong><\/p>\n<p>Pol\u00edticas Educacionais<\/p>\n<p>Enfrentamento \u00e0 Pandemia de COVID-19<\/p>\n<p>Cultura Escolar<\/p>\n<p>Tempo Escolar<\/p>\n<p>&nbsp;<\/p>\n<p><strong>METODOLOGIA<\/strong><\/p>\n<ul>\n<li>Semin\u00e1rio em sess\u00e3o \u00fanica, com 2h de dura\u00e7\u00e3o, organizado em forma de confer\u00eancia, seguida de rodada de perguntas por parte do p\u00fablico e da media\u00e7\u00e3o.<\/li>\n<\/ul>\n<p><strong>P\u00daBLICO ALVO: <\/strong>P\u00fablico em geral<\/p>\n<p><strong>VAGAS: <\/strong>500<\/p>\n<p><span style=\"color: #ff0000\"><strong>Programa\u00e7\u00e3o: Em breve<\/strong><\/span><\/p>\n<h3>Inscri\u00e7\u00f5es: <span style=\"color: #ff0000\"><a style=\"color: #ff0000\" href=\"https:\/\/us02web.zoom.us\/webinar\/register\/WN_418F8Cx3RaC2qhTCjc82vQ\">clique aqui<\/a><\/span><\/h3>\n","protected":false},"excerpt":{"rendered":"<p>Semin\u00e1rio Avan\u00e7ado com o Prof. Dr. S\u00e9rgio Martinic (Univ. de Ays\u00e9n &#8211; Chile) (Parceria Escola do Parlamento e a Unicid) DIRETOR RESPONS\u00c1VEL: Alexsandro Santos COORDENA\u00c7\u00c3O: Prof. Roberto Gimenez (Unicid) Profa. Sandra Lucia Ferreira (Unicid) O ano de 2020 foi marcado pelo advento da Pandemia de Covid-19. No mundo inteiro, as sociedades precisaram enfrentar os desafios [&hellip;]<\/p>\n","protected":false},"author":695,"featured_media":0,"parent":25320,"menu_order":148,"comment_status":"closed","ping_status":"closed","template":"","meta":{"_acf_changed":false,"footnotes":""},"class_list":["post-25367","page","type-page","status-publish","hentry"],"acf":[],"_links":{"self":[{"href":"https:\/\/homolog.saopaulo.sp.leg.br\/escoladoparlamento\/wp-json\/wp\/v2\/pages\/25367","targetHints":{"allow":["GET"]}}],"collection":[{"href":"https:\/\/homolog.saopaulo.sp.leg.br\/escoladoparlamento\/wp-json\/wp\/v2\/pages"}],"about":[{"href":"https:\/\/homolog.saopaulo.sp.leg.br\/escoladoparlamento\/wp-json\/wp\/v2\/types\/page"}],"author":[{"embeddable":true,"href":"https:\/\/homolog.saopaulo.sp.leg.br\/escoladoparlamento\/wp-json\/wp\/v2\/users\/695"}],"replies":[{"embeddable":true,"href":"https:\/\/homolog.saopaulo.sp.leg.br\/escoladoparlamento\/wp-json\/wp\/v2\/comments?post=25367"}],"version-history":[{"count":5,"href":"https:\/\/homolog.saopaulo.sp.leg.br\/escoladoparlamento\/wp-json\/wp\/v2\/pages\/25367\/revisions"}],"predecessor-version":[{"id":25373,"href":"https:\/\/homolog.saopaulo.sp.leg.br\/escoladoparlamento\/wp-json\/wp\/v2\/pages\/25367\/revisions\/25373"}],"up":[{"embeddable":true,"href":"https:\/\/homolog.saopaulo.sp.leg.br\/escoladoparlamento\/wp-json\/wp\/v2\/pages\/25320"}],"wp:attachment":[{"href":"https:\/\/homolog.saopaulo.sp.leg.br\/escoladoparlamento\/wp-json\/wp\/v2\/media?parent=25367"}],"curies":[{"name":"wp","href":"https:\/\/api.w.org\/{rel}","templated":true}]}}