{"id":25478,"date":"2021-03-17T14:58:07","date_gmt":"2021-03-17T17:58:07","guid":{"rendered":"https:\/\/homolog.saopaulo.sp.leg.br\/escoladoparlamento\/?page_id=25478"},"modified":"2021-06-29T15:25:14","modified_gmt":"2021-06-29T18:25:14","slug":"seminarios-avancados-fortalecendo-a-discussao-teorica-sobre-politicas-educacionais","status":"publish","type":"page","link":"https:\/\/homolog.saopaulo.sp.leg.br\/escoladoparlamento\/cursos\/cursos-anteriores\/cursos-realizados-em-2021\/seminarios-avancados-fortalecendo-a-discussao-teorica-sobre-politicas-educacionais\/","title":{"rendered":"Semin\u00e1rios Tem\u00e1ticos em Pol\u00edticas Educacionais"},"content":{"rendered":"<h2><strong><a href=\"https:\/\/homolog.saopaulo.sp.leg.br\/escoladoparlamento\/wp-content\/uploads\/sites\/5\/2021\/03\/WhatsApp-Image-2021-03-03-at-18.43.34.jpeg\"><img loading=\"lazy\" decoding=\"async\" class=\"alignright wp-image-25375\" src=\"https:\/\/homolog.saopaulo.sp.leg.br\/escoladoparlamento\/wp-content\/uploads\/sites\/5\/2021\/03\/WhatsApp-Image-2021-03-03-at-18.43.34.jpeg\" alt=\"\" width=\"211\" height=\"84\" \/><\/a><\/strong><\/h2>\n<h4><strong>(Parceria Escola do Parlamento e a Unicid)<\/strong><\/h4>\n<p><strong>Diretor Respons\u00e1vel: <\/strong>Alexsandro Santos<\/p>\n<p><strong>Coordena\u00e7\u00e3o:<\/strong><\/p>\n<p>Prof. Dr. Alexsandro Santos (Escola do Parlamento \/ GIPED-Unicid)<\/p>\n<p>Profa. Dra. Maria do Carmo Meirelles Toledo Cruz (GIPED &#8211; Unicid)<\/p>\n<p>Profa. Dra. Vanda Mendes Ribeiro (GIPED &#8211; Unicid)<\/p>\n<p>&nbsp;<\/p>\n<p>A garantia do direito humano \u00e0 Educa\u00e7\u00e3o \u00e9 um compromisso fundamental dos estados democr\u00e1ticos. No Brasil, o esfor\u00e7o de alcan\u00e7ar o conjunto de cidad\u00e3os oferecendo acesso, perman\u00eancia e sucesso escolar foi se ampliando ao longo do s\u00e9culo XX e encontrou, p\u00f3s Constitui\u00e7\u00e3o Federal de 1988, uma ancoragem normativa mais est\u00e1vel e tamb\u00e9m mais convergente com uma vis\u00e3o da educa\u00e7\u00e3o escolar como direito p\u00fablico e subjetivo e, portanto, de uma exig\u00eancia incontorn\u00e1vel de sua universaliza\u00e7\u00e3o plena.<\/p>\n<p>Estudar e analisar como se d\u00e1 o processo de formula\u00e7\u00e3o e implementa\u00e7\u00e3o dessas pol\u00edticas p\u00fablicas significa debru\u00e7ar-se sobre as disputas, dissensos e consensos que se apresentam na defini\u00e7\u00e3o da agenda, no desenho das poss\u00edveis solu\u00e7\u00f5es para os problemas e desafios p\u00fablicos, na constru\u00e7\u00e3o das estrat\u00e9gias de implementa\u00e7\u00e3o e na avalia\u00e7\u00e3o e monitoramento dos resultados alcan\u00e7ados.<\/p>\n<p>A proposta desta s\u00e9rie de semin\u00e1rios avan\u00e7ados \u00e9 justamente mobilizar a reflex\u00e3o cr\u00edtica a respeito desses movimentos de Estado a partir do di\u00e1logo com pesquisadoras e pesquisadores do campo de p\u00fablicas, nas interfaces entre ci\u00eancia pol\u00edtica, administra\u00e7\u00e3o p\u00fablica e ci\u00eancias da Educa\u00e7\u00e3o.<\/p>\n<p>&nbsp;<\/p>\n<h3><strong>Assista novamente ao semin\u00e1rio de 23\/06, com a Profa. Dra. Sandra Gomes (UFRN) e Profa. Dra. Alicia Bonamino (PUC-RIO) &#8211; <a href=\"https:\/\/youtu.be\/30_MSUbEhqw\">CLIQUE AQUI<\/a><\/strong><\/h3>\n<p>Acompanhe as transmiss\u00f5es dos encontros passados em <a href=\"https:\/\/www.youtube.com\/c\/EscoladoParlamentoCMSP\">https:\/\/www.youtube.com\/c\/EscoladoParlamentoCMSP<\/a><\/p>\n<p>&nbsp;<\/p>\n<p><strong>Objetivos<\/strong><\/p>\n<p>Espera-se que durante a realiza\u00e7\u00e3o dos semin\u00e1rios avan\u00e7ados, os participantes possam:<\/p>\n<ul>\n<li>Mobilizar a reflex\u00e3o cr\u00edtica sobre o processo de defini\u00e7\u00e3o da agenda, de formula\u00e7\u00e3o, de implementa\u00e7\u00e3o e de avalia\u00e7\u00e3o das pol\u00edticas educacionais;<\/li>\n<li>Aprofundar seus conhecimentos sobre o referencial conceitual da ci\u00eancia pol\u00edtica, da administra\u00e7\u00e3o p\u00fablica e das ci\u00eancias da educa\u00e7\u00e3o de modo a aumentar seu repert\u00f3rio anal\u00edtico de problemas educacionais.<\/li>\n<\/ul>\n<p><b>Ementa<\/b><\/p>\n<ul>\n<li>Pol\u00edticas P\u00fablicas de Educa\u00e7\u00e3o<\/li>\n<li>Ciclo de Pol\u00edticas P\u00fablicas<\/li>\n<li>Problemas P\u00fablicos e Forma\u00e7\u00e3o de Agenda em Pol\u00edtica Educacional<\/li>\n<li>Formula\u00e7\u00e3o de Pol\u00edticas Educacionais: Atores, din\u00e2micas e processos<\/li>\n<li>Implementa\u00e7\u00e3o de Pol\u00edticas Educacionais: Atores, din\u00e2micas e processos<\/li>\n<li>Pesquisas em Pol\u00edticas P\u00fablicas de Educa\u00e7\u00e3o: Aprendizagens a partir dos percursos investigativos.<\/li>\n<\/ul>\n<p><strong>Metodologia:\u00a0 <\/strong>Dez semin\u00e1rios, com 2h cada, envolvendo professores e pesquisadores convidados. Em cada semin\u00e1rio, um pesquisador\/professor apresentar\u00e1 suas reflex\u00f5es e seus percursos investigativos na \u00e1rea de Pol\u00edticas P\u00fablicas e, a partir desta exposi\u00e7\u00e3o, os participantes poder\u00e3o dialogar com os conferencistas.<\/p>\n<p><strong>\u00a0<\/strong><strong>P\u00fablico-alvo: <\/strong>P\u00fablico em geral<\/p>\n<p><strong>\u00a0<\/strong><strong>Vagas: <\/strong>500<\/p>\n<p><strong>Plataforma de transmiss\u00e3o e intera\u00e7\u00e3o<\/strong>: YouTube da Escola do Parlamento (<a href=\"https:\/\/www.youtube.com\/c\/EscoladoParlamentoCMSP\">clique aqui<\/a> para seguir nosso canal)<\/p>\n<p><strong>Avalia\u00e7\u00e3o: <\/strong>Question\u00e1rio de rea\u00e7\u00e3o disponibilizado ap\u00f3s o t\u00e9rmino de cada semin\u00e1rio<\/p>\n<p><strong>Certifica\u00e7\u00e3o:<\/strong> por semin\u00e1rio, para os cursistas inscritos, que frequentaram o semin\u00e1rio e responderam o question\u00e1rio de rea\u00e7\u00e3o<\/p>\n<p><strong>Data e Hor\u00e1rio:<\/strong> de 24\/03 a 23\/06 &#8211; confira programa\u00e7\u00e3o abaixo<\/p>\n<p><strong>Programa\u00e7\u00e3o:<\/strong><\/p>\n<table width=\"623\">\n<tbody>\n<tr>\n<td width=\"131\"><strong>DATA E HOR\u00c1RIO<\/strong><\/td>\n<td width=\"205\"><strong>T\u00cdTULO DE SEMIN\u00c1RIO<\/strong><\/td>\n<td width=\"279\"><strong>CONVIDADOS<\/strong><\/td>\n<\/tr>\n<tr>\n<td width=\"131\"><strong>24\/03\/2021<\/strong><\/p>\n<p><strong>13h30 \u00e0s 15h30<\/strong><\/td>\n<td width=\"205\">O Campo de Pol\u00edtica P\u00fablica<\/p>\n<p>(<a href=\"https:\/\/www.youtube.com\/watch?v=Soc4kC2v99w\">clique aqui<\/a> para assistir novamente)<\/td>\n<td width=\"279\">Conferencista: Profa. Dra. Marta Ferreira Santos Farah (EAESP-FGV)<\/p>\n<p>Mediadora: Profa. Dra. Maria do Carmo M. Toledo Cruz (Unicid)<\/td>\n<\/tr>\n<tr>\n<td width=\"131\"><strong>28\/04\/2021<\/strong><\/p>\n<p><strong>16h30 \u00e0s 18h30<\/strong><\/td>\n<td width=\"205\">A Matriz Nacional Comum de Compet\u00eancias do Diretor Escolar: Desafios na Formula\u00e7\u00e3o<\/p>\n<p>(<a href=\"https:\/\/www.youtube.com\/watch?v=9U-l8sB399E\">clique aqui<\/a> para assistir novamente)<\/td>\n<td width=\"279\">Conferencista: Profa. Dra. Cynthia Paes de Carvalho (PUC-RIO)<\/p>\n<p>Mediadora: Profa. Dra. Vanda Mendes Ribeiro (Unicid)<\/td>\n<\/tr>\n<tr>\n<td width=\"131\"><strong>05\/05\/2021<\/strong><\/p>\n<p><strong>13h30 \u00e0s 15h30<\/strong><\/td>\n<td width=\"205\">Formula\u00e7\u00e3o de Pol\u00edticas P\u00fablicas e Processo Decis\u00f3rio<\/p>\n<p>(<a href=\"https:\/\/youtu.be\/72DhIHhtj_E\">clique aqui<\/a> para assistir novamente)<\/td>\n<td width=\"279\">Conferencista: Profa. Dra. Ana Cl\u00e1udia Niedhardt Capella (UFSCAR)<\/p>\n<p>Mediadora: Profa. Maria do Carmo M. Toledo Cruz (Unicid)<\/td>\n<\/tr>\n<tr>\n<td width=\"131\"><strong>19\/05\/2021<\/strong><\/p>\n<p><strong>13h30 \u00e0s 15h30<\/strong><\/td>\n<td width=\"205\">Os Estudos Brasileiros sobre Implementa\u00e7\u00e3o de Pol\u00edticas P\u00fablicas<\/p>\n<p>(<a href=\"https:\/\/www.youtube.com\/watch?v=I7xAur7h2yc\">clique aqui<\/a> para assistir novamente)<\/td>\n<td width=\"279\">Conferencista: Profa. Dra. Renata Bichir (EACH-USP)<\/p>\n<p>Mediadora: Profa. Maria do Carmo M. Toledo Cruz (Unicid)<\/td>\n<\/tr>\n<tr>\n<td width=\"131\"><strong>26\/05\/2021<\/strong><\/p>\n<p><strong>13h30 \u00e0s 15h30<\/strong><\/td>\n<td width=\"205\">Intera\u00e7\u00f5es na Implementa\u00e7\u00e3o da Pol\u00edtica Educacional:<\/p>\n<p>a) Redes de Agentes Implementadores de Pol\u00edticas Educacionais no Territ\u00f3rio<\/p>\n<p>b) A Implementa\u00e7\u00e3o da Pol\u00edtica de Creches em Munic\u00edpios Brasileiros<\/p>\n<p>(<a href=\"https:\/\/www.youtube.com\/watch?v=OUtw_nwI220\">clique aqui<\/a> para assistir novamente)<\/td>\n<td width=\"279\">Conferencistas: Prof. Dr. Breynner Ricardo de Oliveira (UFOP) e Profa. Dra. Maria do Carmo M. T. Cruz (Unicid)<\/p>\n<p>Mediador: Prof. Dr. Alexsandro Santos (Escola do Parlamento\/Unicid)<\/td>\n<\/tr>\n<tr>\n<td width=\"131\"><strong>02\/06\/2021<\/strong><\/p>\n<p><strong>13h30 \u00e0s 15h30<\/strong><\/td>\n<td width=\"205\">Avalia\u00e7\u00e3o de Pol\u00edticas P\u00fablicas: Avan\u00e7os e Desafios no Contexto de Austeridade Fiscal<\/p>\n<p>(<a href=\"https:\/\/www.youtube.com\/watch?v=QxzeVkeMwks&amp;t=1126s\">clique aqui<\/a> para assistir novamente)<\/td>\n<td width=\"279\">Conferencista: Prof. Dr. Paulo de Martino Jannuzzi (IBGE)<\/p>\n<p>Mediadora: Profa. Maria do Carmo M. Toledo Cruz (Unicid)<\/td>\n<\/tr>\n<tr>\n<td width=\"131\"><strong>09\/06\/2021<\/strong><\/p>\n<p><strong>13h30 \u00e0s 15h30<\/strong><\/td>\n<td width=\"205\">Avalia\u00e7\u00f5es da Aprendizagem Externas em Larga Escala e Gest\u00e3o Escolar<\/p>\n<p>(<a href=\"https:\/\/www.youtube.com\/watch?v=flZsMRCjRGc\">clique aqui<\/a> para assistir novamente)<\/td>\n<td width=\"279\">Conferencista: Prof. Dr. Ocimar Munhoz Alavarse (FE-USP)<\/p>\n<p>Mediadora: Profa. Dra. Vanda Mendes Ribeiro (Unicid)<\/td>\n<\/tr>\n<tr>\n<td width=\"131\"><strong>16\/06\/2021<\/strong><\/p>\n<p><strong>13h30 \u00e0s 15h30<\/strong><\/td>\n<td width=\"205\">Arranjos de Implementa\u00e7\u00e3o e Capacidades Estatais: os Casos do Cear\u00e1 e do Acre<\/p>\n<p>(<a href=\"https:\/\/youtu.be\/868CPMyN9Eg\">clique aqui<\/a> para assistir novamente)<\/td>\n<td width=\"279\">Conferencistas: Profa. Dra. Naira Muylaert e Me. Bernardo Padula Schwaitzer (PUC-RIO) e Profa. Dra. Vanda Mendes Ribeiro (Unicid)<\/p>\n<p>Mediador: Prof. Dr. Alexsandro Santos (Escola do Parlamento\/Unicid)<\/td>\n<\/tr>\n<tr>\n<td width=\"131\"><strong>23\/06\/2021<\/strong><\/p>\n<p><strong>13h30 \u00e0s 15h30<\/strong><\/td>\n<td width=\"205\">Abordagem Espacial na Gest\u00e3o de Pol\u00edticas Educacionais: Equidade para Superar Desigualdades<\/td>\n<td width=\"279\">Conferencista: Profa. Dra. Sandra Gomes (UFRN)<\/p>\n<p>Mediadora: Profa. Dra. Vanda Mendes Ribeiro (Unicid)<\/td>\n<\/tr>\n<tr>\n<td width=\"131\"><strong>23\/06\/2021<\/strong><\/p>\n<p><strong>15h30 \u00e0s 17h30<\/strong><\/td>\n<td width=\"205\">O Uso de Modelos para Analisar a Implementa\u00e7\u00e3o de Pol\u00edticas Educacionais: a Proposta de Matland<\/td>\n<td width=\"279\">Conferencista: Profa. Dra. Alicia Bonamino (PUC-RIO)<\/p>\n<p>Mediadora: Profa. Dra. Vanda Mendes Ribeiro (Unicid)<\/td>\n<\/tr>\n<\/tbody>\n<\/table>\n","protected":false},"excerpt":{"rendered":"<p>(Parceria Escola do Parlamento e a Unicid) Diretor Respons\u00e1vel: Alexsandro Santos Coordena\u00e7\u00e3o: Prof. Dr. Alexsandro Santos (Escola do Parlamento \/ GIPED-Unicid) Profa. Dra. Maria do Carmo Meirelles Toledo Cruz (GIPED &#8211; Unicid) Profa. Dra. Vanda Mendes Ribeiro (GIPED &#8211; Unicid) &nbsp; A garantia do direito humano \u00e0 Educa\u00e7\u00e3o \u00e9 um compromisso fundamental dos estados democr\u00e1ticos. [&hellip;]<\/p>\n","protected":false},"author":731,"featured_media":0,"parent":25320,"menu_order":144,"comment_status":"closed","ping_status":"closed","template":"","meta":{"_acf_changed":false,"footnotes":""},"class_list":["post-25478","page","type-page","status-publish","hentry"],"acf":[],"_links":{"self":[{"href":"https:\/\/homolog.saopaulo.sp.leg.br\/escoladoparlamento\/wp-json\/wp\/v2\/pages\/25478","targetHints":{"allow":["GET"]}}],"collection":[{"href":"https:\/\/homolog.saopaulo.sp.leg.br\/escoladoparlamento\/wp-json\/wp\/v2\/pages"}],"about":[{"href":"https:\/\/homolog.saopaulo.sp.leg.br\/escoladoparlamento\/wp-json\/wp\/v2\/types\/page"}],"author":[{"embeddable":true,"href":"https:\/\/homolog.saopaulo.sp.leg.br\/escoladoparlamento\/wp-json\/wp\/v2\/users\/731"}],"replies":[{"embeddable":true,"href":"https:\/\/homolog.saopaulo.sp.leg.br\/escoladoparlamento\/wp-json\/wp\/v2\/comments?post=25478"}],"version-history":[{"count":5,"href":"https:\/\/homolog.saopaulo.sp.leg.br\/escoladoparlamento\/wp-json\/wp\/v2\/pages\/25478\/revisions"}],"predecessor-version":[{"id":26358,"href":"https:\/\/homolog.saopaulo.sp.leg.br\/escoladoparlamento\/wp-json\/wp\/v2\/pages\/25478\/revisions\/26358"}],"up":[{"embeddable":true,"href":"https:\/\/homolog.saopaulo.sp.leg.br\/escoladoparlamento\/wp-json\/wp\/v2\/pages\/25320"}],"wp:attachment":[{"href":"https:\/\/homolog.saopaulo.sp.leg.br\/escoladoparlamento\/wp-json\/wp\/v2\/media?parent=25478"}],"curies":[{"name":"wp","href":"https:\/\/api.w.org\/{rel}","templated":true}]}}