{"id":25484,"date":"2021-03-17T18:11:05","date_gmt":"2021-03-17T21:11:05","guid":{"rendered":"https:\/\/homolog.saopaulo.sp.leg.br\/escoladoparlamento\/?page_id=25484"},"modified":"2021-06-11T16:23:54","modified_gmt":"2021-06-11T19:23:54","slug":"dialogos_em_defesa_da_democracia","status":"publish","type":"page","link":"https:\/\/homolog.saopaulo.sp.leg.br\/escoladoparlamento\/cursos\/cursos-anteriores\/cursos-realizados-em-2021\/dialogos_em_defesa_da_democracia\/","title":{"rendered":"Di\u00e1logos em Defesa da Democracia"},"content":{"rendered":"<p><strong>COORDENADORES:<\/strong><\/p>\n<p>Prof. Dr. Alexsandro Santos (Escola do Parlamento)<\/p>\n<p>Prof. Cleber Ribeiro de Souza (IPAD-Seja Democracia)<\/p>\n<p><strong>TIPO DE EVENTO:<\/strong>\u00a0Semin\u00e1rio<\/p>\n<p><strong>JUSTIFICATIVA<\/strong>:<\/p>\n<p>A constru\u00e7\u00e3o e o desenvolvimento da modernidade ocidental encontram no bin\u00f4mio cidadania-democracia um dos seus pilares fundamentais. Tal conex\u00e3o est\u00e1 relacionado a produ\u00e7\u00e3o de uma no\u00e7\u00e3o de \u2018contrato social\u2019, de natureza pol\u00edtica, forjado tanto no campo da filosofia pol\u00edtica quanto na pr\u00f3pria produ\u00e7\u00e3o das institucionalidades dos Estados Modernos.<\/p>\n<p>Ocorre que, ao produzir o bin\u00f4mio cidadania-democracia, a modernidade sustentou a possibilidade da exist\u00eancia de um territ\u00f3rio em que essa identidade e essa rela\u00e7\u00e3o pol\u00edtica eram v\u00e1lidas (o territ\u00f3rio metropolitano) e outro territ\u00f3rio em que essa identidade e essa rela\u00e7\u00e3o pol\u00edtica n\u00e3o eram v\u00e1lidas (o territ\u00f3rio colonial\/colonizado).<\/p>\n<p>Assim, a democracia liberal e a cidadania moderna permitiu (e, mais do que isso, ordenou) um avesso de seus princ\u00edpios, no qual determinados sujeitos e determinadas na\u00e7\u00f5es eram exclu\u00eddas de sua abrang\u00eancia e de seu lado luminoso.<\/p>\n<p>Al\u00e9m dessa cis\u00e3o territorial, tamb\u00e9m foram evidentes na constru\u00e7\u00e3o da cidadania e da democracia liberal tipicamente modernas, a nega\u00e7\u00e3o do status de cidad\u00e3o \u00e0s mulheres, \u00e0s popula\u00e7\u00f5es africanas ou afrodiasp\u00f3ricas e aos povos origin\u00e1rios da Am\u00e9rica. Tamb\u00e9m estavam alijados da plenitude da cidadania e da democracia os pobres e a classe trabalhadora.<\/p>\n<p>Assim, a democracia liberal e o estatuto jur\u00eddico da cidadania sustentaram tamb\u00e9m um contrato de domina\u00e7\u00e3o de classe (cf. T.S. Marshall), de domina\u00e7\u00e3o sexual ou de g\u00eanero (cf. Carole Pateman) e um contrato de domina\u00e7\u00e3o racial (cf. Charles W. Mills).<\/p>\n<p>A democracia brasileira, produzida basicamente no s\u00e9culo XX, \u00e9 atravessada por essas tr\u00eas marcas excludentes do projeto de cidadania moderno. E, para desfazer essa conex\u00e3o perversa, \u00e9 fundamental enfrentar e discutir o patrimonialismo, o racismo estrutural e o machismo\/patriarcado como for\u00e7as organizadoras da desigual distribui\u00e7\u00e3o do poder pol\u00edtico e dos direitos da cidadania.<\/p>\n<p>Este percurso formativo est\u00e1 orientado nessa perspectiva e nasce de uma parceria estabelecida entre o Instituto de Pensamentos e A\u00e7\u00f5es em defesa da Democracia \u2013 IPAD e a Escola do Parlamento.<\/p>\n<p>Desta forma, o objetivo central da parceria \u00e9, por meio de um consistente percurso formativo, ampliar os espa\u00e7os de forma\u00e7\u00e3o e de mobiliza\u00e7\u00e3o pela defesa da democracia e da rep\u00fablica brasileira, de corpos que foram exclu\u00eddos at\u00e9 ent\u00e3o do projeto de cidadania moderno. O percurso ter\u00e1 como princ\u00edpio a radicaliza\u00e7\u00e3o da democracia e da rep\u00fablica brasileira, no sentido de focalizar potentes caminhos para a supera\u00e7\u00e3o da desigualdade estrutural, representados pelas formas patriarcais, patrimonialistas e racistas que a sustentam.<\/p>\n<p><strong>OBJETIVOS:<\/strong><\/p>\n<p>Espera-se que, ao final das atividades previstas nessa iniciativa, os participantes tenham ampliado sua capacidade de:<\/p>\n<ol>\n<li>Identificar, analisar e compreender as limita\u00e7\u00f5es, atravessamentos e desafios que o racismo estrutural e a estrutura patriarcal de poder, como pilares da modernidade ocidental, atravessam a qualidade da democracia no Brasil;<\/li>\n<li>Identificar, analisar e compreender a sub-representa\u00e7\u00e3o, o silenciamento e a nega\u00e7\u00e3o da participa\u00e7\u00e3o de mulheres e homens negros nos espa\u00e7os de poder e decis\u00e3o da democracia no Brasil;<\/li>\n<li>Refletir, dialogar e elaborar sentidos e significados em rela\u00e7\u00e3o aos impactos do racismo estrutural e da rela\u00e7\u00e3o patriarcal de poder na constru\u00e7\u00e3o das subjetividades pol\u00edticas das pessoas negras e das mulheres no Brasil;<\/li>\n<li>Construir alternativas para ampliar a participa\u00e7\u00e3o de pessoas negras e de mulheres na democracia e nos espa\u00e7os de decis\u00e3o pol\u00edtica.<\/li>\n<\/ol>\n<p><strong>\u00a0<\/strong><strong>EMENTA:<\/strong><\/p>\n<ul>\n<li>Patrimonialismo, classe e aporofobia no pensamento e nas institui\u00e7\u00f5es pol\u00edticas do Brasil;<\/li>\n<li>Ra\u00e7a, Racismo Estrutural e Contrato Racial de Domina\u00e7\u00e3o na Democracia Liberal;<\/li>\n<li>Patriarcalismo, opress\u00e3o de g\u00eanero e presen\u00e7a das mulheres na arena democr\u00e1tica brasileira;<\/li>\n<li>Qualidade da democracia, racismo estrutural e estrutura patriarcal;<\/li>\n<li>Partidos pol\u00edticos e (sub)representa\u00e7\u00e3o racial e de g\u00eanero;<\/li>\n<li>Institui\u00e7\u00f5es e (sub)representa\u00e7\u00e3o racial e de g\u00eanero;<\/li>\n<li>A luta e o ativismo de mulheres e da popula\u00e7\u00e3o negra em defesa da democracia;<\/li>\n<\/ul>\n<p><strong>METODOLOGIA<\/strong><\/p>\n<ul>\n<li>Tr\u00eas Semin\u00e1rios Formativos, cada um composto por tr\u00eas encontros virtuais, nos quais ser\u00e3o convidados professores externos e especialistas em cada um dos temas, sob a media\u00e7\u00e3o da equipe do Instituto de Pensamentos e A\u00e7\u00f5es pela Democracia.<\/li>\n<\/ul>\n<p><strong>P\u00daBLICO ALVO:\u00a0<\/strong>P\u00fablico em geral<\/p>\n<p><strong>VAGAS:\u00a0<\/strong>500<\/p>\n<p><strong>CERTIFICADOS:<\/strong><\/p>\n<p>Os participantes ser\u00e3o certificados\u00a0 se cumprirem as seguintes exig\u00eancias:<\/p>\n<ul>\n<li>Frequ\u00eancia: 6 dos 9 encontros;<\/li>\n<li>Realiza\u00e7\u00e3o da atividade de avalia\u00e7\u00e3o final.<\/li>\n<\/ul>\n<p><strong>1\u00b0 SEMIN\u00c1RIO: ENFRENTANDO O PATRIMONIALISMO NA DEMOCRACIA BRASILEIRA<\/strong><\/p>\n<table width=\"623\">\n<tbody>\n<tr>\n<td width=\"108\"><strong>DATA<\/strong><\/td>\n<td width=\"232\"><strong>TEMA<\/strong><\/td>\n<td width=\"283\"><strong>CONVIDADOS<\/strong><\/td>\n<\/tr>\n<tr>\n<td width=\"108\"><strong>19\/03<\/strong><\/p>\n<p><strong>Hor\u00e1rio: 13h \u00e0s 15h<\/strong><\/td>\n<td width=\"232\"><strong>A Elite do Atraso e o Patrimonialismo Brasileiro<\/strong><\/p>\n<p>( <a href=\"https:\/\/youtu.be\/RUiCNmidoFc\" target=\"_blank\" rel=\"noopener\">Clique aqui<\/a> para assistir novamente)<\/td>\n<td width=\"283\"><strong>Prof. Dr. Jess\u00e9 de Souza<\/strong><\/p>\n<p><strong>Media\u00e7\u00e3o: Prof. Dr. Alexsandro Santos<\/strong><\/p>\n<p><strong>Apresenta\u00e7\u00e3o do curso: Prof. Cleber Ribeiro<\/strong><\/td>\n<\/tr>\n<tr>\n<td width=\"108\"><strong>27\/03<\/strong><\/p>\n<p><strong>Hor\u00e1rio: 14h \u00e0s 16h<\/strong><\/td>\n<td width=\"232\"><strong>Desafios de uma sociedade patrimonialista<\/strong><\/p>\n<p>(<a href=\"https:\/\/youtu.be\/YcfiSudGmIo\" target=\"_blank\" rel=\"noopener\">Clique aqui<\/a> para assistir novamente)<\/td>\n<td width=\"283\"><strong>Eduardo Marinho<\/strong><\/p>\n<p><strong>Media\u00e7\u00e3o: Prof. ME. Auta Azevedo<\/strong><\/td>\n<\/tr>\n<tr>\n<td width=\"108\"><strong>10\/04<\/strong><\/p>\n<p><strong>Hor\u00e1rio: 14h \u00e0s 16h<\/strong><\/td>\n<td width=\"232\"><strong>Corpos dissidentes na ruptura do Patrimonialismo Brasileiro.<\/strong><\/p>\n<p>(<a href=\"https:\/\/youtu.be\/geZYu6RHGt0\" target=\"_blank\" rel=\"noopener\">Clique aqui<\/a> para assistir novamente)<\/td>\n<td width=\"283\"><strong>Prof. Dr. Dani Balbi<\/strong><\/p>\n<p><strong>Media\u00e7\u00e3o: Prof. Douglas Vina<\/strong><\/td>\n<\/tr>\n<\/tbody>\n<\/table>\n<p>&nbsp;<\/p>\n<p><strong>2\u00b0 SEMIN\u00c1RIO: RACISMO ESTRUTURAL \u2013 O LIMITE DA DEMOCRACIA BRASILEIRA<\/strong><\/p>\n<table width=\"623\">\n<tbody>\n<tr>\n<td width=\"75\"><strong>DATA<\/strong><\/td>\n<td width=\"265\"><strong>TEMA<\/strong><\/td>\n<td width=\"283\"><strong>CONVIDADOS<\/strong><\/td>\n<\/tr>\n<tr>\n<td width=\"75\"><strong>17\/04<\/strong><\/p>\n<p><b>Hor\u00e1rio: 14h \u00e0s 16h<\/b><\/td>\n<td width=\"265\"><strong>\u00a0\u00a0<\/strong><b>Racismo: entre a cultura e a estrutura os limites\/desafios da democracia brasileira.<\/b><\/p>\n<p>(<a href=\"https:\/\/youtu.be\/s0Sr0qXff4I\" target=\"_blank\" rel=\"noopener\">Clique aqui<\/a> para assistir novamente)<\/td>\n<td width=\"283\"><b>Prof. Dr. Valter Roberto Silv\u00e9rio\u00a0<\/b><\/td>\n<\/tr>\n<tr>\n<td width=\"75\"><b>24\/04<\/b><\/p>\n<p><b>Hor\u00e1rio: 14h \u00e0s 16h<\/b><\/td>\n<td width=\"265\"><b style=\"font-family: inherit;font-size: inherit\">Lideran\u00e7as negras na pol\u00edtica institucional\u00a0<\/b><\/p>\n<p>(<a href=\"https:\/\/youtu.be\/ytqONFBWtBI\" target=\"_blank\" rel=\"noopener\">Clique aqui<\/a> para assistir novamente)<\/td>\n<td style=\"text-align: center\" width=\"283\">\n<p style=\"text-align: left\"><b>Maiara Felicio<\/b><\/p>\n<p style=\"text-align: left\"><strong>Jesus dos Santos<\/strong><\/p>\n<\/td>\n<\/tr>\n<tr>\n<td width=\"75\"><strong>08\/05<\/strong><\/p>\n<p><b>Hor\u00e1rio: 14h \u00e0s 16h<\/b><\/td>\n<td width=\"265\"><b>Os limites e desafios da democracia brasileira<\/b><\/p>\n<p>(<a href=\"https:\/\/youtu.be\/1CuJEz5RVEE\" target=\"_blank\" rel=\"noopener\">Clique aqui<\/a> para assistir novemente)<\/td>\n<td style=\"text-align: left\" width=\"283\"><strong>S\u00f4nia Abik\u00e9<\/strong><\/td>\n<\/tr>\n<\/tbody>\n<\/table>\n<p>&nbsp;<\/p>\n<p><strong>3\u00b0 SEMIN\u00c1RIO: PATRIARCADO E DOMINA\u00c7\u00c3O DE G\u00caNERO \u2013 A CENTRALIDADE DOS CORPOS FEMININOS NA DEMOCRACIA BRASILEIRA<\/strong><\/p>\n<table width=\"623\">\n<tbody>\n<tr>\n<td width=\"283\">\n<table width=\"623\">\n<tbody>\n<tr>\n<td width=\"75\"><strong>DATA<\/strong><\/td>\n<td width=\"265\"><strong>TEMA<\/strong><\/td>\n<td width=\"283\"><strong>CONVIDADOS<\/strong><\/td>\n<\/tr>\n<tr>\n<td width=\"75\"><b>22\/05<\/b><\/p>\n<p><b>Hor\u00e1rio: 14h \u00e0s 16h<\/b><\/td>\n<td width=\"265\"><strong>\u00a0\u00a0<\/strong><b>O patriarcado da sociedade brasileira: ruptura a partir da luta de g\u00eanero, de classe e racial.\u00a0<\/b><\/p>\n<p>(<a href=\"https:\/\/youtu.be\/wSPE0eaS1VE\">Clique aqui<\/a> para assistir novamente)<\/td>\n<td width=\"283\"><strong>\u00a0\u00a0<\/strong><b>Prof. doutoranda Ciani Sueli das Neves<\/b><\/td>\n<\/tr>\n<tr>\n<td width=\"75\"><b>29\/05<\/b><\/p>\n<p><b>Hor\u00e1rio: 14h \u00e0s 16h<\/b><\/td>\n<td width=\"265\"><strong>\u00a0\u00a0<\/strong><b>O Bem Viver das mulheres m\u00e3es negras, ind\u00edgenas e perif\u00e9ricas abalando a estrutura do patriarcado.<\/b><\/p>\n<p>(<a href=\"https:\/\/youtu.be\/IwbYRvKszCo\">Clique aqui<\/a> para assistir novamente)<\/td>\n<td width=\"283\"><strong>\u00a0 I<\/strong><b>nd\u00edgena, ativista feminista Urbano Debora Aguiar\u00a0<\/b><\/td>\n<\/tr>\n<tr>\n<td width=\"75\"><b>05\/06<\/b><\/p>\n<p><b>Hor\u00e1rio: 14h \u00e0s 16h<\/b><\/td>\n<td width=\"265\"><strong>\u00a0<\/strong><b>A luta das mulheres ind\u00edgenas por direitos no centro da radicaliza\u00e7\u00e3o da democracia.<\/b><\/p>\n<p>(<a href=\"https:\/\/youtu.be\/ND7AwAQHkR0\">Clique aqui<\/a> para assistir novamente)<\/td>\n<td width=\"283\"><strong><strong>\u00a0<\/strong><\/strong><\/p>\n<p class=\"title style-scope ytd-video-primary-info-renderer\"><strong>Werymehe Pataxoop<\/strong><\/p>\n<\/td>\n<\/tr>\n<\/tbody>\n<\/table>\n<\/td>\n<\/tr>\n<\/tbody>\n<\/table>\n","protected":false},"excerpt":{"rendered":"<p>COORDENADORES: Prof. Dr. Alexsandro Santos (Escola do Parlamento) Prof. Cleber Ribeiro de Souza (IPAD-Seja Democracia) TIPO DE EVENTO:\u00a0Semin\u00e1rio JUSTIFICATIVA: A constru\u00e7\u00e3o e o desenvolvimento da modernidade ocidental encontram no bin\u00f4mio cidadania-democracia um dos seus pilares fundamentais. Tal conex\u00e3o est\u00e1 relacionado a produ\u00e7\u00e3o de uma no\u00e7\u00e3o de \u2018contrato social\u2019, de natureza pol\u00edtica, forjado tanto no campo [&hellip;]<\/p>\n","protected":false},"author":661,"featured_media":0,"parent":25320,"menu_order":142,"comment_status":"closed","ping_status":"closed","template":"","meta":{"_acf_changed":false,"footnotes":""},"class_list":["post-25484","page","type-page","status-publish","hentry"],"acf":[],"_links":{"self":[{"href":"https:\/\/homolog.saopaulo.sp.leg.br\/escoladoparlamento\/wp-json\/wp\/v2\/pages\/25484","targetHints":{"allow":["GET"]}}],"collection":[{"href":"https:\/\/homolog.saopaulo.sp.leg.br\/escoladoparlamento\/wp-json\/wp\/v2\/pages"}],"about":[{"href":"https:\/\/homolog.saopaulo.sp.leg.br\/escoladoparlamento\/wp-json\/wp\/v2\/types\/page"}],"author":[{"embeddable":true,"href":"https:\/\/homolog.saopaulo.sp.leg.br\/escoladoparlamento\/wp-json\/wp\/v2\/users\/661"}],"replies":[{"embeddable":true,"href":"https:\/\/homolog.saopaulo.sp.leg.br\/escoladoparlamento\/wp-json\/wp\/v2\/comments?post=25484"}],"version-history":[{"count":5,"href":"https:\/\/homolog.saopaulo.sp.leg.br\/escoladoparlamento\/wp-json\/wp\/v2\/pages\/25484\/revisions"}],"predecessor-version":[{"id":26289,"href":"https:\/\/homolog.saopaulo.sp.leg.br\/escoladoparlamento\/wp-json\/wp\/v2\/pages\/25484\/revisions\/26289"}],"up":[{"embeddable":true,"href":"https:\/\/homolog.saopaulo.sp.leg.br\/escoladoparlamento\/wp-json\/wp\/v2\/pages\/25320"}],"wp:attachment":[{"href":"https:\/\/homolog.saopaulo.sp.leg.br\/escoladoparlamento\/wp-json\/wp\/v2\/media?parent=25484"}],"curies":[{"name":"wp","href":"https:\/\/api.w.org\/{rel}","templated":true}]}}