{"id":2552,"date":"2015-11-23T21:19:00","date_gmt":"2015-11-23T23:19:00","guid":{"rendered":"http:\/\/homolog.saopaulo.sp.leg.br\/escoladoparlamento\/?page_id=2552"},"modified":"2015-12-10T17:32:57","modified_gmt":"2015-12-10T19:32:57","slug":"jornada-da-democracia-direta","status":"publish","type":"page","link":"https:\/\/homolog.saopaulo.sp.leg.br\/escoladoparlamento\/cursos\/cursos-anteriores\/cursos-realizados-em-2015\/jornada-da-democracia-direta\/","title":{"rendered":"Jornada da Democracia Direta"},"content":{"rendered":"<p><strong>Objetivos:<\/strong> A Jornada da Democracia Direta pretende ampliar o debate sobre a participa\u00e7\u00e3o direta no governo da cidade de S\u00e3o Paulo, avaliar os instrumentos de participa\u00e7\u00e3o existentes \u2013 como conselhos municipais e audi\u00eancias p\u00fablicas \u2013, avaliar as possibilidades para se realizar consultas populares no munic\u00edpio e, ainda, apresentar \u00e0 sociedade conquistas e desafios no que toca \u00e0 regulamenta\u00e7\u00e3o de outro importante mecanismo de democracia direta: a realiza\u00e7\u00e3o de Plebiscitos.<\/p>\n<p><strong>Diretor Respons\u00e1vel:<\/strong> Christy Ganzert Pato<\/p>\n<p><strong>Coordenador:<\/strong> Am\u00e9rico Sampaio<\/p>\n<p><strong>P\u00fablico Alvo:<\/strong> Conselheiros Municipais, membros da sociedade civil organizada, parlamentares e servidores p\u00fablicos e a popula\u00e7\u00e3o em geral interessada no tema.<\/p>\n<p><strong>Carga Hor\u00e1ria:<\/strong> 6h<\/p>\n<p><strong>Vagas:<\/strong> 100<\/p>\n<p><strong>Inscri\u00e7\u00f5es:<\/strong> At\u00e9 08\/12<\/p>\n<p><strong>Programa\u00e7\u00e3o:<\/strong><\/p>\n<table>\n<tbody>\n<tr>\n<td><strong>Data<\/strong><\/td>\n<td><strong>Hora<\/strong><\/td>\n<td><strong>Local<\/strong><\/td>\n<td><strong>Palestrante<\/strong><\/td>\n<td><strong>Tema<\/strong><\/td>\n<\/tr>\n<tr>\n<td><strong>09\/12<\/strong><\/td>\n<td>14:30h \u2013 17:30h<\/td>\n<td><a href=\"http:\/\/homolog.saopaulo.sp.leg.br\/transparencia\/auditorios-online\/sala-sergio-vieira-de-mello-sala\/\">Sala S\u00e9rgio Vieira de Mello<\/a><\/td>\n<td><strong>Wagner Rom\u00e3o (Unicamp)<\/strong> \u2013 Conceitos e mecanismos de participa\u00e7\u00e3o: a import\u00e2ncia da participa\u00e7\u00e3o e experi\u00eancias brasileiras e internacionais;<\/p>\n<p><strong>Allan Rodrigues Dias (CMSP)<\/strong>\u00a0\u2013 A Experi\u00eancia da CMSP: audi\u00eancias e plebiscitos segundo a Lei Org\u00e2nica.<\/p>\n<p><strong>Andreza Galli (PMSP) \u2013 <\/strong>O processo de expans\u00e3o dos Conselhos na cidade de SP<\/p>\n<p><strong>Dora Lima e Jose Roosevelt Jr. <\/strong>Representante dos Conselheiros Municipais.<\/td>\n<td><em>Democracia Direta e Participa\u00e7\u00e3o Popular<\/em><\/td>\n<\/tr>\n<tr>\n<td><strong>09\/12<\/strong><\/td>\n<td>19h \u2013 22h<\/td>\n<td>\u00a0<a href=\"http:\/\/homolog.saopaulo.sp.leg.br\/transparencia\/auditorios-online\/sala-sergio-vieira-de-mello-sala\/\">Sala S\u00e9rgio Vieira de Mello<\/a><\/td>\n<td><strong>Am\u00e9rico Sampaio (Rede Nossa SP) &#8211; <\/strong>Hist\u00f3rico dos PL\u2019s que objetivam ampliar os mecanismos de participa\u00e7\u00e3o e status do PL 467\/2015.<\/p>\n<p><strong>Xixo Piragino (Escola de Governo) &#8211;<\/strong> A Sociedade Civil na luta pela amplia\u00e7\u00e3o dos mecanismos de participa\u00e7\u00e3o.<\/td>\n<td><em>A Trajet\u00f3ria do PL 467\/2015: hist\u00f3rico e horizonte na luta pela amplia\u00e7\u00e3o dos mecanismos de Democracia Direta na cidade de SP\u00a0<\/em><\/td>\n<\/tr>\n<\/tbody>\n<\/table>\n<p>&nbsp;<\/p>\n","protected":false},"excerpt":{"rendered":"<p>Objetivos: A Jornada da Democracia Direta pretende ampliar o debate sobre a participa\u00e7\u00e3o direta no governo da cidade de S\u00e3o Paulo, avaliar os instrumentos de participa\u00e7\u00e3o existentes \u2013 como conselhos municipais e audi\u00eancias p\u00fablicas \u2013, avaliar as possibilidades para se realizar consultas populares no munic\u00edpio e, ainda, apresentar \u00e0 sociedade conquistas e desafios no que [&hellip;]<\/p>\n","protected":false},"author":127,"featured_media":0,"parent":1331,"menu_order":631,"comment_status":"closed","ping_status":"closed","template":"","meta":{"_acf_changed":false,"footnotes":""},"class_list":["post-2552","page","type-page","status-publish","hentry"],"acf":[],"_links":{"self":[{"href":"https:\/\/homolog.saopaulo.sp.leg.br\/escoladoparlamento\/wp-json\/wp\/v2\/pages\/2552","targetHints":{"allow":["GET"]}}],"collection":[{"href":"https:\/\/homolog.saopaulo.sp.leg.br\/escoladoparlamento\/wp-json\/wp\/v2\/pages"}],"about":[{"href":"https:\/\/homolog.saopaulo.sp.leg.br\/escoladoparlamento\/wp-json\/wp\/v2\/types\/page"}],"author":[{"embeddable":true,"href":"https:\/\/homolog.saopaulo.sp.leg.br\/escoladoparlamento\/wp-json\/wp\/v2\/users\/127"}],"replies":[{"embeddable":true,"href":"https:\/\/homolog.saopaulo.sp.leg.br\/escoladoparlamento\/wp-json\/wp\/v2\/comments?post=2552"}],"version-history":[{"count":5,"href":"https:\/\/homolog.saopaulo.sp.leg.br\/escoladoparlamento\/wp-json\/wp\/v2\/pages\/2552\/revisions"}],"predecessor-version":[{"id":2681,"href":"https:\/\/homolog.saopaulo.sp.leg.br\/escoladoparlamento\/wp-json\/wp\/v2\/pages\/2552\/revisions\/2681"}],"up":[{"embeddable":true,"href":"https:\/\/homolog.saopaulo.sp.leg.br\/escoladoparlamento\/wp-json\/wp\/v2\/pages\/1331"}],"wp:attachment":[{"href":"https:\/\/homolog.saopaulo.sp.leg.br\/escoladoparlamento\/wp-json\/wp\/v2\/media?parent=2552"}],"curies":[{"name":"wp","href":"https:\/\/api.w.org\/{rel}","templated":true}]}}