{"id":2556,"date":"2015-11-23T21:57:16","date_gmt":"2015-11-23T23:57:16","guid":{"rendered":"http:\/\/homolog.saopaulo.sp.leg.br\/escoladoparlamento\/?page_id=2556"},"modified":"2017-07-11T15:07:45","modified_gmt":"2017-07-11T18:07:45","slug":"ciclo-de-debates-sobre-regulacao-urbanistica-lei-de-zoneamento","status":"publish","type":"page","link":"https:\/\/homolog.saopaulo.sp.leg.br\/escoladoparlamento\/cursos\/cursos-anteriores\/cursos-realizados-em-2015\/ciclo-de-debates-sobre-regulacao-urbanistica-lei-de-zoneamento\/","title":{"rendered":"Ciclo de Debates sobre Regula\u00e7\u00e3o Urbana             (Lei de Zoneamento)"},"content":{"rendered":"<p><iframe loading=\"lazy\" title=\"Palestra na Escola do Parlamento debate a regula\u00e7\u00e3o urban\u00edstica\" width=\"640\" height=\"480\" src=\"https:\/\/www.youtube.com\/embed\/JTMcy1EkyT4?feature=oembed\" frameborder=\"0\" allow=\"accelerometer; autoplay; clipboard-write; encrypted-media; gyroscope; picture-in-picture; web-share\" referrerpolicy=\"strict-origin-when-cross-origin\" allowfullscreen><\/iframe><\/p>\n<hr \/>\n<p><strong>Objetivos:<\/strong> A tramita\u00e7\u00e3o do PL 272\/2015 (Lei de Zoneamento) est\u00e1 em sua reta final na C\u00e2mara Municipal de S\u00e3o Paulo. Depois de dezenas de audi\u00eancias p\u00fablicas ouvindo a popula\u00e7\u00e3o a Comiss\u00e3o de Pol\u00edtica Urbana, Metropolitana e Meio Ambiente est\u00e1 apresentando o texto com proposta de substitutivo para a sociedade civil. Ainda assim muitos paulistanos ficaram de fora do debate, quer por n\u00e3o terem os conhecimentos t\u00e9cnicos necess\u00e1rios para acompanhar um debate t\u00e3o complexo, quer por falta de tempo e oportunidade.<\/p>\n<p><strong>Diretor Respons\u00e1vel:<\/strong> Christy Ganzert Pato<\/p>\n<p><strong>Coordenadores:<\/strong> Daniel Montandon e Weber Sutti<\/p>\n<p><strong>P\u00fablico Alvo:<\/strong> Cidad\u00e3os em geral interessados no tema<\/p>\n<p><strong>Vagas:<\/strong> 100, para cada evento; 300 para dia 08\/12.<\/p>\n<p><strong>Carga\u00a0Hor\u00e1ria:<\/strong>\u00a03h para cada evento.<\/p>\n<p><strong>Inscri\u00e7\u00f5es:<\/strong>\u00a0Encerradas.<\/p>\n<p>&nbsp;<\/p>\n<p><strong>Programa\u00e7\u00e3o:<\/strong><\/p>\n<table>\n<tbody>\n<tr>\n<td><strong>Data<\/strong><\/td>\n<td><strong>Hora<\/strong><\/td>\n<td><strong>Local<\/strong><\/td>\n<td><strong>Palestrante<\/strong><\/td>\n<td><strong>Tema<\/strong><\/td>\n<\/tr>\n<tr>\n<td><strong>27\/11<\/strong><\/td>\n<td>19h \u2013 22h<\/td>\n<td>\u00a0<a href=\"http:\/\/homolog.saopaulo.sp.leg.br\/transparencia\/auditorios-online\/sala-sergio-vieira-de-mello-sala\/\">Sala S\u00e9rgio Vieira de Mello<\/a><\/td>\n<td>Mesa de Abertura: Vereador <strong>Paulo Frange<\/strong> (PTB-SP) e Weber Sutti (SMDU-SP)<\/p>\n<p>Palestra: Eduardo Nobre (FAU\/USP)<\/td>\n<td><em>O papel da regula\u00e7\u00e3o urban\u00edstica na hist\u00f3ria de S\u00e3o Paulo<\/em><\/td>\n<\/tr>\n<tr>\n<td><strong>03\/12<\/strong><\/td>\n<td>19h \u2013 22h<\/td>\n<td>\u00a0<a href=\"http:\/\/homolog.saopaulo.sp.leg.br\/transparencia\/auditorios-online\/sala-sergio-vieira-de-mello-sala\/\">Sala S\u00e9rgio Vieira de Mello<\/a><\/td>\n<td>Daniel Montandon (SMDU)<\/td>\n<td><em>Conceitos e instrumentos da regula\u00e7\u00e3o urban\u00edstica<\/em><\/td>\n<\/tr>\n<tr>\n<td><strong>04\/12<\/strong><\/td>\n<td>19h \u2013 22h<\/td>\n<td>\u00a0<a href=\"http:\/\/homolog.saopaulo.sp.leg.br\/transparencia\/auditorios-online\/sala-sergio-vieira-de-mello-sala\/\">Sala S\u00e9rgio Vieira de Mello<\/a><\/td>\n<td>Lisandro Frigerio (SMDU), Daniel Guth (Ciclocidade), Luiz Carlos Mantovani N\u00e9spoli (ANTP) e\u00a0Mariana Ghirello (TV C\u00e2mara)<\/td>\n<td><em>Transporte e mobilidade<\/em><\/td>\n<\/tr>\n<tr>\n<td><strong>08\/12<\/strong><\/td>\n<td>19h \u2013 22h<\/td>\n<td><a href=\"http:\/\/homolog.saopaulo.sp.leg.br\/transparencia\/auditorios-online\/sala-tiradentes\/\">\u00a0Sala Tiradentes<\/a><\/td>\n<td>Tais Tsukumo (SMDU), Margareth Uemura (POLIS) e Luiz Kohara (Centro Gaspar Garcia)<\/td>\n<td><em>Habita\u00e7\u00e3o<\/em><\/td>\n<\/tr>\n<tr>\n<td><strong>10\/12<\/strong><\/td>\n<td>19h \u2013 22h<\/td>\n<td>\u00a0<a href=\"http:\/\/homolog.saopaulo.sp.leg.br\/transparencia\/auditorios-online\/sala-sergio-vieira-de-mello-sala\/\">Sala S\u00e9rgio Vieira de Mello<\/a><\/td>\n<td>Mauro Scarpinatti (Espa\u00e7o Forma\u00e7\u00e3o Assessoria e Documenta\u00e7\u00e3o), Lara Cavalcanti\u00a0(PMSP), Rosana Yamaguti (PMSP) e Luciana Travassos (UFABC)<\/td>\n<td><em>Meio Ambiente<\/em><\/td>\n<\/tr>\n<\/tbody>\n<\/table>\n","protected":false},"excerpt":{"rendered":"<p>Objetivos: A tramita\u00e7\u00e3o do PL 272\/2015 (Lei de Zoneamento) est\u00e1 em sua reta final na C\u00e2mara Municipal de S\u00e3o Paulo. Depois de dezenas de audi\u00eancias p\u00fablicas ouvindo a popula\u00e7\u00e3o a Comiss\u00e3o de Pol\u00edtica Urbana, Metropolitana e Meio Ambiente est\u00e1 apresentando o texto com proposta de substitutivo para a sociedade civil. Ainda assim muitos paulistanos ficaram [&hellip;]<\/p>\n","protected":false},"author":127,"featured_media":0,"parent":1331,"menu_order":630,"comment_status":"closed","ping_status":"closed","template":"","meta":{"_acf_changed":false,"footnotes":""},"class_list":["post-2556","page","type-page","status-publish","hentry"],"acf":[],"_links":{"self":[{"href":"https:\/\/homolog.saopaulo.sp.leg.br\/escoladoparlamento\/wp-json\/wp\/v2\/pages\/2556","targetHints":{"allow":["GET"]}}],"collection":[{"href":"https:\/\/homolog.saopaulo.sp.leg.br\/escoladoparlamento\/wp-json\/wp\/v2\/pages"}],"about":[{"href":"https:\/\/homolog.saopaulo.sp.leg.br\/escoladoparlamento\/wp-json\/wp\/v2\/types\/page"}],"author":[{"embeddable":true,"href":"https:\/\/homolog.saopaulo.sp.leg.br\/escoladoparlamento\/wp-json\/wp\/v2\/users\/127"}],"replies":[{"embeddable":true,"href":"https:\/\/homolog.saopaulo.sp.leg.br\/escoladoparlamento\/wp-json\/wp\/v2\/comments?post=2556"}],"version-history":[{"count":5,"href":"https:\/\/homolog.saopaulo.sp.leg.br\/escoladoparlamento\/wp-json\/wp\/v2\/pages\/2556\/revisions"}],"predecessor-version":[{"id":7253,"href":"https:\/\/homolog.saopaulo.sp.leg.br\/escoladoparlamento\/wp-json\/wp\/v2\/pages\/2556\/revisions\/7253"}],"up":[{"embeddable":true,"href":"https:\/\/homolog.saopaulo.sp.leg.br\/escoladoparlamento\/wp-json\/wp\/v2\/pages\/1331"}],"wp:attachment":[{"href":"https:\/\/homolog.saopaulo.sp.leg.br\/escoladoparlamento\/wp-json\/wp\/v2\/media?parent=2556"}],"curies":[{"name":"wp","href":"https:\/\/api.w.org\/{rel}","templated":true}]}}