{"id":25714,"date":"2021-04-12T18:31:20","date_gmt":"2021-04-12T21:31:20","guid":{"rendered":"https:\/\/homolog.saopaulo.sp.leg.br\/escoladoparlamento\/?page_id=25714"},"modified":"2021-07-15T18:26:55","modified_gmt":"2021-07-15T21:26:55","slug":"direito-urbanistico-politica-urbana-e-plano-diretor-estrategico-fundamentos-para-acao-legislativa","status":"publish","type":"page","link":"https:\/\/homolog.saopaulo.sp.leg.br\/escoladoparlamento\/cursos\/cursos-anteriores\/cursos-realizados-em-2021\/direito-urbanistico-politica-urbana-e-plano-diretor-estrategico-fundamentos-para-acao-legislativa\/","title":{"rendered":"Direito Urban\u00edstico e a Revis\u00e3o do Plano Diretor: Fundamentos para A\u00e7\u00e3o Legislativa"},"content":{"rendered":"<p style=\"font-weight: 400\"><b><strong>DIRETOR RESPONS\u00c1VEL: <\/strong><\/b>Prof. Dr. Alexsandro Santos<\/p>\n<p style=\"font-weight: 400\"><b><strong>COORDENADORES DO CURSO:<\/strong><\/b><\/p>\n<p style=\"font-weight: 400\">Ver. Paulo Frange, presidente da Comiss\u00e3o de Pol\u00edtica Urbana, Metropolitana e Meio Ambiente (PTB)<\/p>\n<p style=\"font-weight: 400\">Profa. Dra. Maria Nazar\u00e9 Lins Barbosa, coordenadora do Centro de Estudos Legislativos (CELEG) e Procuradora-Chefe da C\u00e2mara Municipal de S\u00e3o Paulo.<\/p>\n<p style=\"font-weight: 400\">Prof. Dr. Alexsandro do Nascimento Santos (Diretor Presidente da Escola do Parlamento)<\/p>\n<p style=\"font-weight: 400\"><b><strong>\u00a0JUSTIFICATIVA<\/strong><\/b>:<\/p>\n<p style=\"font-weight: 400\">A Constitui\u00e7\u00e3o Federal estabelece, em seu artigo 182, que a \u201c<em>pol\u00edtica de desenvolvimento urbano, executada pelo Poder P\u00fablico Municipal, conforme diretrizes gerais fixadas em lei, tem por objetivo ordenar o pleno desenvolvimento das fun\u00e7\u00f5es sociais da cidade e garantir o bem-estar de seus habitantes<\/em>\u201d. Assim, de forma expl\u00edcita, o texto constitucional endere\u00e7a \u00e0 municipalidade uma responsabilidade mai\u00fascula no manejo dos instrumentos pr\u00f3prios do Direito Urban\u00edstico e nas estrat\u00e9gias de Pol\u00edtica Urbana para que, guiados pelo interesse p\u00fablico, os tomadores de decis\u00e3o em n\u00edvel local possam legislar e formular\/implementar pol\u00edticas p\u00fablicas de ordenamento do espa\u00e7o das cidades.<\/p>\n<p style=\"font-weight: 400\">Pode-se dizer que o Direito Urban\u00edstico \u00e9 o ramo do direito capaz de manejar e realizar a tutela jur\u00eddica da produ\u00e7\u00e3o do espa\u00e7o a partir do conjunto de institutos jur\u00eddicos, princ\u00edpios, normas e regulamentos que tratam de temas como o planejamento do desenvolvimento urbano estrat\u00e9gico da cidade, do uso e da ocupa\u00e7\u00e3o do solo (incluindo o tratamento dos conflitos de interesse e das m\u00faltiplas disputas pr\u00f3prias desta mat\u00e9ria), dos processos de participa\u00e7\u00e3o social e de democratiza\u00e7\u00e3o da tomada de decis\u00f5es e da gest\u00e3o do territ\u00f3rio da cidade e da cria\u00e7\u00e3o e aplica\u00e7\u00e3o dos instrumentos de interven\u00e7\u00e3o urbana. Complementarmente, chamamos de Pol\u00edtica Urbana o \u201csetor da atua\u00e7\u00e3o do Estado que trata da ordena\u00e7\u00e3o do territ\u00f3rio das cidades, mediante aloca\u00e7\u00e3o do recurso \u2018espa\u00e7o\u2019 entre os diversos usos que o disputam\u201d (Pinto, 2011, p. 45).<\/p>\n<p style=\"font-weight: 400\">Em 2021, o Parlamento paulistano acolher\u00e1 a discuss\u00e3o e a tramita\u00e7\u00e3o da revis\u00e3o do Plano Diretor Estrat\u00e9gico da Cidade de S\u00e3o Paulo. A import\u00e2ncia capital desta norma jur\u00eddica convoca nossa Edilidade a aprofundar o debate p\u00fablico sobre o tema e a mobilizar todos os subs\u00eddios t\u00e9cnicos necess\u00e1rios para garantir que o processo decis\u00f3rio encontre os melhores resultados. Nessa perspectiva, criar e mobilizar oportunidades de aprimoramento t\u00e9cnico dos parlamentares e de seus assessores sobre o tema \u00e9 uma fun\u00e7\u00e3o p\u00fablica irrecus\u00e1vel.<\/p>\n<p style=\"font-weight: 400\">\u00c9 nessa perspectiva que a Comiss\u00e3o de Pol\u00edtica Urbana, Metropolitana e Meio Ambiente, presidida pelo nobre vereador Paulo Frange requereu, nos termos da legisla\u00e7\u00e3o vigente, que a Escola do Parlamento e o Centro de Estudos Legislativos da C\u00e2mara Municipal de S\u00e3o Paulo planejassem e ofertassem, conjuntamente, uma a\u00e7\u00e3o formativa orientada por esse tema. Este curso de Extens\u00e3o Universit\u00e1ria \u201cDireito Urban\u00edstico, Pol\u00edtica Urbana e Plano Diretor Estrat\u00e9gico: Fundamentos para a A\u00e7\u00e3o Legislativa\u201d nasce a partir deste compromisso.<\/p>\n<p>&nbsp;<\/p>\n<p style=\"font-weight: 400\"><b><strong>OBJETIVOS<\/strong><\/b><\/p>\n<p style=\"font-weight: 400\">Espera-se que, ao longo das atividades previstas nessa iniciativa, os participantes possam construir e\/ou aprofundar sua capacidade de:<\/p>\n<ul>\n<li style=\"font-weight: 400\">a) Identificar, analisar e compreender o conjunto de princ\u00edpios, normas gerais e diretrizes jur\u00eddicas que fundamentam o direito urban\u00edstico no Brasil<\/li>\n<li style=\"font-weight: 400\">b) Localizar, no ordenamento jur\u00eddico brasileiro o Estatuto da Cidade e o Plano Diretor como eixos da gest\u00e3o da Pol\u00edtica Urbana e apropriar-se de seus elementos mais relevantes<\/li>\n<li style=\"font-weight: 400\">c) Identificar, analisar, compreender e discutir a aplica\u00e7\u00e3o dos instrumentos pr\u00f3prios da Pol\u00edtica Urbana \u00e0 luz da realidade da cidade de S\u00e3o Paulo<\/li>\n<li style=\"font-weight: 400\">d) Reconhecer, analisar, compreender e discutir Projetos de Interven\u00e7\u00e3o Urbana do Munic\u00edpio de S\u00e3o Paulo.<\/li>\n<li style=\"font-weight: 400\">e)\u00a0Localizar e compreender a atua\u00e7\u00e3o do Minist\u00e9rio P\u00fablico e de outras estruturas governamentais no campo da Pol\u00edtica Urbana<\/li>\n<li style=\"font-weight: 400\">f ) Localizar e compreender a atua\u00e7\u00e3o da sociedade civil organizada e dos movimentos sociais no campo da Pol\u00edtica Urbana<\/li>\n<li style=\"font-weight: 400\">g) Reconhecer e apropriar-se do conte\u00fado e da tramita\u00e7\u00e3o de a\u00e7\u00f5es judiciais relevantes que tocam o campo da Pol\u00edtica Urbana na cidade de S\u00e3o Paulo.<\/li>\n<\/ul>\n<p style=\"font-weight: 400\"><b><strong>EMENTA<\/strong><\/b><\/p>\n<ul>\n<li style=\"font-weight: 400\">O Direito Urban\u00edstico e a Pol\u00edtica Urbana &#8211; Elementos B\u00e1sicos<\/li>\n<li style=\"font-weight: 400\">Compet\u00eancias Constitucionais em mat\u00e9ria urban\u00edstica e o lugar dos munic\u00edpios<\/li>\n<li style=\"font-weight: 400\">Pol\u00edtica Urbana no Brasil<\/li>\n<li style=\"font-weight: 400\">O Estatuto da Cidade<\/li>\n<li style=\"font-weight: 400\">Plano Diretor Estrat\u00e9gico<\/li>\n<li style=\"font-weight: 400\">Direito \u00e0 Habita\u00e7\u00e3o na Cidade de S\u00e3o Paulo: Poder P\u00fablico e Sociedade Civil<\/li>\n<li style=\"font-weight: 400\">S\u00e3o Paulo e o paradigma das Cidades Humanas, Sustent\u00e1veis e Inteligentes<\/li>\n<li style=\"font-weight: 400\">Parcelamento, uso e ocupa\u00e7\u00e3o do solo urbano<\/li>\n<li style=\"font-weight: 400\">A Economia da Constru\u00e7\u00e3o Civil e a Pol\u00edtica Urbana na Cidade de S\u00e3o Paulo<\/li>\n<li style=\"font-weight: 400\">O Poder Legislativo e a produ\u00e7\u00e3o da Pol\u00edtica Urbana<\/li>\n<li style=\"font-weight: 400\">O Minist\u00e9rio P\u00fablico no campo da Pol\u00edtica Urbana<\/li>\n<li style=\"font-weight: 400\">Judicializa\u00e7\u00e3o da Pol\u00edtica Urbana na realidade do munic\u00edpio de S\u00e3o Paulo<\/li>\n<\/ul>\n<p style=\"font-weight: 400\"><b><strong>METODOLOGIA<\/strong><\/b><\/p>\n<ul>\n<li style=\"font-weight: 400\">O curso ser\u00e1 composto por 8 (oito) encontros, realizados de modo virtual, com apoio de plataforma de transmiss\u00e3o on line.<\/li>\n<li style=\"font-weight: 400\">Cada encontro ter\u00e1 dura\u00e7\u00e3o de 2 (duas) horas e poder\u00e1 contar com a reg\u00eancia de professores convidados e\/ou servidores que integram os quadros do Poder Legislativo Municipal de S\u00e3o Paulo.<\/li>\n<li style=\"font-weight: 400\">\u00a0Os participantes que desejarem certifica\u00e7\u00e3o, emitida pela Escola do Parlamento e pelo CELEG, dever\u00e3o participar de, no m\u00ednimo, 6 (seis) encontros e cumprir a avalia\u00e7\u00e3o final, realizada eletronicamente.<\/li>\n<\/ul>\n<p style=\"font-weight: 400\"><b><strong>\u00a0<\/strong><\/b><b><strong>P\u00daBLICO ALVO<\/strong><\/b><\/p>\n<p style=\"font-weight: 400\">Vereadoras e Vereadores, assessoras e assessores parlamentares, servidores da C\u00e2mara Municipal de S\u00e3o Paulo e demais interessados no tema.<\/p>\n<p style=\"font-weight: 400\"><b><strong>\u00a0<\/strong><\/b><\/p>\n<p style=\"font-weight: 400\"><b>PROGRAMA\u00c7\u00c3O:<\/b><\/p>\n<table width=\"670\">\n<tbody>\n<tr>\n<td width=\"117\">DATA<\/td>\n<td width=\"265\">TEMA<\/td>\n<td width=\"288\">CONVIDADOS<\/td>\n<\/tr>\n<tr>\n<td width=\"117\"><b><strong>05\/05<\/strong><\/b><\/p>\n<p><b><strong><a href=\"https:\/\/youtu.be\/VrEMFAWT1hQ\">1\u00aa aula<\/a><\/strong><\/b><\/td>\n<td width=\"265\">&#8211; Abertura, com presen\u00e7a do VER. Paulo Frange, da Procuradora Chefe Maria Nazar\u00e9 Lins Barbosa e do Diretor Presidente da Escola do Parlamento Alexsandro Santos<\/p>\n<p>* O Direito Urban\u00edstico e a Pol\u00edtica Urbana: Elementos B\u00e1sicos<\/p>\n<p>* Compet\u00eancias Constitucionais em mat\u00e9ria urban\u00edstica e o lugar dos munic\u00edpios<\/p>\n<p>* O Estatuto da Cidade<\/p>\n<p>* Panorama das leis vigentes na cidade de S\u00e3o Paulo<\/td>\n<td width=\"288\">Dra. Gabriela Braz Aidar \u2013 Master of Law pela Stanford University, Mestre em Direito Urban\u00edstico pela PUC\/SP; S\u00f3cia do escrit\u00f3rio Duarte Garcia, Serra Netto e Terra Advogados.<\/p>\n<p><a href=\"https:\/\/drive.google.com\/file\/d\/1vUn4BKrrIglhoJtCBv3wfDnYfqCfmVd4\/view?usp=sharing\"><b><strong>Material de Apoio &#8211; Gabriela<\/strong><\/b><\/a><\/p>\n<p>Dra. Anna Carolina Torres Aguillar Cortez \u2013 Procuradora Legislativa e Assessora da Comiss\u00e3o de Pol\u00edtica Urbana da C\u00e2mara Municipal de S\u00e3o Paulo.<\/p>\n<p><a href=\"https:\/\/drive.google.com\/file\/d\/1BEL0aI1YIr0zcEaMh4Dx-M6KqYnbvvCP\/view?usp=sharing\"><b><strong>Material de Apoio &#8211; Anna Carolina<\/strong><\/b><\/a><\/p>\n<p>Media\u00e7\u00e3o: Dra. Maria Nazar\u00e9 Lins Barbosa \u2013 Procuradora Chefe da C\u00e2mara Municipal de S\u00e3o Paulo e Doutora em Administra\u00e7\u00e3o P\u00fablica e Governo pela FGV\/SP<\/td>\n<\/tr>\n<tr>\n<td width=\"117\"><b><strong>12\/05<\/strong><\/b><\/p>\n<p><b><strong><a href=\"https:\/\/youtu.be\/-uwfJ4iFk58\">2\u00aa aula<\/a>\u00a0<\/strong><\/b><\/td>\n<td width=\"265\">&#8211; Plano Diretor Estrat\u00e9gico Parte I:<\/p>\n<p>* Estrat\u00e9gias passadas, atuais e futuras<\/p>\n<p>*\u00a0Principais par\u00e2metros urban\u00edsticos (CA, TO, TP, recuos, gabaritos)<\/p>\n<p>*\u00a0Macrozonas e zonas<\/p>\n<p>*\u00a0Usos e sua utiliza\u00e7\u00e3o para o direcionamento do crescimento das cidades;<\/p>\n<p>*\u00a0As diretrizes do PDE para a lei de parcelamento, uso e ocupa\u00e7\u00e3o do solo<\/p>\n<p>*\u00a0Pontos de aten\u00e7\u00e3o da revis\u00e3o do PDE<\/p>\n<p>*\u00a0Os eixos de adensamento do PDE\/14 e seus incentivos<\/td>\n<td width=\"288\">Gabriela Gregori Stocco, MRICS &#8211;\u00a0Arquiteta e Urbanista, Valuation &amp; Advisory Manager CBRE Brasil<\/p>\n<p><b><strong><a href=\"https:\/\/drive.google.com\/file\/d\/1o-04zXrih5NI8F3SRXIsocUZPi3g4WjG\/view?usp=sharing\">Material de Apoio &#8211; Gabriela<\/a><\/strong><\/b><\/p>\n<p>Dr. Jos\u00e9 Ant\u00f4nio Apparecido J\u00fanior -Procurador do Munic\u00edpio de S\u00e3o Paulo<\/p>\n<p><a href=\"https:\/\/drive.google.com\/file\/d\/15_bt1oJhy-5F4VzleaBz5MGuUeW9VrIW\/view?usp=sharing\"><b><strong>Material de Apoio &#8211; Jos\u00e9 Ant\u00f4nio<\/strong><\/b><\/a><\/p>\n<p>Media\u00e7\u00e3o: Anna Carolina Torres Aguilar Cortez &#8211; Procuradora Legislativa do Setor Judicial da C\u00e2mara Municipal de S\u00e3o Paulo.<\/td>\n<\/tr>\n<tr>\n<td width=\"117\"><b><strong>19\/05<\/strong><\/b><\/p>\n<p><a href=\"https:\/\/youtu.be\/zJRDK4Y6-Y0\"><b><strong>3\u00aa aula<\/strong><\/b><\/a><b><strong><br \/>\n<\/strong><\/b><\/td>\n<td width=\"265\">&#8211; Plano Diretor Estrat\u00e9gico Parte II:<\/p>\n<p>*\u00a0Principais instrumentos urban\u00edsticos: OODC, OUC, PEUC, TDC, Cota de Solidariedade, PIU<\/p>\n<p>*\u00a0A recupera\u00e7\u00e3o de mais-valias urban\u00edsticas pela aplica\u00e7\u00e3o dos instrumentos acima<\/td>\n<td width=\"288\">Comentadora: Maria Nazar\u00e9 Lins Barbosa<\/p>\n<p>Procuradora-Chefe da C\u00e2mara Municipal de S\u00e3o Paulo e Doutora pela FGV-SP<\/p>\n<p>Daniel Montandon &#8211;\u00a0Professor da Uninove. Foi diretor de DEUSO\/SMUL durante a elabora\u00e7\u00e3o do PDE\/14.<\/p>\n<p><a href=\"https:\/\/drive.google.com\/file\/d\/1YGN0fnxawzAku1p98-dnJ8v_6ZIxQAVI\/view?usp=sharing\"><b><strong>Material de apoio &#8211; Daniel<\/strong><\/b><\/a><\/p>\n<p>Media\u00e7\u00e3o:\u00a0 \u00a0Luciana de F\u00e1tima da Silva &#8211; Supervisora do Setor Judicial da C\u00e2mara Municipal de S\u00e3o Paulo.<\/td>\n<\/tr>\n<tr>\n<td width=\"117\"><b><strong>02\/06<\/strong><\/b><\/p>\n<p><strong><a href=\"https:\/\/youtu.be\/32oQdCs9myE\">4\u00aa aula<\/a><\/strong><\/td>\n<td width=\"265\">&#8211; Direito \u00e0 Habita\u00e7\u00e3o na Cidade de S\u00e3o Paulo:<\/p>\n<p>*\u00a0O poder P\u00fablico e Sociedade Civil<\/p>\n<p>*\u00a0Estrat\u00e9gias e incentivos do PDE \u00e0 constru\u00e7\u00e3o de HIS<\/p>\n<p>*\u00a0ZEIS<\/td>\n<td width=\"288\">Eduardo Della Mana &#8211;\u00a0Diretor do Secovi-SP. Atua no setor privado com muitos projetos de HIS.<\/p>\n<p><strong><a href=\"https:\/\/drive.google.com\/file\/d\/1pjqbvndHwJ1-PPj87W5I0BdiADme8W1m\/view?usp=sharing\">Material de apoio &#8211; Eduardo<\/a><\/strong><\/p>\n<p>Carmem Silva &#8211;\u00a0L\u00edder dos Movimentos sem teto do Centro<\/p>\n<p>Media\u00e7\u00e3o: Dra. Fernanda de Pieri Mielli Franco Lima \u2013 Procuradora Legislativa do Setor Judicial da C\u00e2mara<\/td>\n<\/tr>\n<tr>\n<td width=\"117\"><b><strong>09\/06<\/strong><\/b><\/p>\n<p><strong><a href=\"https:\/\/youtu.be\/OPmbrbyGKDM\">5\u00aa aula<\/a><\/strong><\/td>\n<td width=\"265\">&#8211; S\u00e3o Paulo e o paradigma das Cidades Humanas, sustent\u00e1veis, compactas, inclusivas e inteligentes<\/p>\n<p>&nbsp;<\/p>\n<p>&#8211; Mobilidade Urbana<\/p>\n<p>&nbsp;<\/p>\n<p>&nbsp;<\/td>\n<td width=\"288\">Elisabete Fran\u00e7a &#8211; Arquiteta, mestre em Estruturas Ambientais Urbanas e doutora em Arquitetura e Urbanismo.<\/p>\n<p>Myriam Tschiptschin &#8211; Arquiteta e docente especialista em Cidades Inteligentes.<\/p>\n<p><strong><a href=\"https:\/\/drive.google.com\/file\/d\/1lecLTU0ufNjHs66hZAqZS_4BOqrepZ20\/view?usp=sharing\">Material de apoio &#8211; Myriam<\/a><\/strong><\/p>\n<p>Media\u00e7\u00e3o: Carlos Minoru Morinaga &#8211; Arquiteto Consultor da Comiss\u00e3o de Pol\u00edtica Urbana e Meio Ambiente.<\/td>\n<\/tr>\n<tr>\n<td width=\"117\"><b><strong>16\/06<\/strong><\/b><\/p>\n<p><strong><a href=\"https:\/\/youtu.be\/k7XOJb29PLQ\">6\u00aa aula<\/a><\/strong><\/td>\n<td width=\"265\">&#8211; O Poder Legislativo e a produ\u00e7\u00e3o da Pol\u00edtica Urbana<\/p>\n<p>&#8211; A tramita\u00e7\u00e3o do PDE na C\u00e2mara Municipal<\/p>\n<p>&#8211; Limites para revis\u00e3o da norma existente<\/p>\n<p>&#8211; A participa\u00e7\u00e3o popular na elabora\u00e7\u00e3o e aprova\u00e7\u00e3o do PDE<\/p>\n<p>&#8211; Formatos de participa\u00e7\u00e3o popular (reuni\u00f5es setoriais, audi\u00eancias p\u00fablicas, meios eletr\u00f4nicos, etc.)<\/td>\n<td width=\"288\">Marcelo Ignatios &#8211; Urbanista atuante na elabora\u00e7\u00e3o do PDE 2002, 2014 e PIUs; diretor do IABsp e pesquisador da UFABC<\/p>\n<p><strong><a href=\"https:\/\/drive.google.com\/file\/d\/1-ts6LZLfa-gXVvk6nD0qSJbnh6GflN6b\/view?usp=sharing\">Material de apoio &#8211; Marcelo<\/a><\/strong><\/p>\n<p>Dra. Mariana Mencio &#8211;\u00a0Prof. da Universidade Federal do ABC<\/p>\n<p><strong><a href=\"https:\/\/drive.google.com\/file\/d\/1fYIfwe2OAK9jatXoq35nCLzBp5TcOFVB\/view?usp=sharing\" target=\"_blank\" rel=\"noopener\">Material de apoio &#8211; Mariana<\/a><\/strong><\/p>\n<p>&nbsp;<\/p>\n<p>Media\u00e7\u00e3o: Jos\u00e9 Carlos Gomes Alves &#8211;\u00a0Arquiteto Consultor da Comiss\u00e3o de Pol\u00edtica Urbana e Meio Ambiente<\/td>\n<\/tr>\n<tr>\n<td width=\"117\"><b><strong>23\/06<\/strong><\/b><\/p>\n<p><strong><a href=\"https:\/\/youtu.be\/dsyoVRTvIF4\" target=\"_blank\" rel=\"noopener\">7\u00aa aula<\/a><\/strong><\/td>\n<td width=\"265\">&#8211; O Minist\u00e9rio P\u00fablico no campo da Pol\u00edtica Urbana e sua Interface com o Poder Judici\u00e1rio<\/p>\n<p>&nbsp;<\/p>\n<p>&#8211; A Economia da Constru\u00e7\u00e3o Civil e a Pol\u00edtica Urbana na Cidade de S\u00e3o Paulo<\/td>\n<td width=\"288\">Ivan Carneiro Castanheiro &#8211; Mestre em Direito e Membro do Minist\u00e9rio P\u00fablico &#8211; S\u00e3o Paulo.<\/p>\n<p><strong><a href=\"https:\/\/drive.google.com\/file\/d\/1wvFgRMD_U9IJ6r_5J55zYuWLvpcXpXKX\/view?usp=sharing\" target=\"_blank\" rel=\"noopener\">Material de apoio &#8211; Ivan<\/a><\/strong><\/p>\n<p>Vladimir Iszlaji (Abrainc):<\/p>\n<p>Diretor da ABRAINC &#8211; Associa\u00e7\u00e3o Brasileira de Incorporadoras Imobili\u00e1rias<\/p>\n<p>Media\u00e7\u00e3o: Anna Paula Sabadin dos Santos Talaveira Medina &#8211;\u00a0Procuradora Legislativa do Setor Judicial da C\u00e2mara<\/td>\n<\/tr>\n<tr>\n<td width=\"117\"><b><strong>30\/06<\/strong><\/b><\/p>\n<p><strong><a href=\"https:\/\/youtu.be\/QwcwevNt9E4\" target=\"_blank\" rel=\"noopener\">8\u00aa aula<\/a><\/strong><\/td>\n<td width=\"265\">&#8211; Judicializa\u00e7\u00e3o da Pol\u00edtica Urbana no munic\u00edpio de S\u00e3o Paulo<\/p>\n<p>&nbsp;<\/td>\n<td width=\"288\">Ju\u00edza Dra. \u00a0Maria Gabriella\u00a0Spaolonzi (13<sup>a<\/sup>\u00a0VFP);\u00a0&#8211; Mestre em Direito P\u00fablico na \u00e1rea de Urbanismo. Participou de live\u00a0 recente sobre\u00a0 Judicializa\u00e7\u00e3o do Direito Urban\u00edstico: tend\u00eancias e discuss\u00f5es atuais.<\/p>\n<p>Juiz Dr.\u00a0Alexandre Jorge Carneiro da Cunha Filho (1<sup>a<\/sup>\u00a0VFP) &#8211;\u00a0Doutor em direito p\u00fablico e \u00e9 professor de cursos de p\u00f3s-gradua\u00e7\u00e3o na Escola Paulista da Magistratura (EPF).\u00a0Tem produzido artigos na \u00e1rea.<\/p>\n<p>Media\u00e7\u00e3o: Dra. Andrea Rascovski Ickowicz \u2013\u00a0Procuradora Legislativa do Setor Judicial da C\u00e2mara.<\/td>\n<\/tr>\n<\/tbody>\n<\/table>\n<p style=\"font-weight: 400\">\n","protected":false},"excerpt":{"rendered":"<p>DIRETOR RESPONS\u00c1VEL: Prof. Dr. Alexsandro Santos COORDENADORES DO CURSO: Ver. Paulo Frange, presidente da Comiss\u00e3o de Pol\u00edtica Urbana, Metropolitana e Meio Ambiente (PTB) Profa. Dra. Maria Nazar\u00e9 Lins Barbosa, coordenadora do Centro de Estudos Legislativos (CELEG) e Procuradora-Chefe da C\u00e2mara Municipal de S\u00e3o Paulo. Prof. Dr. Alexsandro do Nascimento Santos (Diretor Presidente da Escola do [&hellip;]<\/p>\n","protected":false},"author":660,"featured_media":0,"parent":25320,"menu_order":140,"comment_status":"closed","ping_status":"closed","template":"","meta":{"_acf_changed":false,"footnotes":""},"class_list":["post-25714","page","type-page","status-publish","hentry"],"acf":[],"_links":{"self":[{"href":"https:\/\/homolog.saopaulo.sp.leg.br\/escoladoparlamento\/wp-json\/wp\/v2\/pages\/25714","targetHints":{"allow":["GET"]}}],"collection":[{"href":"https:\/\/homolog.saopaulo.sp.leg.br\/escoladoparlamento\/wp-json\/wp\/v2\/pages"}],"about":[{"href":"https:\/\/homolog.saopaulo.sp.leg.br\/escoladoparlamento\/wp-json\/wp\/v2\/types\/page"}],"author":[{"embeddable":true,"href":"https:\/\/homolog.saopaulo.sp.leg.br\/escoladoparlamento\/wp-json\/wp\/v2\/users\/660"}],"replies":[{"embeddable":true,"href":"https:\/\/homolog.saopaulo.sp.leg.br\/escoladoparlamento\/wp-json\/wp\/v2\/comments?post=25714"}],"version-history":[{"count":5,"href":"https:\/\/homolog.saopaulo.sp.leg.br\/escoladoparlamento\/wp-json\/wp\/v2\/pages\/25714\/revisions"}],"predecessor-version":[{"id":26408,"href":"https:\/\/homolog.saopaulo.sp.leg.br\/escoladoparlamento\/wp-json\/wp\/v2\/pages\/25714\/revisions\/26408"}],"up":[{"embeddable":true,"href":"https:\/\/homolog.saopaulo.sp.leg.br\/escoladoparlamento\/wp-json\/wp\/v2\/pages\/25320"}],"wp:attachment":[{"href":"https:\/\/homolog.saopaulo.sp.leg.br\/escoladoparlamento\/wp-json\/wp\/v2\/media?parent=25714"}],"curies":[{"name":"wp","href":"https:\/\/api.w.org\/{rel}","templated":true}]}}