{"id":2573,"date":"2015-11-25T17:43:06","date_gmt":"2015-11-25T19:43:06","guid":{"rendered":"http:\/\/homolog.saopaulo.sp.leg.br\/escoladoparlamento\/?page_id=2573"},"modified":"2017-07-11T14:25:48","modified_gmt":"2017-07-11T17:25:48","slug":"debate-betinho-80-anos-seu-legado-e-as-novas-fomes-do-brasil","status":"publish","type":"page","link":"https:\/\/homolog.saopaulo.sp.leg.br\/escoladoparlamento\/cursos\/cursos-anteriores\/cursos-realizados-em-2015\/debate-betinho-80-anos-seu-legado-e-as-novas-fomes-do-brasil\/","title":{"rendered":"Debate: Betinho 80 Anos &#8211; seu legado e as novas fomes do Brasil"},"content":{"rendered":"<p><iframe loading=\"lazy\" title=\"Debate na Escola do Parlamento aborda o legado de Betinho\" width=\"640\" height=\"480\" src=\"https:\/\/www.youtube.com\/embed\/ttGqG0bpJoA?feature=oembed\" frameborder=\"0\" allow=\"accelerometer; autoplay; clipboard-write; encrypted-media; gyroscope; picture-in-picture; web-share\" referrerpolicy=\"strict-origin-when-cross-origin\" allowfullscreen><\/iframe><\/p>\n<hr \/>\n<h3>Exibi\u00e7\u00e3o do Filme \u201cBetinho \u2013 A esperan\u00e7a equilibrista\u201d<\/h3>\n<h3>Lan\u00e7amento do Pr\u00eamio Betinho de Democracia e Cidadania \u2013 edi\u00e7\u00e3o 2016<\/h3>\n<p><strong>Objetivo \u2013 Filme e Debate:<\/strong><\/p>\n<p>No ensejo dos 80 anos que Herbert de Souza completaria este ano, a Equipe de Eventos e a Escola do Parlamento da C\u00e2mara Municipal de S\u00e3o Paulo promover\u00e3o o evento \u201cBetinho 80 anos &#8211;\u00a0 o seu legado e as novas fomes do Brasil\u201d, destacando a import\u00e2ncia que o soci\u00f3logo teve e tem no nosso pa\u00eds.<\/p>\n<p>Este evento contar\u00e1 com a<strong>\u00a0<\/strong><u>exibi\u00e7\u00e3o do document\u00e1rio<\/u> \u201cBetinho \u2013 A Esperan\u00e7a Equilibrista\u201d que ser\u00e1 seguida de um debate sobre as mudan\u00e7as sociais ocorridas no Brasil nas \u00faltimas d\u00e9cadas e a luta por direitos ainda em curso no pa\u00eds. A discuss\u00e3o trar\u00e1 quest\u00f5es centradas nas agendas atuais de combate \u00e0 pobreza e \u00e0 desigualdade e na atua\u00e7\u00e3o de ONGs para a promo\u00e7\u00e3o da Democracia e Cidadania.<\/p>\n<p><strong>Sinopse do Filme:<\/strong><\/p>\n<p>Betinho, soci\u00f3logo e ativista brasileiro (1935 \u2013 1997), tinha a sa\u00fade fr\u00e1gil, mas a esperan\u00e7a e a for\u00e7a dos grandes idealistas. Na d\u00e9cada de 90, o ativista mobilizou milh\u00f5es de brasileiros na maior campanha contra a fome j\u00e1 realizada no pa\u00eds. O document\u00e1rio \u201cBetinho \u2013 a Esperan\u00e7a Equilibrista\u201d, lan\u00e7ando recentemente e idealizado por seu filho Daniel, revela a vida e a atua\u00e7\u00e3o do soci\u00f3logo.<\/p>\n<p><strong>Debatedores:<\/strong><\/p>\n<p><u>Daniel de Souza<\/u> (filho de Betinho; representante da A\u00e7\u00e3o da Cidadania; idealizador do filme)<\/p>\n<p><u>Beloyanis Bueno Monteiro<\/u> (representante da Comiss\u00e3o Julgadora do Pr\u00eamio Betinho da CMSP; representante da Associa\u00e7\u00e3o Brasileira de ONGs \u2013 ABONG)<\/p>\n<p><u>Renata Bichir<\/u> (Professora do curso de Gest\u00e3o de Pol\u00edticas P\u00fablicas da EACH \u2013 USP)<\/p>\n<p><strong>Lan\u00e7amento do Pr\u00eamio Betinho de Democracia e Cidadania \u2013 edi\u00e7\u00e3o 2016<\/strong><\/p>\n<p>A C\u00e2mara Municipal de S\u00e3o Paulo realiza anualmente, desde sua cria\u00e7\u00e3o em 1997, o\u00a0Pr\u00eamio Betinho de Democracia e Cidadania. Este Pr\u00eamio \u00e9 destinado \u00e0s organiza\u00e7\u00f5es da sociedade civil sem fins lucrativos que mais se destacaram em projetos direcionados \u00e0 luta pela cidadania no munic\u00edpio de S\u00e3o Paulo. O prop\u00f3sito, portanto, \u00e9 o de enaltecer o exemplo de vida e perpetuar o trabalho realizado por Betinho em prol da Democracia e da Igualdade de Direitos.<\/p>\n<p>Durante o evento \u201cBetinho 80 anos: seu legado e as novas fomes do Brasil\u201d ocorrer\u00e1 o\u00a0Lan\u00e7amento do Pr\u00eamio Betinho 2016 (breve hist\u00f3rico, regulamento, destaque de organiza\u00e7\u00f5es vencedoras). Ser\u00e1 tamb\u00e9m a oportunidade para criar maior proximidade com a rede de organiza\u00e7\u00f5es da sociedade civil atuantes na tem\u00e1tica da Democracia, Cidadania e Solidariedade na cidade de S\u00e3o Paulo.<\/p>\n<p><strong>Diretor Respons\u00e1vel:<\/strong> Lara Mesquita<\/p>\n<p><strong>Organiza\u00e7\u00e3o e Realiza\u00e7\u00e3o:<\/strong> Equipe de Eventos (CCI.1) e Escola do Parlamento<\/p>\n<p><strong>Local:<\/strong> C\u00e2mara Municipal de S\u00e3o Paulo \u2013 Sala S\u00e9rgio Vieira de Melo (1\u00ba subsolo)<\/p>\n<p><strong>Data:<\/strong> 08\/12\/2015 (ter\u00e7a-feira)<\/p>\n<p><strong>Hor\u00e1rio:<\/strong> 19hs<\/p>\n<p><strong>N\u00ba Vagas:<\/strong> 80<\/p>\n<p><strong>Inscri\u00e7\u00f5es:\u00a0<\/strong><a href=\"http:\/\/goo.gl\/forms\/LY7vSGamd8\">Clique aqui<\/a><\/p>\n<p><strong>Programa\u00e7\u00e3o:<\/strong><\/p>\n<table>\n<tbody>\n<tr>\n<td style=\"text-align: center\"><strong>Data<\/strong><\/td>\n<td style=\"text-align: center\"><strong>Hora<\/strong><\/td>\n<td style=\"text-align: center\"><strong>Local<\/strong><\/td>\n<td style=\"text-align: center\"><strong>Palestrante<\/strong><\/td>\n<td style=\"text-align: center\"><strong>Tema<\/strong><\/td>\n<\/tr>\n<tr>\n<td><strong>08\/dez<\/strong><\/td>\n<td>19h \u00e0s 22h<\/td>\n<td>Sala S\u00e9rgio Vieira de Mello<\/td>\n<td>Daniel de Souza<\/p>\n<p>Beloyanis Bueno Monteiro<\/p>\n<p>Renata Bichir<\/td>\n<td><em>Exibi\u00e7\u00e3o do filme &#8220;Betinho &#8211; a Esperan\u00e7a Equilibrista&#8221;<\/em><\/p>\n<p><em>Debate<\/em><\/td>\n<\/tr>\n<\/tbody>\n<\/table>\n","protected":false},"excerpt":{"rendered":"<p>Exibi\u00e7\u00e3o do Filme \u201cBetinho \u2013 A esperan\u00e7a equilibrista\u201d Lan\u00e7amento do Pr\u00eamio Betinho de Democracia e Cidadania \u2013 edi\u00e7\u00e3o 2016 Objetivo \u2013 Filme e Debate: No ensejo dos 80 anos que Herbert de Souza completaria este ano, a Equipe de Eventos e a Escola do Parlamento da C\u00e2mara Municipal de S\u00e3o Paulo promover\u00e3o o evento \u201cBetinho [&hellip;]<\/p>\n","protected":false},"author":127,"featured_media":0,"parent":1331,"menu_order":629,"comment_status":"closed","ping_status":"closed","template":"","meta":{"_acf_changed":false,"footnotes":""},"class_list":["post-2573","page","type-page","status-publish","hentry"],"acf":[],"_links":{"self":[{"href":"https:\/\/homolog.saopaulo.sp.leg.br\/escoladoparlamento\/wp-json\/wp\/v2\/pages\/2573","targetHints":{"allow":["GET"]}}],"collection":[{"href":"https:\/\/homolog.saopaulo.sp.leg.br\/escoladoparlamento\/wp-json\/wp\/v2\/pages"}],"about":[{"href":"https:\/\/homolog.saopaulo.sp.leg.br\/escoladoparlamento\/wp-json\/wp\/v2\/types\/page"}],"author":[{"embeddable":true,"href":"https:\/\/homolog.saopaulo.sp.leg.br\/escoladoparlamento\/wp-json\/wp\/v2\/users\/127"}],"replies":[{"embeddable":true,"href":"https:\/\/homolog.saopaulo.sp.leg.br\/escoladoparlamento\/wp-json\/wp\/v2\/comments?post=2573"}],"version-history":[{"count":4,"href":"https:\/\/homolog.saopaulo.sp.leg.br\/escoladoparlamento\/wp-json\/wp\/v2\/pages\/2573\/revisions"}],"predecessor-version":[{"id":7244,"href":"https:\/\/homolog.saopaulo.sp.leg.br\/escoladoparlamento\/wp-json\/wp\/v2\/pages\/2573\/revisions\/7244"}],"up":[{"embeddable":true,"href":"https:\/\/homolog.saopaulo.sp.leg.br\/escoladoparlamento\/wp-json\/wp\/v2\/pages\/1331"}],"wp:attachment":[{"href":"https:\/\/homolog.saopaulo.sp.leg.br\/escoladoparlamento\/wp-json\/wp\/v2\/media?parent=2573"}],"curies":[{"name":"wp","href":"https:\/\/api.w.org\/{rel}","templated":true}]}}