{"id":25804,"date":"2021-04-19T16:47:14","date_gmt":"2021-04-19T19:47:14","guid":{"rendered":"https:\/\/homolog.saopaulo.sp.leg.br\/escoladoparlamento\/?page_id=25804"},"modified":"2021-05-04T17:27:35","modified_gmt":"2021-05-04T20:27:35","slug":"incidencia-da-covid-19-na-rede-estadual-de-educacao-de-sao-paulo","status":"publish","type":"page","link":"https:\/\/homolog.saopaulo.sp.leg.br\/escoladoparlamento\/cursos\/cursos-anteriores\/cursos-realizados-em-2021\/incidencia-da-covid-19-na-rede-estadual-de-educacao-de-sao-paulo\/","title":{"rendered":"Incid\u00eancia da Covid-19 na rede estadual de educa\u00e7\u00e3o de S\u00e3o Paulo"},"content":{"rendered":"<p><strong>Semin\u00e1rios em parceria com a <span style=\"color: #0000ff\"><a style=\"color: #0000ff\" href=\"https:\/\/www.repu.com.br\/\">REPU<\/a><a href=\"https:\/\/homolog.saopaulo.sp.leg.br\/escoladoparlamento\/wp-content\/uploads\/sites\/5\/2021\/05\/9cce30_6fe1995b345845c49b93cefea6ddcb8f_mv2_d_2000_1200_s_2-1.png\"><img loading=\"lazy\" decoding=\"async\" class=\"wp-image-25982 alignright\" src=\"https:\/\/homolog.saopaulo.sp.leg.br\/escoladoparlamento\/wp-content\/uploads\/sites\/5\/2021\/05\/9cce30_6fe1995b345845c49b93cefea6ddcb8f_mv2_d_2000_1200_s_2-1-300x180.png\" alt=\"\" width=\"286\" height=\"172\" srcset=\"https:\/\/homolog.saopaulo.sp.leg.br\/escoladoparlamento\/wp-content\/uploads\/sites\/5\/2021\/05\/9cce30_6fe1995b345845c49b93cefea6ddcb8f_mv2_d_2000_1200_s_2-1-300x180.png 300w, https:\/\/homolog.saopaulo.sp.leg.br\/escoladoparlamento\/wp-content\/uploads\/sites\/5\/2021\/05\/9cce30_6fe1995b345845c49b93cefea6ddcb8f_mv2_d_2000_1200_s_2-1-1024x614.png 1024w, https:\/\/homolog.saopaulo.sp.leg.br\/escoladoparlamento\/wp-content\/uploads\/sites\/5\/2021\/05\/9cce30_6fe1995b345845c49b93cefea6ddcb8f_mv2_d_2000_1200_s_2-1-768x461.png 768w, https:\/\/homolog.saopaulo.sp.leg.br\/escoladoparlamento\/wp-content\/uploads\/sites\/5\/2021\/05\/9cce30_6fe1995b345845c49b93cefea6ddcb8f_mv2_d_2000_1200_s_2-1-1536x922.png 1536w, https:\/\/homolog.saopaulo.sp.leg.br\/escoladoparlamento\/wp-content\/uploads\/sites\/5\/2021\/05\/9cce30_6fe1995b345845c49b93cefea6ddcb8f_mv2_d_2000_1200_s_2-1.png 2000w\" sizes=\"auto, (max-width: 286px) 100vw, 286px\" \/><\/a><\/span><\/strong><\/p>\n<p><strong>Coordena\u00e7\u00e3o:<\/strong><\/p>\n<p>Profa. Dra. D\u00e9bora Goulart (REPU\/Unifesp)<br \/>\nProf. Dr. Fernando C\u00e1ssio (REPU\/UFABC)<br \/>\nProf. Dr. Leonardo Crochik (REPU\/IFSP)<br \/>\nProf. Dr. Alexsandro Santos (Escola do Parlamento)<\/p>\n<p><strong>Natureza do evento:<\/strong> Semin\u00e1rio<\/p>\n<p><strong>Justificativa:<\/strong><\/p>\n<p>Os sistemas educacionais do mundo inteiro foram profundamente impactados com a Pandemia de Covid-19. Em diferentes pa\u00edses, o processo de conten\u00e7\u00e3o e gest\u00e3o da crise sanit\u00e1ria imp\u00f4s a necessidade de restringir e\/ou suspender o atendimento escolar presencial com vistas a colaborar com as estrat\u00e9gias de distanciamento social e proteger a sa\u00fade e a vida de estudantes e profissionais da educa\u00e7\u00e3o.<\/p>\n<p>As autoridades de sa\u00fade e os pesquisadores do campo da epidemiologia consideram que o planejamento da retomada de atividades presenciais em escolas precisa ser organizado de modo cuidadoso, atento ao quadro de controle da pandemia e a uma s\u00e9rie de medidas preventivas bastante exigentes.<\/p>\n<p>Transpar\u00eancia na discuss\u00e3o dos indicadores e di\u00e1logo franco e aberto com a sociedade e com os profissionais da educa\u00e7\u00e3o s\u00e3o caminhos necess\u00e1rios para esse planejamento.<\/p>\n<p>A Rede Escola P\u00fablica-Universidade (REPU) tem acompanhado o processo de retomada definido pela Rede Estadual de Ensino de S\u00e3o Paulo e estudado os indicadores e m\u00e9tricas produzidos pelo governo do Estado para sustentar essa decis\u00e3o. A an\u00e1lise desses dados revelou uma s\u00e9rie de fragilidades e inconsist\u00eancias, e levou a REPU a realizar uma pesquisa sobre a incid\u00eancia de casos de Covid-19 na rede estadual de S\u00e3o Paulo. Os dados coletados na pesquisa apontam um cen\u00e1rio preocupante de infec\u00e7\u00f5es nas escolas, e muito distante daquele apresentado pela SEDUC-SP. Este semin\u00e1rio pretende apresentar e discutir os resultados da pesquisa da REPU com a comunidade paulistana<\/p>\n<p><strong>Objetivos:<\/strong><\/p>\n<p>Espera-se que durante a realiza\u00e7\u00e3o do semin\u00e1rio, os participantes possam:<\/p>\n<ul>\n<li>Mobilizar a reflex\u00e3o cr\u00edtica sobre os impactos da Pandemia de Covid-19 nas pol\u00edticas educacionais e os riscos \u00e0 sa\u00fade e \u00e0 vida de profissionais, estudantes e suas fam\u00edlias quando decis\u00f5es pol\u00edtico-administrativas relacionadas \u00e0 retomada das aulas presenciais se afastam das recomenda\u00e7\u00f5es de autoridades de sa\u00fade e da ci\u00eancia.<\/li>\n<li>Debater os usos das evid\u00eancias cient\u00edficas na disputa sobre os rumos e decis\u00f5es sobre pol\u00edticas educacionais.<\/li>\n<\/ul>\n<p><strong>Ementa:<\/strong><\/p>\n<p>&#8211; Pandemia de Covid-19 e seus impactos no sistema educacional<br \/>\n&#8211; Retomada de aulas presenciais e direito \u00e0 vida e \u00e0 sa\u00fade<br \/>\n&#8211; Incid\u00eancia de Covid-19 na rede estadual de educa\u00e7\u00e3o de S\u00e3o Paulo<\/p>\n<p><strong>Metodologia:<\/strong><\/p>\n<p>Semin\u00e1rio de 1h30 de dura\u00e7\u00e3o, com exposi\u00e7\u00e3o dos pesquisadores que representam a REPU<\/p>\n<p><strong>P\u00fablico alvo:<\/strong><\/p>\n<p>Profissionais da educa\u00e7\u00e3o, estudantes dos cursos de licenciatura e dos cursos de p\u00f3s-gradua\u00e7\u00e3o na \u00e1rea da Educa\u00e7\u00e3o e p\u00fablico em geral.<\/p>\n<p><strong>Vagas:<\/strong> 500<\/p>\n<div>\n<h2><strong>Inscri\u00e7\u00f5es: <span style=\"color: #ff0000\">encerradas<\/span><\/strong><\/h2>\n<h4>O evento tamb\u00e9m foi transmitido no Canal do YouTube da Escola do Parlamento <span style=\"color: #0000ff\"><a style=\"color: #0000ff\" href=\"https:\/\/youtu.be\/B53HHCQjpGI\">https:\/\/www.youtube.com\/c\/EscoladoParlamentoCMSP<\/a><\/span><\/h4>\n<h4>Os certificados ser\u00e3o emitidos apenas para os participantes inscritos e que participarem do evento pela plataforma do Youtube e responderem ao <span style=\"color: #0000ff\"><a style=\"color: #0000ff\" href=\"https:\/\/forms.gle\/FBnFpbBg3xD21cmt6\">Question\u00e1rio de Avalia\u00e7\u00e3o da Atividade<\/a>.<\/span><br \/>\n<span style=\"color: #0000ff\">Leia aqui a <\/span><a href=\"https:\/\/homolog.saopaulo.sp.leg.br\/escoladoparlamento\/wp-content\/uploads\/sites\/5\/2021\/01\/POLITICA-DE-INSCRICAO-E-CERTIFICACAO_21jan21.pdf\"><span style=\"color: #0000ff\">Pol\u00edtica de Controle de Inscri\u00e7\u00e3o, Frequ\u00eancia e Certifica\u00e7\u00e3o para Cursos Livres da Escola do Parlamento na Modalidade N\u00e3o-Presencial<\/span><\/a> (janeiro\/2021)<\/h4>\n<p><b><strong>PROGRAMA\u00c7\u00c3O E CONVIDADOS:<\/strong><\/b><\/p>\n<table style=\"height: 365px\" width=\"622\">\n<tbody>\n<tr>\n<td width=\"132\">\n<p style=\"font-weight: 300\"><b><strong>Data e Hor\u00e1rio<\/strong><\/b><\/p>\n<\/td>\n<td width=\"208\">\n<p style=\"font-weight: 300\"><b><strong>T\u00edtulo da Sess\u00e3o de Di\u00e1logo<\/strong><\/b><\/p>\n<\/td>\n<td width=\"283\">\n<p style=\"font-weight: 300\"><b><strong>Convidados<\/strong><\/b><\/p>\n<\/td>\n<\/tr>\n<tr>\n<td width=\"132\">\n<p style=\"font-weight: 300\">23\/04\/2021, das 18h30 \u00e0s 20h00<\/p>\n<\/td>\n<td width=\"208\">\n<p style=\"font-weight: 300\"><b><strong>Incid\u00eancia da Covid-19 na rede estadual de educa\u00e7\u00e3o de S\u00e3o Paulo<\/strong><\/b><\/p>\n<\/td>\n<td width=\"283\">\n<p style=\"font-weight: 300\"><strong>Profa. Dra. Debora Goulart<\/strong> (Unifesp \u2013 Guarulhos e REPU)<\/p>\n<p style=\"font-weight: 300\"><strong>Prof. Dr. Fernando C\u00e1ssio<\/strong> (UFABC e REPU)<\/p>\n<p><strong>Prof. Dr. Leonardo Crochik<\/strong> (IFSP e REPU)<\/p>\n<p>Media\u00e7\u00e3o: <strong>Prof. Dr. Alexsandro Santos<\/strong> (Escola do Parlamento)<\/td>\n<\/tr>\n<\/tbody>\n<\/table>\n<\/div>\n<p>&nbsp;<\/p>\n","protected":false},"excerpt":{"rendered":"<p>Semin\u00e1rios em parceria com a REPU Coordena\u00e7\u00e3o: Profa. Dra. D\u00e9bora Goulart (REPU\/Unifesp) Prof. Dr. Fernando C\u00e1ssio (REPU\/UFABC) Prof. Dr. Leonardo Crochik (REPU\/IFSP) Prof. Dr. Alexsandro Santos (Escola do Parlamento) Natureza do evento: Semin\u00e1rio Justificativa: Os sistemas educacionais do mundo inteiro foram profundamente impactados com a Pandemia de Covid-19. Em diferentes pa\u00edses, o processo de conten\u00e7\u00e3o [&hellip;]<\/p>\n","protected":false},"author":661,"featured_media":0,"parent":25320,"menu_order":139,"comment_status":"closed","ping_status":"closed","template":"","meta":{"_acf_changed":false,"footnotes":""},"class_list":["post-25804","page","type-page","status-publish","hentry"],"acf":[],"_links":{"self":[{"href":"https:\/\/homolog.saopaulo.sp.leg.br\/escoladoparlamento\/wp-json\/wp\/v2\/pages\/25804","targetHints":{"allow":["GET"]}}],"collection":[{"href":"https:\/\/homolog.saopaulo.sp.leg.br\/escoladoparlamento\/wp-json\/wp\/v2\/pages"}],"about":[{"href":"https:\/\/homolog.saopaulo.sp.leg.br\/escoladoparlamento\/wp-json\/wp\/v2\/types\/page"}],"author":[{"embeddable":true,"href":"https:\/\/homolog.saopaulo.sp.leg.br\/escoladoparlamento\/wp-json\/wp\/v2\/users\/661"}],"replies":[{"embeddable":true,"href":"https:\/\/homolog.saopaulo.sp.leg.br\/escoladoparlamento\/wp-json\/wp\/v2\/comments?post=25804"}],"version-history":[{"count":5,"href":"https:\/\/homolog.saopaulo.sp.leg.br\/escoladoparlamento\/wp-json\/wp\/v2\/pages\/25804\/revisions"}],"predecessor-version":[{"id":25983,"href":"https:\/\/homolog.saopaulo.sp.leg.br\/escoladoparlamento\/wp-json\/wp\/v2\/pages\/25804\/revisions\/25983"}],"up":[{"embeddable":true,"href":"https:\/\/homolog.saopaulo.sp.leg.br\/escoladoparlamento\/wp-json\/wp\/v2\/pages\/25320"}],"wp:attachment":[{"href":"https:\/\/homolog.saopaulo.sp.leg.br\/escoladoparlamento\/wp-json\/wp\/v2\/media?parent=25804"}],"curies":[{"name":"wp","href":"https:\/\/api.w.org\/{rel}","templated":true}]}}