{"id":25976,"date":"2021-05-04T15:59:34","date_gmt":"2021-05-04T18:59:34","guid":{"rendered":"https:\/\/homolog.saopaulo.sp.leg.br\/escoladoparlamento\/?page_id=25976"},"modified":"2021-08-19T16:18:43","modified_gmt":"2021-08-19T19:18:43","slug":"violencia-urbana-politicas-de-seguranca-publica-e-direitos-humanos-desafios-para-os-municipios","status":"publish","type":"page","link":"https:\/\/homolog.saopaulo.sp.leg.br\/escoladoparlamento\/cursos\/cursos-anteriores\/cursos-realizados-em-2021\/violencia-urbana-politicas-de-seguranca-publica-e-direitos-humanos-desafios-para-os-municipios\/","title":{"rendered":"Viol\u00eancia Urbana, Pol\u00edticas de Seguran\u00e7a P\u00fablica e Direitos Humanos: Desafios para os Munic\u00edpios"},"content":{"rendered":"<p><strong>Os certificados relativos a este ciclo de Semin\u00e1rios est\u00e3o sendo gerados e ser\u00e3o enviados aos alunos que tiveram 100% de presen\u00e7a em at\u00e9 10 dias \u00fateis<\/strong><\/p>\n<p><a href=\"https:\/\/www.youtube.com\/watch?v=BUnaDBiLhXk\">Clique aqui para rever o primeiro encontro (27\/5\/2021)<\/a><\/p>\n<p><a href=\"https:\/\/www.youtube.com\/watch?v=BJb3217PpF4\">Clique aqui para rever o segundo encontro (28\/5\/2021)<\/a><\/p>\n<p><a href=\"https:\/\/www.youtube.com\/watch?v=u55tZPWpw5w\">Clique aqui para rever o terceiro encontro (10\/6\/2021)<\/a><\/p>\n<p><a href=\"https:\/\/www.youtube.com\/watch?v=3JzaZLibxOA\">Clique aqui para rever o quarto encontro (11\/6\/2021)<\/a><\/p>\n<p><a href=\"https:\/\/www.youtube.com\/watch?v=LsF49-Sg7mQ\">Clique aqui para rever o quinto encontro (18\/6\/2021)<\/a><\/p>\n<p><a href=\"https:\/\/www.youtube.com\/watch?v=JtczuqM8ZA0\">Clique aqui para rever o sexto encontro (25\/6\/2021)<\/a><\/p>\n<p>&nbsp;<\/p>\n\n<!-- iframe plugin v.6.0 wordpress.org\/plugins\/iframe\/ -->\n<iframe loading=\"lazy\" src=\"https:\/\/www.sympla.com.br\/violencia-urbana-politicas-de-seguranca-publica-e-direitos-humanos-desafios-para-os-municipios__1204192\" width=\"100%\" height=\"1000\" scrolling=\"yes\" class=\"iframe-class\" frameborder=\"0\"><\/iframe>\n\n","protected":false},"excerpt":{"rendered":"<p>Os certificados relativos a este ciclo de Semin\u00e1rios est\u00e3o sendo gerados e ser\u00e3o enviados aos alunos que tiveram 100% de presen\u00e7a em at\u00e9 10 dias \u00fateis Clique aqui para rever o primeiro encontro (27\/5\/2021) Clique aqui para rever o segundo encontro (28\/5\/2021) Clique aqui para rever o terceiro encontro (10\/6\/2021) Clique aqui para rever o [&hellip;]<\/p>\n","protected":false},"author":522,"featured_media":0,"parent":25320,"menu_order":135,"comment_status":"closed","ping_status":"closed","template":"","meta":{"_acf_changed":false,"footnotes":""},"class_list":["post-25976","page","type-page","status-publish","hentry"],"acf":[],"_links":{"self":[{"href":"https:\/\/homolog.saopaulo.sp.leg.br\/escoladoparlamento\/wp-json\/wp\/v2\/pages\/25976","targetHints":{"allow":["GET"]}}],"collection":[{"href":"https:\/\/homolog.saopaulo.sp.leg.br\/escoladoparlamento\/wp-json\/wp\/v2\/pages"}],"about":[{"href":"https:\/\/homolog.saopaulo.sp.leg.br\/escoladoparlamento\/wp-json\/wp\/v2\/types\/page"}],"author":[{"embeddable":true,"href":"https:\/\/homolog.saopaulo.sp.leg.br\/escoladoparlamento\/wp-json\/wp\/v2\/users\/522"}],"replies":[{"embeddable":true,"href":"https:\/\/homolog.saopaulo.sp.leg.br\/escoladoparlamento\/wp-json\/wp\/v2\/comments?post=25976"}],"version-history":[{"count":5,"href":"https:\/\/homolog.saopaulo.sp.leg.br\/escoladoparlamento\/wp-json\/wp\/v2\/pages\/25976\/revisions"}],"predecessor-version":[{"id":26356,"href":"https:\/\/homolog.saopaulo.sp.leg.br\/escoladoparlamento\/wp-json\/wp\/v2\/pages\/25976\/revisions\/26356"}],"up":[{"embeddable":true,"href":"https:\/\/homolog.saopaulo.sp.leg.br\/escoladoparlamento\/wp-json\/wp\/v2\/pages\/25320"}],"wp:attachment":[{"href":"https:\/\/homolog.saopaulo.sp.leg.br\/escoladoparlamento\/wp-json\/wp\/v2\/media?parent=25976"}],"curies":[{"name":"wp","href":"https:\/\/api.w.org\/{rel}","templated":true}]}}