{"id":25989,"date":"2021-05-05T17:44:28","date_gmt":"2021-05-05T20:44:28","guid":{"rendered":"https:\/\/homolog.saopaulo.sp.leg.br\/escoladoparlamento\/?page_id=25989"},"modified":"2021-05-19T14:21:49","modified_gmt":"2021-05-19T17:21:49","slug":"pesquisa-em-ciencia-politica-resultados-debates-e-perspectivas","status":"publish","type":"page","link":"https:\/\/homolog.saopaulo.sp.leg.br\/escoladoparlamento\/cursos\/cursos-anteriores\/cursos-realizados-em-2021\/pesquisa-em-ciencia-politica-resultados-debates-e-perspectivas\/","title":{"rendered":"Pesquisa em Ci\u00eancia Pol\u00edtica: Resultados, Debates e Perspectivas"},"content":{"rendered":"<p><b>1. DIRETO<a href=\"https:\/\/homolog.saopaulo.sp.leg.br\/escoladoparlamento\/wp-content\/uploads\/sites\/5\/2021\/05\/fespsp.png\"><img loading=\"lazy\" decoding=\"async\" class=\"alignright  wp-image-26100\" src=\"https:\/\/homolog.saopaulo.sp.leg.br\/escoladoparlamento\/wp-content\/uploads\/sites\/5\/2021\/05\/fespsp.png\" alt=\"\" width=\"247\" height=\"186\" \/><\/a>R RESPONS\u00c1VEL:\u00a0<\/b>Alexsandro do Nascimento Santos<\/p>\n<p><strong>2. COORDENA\u00c7\u00c3O:<\/strong><\/p>\n<p>Prof. Dr. Humberto Dantas de Mizuca (FESP-SP)<br \/>\nProf. Dr. Alexsandro Santos (Escola do Parlamento)<\/p>\n<p><strong>3. NATUREZA DO EVENTO (curso, semin\u00e1rio, ciclo de palestras ou outro):<\/strong><br \/>\nSemin\u00e1rio<\/p>\n<p><strong>4. JUSTIFICATIVA:<\/strong><\/p>\n<p>O Poder Legislativo brasileiro experimentou, ao longo da hist\u00f3ria do pa\u00eds, distintas fun\u00e7\u00f5es e um maior ou menor protagonismo que variou de acordo com o ritmo da democracia e dos desenhos institucionais da na\u00e7\u00e3o. Recentemente, faz cerca de 30 anos, casas dessa natureza, a despeito da esfera de poder, t\u00eam assumido uma responsabilidade absolutamente central na realidade da educa\u00e7\u00e3o. A cria\u00e7\u00e3o de escolas do parlamento, ou escolas do legislativo tem garantido o desenvolvimento de conte\u00fados, debates e a\u00e7\u00f5es fundamentais ao amadurecimento pol\u00edtico democr\u00e1tico do Brasil. Na capital paulista, a Escola do Parlamento da C\u00e2mara Municipal completa 10 anos e se consolida como espa\u00e7o para o pensar democr\u00e1tico e plural, com foco central nos desafios de uma cidade que possui a dimens\u00e3o e a complexidade de um pa\u00eds.<\/p>\n<p>A Ci\u00eancia Pol\u00edtica, por sua vez, tem buscado se consolidar como um campo de conhecimento capaz de compreender de forma consistente a realidade institucional de diferentes sociedades, em perspectiva hist\u00f3rica e conjuntural. Na FESP-SP, em 2013 foi criada uma p\u00f3s-gradua\u00e7\u00e3o especificamente nesse campo, com o intuito de aprimorar debates fundamentais sobre a democracia, suas organiza\u00e7\u00f5es e desafios. E desde ent\u00e3o, ininterruptamente, tem formado a cada semestre participantes que contribuem para a educa\u00e7\u00e3o, o jornalismo, a advocacia, as rela\u00e7\u00f5es governamentais etc.<\/p>\n<p>S\u00e3o essas realidades que buscamos reunir, simbolicamente, no semin\u00e1rio \u201cPesquisa em Ci\u00eancia Pol\u00edtica: Resultados, Debates e Perspectivas\u201d, que marca o lan\u00e7amento do 13\u00b0 n\u00famero da Revista Parlamento e Sociedade, editada pela Escola do Parlamento. O n\u00famero traz artigos oriundos dos trabalhos de conclus\u00e3o de curso da p\u00f3s-gradua\u00e7\u00e3o em Ci\u00eancia Pol\u00edtica da FESP-SP. Como organiza\u00e7\u00f5es parceiras em a\u00e7\u00f5es educativas, a C\u00e2mara Municipal de S\u00e3o Paulo e a Funda\u00e7\u00e3o Escola de Sociologia e Pol\u00edtica se re\u00fanem para espelhar parte da complexidade dos desafios da ci\u00eancia pol\u00edtica e do debate democr\u00e1tico num espa\u00e7o simbolizado por uma revista acad\u00eamica de uma escola do Legislativo.<\/p>\n<p><strong>5. OBJETIVOS<\/strong><\/p>\n<p>Espera-se que durante a realiza\u00e7\u00e3o do semin\u00e1rio, os participantes possam:<\/p>\n<ul>\n<li>Mobilizar a reflex\u00e3o cr\u00edtica sobre a agenda de pesquisa da Ci\u00eancia Pol\u00edtica em suas m\u00faltiplas dimens\u00f5es epistemol\u00f3gicas e abordagens metodol\u00f3gicas.<\/li>\n<li>Disseminar, de forma qualificada, resultados de pesquisas realizadas em n\u00edvel de p\u00f3s-gradua\u00e7\u00e3o, no campo da Ci\u00eancia Pol\u00edtica.<\/li>\n<\/ul>\n<p><strong>6. EMENTA<\/strong><\/p>\n<p>&#8211; Processo Eleitoral Brasileiro e elei\u00e7\u00f5es de 2018<br \/>\n&#8211; Presidencialismo de\/sem coaliz\u00e3o no primeiro ano do governo Bolsonaro<br \/>\n&#8211; Poder Legislativo, sociedade civil e lobby<br \/>\n&#8211; Pol\u00edtica, G\u00eanero e Sindicalismo<br \/>\n&#8211; Teoria Pol\u00edtica: Revisitando \u201cO Federalista\u201d<br \/>\n&#8211; Legitimidade, Democracia e o caso do Governo Chin\u00eas<\/p>\n<p><strong>METODOLOGIA<\/strong><\/p>\n<p>Semin\u00e1rio de 2h00 de dura\u00e7\u00e3o, com exposi\u00e7\u00e3o dos pesquisadores e pesquisadoras que escreveram os artigos para o n\u00famero da revista.<\/p>\n<p><strong>P\u00daBLICO ALVO<\/strong><\/p>\n<p>Estudantes e pesquisadores das ci\u00eancias sociais, cientistas pol\u00edticos, gestores p\u00fablicos, jornalistas do campo da pol\u00edtica e interessados em geral.<\/p>\n<p><strong>VAGAS:<\/strong> 500<\/p>\n<p><strong>FREQU\u00caNCIA:<\/strong> 100%<\/p>\n<p><strong>PROGRAMA\u00c7\u00c3O E CONVIDADOS:<\/strong><\/p>\n<table class=\"TableNormal\" border=\"1\" cellspacing=\"0\" cellpadding=\"0\">\n<tbody>\n<tr>\n<td valign=\"top\" width=\"132\">\n<p class=\"TableParagraph\"><b><span lang=\"PT\">Data e Hor\u00e1rio<\/span><\/b><\/p>\n<\/td>\n<td valign=\"top\" width=\"208\">\n<p class=\"TableParagraph\"><b><span lang=\"PT\">T\u00edtulo da<\/span><\/b><\/p>\n<p class=\"TableParagraph\"><b><span lang=\"PT\">Sess\u00e3o de Di\u00e1logo<\/span><\/b><\/p>\n<\/td>\n<td valign=\"top\" width=\"283\">\n<p class=\"TableParagraph\"><b><span lang=\"PT\">Convidados<\/span><\/b><b><\/b><\/p>\n<\/td>\n<\/tr>\n<tr>\n<td valign=\"top\" width=\"132\">\n<p class=\"TableParagraph\" align=\"center\"><b><span lang=\"PT\">17\/05\/2021<\/span><\/b><\/p>\n<p class=\"TableParagraph\" align=\"center\"><b><span lang=\"PT\">18h30 \u00e0s 19h30<\/span><\/b><\/p>\n<\/td>\n<td valign=\"top\" width=\"208\">\n<p class=\"TableParagraph\"><b><span lang=\"PT\">\u00a0<\/span><\/b><\/p>\n<p class=\"TableParagraph\" align=\"right\">\u00a0 MESA 1 &#8211; Aspectos\u00a0 \u00a0 \u00a0Gerais da Ci\u00eancia Pol\u00edtica<\/p>\n<\/td>\n<td valign=\"top\" width=\"283\">\n<p class=\"TableParagraph\">\u00a0 \u00a0 \u00a0&#8211; Garcia\/Renato<\/p>\n<p class=\"TableParagraph\">\u00a0 \u00a0 \u00a0&#8211; Isis\/Grazi<\/p>\n<p class=\"TableParagraph\">\u00a0 \u00a0 \u00a0&#8211; Diego\/Gallo<\/p>\n<p class=\"TableParagraph\">\u00a0 \u00a0 \u00a0-Vinicius\/Suhayla<\/p>\n<\/td>\n<\/tr>\n<tr>\n<td valign=\"top\" width=\"132\">\n<p class=\"TableParagraph\" align=\"center\"><b><span lang=\"PT\">17\/05\/2021<\/span><\/b><\/p>\n<p class=\"TableParagraph\" align=\"center\"><b><span lang=\"PT\">19h30 \u00e0s 20h30<\/span><\/b><\/p>\n<\/td>\n<td valign=\"top\" width=\"208\">\n<p class=\"TableParagraph\"><b><span lang=\"PT\">\u00a0<\/span><\/b><\/p>\n<p class=\"TableParagraph\" align=\"right\"><b>\u00a0<\/b>\u00a0MESA 2 &#8211; Elei\u00e7\u00f5es\u00a02018 e Estudos na Ci\u00eancia Pol\u00edtica<\/p>\n<\/td>\n<td valign=\"top\" width=\"283\">\n<p class=\"TableParagraph\">\u00a0 \u00a0 \u00a0&#8211; Carani\/Hilton<\/p>\n<p class=\"TableParagraph\">\u00a0 \u00a0 \u00a0&#8211; Bianca\/Tathi<\/p>\n<p class=\"TableParagraph\">\u00a0 \u00a0 \u00a0&#8211; Luiz\/Joyce<\/p>\n<\/td>\n<\/tr>\n<\/tbody>\n<\/table>\n<p>&nbsp;<\/p>\n","protected":false},"excerpt":{"rendered":"<p>1. DIRETOR RESPONS\u00c1VEL:\u00a0Alexsandro do Nascimento Santos 2. COORDENA\u00c7\u00c3O: Prof. Dr. Humberto Dantas de Mizuca (FESP-SP) Prof. Dr. Alexsandro Santos (Escola do Parlamento) 3. NATUREZA DO EVENTO (curso, semin\u00e1rio, ciclo de palestras ou outro): Semin\u00e1rio 4. JUSTIFICATIVA: O Poder Legislativo brasileiro experimentou, ao longo da hist\u00f3ria do pa\u00eds, distintas fun\u00e7\u00f5es e um maior ou menor protagonismo [&hellip;]<\/p>\n","protected":false},"author":297,"featured_media":0,"parent":25320,"menu_order":134,"comment_status":"closed","ping_status":"closed","template":"","meta":{"_acf_changed":false,"footnotes":""},"class_list":["post-25989","page","type-page","status-publish","hentry"],"acf":[],"_links":{"self":[{"href":"https:\/\/homolog.saopaulo.sp.leg.br\/escoladoparlamento\/wp-json\/wp\/v2\/pages\/25989","targetHints":{"allow":["GET"]}}],"collection":[{"href":"https:\/\/homolog.saopaulo.sp.leg.br\/escoladoparlamento\/wp-json\/wp\/v2\/pages"}],"about":[{"href":"https:\/\/homolog.saopaulo.sp.leg.br\/escoladoparlamento\/wp-json\/wp\/v2\/types\/page"}],"author":[{"embeddable":true,"href":"https:\/\/homolog.saopaulo.sp.leg.br\/escoladoparlamento\/wp-json\/wp\/v2\/users\/297"}],"replies":[{"embeddable":true,"href":"https:\/\/homolog.saopaulo.sp.leg.br\/escoladoparlamento\/wp-json\/wp\/v2\/comments?post=25989"}],"version-history":[{"count":5,"href":"https:\/\/homolog.saopaulo.sp.leg.br\/escoladoparlamento\/wp-json\/wp\/v2\/pages\/25989\/revisions"}],"predecessor-version":[{"id":26103,"href":"https:\/\/homolog.saopaulo.sp.leg.br\/escoladoparlamento\/wp-json\/wp\/v2\/pages\/25989\/revisions\/26103"}],"up":[{"embeddable":true,"href":"https:\/\/homolog.saopaulo.sp.leg.br\/escoladoparlamento\/wp-json\/wp\/v2\/pages\/25320"}],"wp:attachment":[{"href":"https:\/\/homolog.saopaulo.sp.leg.br\/escoladoparlamento\/wp-json\/wp\/v2\/media?parent=25989"}],"curies":[{"name":"wp","href":"https:\/\/api.w.org\/{rel}","templated":true}]}}