{"id":2599,"date":"2015-11-26T17:39:32","date_gmt":"2015-11-26T19:39:32","guid":{"rendered":"http:\/\/homolog.saopaulo.sp.leg.br\/escoladoparlamento\/?page_id=2599"},"modified":"2018-05-11T14:50:17","modified_gmt":"2018-05-11T17:50:17","slug":"ciclo-de-debates-igualdade-de-genero","status":"publish","type":"page","link":"https:\/\/homolog.saopaulo.sp.leg.br\/escoladoparlamento\/cursos\/cursos-anteriores\/cursos-realizados-em-2015\/ciclo-de-debates-igualdade-de-genero\/","title":{"rendered":"Ciclo de Debates &#8211; Igualdade de G\u00eanero"},"content":{"rendered":"<p><strong>Objetivos:\u00a0<\/strong> O presente ciclo de debates tem como objetivo geral abordar temas transversais ligados \u00e0 defesa e promo\u00e7\u00e3o da igualdade de direitos para as mulheres e a popula\u00e7\u00e3o LGBT; apresentar por meio de di\u00e1logos qualificados conceitos fundamentais para a compreens\u00e3o do respeito \u00e0 diversidade &#8211; especialmente no tocante a g\u00eanero, identidade de g\u00eanero e orienta\u00e7\u00e3o sexual &#8211; como um aspecto fundamental para o desenvolvimento de uma sociedade mais justa, plural e democr\u00e1tica.<\/p>\n<p><strong>Diretor Respons\u00e1vel:<\/strong> Lara Mesquita<\/p>\n<p><strong>Coordena\u00e7\u00e3o:<\/strong> Camila Breitenvieser, Mar\u00edlia Kayano e Mar\u00edlia Pacios<\/p>\n<p><strong>Media\u00e7\u00e3o:<\/strong> Mar\u00edlia Kayano, Mar\u00edlia Pacios e Tatiana Braz Ribeiral<\/p>\n<p><strong>P\u00fablico Alvo:<\/strong> Interessados e interessadas na tem\u00e1tica de g\u00eanero direitosacesso a direitos para as mulheres e a popula\u00e7\u00e3o LGBT, incluindo e n\u00e3o limitado a servidoras\/es p\u00fablicos, representantes de organiza\u00e7\u00f5es da sociedade civil, profissionais liberais ou do setor privado, pesquisadoras\/es e estudantes.<\/p>\n<p><strong>Vagas:<\/strong> 60<\/p>\n<p><strong>Carga Hor\u00e1ria:<\/strong> 12h<\/p>\n<p><strong>Inscri\u00e7\u00f5es:<\/strong> At\u00e9 02\/12. Inscri\u00e7\u00f5es encerradas.<\/p>\n<p><strong>Programa\u00e7\u00e3o:<\/strong><\/p>\n<table>\n<tbody>\n<tr>\n<td><strong>Data<\/strong><\/td>\n<td><strong>Hora<\/strong><\/td>\n<td><strong>\u00a0Local<\/strong><\/td>\n<td><strong>Tema<\/strong><\/td>\n<td><strong>Palestrantes<\/strong><\/td>\n<\/tr>\n<tr>\n<td><strong>02\/12<\/strong><\/td>\n<td>19h \u00e0s 22h<\/td>\n<td><a href=\"http:\/\/homolog.saopaulo.sp.leg.br\/transparencia\/auditorios-online\/sala-oscar-pedroso-horta-sala-b\/\">Sala Oscar Pedroso Horta<\/a><\/td>\n<td><em>Contribui\u00e7\u00f5es contempor\u00e2neas dos Feminismos e dos movimentos LGBT<\/em><\/td>\n<td>Amelinha Teles, Julia Oliveira e Gean Oliveira<\/td>\n<\/tr>\n<tr>\n<td><strong>03\/12<\/strong><\/td>\n<td>19h \u00e0s 22h<\/td>\n<td><a href=\"http:\/\/homolog.saopaulo.sp.leg.br\/transparencia\/auditorios-online\/sala-oscar-pedroso-horta-sala-b\/\">Sala Oscar Pedroso Horta<\/a><\/td>\n<td><em>Viol\u00eancias de g\u00eanero: marcadores sociais das diferen\u00e7as e interseccionalidades\u00a0<\/em><\/td>\n<td>Djamila Ribeiro,\u00a0Amara Moira<\/td>\n<\/tr>\n<tr>\n<td><strong>09\/12<\/strong><\/td>\n<td>19h \u00e0s 22h<\/td>\n<td><a title=\"Sala Tiradentes\" href=\"http:\/\/homolog.saopaulo.sp.leg.br\/transparencia\/auditorios-online\/sala-tiradentes\/\">Sala Tiradentes<\/a><\/td>\n<td><em>Laicidade do Estado e seus desdobramentos para as demandas das mulheres e das LGBT\u00a0<\/em><\/td>\n<td>Joana Zylbersztajn,\u00a0Fl\u00e1via Piovesan, Yuri Orozco<\/td>\n<\/tr>\n<tr>\n<td><strong>10\/12<\/strong><\/td>\n<td>19h \u00e0s 22h<\/td>\n<td><a href=\"http:\/\/homolog.saopaulo.sp.leg.br\/transparencia\/auditorios-online\/sala-oscar-pedroso-horta-sala-b\/\">Sala Oscar Pedroso Horta<\/a><\/td>\n<td><em>Participa\u00e7\u00e3o pol\u00edtica e a\u00e7\u00f5es afirmativas para mulheres e da popula\u00e7\u00e3o LGBT\u00a0<\/em><\/td>\n<td>Jacira Melo, Alessandro Melchior e Beatriz Rodrigues Sanchez<\/td>\n<\/tr>\n<\/tbody>\n<\/table>\n<p>&nbsp;<\/p>\n","protected":false},"excerpt":{"rendered":"<p>Objetivos:\u00a0 O presente ciclo de debates tem como objetivo geral abordar temas transversais ligados \u00e0 defesa e promo\u00e7\u00e3o da igualdade de direitos para as mulheres e a popula\u00e7\u00e3o LGBT; apresentar por meio de di\u00e1logos qualificados conceitos fundamentais para a compreens\u00e3o do respeito \u00e0 diversidade &#8211; especialmente no tocante a g\u00eanero, identidade de g\u00eanero e orienta\u00e7\u00e3o [&hellip;]<\/p>\n","protected":false},"author":127,"featured_media":0,"parent":1331,"menu_order":624,"comment_status":"closed","ping_status":"closed","template":"","meta":{"_acf_changed":false,"footnotes":""},"class_list":["post-2599","page","type-page","status-publish","hentry"],"acf":[],"_links":{"self":[{"href":"https:\/\/homolog.saopaulo.sp.leg.br\/escoladoparlamento\/wp-json\/wp\/v2\/pages\/2599","targetHints":{"allow":["GET"]}}],"collection":[{"href":"https:\/\/homolog.saopaulo.sp.leg.br\/escoladoparlamento\/wp-json\/wp\/v2\/pages"}],"about":[{"href":"https:\/\/homolog.saopaulo.sp.leg.br\/escoladoparlamento\/wp-json\/wp\/v2\/types\/page"}],"author":[{"embeddable":true,"href":"https:\/\/homolog.saopaulo.sp.leg.br\/escoladoparlamento\/wp-json\/wp\/v2\/users\/127"}],"replies":[{"embeddable":true,"href":"https:\/\/homolog.saopaulo.sp.leg.br\/escoladoparlamento\/wp-json\/wp\/v2\/comments?post=2599"}],"version-history":[{"count":5,"href":"https:\/\/homolog.saopaulo.sp.leg.br\/escoladoparlamento\/wp-json\/wp\/v2\/pages\/2599\/revisions"}],"predecessor-version":[{"id":9444,"href":"https:\/\/homolog.saopaulo.sp.leg.br\/escoladoparlamento\/wp-json\/wp\/v2\/pages\/2599\/revisions\/9444"}],"up":[{"embeddable":true,"href":"https:\/\/homolog.saopaulo.sp.leg.br\/escoladoparlamento\/wp-json\/wp\/v2\/pages\/1331"}],"wp:attachment":[{"href":"https:\/\/homolog.saopaulo.sp.leg.br\/escoladoparlamento\/wp-json\/wp\/v2\/media?parent=2599"}],"curies":[{"name":"wp","href":"https:\/\/api.w.org\/{rel}","templated":true}]}}