{"id":26082,"date":"2021-05-18T17:08:54","date_gmt":"2021-05-18T20:08:54","guid":{"rendered":"https:\/\/homolog.saopaulo.sp.leg.br\/escoladoparlamento\/?page_id=26082"},"modified":"2021-06-23T16:56:36","modified_gmt":"2021-06-23T19:56:36","slug":"ciclo-de-dialogos-formativos-em-gestao-escolar-e-educacional","status":"publish","type":"page","link":"https:\/\/homolog.saopaulo.sp.leg.br\/escoladoparlamento\/cursos\/cursos-anteriores\/cursos-realizados-em-2021\/ciclo-de-dialogos-formativos-em-gestao-escolar-e-educacional\/","title":{"rendered":"Ciclo de Di\u00e1logos Formativos em Gest\u00e3o Escolar e Educacional"},"content":{"rendered":"<p><strong>(Parceria Escola do Parlamento e a Unicid)<a href=\"https:\/\/homolog.saopaulo.sp.leg.br\/escoladoparlamento\/wp-content\/uploads\/sites\/5\/2021\/03\/WhatsApp-Image-2021-03-03-at-18.43.34.jpeg\"><img loading=\"lazy\" decoding=\"async\" class=\"alignright wp-image-25375\" src=\"https:\/\/homolog.saopaulo.sp.leg.br\/escoladoparlamento\/wp-content\/uploads\/sites\/5\/2021\/03\/WhatsApp-Image-2021-03-03-at-18.43.34.jpeg\" alt=\"\" width=\"238\" height=\"95\" \/><\/a><\/strong><\/p>\n<p><strong>Coordena\u00e7\u00e3o:<\/strong><\/p>\n<p>Prof. Dr. Alexsandro Santos<\/p>\n<p>Prof. Dr. Ricardo Alexandre Marangoni<\/p>\n<p>Prof. Dr. Roberto Gimenez<\/p>\n<p>Profa. Dra. Sandra L\u00facia Ferreira<\/p>\n<p><strong>Natureza do evento (curso, semin\u00e1rio, ciclo de palestras ou outro):<\/strong><br \/>\nCiclo de Di\u00e1logos<\/p>\n<p><strong>Justificativa:<\/strong><\/p>\n<p>O Censo Escolar de 2019 identificou 161.326 diretoras e diretores de escola atuando no Brasil em unidades que atendem a educa\u00e7\u00e3o infantil, o ensino fundamental e o ensino m\u00e9dio. Deste total, 122.948 desempenhavam sua fun\u00e7\u00e3o em escolas p\u00fablica.<\/p>\n<p>Em seu exerc\u00edcio funcional cotidiano, essas gestoras e gestores precisam: (1) liderar comunidades educativas plurais (seus colegas professores, profissionais que atuam em servi\u00e7os t\u00e9cnicos e de apoio, fam\u00edlias e estudantes) e (2) articular e administrar os recursos financeiros, pedag\u00f3gicos e de infraestrutura de modo a fortalecer a capacidade institucional de cada unidade escolar na garantia dos direitos de aprendizagem e desenvolvimento de cada educando. E devem realizar essas tarefas navegando nas tens\u00f5es pr\u00f3prias do exerc\u00edcio da autonomia regulada da gest\u00e3o, no \u00e2mbito de redes e sistemas de ensino complexos, contradit\u00f3rios e nem sempre orientados para apoiar o bom funcionamento das escolas.<\/p>\n<p>A pandemia de Covid-19 trouxe elementos ainda mais desafiadores para a pr\u00e1tica da gest\u00e3o escolar e educacional, aprofundando problemas que j\u00e1 existiam antes e produzindo novos dilemas espec\u00edficos e singulares.<br \/>\nAs pesquisas consolidadas no campo da educa\u00e7\u00e3o assinalam o papel fundamental dos gestores escolares na produ\u00e7\u00e3o da efic\u00e1cia escolar. Uma vasta produ\u00e7\u00e3o consolidada na \u00e1rea, situa a lideran\u00e7a e a atua\u00e7\u00e3o de gestoras e gestores escolares como o segundo fator intraescolar mais relevante para o desempenho acad\u00eamico dos estudantes (Hopkins et. al., 1994; Stoll e Fink, 1992, 1994; Levine e Lezotte, 1990; Murphy e Louis, 1994; Teddlie e Stringfield, 1983).<\/p>\n<p>Considerando tal cen\u00e1rio, os Programa de P\u00f3s-Gradua\u00e7\u00e3o Profissional: Forma\u00e7\u00e3o de Gestores Educacionais (PPGP-Ge) e de Educa\u00e7\u00e3o (PPGE), ambos da Universidade Cidade de S\u00e3o Paulo (Unicid), e a Escola do Parlamento t\u00eam investido esfor\u00e7os em pesquisa e desenvolvimento na \u00e1rea da gest\u00e3o escolar e educacional. E \u00e9 justamente com o objetivo de adensar e fortalecer o di\u00e1logo entre a Universidade (estudantes\/professores\/pesquisadores) e a Escola (diretores, coordenadores pedag\u00f3gicos, supervisores) e de visibilizar, discutir e compreender os desafios e horizontes do exerc\u00edcio da gest\u00e3o escolar e educacional que propomos este Ciclo de Di\u00e1logos Formativos.<\/p>\n<p><strong>Objetivos:<\/strong><\/p>\n<p>Espera-se que durante a realiza\u00e7\u00e3o do Ciclo de Di\u00e1logos Formativos, os participantes possam:<\/p>\n<ul>\n<li>Mobilizar a reflex\u00e3o cr\u00edtica sobre os contextos da pr\u00e1tica, os desafios e as aprendizagens constru\u00eddas por gestoras e gestores escolares\/educacionais na lideran\u00e7a das unidades educacionais no Brasil;<\/li>\n<li>Aprofundar conhecimentos sobre as m\u00faltiplas dimens\u00f5es do trabalho de gest\u00e3o escolar e educacional e sobre suas correla\u00e7\u00f5es com a garantia do direito humano \u00e0 educa\u00e7\u00e3o para todos, expressas na promo\u00e7\u00e3o e efetiva\u00e7\u00e3o dos direitos de aprendizagem e desenvolvimento.<\/li>\n<li>Discutir e compreender os desafios e horizontes do exerc\u00edcio da gest\u00e3o escolar e educacional considerado os desafios e as aprendizagens em tempos de Pandemia\u201d<\/li>\n<\/ul>\n<p><strong>Ementa:<\/strong><\/p>\n<p>Aborda diferentes temas que abarcam o cotidiano da gest\u00e3o escolar e educacional. Tem como prop\u00f3sito discutir, compreender os macroefeitos \u2013 advindos das pol\u00edticas p\u00fablicas \u2013 e os microefeitos \u2013 advindos das unidades escolares \u2013 como norteadores das a\u00e7\u00f5es que impactam a escola no momento da pandemia do Covid 19<\/p>\n<p><em>Tem\u00e1rio<\/em><\/p>\n<p>&#8211; Gest\u00e3o Escolar e Educacional na lideran\u00e7a de comunidades educativas;<\/p>\n<p>&#8211; Gest\u00e3o Democr\u00e1tica da Escola: do princ\u00edpio normativo \u00e0s pr\u00e1ticas efetivas;<\/p>\n<p>&#8211; Dimens\u00f5es da Gest\u00e3o Escolar e Educacional: Gest\u00e3o de Pessoas, Gest\u00e3o Financeira e dos Recursos Pedag\u00f3gicos, Gest\u00e3o das Rela\u00e7\u00f5es Interpessoais e do Clima Escolar, Gest\u00e3o do Curr\u00edculo e da Avalia\u00e7\u00e3o, Gest\u00e3o das Rela\u00e7\u00f5es com a Comunidade;<\/p>\n<p>&#8211; Gest\u00e3o Escolar e Educacional e Direito Humano \u00e0 Educa\u00e7\u00e3o;<\/p>\n<p>&#8211; Gest\u00e3o de Sistemas e Redes de Ensino, pandemia e implica\u00e7\u00f5es na carreira dos profissionais da educa\u00e7\u00e3o;<\/p>\n<p>&#8211; Gest\u00e3o Escolar e Educacional na Educa\u00e7\u00e3o Infantil;<\/p>\n<p>&#8211; Gest\u00e3o Escolar e Educacional no Ensino Fundamental;<\/p>\n<p>&#8211; Gest\u00e3o Escolar e Educacional no Ensino M\u00e9dio.<\/p>\n<p><strong>Metodologia:<\/strong> Tr\u00eas semin\u00e1rios, com 2h cada, envolvendo profissionais\/gestores das redes p\u00fablicas brasileiras e pesquisadores da \u00e1rea de gest\u00e3o escolar.<\/p>\n<p><strong>P\u00fablico-alvo:<\/strong> Profissionais da Educa\u00e7\u00e3o, estudantes dos cursos de gradua\u00e7\u00e3o (licenciatura) e dos cursos de p\u00f3s-gradua\u00e7\u00e3o na \u00e1rea da Educa\u00e7\u00e3o e p\u00fablico em geral.<\/p>\n<p><strong>Vagas:<\/strong> 500<\/p>\n<p><strong>Data e Hor\u00e1rio:<\/strong> de 25\/05 a 23\/06 \u2013 confira programa\u00e7\u00e3o abaixo<\/p>\n<p style=\"text-align: center\"><strong>PROGRAMA\u00c7\u00c3O E CONVIDADOS<\/strong><\/p>\n<table class=\" aligncenter\" width=\"623\">\n<tbody>\n<tr>\n<td width=\"132\"><strong>DATA E HOR\u00c1RIO<\/strong><\/td>\n<td width=\"208\"><strong>T\u00cdTULO DA SESS\u00c3O DE DI\u00c1LOGO<\/strong><\/td>\n<td width=\"283\"><strong>CONVIDADOS<\/strong><\/td>\n<\/tr>\n<tr>\n<td width=\"132\"><strong>25\/05\/2021<\/strong><\/p>\n<p><strong>19-21h<\/strong><\/td>\n<td width=\"208\">Desafios e Aprendizagens da Gest\u00e3o Escolar e Educacional no contexto da Pandemia de Covid 19<\/td>\n<td width=\"283\">Profa. Dra. Ellis Regina Neves Pereira (SEDUC-SP)<\/p>\n<p>Profa. Ma. Iara Bottan (SEDUC-SP)<\/p>\n<p>Profa. Ma. Rosamaria Cris Silvestre (Diretora da EMEI Origenes Lessa \u2013 SMESP)<\/p>\n<p>Media\u00e7\u00e3o: Prof. Dr. Ricardo Alexandre Marangoni<\/td>\n<\/tr>\n<tr>\n<td width=\"132\"><strong>08\/06\/2021<\/strong><\/p>\n<p><strong>19-21h<\/strong><\/td>\n<td width=\"208\">Gest\u00e3o Democr\u00e1tica da Escola P\u00fablica: do princ\u00edpio normativo \u00e0s pr\u00e1ticas<\/p>\n<p><a href=\"https:\/\/youtu.be\/_s3mXGTSMYM\">Assista aqui!<\/a><\/td>\n<td width=\"283\">Profa. Maria Claudia Fernandes (Diretora da EMEI Monteiro Lobato \u2013 SMESP)<\/p>\n<p>Prof. Jorge Felizardo (Diretor da EMEFM Vereador Ant\u00f4nio Sampaio \u2013 SMESP)<\/p>\n<p>Media\u00e7\u00e3o: Prof. Dr. Alexsandro Santos<\/td>\n<\/tr>\n<tr>\n<td width=\"132\"><strong>22\/06\/2021<\/strong><\/p>\n<p style=\"text-align: center\"><strong>19-21h<\/strong><\/p>\n<\/td>\n<td width=\"208\">Gest\u00e3o do Curr\u00edculo e da Avalia\u00e7\u00e3o em favor das aprendizagens<\/p>\n<p><a href=\"https:\/\/youtu.be\/cqGAZOITuTc\">Assista aqui!<\/a><\/td>\n<td width=\"283\">Prof\u00aa Gabriela Ant\u00f4nia Correa da Silva. (Doutoranda do PPGE\/UNICID)<br \/>\nSecret\u00e1ria da Educa\u00e7\u00e3o da cidade de Taubat\u00e9Prof.\u00aa Dr\u00aa Juliana Fonseca de Oliveira NeriDiretora de Forma\u00e7\u00e3o: Secretaria de Educa\u00e7\u00e3o Diadema<\/p>\n<p>&nbsp;<\/p>\n<p>Media\u00e7\u00e3o: Profa. Dra. Sandra L\u00facia Ferreira<\/p>\n<p>&nbsp;<\/td>\n<\/tr>\n<\/tbody>\n<\/table>\n<p style=\"text-align: center\">\n","protected":false},"excerpt":{"rendered":"<p>(Parceria Escola do Parlamento e a Unicid) Coordena\u00e7\u00e3o: Prof. Dr. Alexsandro Santos Prof. Dr. Ricardo Alexandre Marangoni Prof. Dr. Roberto Gimenez Profa. Dra. Sandra L\u00facia Ferreira Natureza do evento (curso, semin\u00e1rio, ciclo de palestras ou outro): Ciclo de Di\u00e1logos Justificativa: O Censo Escolar de 2019 identificou 161.326 diretoras e diretores de escola atuando no Brasil [&hellip;]<\/p>\n","protected":false},"author":297,"featured_media":0,"parent":25320,"menu_order":132,"comment_status":"closed","ping_status":"closed","template":"","meta":{"_acf_changed":false,"footnotes":""},"class_list":["post-26082","page","type-page","status-publish","hentry"],"acf":[],"_links":{"self":[{"href":"https:\/\/homolog.saopaulo.sp.leg.br\/escoladoparlamento\/wp-json\/wp\/v2\/pages\/26082","targetHints":{"allow":["GET"]}}],"collection":[{"href":"https:\/\/homolog.saopaulo.sp.leg.br\/escoladoparlamento\/wp-json\/wp\/v2\/pages"}],"about":[{"href":"https:\/\/homolog.saopaulo.sp.leg.br\/escoladoparlamento\/wp-json\/wp\/v2\/types\/page"}],"author":[{"embeddable":true,"href":"https:\/\/homolog.saopaulo.sp.leg.br\/escoladoparlamento\/wp-json\/wp\/v2\/users\/297"}],"replies":[{"embeddable":true,"href":"https:\/\/homolog.saopaulo.sp.leg.br\/escoladoparlamento\/wp-json\/wp\/v2\/comments?post=26082"}],"version-history":[{"count":5,"href":"https:\/\/homolog.saopaulo.sp.leg.br\/escoladoparlamento\/wp-json\/wp\/v2\/pages\/26082\/revisions"}],"predecessor-version":[{"id":26346,"href":"https:\/\/homolog.saopaulo.sp.leg.br\/escoladoparlamento\/wp-json\/wp\/v2\/pages\/26082\/revisions\/26346"}],"up":[{"embeddable":true,"href":"https:\/\/homolog.saopaulo.sp.leg.br\/escoladoparlamento\/wp-json\/wp\/v2\/pages\/25320"}],"wp:attachment":[{"href":"https:\/\/homolog.saopaulo.sp.leg.br\/escoladoparlamento\/wp-json\/wp\/v2\/media?parent=26082"}],"curies":[{"name":"wp","href":"https:\/\/api.w.org\/{rel}","templated":true}]}}