{"id":2621,"date":"2015-12-01T16:30:20","date_gmt":"2015-12-01T18:30:20","guid":{"rendered":"http:\/\/homolog.saopaulo.sp.leg.br\/escoladoparlamento\/?page_id=2621"},"modified":"2018-05-11T14:49:49","modified_gmt":"2018-05-11T17:49:49","slug":"seminario-governanca-da-agua","status":"publish","type":"page","link":"https:\/\/homolog.saopaulo.sp.leg.br\/escoladoparlamento\/cursos\/cursos-anteriores\/cursos-realizados-em-2015\/seminario-governanca-da-agua\/","title":{"rendered":"Semin\u00e1rio Governan\u00e7a da \u00c1gua (Gest\u00e3o de Recursos H\u00eddricos)"},"content":{"rendered":"<p><iframe loading=\"lazy\" title=\"Escola do Parlamento promove semin\u00e1rio sobre gest\u00e3o h\u00eddrica\" width=\"640\" height=\"480\" src=\"https:\/\/www.youtube.com\/embed\/7fTbsPn-nNI?feature=oembed\" frameborder=\"0\" allow=\"accelerometer; autoplay; clipboard-write; encrypted-media; gyroscope; picture-in-picture; web-share\" referrerpolicy=\"strict-origin-when-cross-origin\" allowfullscreen><\/iframe><\/p>\n<figure id=\"attachment_2625\" aria-describedby=\"caption-attachment-2625\" style=\"width: 165px\" class=\"wp-caption alignright\"><a href=\"http:\/\/conselhodacidade.prefeitura.sp.gov.br\/\"><img loading=\"lazy\" decoding=\"async\" class=\"wp-image-2625 size-full\" src=\"http:\/\/homolog.saopaulo.sp.leg.br\/escoladoparlamento\/wp-content\/uploads\/sites\/5\/2015\/12\/MARCA_Conselho-da-Cidade-de-S\u00e3o-Paulo2.jpg\" alt=\"MARCA_Conselho-da-Cidade-de-S\u00e3o-Paulo2\" width=\"165\" height=\"100\" \/><\/a><figcaption id=\"caption-attachment-2625\" class=\"wp-caption-text\">Este evento \u00e9 uma parceria com o Conselho da Cidade de S\u00e3o Paulo<\/figcaption><\/figure>\n<hr \/>\n<p><strong>Objetivos: <\/strong>A Escola do Parlamento da C\u00e2mara Municipal de S\u00e3o Paulo, em parceria com o Conselho da Cidade do Munic\u00edpio de S\u00e3o Paulo, \u00f3rg\u00e3o consultivo ligado \u00e0 Secretaria de Rela\u00e7\u00f5es Governamentais, realizar\u00e1 um semin\u00e1rio para debater o papel do Munic\u00edpio no cuidado com a \u00e1gua. O evento contar\u00e1 com duas mesas, sendo a primeira denominada \u201cGovernan\u00e7a de Recursos H\u00eddricos\u201d e a segunda \u201cServi\u00e7os de \u00c1gua e Esgoto: a Op\u00e7\u00e3o entre o P\u00fablico e o Privado\u201d.<\/p>\n<p>Na primeira mesa, o debate abordar\u00e1 os conflitos entre tipos de usos e regi\u00f5es, eventos clim\u00e1ticos extremos e novos paradigmas, cen\u00e1rios de escassez e participa\u00e7\u00e3o social. Na segunda mesa, haver\u00e1 uma compara\u00e7\u00e3o entre os modelos de gest\u00e3o dos servi\u00e7os privados e p\u00fablico e as tend\u00eancias mundiais.<\/p>\n<p>O Semin\u00e1rio Sobre a \u00c1gua contar\u00e1 com convidados nacionais e internacionais que permitir\u00e3o o aprofundamento na tem\u00e1tica. As duas mesas do evento seguir\u00e3o o mesmo formato: 3 horas de dura\u00e7\u00e3o, compostas por dois palestrantes, dois debatedores e um mediador.<\/p>\n<p><strong>Diretor Respons\u00e1vel:<\/strong> Christy Ganzert Pato<\/p>\n<p><strong>Coordenador:<\/strong> Willian Fernandes<\/p>\n<p><strong>P\u00fablico Alvo:<\/strong> Gestores p\u00fablicos, organiza\u00e7\u00f5es da sociedade civil, estudiosos no assunto e a popula\u00e7\u00e3o em geral com interesse na tem\u00e1tica.<\/p>\n<p><strong>Carga Hor\u00e1ria:<\/strong> 6h<\/p>\n<p><strong>Inscri\u00e7\u00f5es:<\/strong> At\u00e9 10\/12.<\/p>\n<p><strong>Programa\u00e7\u00e3o:<\/strong><\/p>\n<table>\n<tbody>\n<tr>\n<td><strong>Data<\/strong><\/td>\n<td><strong>Hora<\/strong><\/td>\n<td><strong>Local<\/strong><\/td>\n<td><strong>Tema<\/strong><\/td>\n<td><strong>Palestrantes<\/strong><\/td>\n<\/tr>\n<tr>\n<td><strong>11\/12<\/strong><\/td>\n<td>14:30h \u2013 17:30h<\/td>\n<td><a href=\"http:\/\/homolog.saopaulo.sp.leg.br\/transparencia\/auditorios-online\/sala-sergio-vieira-de-mello-sala\/\">Sala S\u00e9rgio Vieira de Mello<\/a><\/td>\n<td>\u00a0<em>Governan\u00e7a de Recursos H\u00eddricos\u00a0<\/em><\/td>\n<td>Renato Tagnin<\/p>\n<p>Vicente Andreu<\/p>\n<p>Ari Vicente Fernandes<\/p>\n<p>Wagner Costa Ribeiro<\/p>\n<p>Maria In\u00eas Nassif<\/td>\n<\/tr>\n<tr>\n<td><strong>11\/12<\/strong><\/td>\n<td>19h \u2013 22h<\/td>\n<td><a href=\"http:\/\/homolog.saopaulo.sp.leg.br\/transparencia\/auditorios-online\/sala-sergio-vieira-de-mello-sala\/\">Sala S\u00e9rgio Vieira de Mello<\/a><\/td>\n<td><em>Servi\u00e7os de \u00c1gua e Esgoto: A Op\u00e7\u00e3o entre o P\u00fablico e o Privado\u00a0<\/em><\/td>\n<td>Emanuelle Lobina<\/p>\n<p>Wladimir Ribeiro<\/p>\n<p>Gesner Oliveira<\/p>\n<p>Marcelo Aversa<\/p>\n<p>Silvio Caccia Bava<\/td>\n<\/tr>\n<\/tbody>\n<\/table>\n","protected":false},"excerpt":{"rendered":"<p>Objetivos: A Escola do Parlamento da C\u00e2mara Municipal de S\u00e3o Paulo, em parceria com o Conselho da Cidade do Munic\u00edpio de S\u00e3o Paulo, \u00f3rg\u00e3o consultivo ligado \u00e0 Secretaria de Rela\u00e7\u00f5es Governamentais, realizar\u00e1 um semin\u00e1rio para debater o papel do Munic\u00edpio no cuidado com a \u00e1gua. O evento contar\u00e1 com duas mesas, sendo a primeira denominada [&hellip;]<\/p>\n","protected":false},"author":127,"featured_media":0,"parent":1331,"menu_order":623,"comment_status":"closed","ping_status":"closed","template":"","meta":{"_acf_changed":false,"footnotes":""},"class_list":["post-2621","page","type-page","status-publish","hentry"],"acf":[],"_links":{"self":[{"href":"https:\/\/homolog.saopaulo.sp.leg.br\/escoladoparlamento\/wp-json\/wp\/v2\/pages\/2621","targetHints":{"allow":["GET"]}}],"collection":[{"href":"https:\/\/homolog.saopaulo.sp.leg.br\/escoladoparlamento\/wp-json\/wp\/v2\/pages"}],"about":[{"href":"https:\/\/homolog.saopaulo.sp.leg.br\/escoladoparlamento\/wp-json\/wp\/v2\/types\/page"}],"author":[{"embeddable":true,"href":"https:\/\/homolog.saopaulo.sp.leg.br\/escoladoparlamento\/wp-json\/wp\/v2\/users\/127"}],"replies":[{"embeddable":true,"href":"https:\/\/homolog.saopaulo.sp.leg.br\/escoladoparlamento\/wp-json\/wp\/v2\/comments?post=2621"}],"version-history":[{"count":5,"href":"https:\/\/homolog.saopaulo.sp.leg.br\/escoladoparlamento\/wp-json\/wp\/v2\/pages\/2621\/revisions"}],"predecessor-version":[{"id":9443,"href":"https:\/\/homolog.saopaulo.sp.leg.br\/escoladoparlamento\/wp-json\/wp\/v2\/pages\/2621\/revisions\/9443"}],"up":[{"embeddable":true,"href":"https:\/\/homolog.saopaulo.sp.leg.br\/escoladoparlamento\/wp-json\/wp\/v2\/pages\/1331"}],"wp:attachment":[{"href":"https:\/\/homolog.saopaulo.sp.leg.br\/escoladoparlamento\/wp-json\/wp\/v2\/media?parent=2621"}],"curies":[{"name":"wp","href":"https:\/\/api.w.org\/{rel}","templated":true}]}}