{"id":26481,"date":"2021-07-30T18:41:34","date_gmt":"2021-07-30T21:41:34","guid":{"rendered":"https:\/\/homolog.saopaulo.sp.leg.br\/escoladoparlamento\/?page_id=26481"},"modified":"2021-10-19T16:35:19","modified_gmt":"2021-10-19T19:35:19","slug":"comunicacao-publica-e-cidadania","status":"publish","type":"page","link":"https:\/\/homolog.saopaulo.sp.leg.br\/escoladoparlamento\/cursos\/cursos-anteriores\/cursos-realizados-em-2021\/comunicacao-publica-e-cidadania\/","title":{"rendered":"Comunica\u00e7\u00e3o P\u00fablica e Cidadania"},"content":{"rendered":"<p><strong>Clique <a href=\"https:\/\/www.youtube.com\/watch?v=rojJkAKa-pk\">AQUI<\/a> para rever a primeira aula &#8211; 17\/08\/21<\/strong><\/p>\n<p><strong>Clique <a href=\"https:\/\/www.youtube.com\/watch?v=qCoghrBu77Y&amp;t=208s\">AQUI<\/a> para rever a segunda aula &#8211; 24\/08\/21<\/strong><\/p>\n<p><strong>Clique <a href=\"https:\/\/www.youtube.com\/watch?v=fKwceFgV-Fk&amp;t=168s\">AQUI<\/a> para rever a terceira aula &#8211; 31\/08\/21<\/strong><\/p>\n<p><strong>Clique <a href=\"https:\/\/www.youtube.com\/watch?v=lXpcyEm_T2E\">AQUI<\/a> para rever a quarta aula &#8211; 14\/09\/21<\/strong><\/p>\n<p><strong>Clique <a href=\"https:\/\/www.youtube.com\/watch?v=zYU7We8cotY&amp;t=24s\">AQUI<\/a> para rever a quinta aula &#8211; 21\/09\/21<\/strong><\/p>\n<p><strong>Clique <a href=\"https:\/\/www.youtube.com\/watch?v=7THk7Rf4RpA\">AQUI<\/a> para rever a sexta aula &#8211; 28\/09\/21<\/strong><\/p>\n<h4><span style=\"color: #ff0000\">ATEN\u00c7\u00c3O:<\/span><\/h4>\n<h4><strong>O link e a senha de acesso <\/strong>(que <span style=\"color: #000000\">voc\u00ea recebeu quando fez o cadastro de inscri\u00e7\u00e3o na p\u00e1gina do Zoom, a<\/span>trav\u00e9s do link que enviamos aos inscritos) <strong><span style=\"color: #ff0000\">s\u00e3o v\u00e1lidos para todos os encontros.<\/span> Salve e utilize todas as vezes para acompanhar as aulas.<\/strong><\/h4>\n\n<!-- iframe plugin v.6.0 wordpress.org\/plugins\/iframe\/ -->\n<iframe loading=\"lazy\" src=\"https:\/\/www.sympla.com.br\/comunicacao-publica-e-cidadania__1298177\" width=\"100%\" height=\"1000\" scrolling=\"yes\" class=\"iframe-class\" frameborder=\"0\"><\/iframe>\n\n<p>&nbsp;<\/p>\n<p>&nbsp;<\/p>\n","protected":false},"excerpt":{"rendered":"<p>Clique AQUI para rever a primeira aula &#8211; 17\/08\/21 Clique AQUI para rever a segunda aula &#8211; 24\/08\/21 Clique AQUI para rever a terceira aula &#8211; 31\/08\/21 Clique AQUI para rever a quarta aula &#8211; 14\/09\/21 Clique AQUI para rever a quinta aula &#8211; 21\/09\/21 Clique AQUI para rever a sexta aula &#8211; 28\/09\/21 ATEN\u00c7\u00c3O: [&hellip;]<\/p>\n","protected":false},"author":522,"featured_media":0,"parent":25320,"menu_order":120,"comment_status":"closed","ping_status":"closed","template":"","meta":{"_acf_changed":false,"footnotes":""},"class_list":["post-26481","page","type-page","status-publish","hentry"],"acf":[],"_links":{"self":[{"href":"https:\/\/homolog.saopaulo.sp.leg.br\/escoladoparlamento\/wp-json\/wp\/v2\/pages\/26481","targetHints":{"allow":["GET"]}}],"collection":[{"href":"https:\/\/homolog.saopaulo.sp.leg.br\/escoladoparlamento\/wp-json\/wp\/v2\/pages"}],"about":[{"href":"https:\/\/homolog.saopaulo.sp.leg.br\/escoladoparlamento\/wp-json\/wp\/v2\/types\/page"}],"author":[{"embeddable":true,"href":"https:\/\/homolog.saopaulo.sp.leg.br\/escoladoparlamento\/wp-json\/wp\/v2\/users\/522"}],"replies":[{"embeddable":true,"href":"https:\/\/homolog.saopaulo.sp.leg.br\/escoladoparlamento\/wp-json\/wp\/v2\/comments?post=26481"}],"version-history":[{"count":5,"href":"https:\/\/homolog.saopaulo.sp.leg.br\/escoladoparlamento\/wp-json\/wp\/v2\/pages\/26481\/revisions"}],"predecessor-version":[{"id":26768,"href":"https:\/\/homolog.saopaulo.sp.leg.br\/escoladoparlamento\/wp-json\/wp\/v2\/pages\/26481\/revisions\/26768"}],"up":[{"embeddable":true,"href":"https:\/\/homolog.saopaulo.sp.leg.br\/escoladoparlamento\/wp-json\/wp\/v2\/pages\/25320"}],"wp:attachment":[{"href":"https:\/\/homolog.saopaulo.sp.leg.br\/escoladoparlamento\/wp-json\/wp\/v2\/media?parent=26481"}],"curies":[{"name":"wp","href":"https:\/\/api.w.org\/{rel}","templated":true}]}}