{"id":26506,"date":"2021-08-03T15:29:59","date_gmt":"2021-08-03T18:29:59","guid":{"rendered":"https:\/\/homolog.saopaulo.sp.leg.br\/escoladoparlamento\/?page_id=26506"},"modified":"2021-08-16T07:54:13","modified_gmt":"2021-08-16T10:54:13","slug":"pesquisa-em-educacao-teorias-metodologias-e-abordagens","status":"publish","type":"page","link":"https:\/\/homolog.saopaulo.sp.leg.br\/escoladoparlamento\/cursos\/cursos-anteriores\/cursos-realizados-em-2021\/pesquisa-em-educacao-teorias-metodologias-e-abordagens\/","title":{"rendered":"Pesquisa em Educa\u00e7\u00e3o: Teorias, Metodologias e Abordagens"},"content":{"rendered":"<p>Assista ao v\u00eddeo do encontro em <a href=\"https:\/\/www.youtube.com\/watch?v=aTcmpakdgB4\">https:\/\/www.youtube.com\/watch?v=aTcmpakdgB4<\/a><br \/>\nLembre-se que somente quem se inscreveu e acessou o evento ao vivo pelo Zoom garantiu a certifica\u00e7\u00e3o.<\/p>\n\n<!-- iframe plugin v.6.0 wordpress.org\/plugins\/iframe\/ -->\n<iframe loading=\"lazy\" src=\"https:\/\/www.sympla.com.br\/pesquisa-em-educacao-teorias-metodologias-e-abordagens__1301879\" width=\"100%\" height=\"1000\" scrolling=\"yes\" class=\"iframe-class\" frameborder=\"0\"><\/iframe>\n\n","protected":false},"excerpt":{"rendered":"<p>Assista ao v\u00eddeo do encontro em https:\/\/www.youtube.com\/watch?v=aTcmpakdgB4 Lembre-se que somente quem se inscreveu e acessou o evento ao vivo pelo Zoom garantiu a certifica\u00e7\u00e3o.<\/p>\n","protected":false},"author":522,"featured_media":0,"parent":25320,"menu_order":118,"comment_status":"closed","ping_status":"closed","template":"","meta":{"_acf_changed":false,"footnotes":""},"class_list":["post-26506","page","type-page","status-publish","hentry"],"acf":[],"_links":{"self":[{"href":"https:\/\/homolog.saopaulo.sp.leg.br\/escoladoparlamento\/wp-json\/wp\/v2\/pages\/26506","targetHints":{"allow":["GET"]}}],"collection":[{"href":"https:\/\/homolog.saopaulo.sp.leg.br\/escoladoparlamento\/wp-json\/wp\/v2\/pages"}],"about":[{"href":"https:\/\/homolog.saopaulo.sp.leg.br\/escoladoparlamento\/wp-json\/wp\/v2\/types\/page"}],"author":[{"embeddable":true,"href":"https:\/\/homolog.saopaulo.sp.leg.br\/escoladoparlamento\/wp-json\/wp\/v2\/users\/522"}],"replies":[{"embeddable":true,"href":"https:\/\/homolog.saopaulo.sp.leg.br\/escoladoparlamento\/wp-json\/wp\/v2\/comments?post=26506"}],"version-history":[{"count":5,"href":"https:\/\/homolog.saopaulo.sp.leg.br\/escoladoparlamento\/wp-json\/wp\/v2\/pages\/26506\/revisions"}],"predecessor-version":[{"id":26525,"href":"https:\/\/homolog.saopaulo.sp.leg.br\/escoladoparlamento\/wp-json\/wp\/v2\/pages\/26506\/revisions\/26525"}],"up":[{"embeddable":true,"href":"https:\/\/homolog.saopaulo.sp.leg.br\/escoladoparlamento\/wp-json\/wp\/v2\/pages\/25320"}],"wp:attachment":[{"href":"https:\/\/homolog.saopaulo.sp.leg.br\/escoladoparlamento\/wp-json\/wp\/v2\/media?parent=26506"}],"curies":[{"name":"wp","href":"https:\/\/api.w.org\/{rel}","templated":true}]}}