{"id":26546,"date":"2021-08-19T15:36:06","date_gmt":"2021-08-19T18:36:06","guid":{"rendered":"https:\/\/homolog.saopaulo.sp.leg.br\/escoladoparlamento\/?page_id=26546"},"modified":"2021-08-26T18:42:40","modified_gmt":"2021-08-26T21:42:40","slug":"observando-a-camara-e-os-vereadores-lancamento-do-relatorio-de-avaliacao-legislativa-2017-2020","status":"publish","type":"page","link":"https:\/\/homolog.saopaulo.sp.leg.br\/escoladoparlamento\/cursos\/cursos-anteriores\/cursos-realizados-em-2021\/observando-a-camara-e-os-vereadores-lancamento-do-relatorio-de-avaliacao-legislativa-2017-2020\/","title":{"rendered":"Observando a C\u00e2mara e os Vereadores | Lan\u00e7amento do Relat\u00f3rio de Avalia\u00e7\u00e3o Legislativa 2017-2020"},"content":{"rendered":"<p><strong>1. COORDENA\u00c7\u00c3O:\u00a0<\/strong><\/p>\n<p>Escola do Parlamento:\u00a0Alexsandro Santos<\/p>\n<p>Observat\u00f3rio Social do Brasil:\u00a0Gioia Tumbiolo e Sarah Aparecida da Silva<\/p>\n<div><\/div>\n<div><\/div>\n<div>\n<p><strong>2. NATUREZA DO EVENTO<\/strong>\u00a0<strong>(curso, semin\u00e1rio, ciclo de palestras ou outro):<\/strong><\/p>\n<p>Semin\u00e1rio Online:<strong> <span style=\"color: #ff0000\"><a style=\"color: #ff0000\" href=\"https:\/\/youtu.be\/a5Lef-xIzW4\">clique para acessar a grava\u00e7\u00e3o<\/a><\/span><\/strong><\/p>\n<\/div>\n<div><\/div>\n<div><\/div>\n<p><b>3.\u00a0\u00a0\u00a0\u00a0DESCRITIVO:<\/b><\/p>\n<p>O Observat\u00f3rio Social do Brasil \u2013 S\u00e3o Paulo \u2013 OSB-SP &#8211; \u00e9 uma entidade da sociedade civil totalmente apartid\u00e1ria, mantida com recursos de pessoas f\u00edsicas e jur\u00eddicas, que realiza a\u00e7\u00f5es de controle social no \u00e2mbito do munic\u00edpio de S\u00e3o Paulo com trabalho essencialmente volunt\u00e1rio. Integra uma rede de mais de 140 Observat\u00f3rios Sociais Municipais, coordenada pelo Observat\u00f3rio Social do Brasil.<\/p>\n<p>Seu principal objetivo \u00e9 monitorar a aplica\u00e7\u00e3o dos recursos p\u00fablicos, tanto da Prefeitura, como da C\u00e2mara Municipal. Neste sentido, um de seus projetos em andamento \u00e9 o acompanhamento das a\u00e7\u00f5es da C\u00e2mara Municipal. O Relat\u00f3rio de Atividades Legislativas apresenta os resultados obtidos para o mandato de 2017 a 2020, em pesquisa realizada mediante a aplica\u00e7\u00e3o de metodologia espec\u00edfica desenvolvida para avalia\u00e7\u00e3o de parlamentos.<\/p>\n<p>A metodologia foi desenvolvida pelos Prof. Humberto Dantas e Luciana Yeung, do INSPER e destina-se a avaliar a C\u00e2mara Municipal como um todo, por meio de crit\u00e9rios quantitativos pr\u00e9-estabelecidos. Decidiu-se ir al\u00e9m da metodologia e buscar formas de acompanhar individualmente o trabalho dos parlamentares. Neste sentido, os levantamentos para o per\u00edodo em quest\u00e3o abrangem: projetos propostos por cada um dos vereadores, gastos dos gabinetes e emendas ao or\u00e7amento propostas e executadas.<\/p>\n<p>A parceria do OSB-SP com a Escola do Parlamento visa apresentar o relat\u00f3rio de forma a melhorar a capacidade dos cidad\u00e3os de compreender o exerc\u00edcio do mandato de um vereador, bem como apresentar as dificuldades, as escolhas metodol\u00f3gicas e suas implica\u00e7\u00f5es. Este tipo de conhecimento \u00e9 fundamental \u00e0 popula\u00e7\u00e3o, e central \u00e0 miss\u00e3o do ensino para a cidadania e a Democracia.<\/p>\n<div><\/div>\n<div><\/div>\n<p><strong>4.\u00a0\u00a0\u00a0\u00a0EMENTA:<\/strong><\/p>\n<p>A Escola do Parlamento e o Observat\u00f3rio Social do Brasil \u2013 S\u00e3o Paulo apresentam o Relat\u00f3rio de Atividades Legislativas da Legislatura de 2017 a 2020. Ser\u00e3o apresentados os crit\u00e9rios adotados, a metodologia, e os resultados gerais do relat\u00f3rio e ser\u00e1 debatido o panorama e os desafios da an\u00e1lise quantitativa dos mandatos.<\/p>\n<div><\/div>\n<div><\/div>\n<p><strong>5.\u00a0 \u00a0 P\u00daBLICO-ALVO:<\/strong><\/p>\n<p>Estudantes de Ci\u00eancia Pol\u00edtica, profissionais que atuam na pol\u00edtica, servidores p\u00fablicos e cidad\u00e3os interessados.<\/p>\n","protected":false},"excerpt":{"rendered":"<p>1. COORDENA\u00c7\u00c3O:\u00a0 Escola do Parlamento:\u00a0Alexsandro Santos Observat\u00f3rio Social do Brasil:\u00a0Gioia Tumbiolo e Sarah Aparecida da Silva 2. NATUREZA DO EVENTO\u00a0(curso, semin\u00e1rio, ciclo de palestras ou outro): Semin\u00e1rio Online: clique para acessar a grava\u00e7\u00e3o 3.\u00a0\u00a0\u00a0\u00a0DESCRITIVO: O Observat\u00f3rio Social do Brasil \u2013 S\u00e3o Paulo \u2013 OSB-SP &#8211; \u00e9 uma entidade da sociedade civil totalmente apartid\u00e1ria, mantida com [&hellip;]<\/p>\n","protected":false},"author":297,"featured_media":0,"parent":25320,"menu_order":114,"comment_status":"closed","ping_status":"closed","template":"","meta":{"_acf_changed":false,"footnotes":""},"class_list":["post-26546","page","type-page","status-publish","hentry"],"acf":[],"_links":{"self":[{"href":"https:\/\/homolog.saopaulo.sp.leg.br\/escoladoparlamento\/wp-json\/wp\/v2\/pages\/26546","targetHints":{"allow":["GET"]}}],"collection":[{"href":"https:\/\/homolog.saopaulo.sp.leg.br\/escoladoparlamento\/wp-json\/wp\/v2\/pages"}],"about":[{"href":"https:\/\/homolog.saopaulo.sp.leg.br\/escoladoparlamento\/wp-json\/wp\/v2\/types\/page"}],"author":[{"embeddable":true,"href":"https:\/\/homolog.saopaulo.sp.leg.br\/escoladoparlamento\/wp-json\/wp\/v2\/users\/297"}],"replies":[{"embeddable":true,"href":"https:\/\/homolog.saopaulo.sp.leg.br\/escoladoparlamento\/wp-json\/wp\/v2\/comments?post=26546"}],"version-history":[{"count":5,"href":"https:\/\/homolog.saopaulo.sp.leg.br\/escoladoparlamento\/wp-json\/wp\/v2\/pages\/26546\/revisions"}],"predecessor-version":[{"id":26604,"href":"https:\/\/homolog.saopaulo.sp.leg.br\/escoladoparlamento\/wp-json\/wp\/v2\/pages\/26546\/revisions\/26604"}],"up":[{"embeddable":true,"href":"https:\/\/homolog.saopaulo.sp.leg.br\/escoladoparlamento\/wp-json\/wp\/v2\/pages\/25320"}],"wp:attachment":[{"href":"https:\/\/homolog.saopaulo.sp.leg.br\/escoladoparlamento\/wp-json\/wp\/v2\/media?parent=26546"}],"curies":[{"name":"wp","href":"https:\/\/api.w.org\/{rel}","templated":true}]}}