{"id":26564,"date":"2021-08-23T19:10:14","date_gmt":"2021-08-23T22:10:14","guid":{"rendered":"https:\/\/homolog.saopaulo.sp.leg.br\/escoladoparlamento\/?page_id=26564"},"modified":"2021-11-19T13:25:04","modified_gmt":"2021-11-19T16:25:04","slug":"ciclo-de-escuta-ativa-sme-e-escola-do-parlamento","status":"publish","type":"page","link":"https:\/\/homolog.saopaulo.sp.leg.br\/escoladoparlamento\/cursos\/cursos-anteriores\/cursos-realizados-em-2021\/ciclo-de-escuta-ativa-sme-e-escola-do-parlamento\/","title":{"rendered":"Ciclo de Escuta Ativa &#8211; SME e Escola do Parlamento"},"content":{"rendered":"<h2><span style=\"color: #ff0000\"><strong>ALTERA\u00c7\u00c3O DE HOR\u00c1RIO &#8211; CICLO DE ESCUTA<\/strong><\/span><\/h2>\n<h3>ATEN\u00c7\u00c3O: HOUVE MUDAN\u00c7A DE HOR\u00c1RIO. O SEMIN\u00c1RIO OCORRER\u00c1 A PARTIR DAS 17h \u00c0S 19h30.<\/h3>\n<p>Os semin\u00e1rios do ciclo da escuta ativa ter\u00e3o seu \u00faltimo encontro\u00a0 nessa pr\u00f3xima sexta-feira (12),\u00a0 com os servidores das DREs Campo Limpo e Butant\u00e3.<\/p>\n<p>***<\/p>\n<p><strong>DIRETOR RESPONS\u00c1VEL: <\/strong><\/p>\n<p>Alexsandro do Nascimento Santos (Escola do Parlamento)<\/p>\n<p><strong>COORDENA\u00c7\u00c3O<\/strong>:<\/p>\n<p>Cristina Ikonomidis (Secretaria Municipal de Educa\u00e7\u00e3o)<\/p>\n<p>Silvia Carvalho (Escola do Parlamento)<\/p>\n<p>Pedro Campos (Escola do Parlamento)<\/p>\n<p>&nbsp;<\/p>\n<p style=\"font-weight: 300;text-align: center\"><b><strong><em>Uma parceria entre a Secretaria Municipal de Educa\u00e7\u00e3o e Escola do Parlamento da C\u00e2mara Municipal de S\u00e3o Paulo<\/em><\/strong><\/b><\/p>\n<table style=\"height: 130px\" width=\"400\">\n<tbody>\n<tr>\n<td width=\"283\"><u> <a href=\"https:\/\/homolog.saopaulo.sp.leg.br\/escoladoparlamento\/wp-content\/uploads\/sites\/5\/2021\/08\/escola_parlamento_newlogo.jpeg\"><img loading=\"lazy\" decoding=\"async\" class=\"size-full wp-image-26565 aligncenter\" src=\"https:\/\/homolog.saopaulo.sp.leg.br\/escoladoparlamento\/wp-content\/uploads\/sites\/5\/2021\/08\/escola_parlamento_newlogo.jpeg\" alt=\"\" width=\"233\" height=\"91\" \/><\/a><\/u><\/td>\n<td width=\"283\"><u> <a href=\"https:\/\/homolog.saopaulo.sp.leg.br\/escoladoparlamento\/wp-content\/uploads\/sites\/5\/2021\/08\/6338_tb-223x166-1.jpeg\"><img loading=\"lazy\" decoding=\"async\" class=\"wp-image-26566 aligncenter\" src=\"https:\/\/homolog.saopaulo.sp.leg.br\/escoladoparlamento\/wp-content\/uploads\/sites\/5\/2021\/08\/6338_tb-223x166-1.jpeg\" alt=\"\" width=\"134\" height=\"100\" \/><\/a><\/u><\/td>\n<\/tr>\n<\/tbody>\n<\/table>\n<p style=\"font-weight: 300\"><b><strong><em>\u201cUma reflex\u00e3o dos desafios para a Educa\u00e7\u00e3o Paulistana na Garantia dos Direitos de Aprendizagem e Desenvolvimento no Contexto da Pandemia de Covid-19\u201d<\/em><\/strong><\/b><\/p>\n<p>Acesse o <a href=\"https:\/\/educacao.sme.prefeitura.sp.gov.br\/escuta-ativa\/\">site da Secretaria Municipal de Educa\u00e7\u00e3o sobre o evento<\/a> para mais informa\u00e7\u00f5es<\/p>\n<p style=\"font-weight: 300\"><b><strong>\u00a0<\/strong><\/b><b><strong>O que \u00e9<\/strong><\/b><\/p>\n<p style=\"font-weight: 300\">Um processo de escuta democr\u00e1tica dos profissionais da educa\u00e7\u00e3o p\u00fablica municipal com o objetivo de ampliar e aprofundar a nossa capacidade de formular e implementar pol\u00edticas e programas comprometidos com a melhoria dos nossos resultados educacionais. O Ciclo de Semin\u00e1rios ser\u00e1 realizado em conjunto entre a Secretaria Municipal da Educa\u00e7\u00e3o e a Escola do Parlamento da C\u00e2mara Municipal de S\u00e3o Paulo.<\/p>\n<p style=\"font-weight: 300\"><b><strong>Objetivo<\/strong><\/b><\/p>\n<ol style=\"font-weight: 400\">\n<li>Fortalecer e ampliar espa\u00e7os de escuta ativa envolvendo profissionais da rede p\u00fablica municipal de educa\u00e7\u00e3o;<\/li>\n<li>Reunir e sistematizar contribui\u00e7\u00f5es dos educadores e educadoras da rede p\u00fablica municipal de ensino para a formula\u00e7\u00e3o e a melhoria da qualidade das pol\u00edticas p\u00fablicas e programas da Secretaria Municipal de Educa\u00e7\u00e3o;<\/li>\n<li>Promover a reflex\u00e3o coletiva e colaborativa sobre os desafios da educa\u00e7\u00e3o paulistana.<\/li>\n<\/ol>\n<p style=\"font-weight: 300\"><b><strong>Como<\/strong><\/b><\/p>\n<p style=\"font-weight: 300\"><b><strong>\u00a0<\/strong><\/b>Realiza\u00e7\u00e3o de 13 encontros, um para cada Diretoria Regional de Ensino, por meio da ferramenta Zoom com transmiss\u00e3o ao vivo no canal do\u00a0<em>YouTube<\/em>\u00a0de ambos os realizadores.<\/p>\n<p style=\"font-weight: 300\"><b><strong>Tema<\/strong><\/b><\/p>\n<p style=\"font-weight: 300\">O tema \u201cUma reflex\u00e3o sobre os desafios e horizontes para a educa\u00e7\u00e3o paulistana na garantia dos direitos de aprendizagem e desenvolvimento dos educandos\u201d ser\u00e1 desenvolvido orientado em 4 eixos principais:<\/p>\n<p><a href=\"https:\/\/homolog.saopaulo.sp.leg.br\/escoladoparlamento\/wp-content\/uploads\/sites\/5\/2021\/08\/Captura-de-Tela-2021-08-23-a\u0300s-18.58.19.png\"><img loading=\"lazy\" decoding=\"async\" class=\"alignnone wp-image-26567\" src=\"https:\/\/homolog.saopaulo.sp.leg.br\/escoladoparlamento\/wp-content\/uploads\/sites\/5\/2021\/08\/Captura-de-Tela-2021-08-23-a\u0300s-18.58.19-300x211.png\" alt=\"\" width=\"427\" height=\"301\" srcset=\"https:\/\/homolog.saopaulo.sp.leg.br\/escoladoparlamento\/wp-content\/uploads\/sites\/5\/2021\/08\/Captura-de-Tela-2021-08-23-a\u0300s-18.58.19-300x211.png 300w, https:\/\/homolog.saopaulo.sp.leg.br\/escoladoparlamento\/wp-content\/uploads\/sites\/5\/2021\/08\/Captura-de-Tela-2021-08-23-a\u0300s-18.58.19.png 570w\" sizes=\"auto, (max-width: 427px) 100vw, 427px\" \/><\/a> <a href=\"https:\/\/homolog.saopaulo.sp.leg.br\/escoladoparlamento\/wp-content\/uploads\/sites\/5\/2021\/08\/Captura-de-Tela-2021-08-23-a\u0300s-18.58.34.png\"><img loading=\"lazy\" decoding=\"async\" class=\"alignnone wp-image-26568\" src=\"https:\/\/homolog.saopaulo.sp.leg.br\/escoladoparlamento\/wp-content\/uploads\/sites\/5\/2021\/08\/Captura-de-Tela-2021-08-23-a\u0300s-18.58.34-300x211.png\" alt=\"\" width=\"427\" height=\"300\" srcset=\"https:\/\/homolog.saopaulo.sp.leg.br\/escoladoparlamento\/wp-content\/uploads\/sites\/5\/2021\/08\/Captura-de-Tela-2021-08-23-a\u0300s-18.58.34-300x211.png 300w, https:\/\/homolog.saopaulo.sp.leg.br\/escoladoparlamento\/wp-content\/uploads\/sites\/5\/2021\/08\/Captura-de-Tela-2021-08-23-a\u0300s-18.58.34.png 570w\" sizes=\"auto, (max-width: 427px) 100vw, 427px\" \/><\/a><\/p>\n<p style=\"font-weight: 300\"><b><strong>Inscri\u00e7\u00e3o<\/strong><\/b><\/p>\n<p style=\"font-weight: 300\"><b><strong>\u00a0<\/strong><\/b>O Ciclo de Escuta Ativa ser\u00e1 realizado em 13 encontros (um por Diretoria Regional de Educa\u00e7\u00e3o). Os encontros ser\u00e3o conduzidos por meio da plataforma virtual zoom e transmitidos pelo canal do\u00a0<em>YouTube<\/em>\u00a0da Escola do Parlamento e SME.<\/p>\n<p style=\"font-weight: 300\"><b><\/b>Todos os profissionais da rede municipal de ensino est\u00e3o convidados a participar do Ciclo de Semin\u00e1rios. Para se inscrever, basta acessar o link da regional em que atua e preencher o formul\u00e1rio de inscri\u00e7\u00e3o.<\/p>\n<p style=\"font-weight: 300\">Para garantir uma boa representatividade de cada territ\u00f3rio, melhor din\u00e2mica da\u00a0escuta e uma gest\u00e3o adequada do tempo de cada semin\u00e1rio,\u00a0cada encontro contar\u00e1 com 10 oradores na seguinte composi\u00e7\u00e3o:<\/p>\n<ul style=\"font-weight: 400\">\n<li>02 supervisores escolares<\/li>\n<li>02 diretores de escola<\/li>\n<li>02 coordenadores pedag\u00f3gicos<\/li>\n<li>02 professores<\/li>\n<li>02 profissionais do quadro de apoio<\/li>\n<\/ul>\n<p style=\"font-weight: 300\">Os profissionais que desejarem participar na condi\u00e7\u00e3o de oradores\u00a0<b><strong>dever\u00e3o sinalizar, no ato de sua inscri\u00e7\u00e3o, seu interesse no campo espec\u00edfico do formul\u00e1rio<\/strong><\/b>.<\/p>\n<p style=\"font-weight: 300\">Os oradores ser\u00e3o convidados a fazer o uso da palavra por 10 minutos para apresentarem suas considera\u00e7\u00f5es e reflex\u00f5es sobre o tema central proposto:\u00a0<b><strong>desafios da educa\u00e7\u00e3o paulistana na garantia dos direitos de aprendizagem e desenvolvimento dos educandos no contexto da Pandemia de Covid-19.<\/strong><\/b><\/p>\n<p style=\"font-weight: 300\">Para que a escolha dos oradores aconte\u00e7a de forma justa e transparente, no dia\u00a0<b><strong>08 de setembro<\/strong><\/b>\u00a0ser\u00e1 realizado sorteio, em formato eletr\u00f4nico e com transmiss\u00e3o pelo\u00a0<b><strong><a href=\"https:\/\/www.youtube.com\/c\/EscoladoParlamentoCMSP\">Canal de YouTube da Escola do Parlamento<\/a>\u00a0<\/strong><\/b>para a composi\u00e7\u00e3o de cada sess\u00e3o de di\u00e1logo, considerando a lista dos profissionais que declararam interesse na inscri\u00e7\u00e3o.<\/p>\n<p style=\"font-weight: 300\">Dessa forma, o semin\u00e1rio oferecer\u00e1 um ambiente de\u00a0reflex\u00e3o para que os oradores opinem e deem sugest\u00f5es que\u00a0possam guiar o esfor\u00e7o de pol\u00edtica educacional cumprindo com o processo de escuta democr\u00e1tica.<\/p>\n<p style=\"font-weight: 300\">O Conselho Municipal de Educa\u00e7\u00e3o, o Gabinete da Secretaria Municipal de Educa\u00e7\u00e3o, o Diretor ou Diretora Regional e a representa\u00e7\u00e3o das divis\u00f5es da COPED tamb\u00e9m participar\u00e3o do Ciclo de Semin\u00e1rios.<\/p>\n<p style=\"font-weight: 300\"><b><strong>Din\u00e2mica<\/strong><\/b><\/p>\n<p style=\"font-weight: 300\">Cada Semin\u00e1rio de Escuta Ativa ter\u00e1 dura\u00e7\u00e3o de 2h30 minutos. Os encontros obedecer\u00e3o \u00e0 seguinte din\u00e2mica:<\/p>\n<ul>\n<li style=\"font-weight: 300\">Abertura do encontro (10\u2019)<\/li>\n<li style=\"font-weight: 300\">1\u00ba bloco de apresenta\u00e7\u00f5es dos profissionais sorteados &#8211; oradores (50\u2019)<\/li>\n<li style=\"font-weight: 300\">Coment\u00e1rio do mediador (10\u2019)<\/li>\n<li style=\"font-weight: 300\">2\u00ba bloco de apresenta\u00e7\u00f5es dos profissionais sorteados \u2013 oradores (50\u2019)<\/li>\n<li style=\"font-weight: 300\">Coment\u00e1rio do mediador (10\u2019)<\/li>\n<li style=\"font-weight: 300\">Coment\u00e1rio do representante do gabinete da SME (15\u2019)<\/li>\n<li style=\"font-weight: 300\">Encerramento (5\u2019)<\/li>\n<\/ul>\n<p style=\"font-weight: 300\"><b><strong>Cronograma e links para inscri\u00e7\u00e3o (exclusivos para cada evento):<\/strong><\/b><\/p>\n<table style=\"font-weight: 400\">\n<tbody>\n<tr>\n<td width=\"301\">\n<p style=\"font-weight: 300\"><b><strong>DRE<\/strong><\/b><\/p>\n<\/td>\n<td width=\"124\">\n<p style=\"font-weight: 300\"><b><strong>DATA<\/strong><\/b><\/p>\n<\/td>\n<td width=\"141\">\n<p style=\"font-weight: 300\"><b><strong>HOR\u00c1RIO<\/strong><\/b><\/p>\n<\/td>\n<\/tr>\n<tr>\n<td width=\"301\">\n<p style=\"font-weight: 300\">S\u00e3o Miguel<\/p>\n<\/td>\n<td width=\"124\">\n<p style=\"font-weight: 300\">13\/09<\/p>\n<\/td>\n<td width=\"141\">\n<p style=\"font-weight: 300\">15h \u00e0s 17h30<\/p>\n<\/td>\n<\/tr>\n<tr>\n<td width=\"301\">\n<p style=\"font-weight: 300\">S\u00e3o Mateus<\/p>\n<\/td>\n<td width=\"124\">\n<p style=\"font-weight: 300\">20\/09<\/p>\n<\/td>\n<td width=\"141\">\n<p style=\"font-weight: 300\">10h30 \u00e0s 13h<\/p>\n<\/td>\n<\/tr>\n<tr>\n<td width=\"301\">\n<p style=\"font-weight: 300\">Santo Amaro<\/p>\n<\/td>\n<td width=\"124\">\n<p style=\"font-weight: 300\">20\/09<\/p>\n<\/td>\n<td width=\"141\">\n<p style=\"font-weight: 300\">15h \u00e0s 17h30<\/p>\n<\/td>\n<\/tr>\n<tr>\n<td width=\"301\">\n<p style=\"font-weight: 300\">Pirituba<\/p>\n<\/td>\n<td width=\"124\">\n<p style=\"font-weight: 300\">27\/09<\/p>\n<\/td>\n<td width=\"141\">\n<p style=\"font-weight: 300\">10h30 \u00e0s 13h<\/p>\n<\/td>\n<\/tr>\n<tr>\n<td width=\"301\">\n<p style=\"font-weight: 300\">Penha<\/p>\n<\/td>\n<td width=\"124\">\n<p style=\"font-weight: 300\">27\/09<\/p>\n<\/td>\n<td width=\"141\">\n<p style=\"font-weight: 300\">15h \u00e0s 17h30<\/p>\n<\/td>\n<\/tr>\n<tr>\n<td width=\"301\">\n<p style=\"font-weight: 300\">Ja\u00e7an\u00e3\/Tremembe<\/p>\n<\/td>\n<td width=\"124\">\n<p style=\"font-weight: 300\">04\/10<\/p>\n<\/td>\n<td width=\"141\">\n<p style=\"font-weight: 300\">10h30 \u00e0s 13h<\/p>\n<\/td>\n<\/tr>\n<tr>\n<td width=\"301\">\n<p style=\"font-weight: 300\">Itaquera<\/p>\n<\/td>\n<td width=\"124\">\n<p style=\"font-weight: 300\">04\/10<\/p>\n<\/td>\n<td width=\"141\">\n<p style=\"font-weight: 300\">15h \u00e0s 17h30<\/p>\n<\/td>\n<\/tr>\n<tr>\n<td width=\"301\">\n<p style=\"font-weight: 300\">Ipiranga<\/p>\n<\/td>\n<td width=\"124\">\n<p style=\"font-weight: 300\">18\/10<\/p>\n<\/td>\n<td width=\"141\">\n<p style=\"font-weight: 300\">10h30 \u00e0s 13h<\/p>\n<\/td>\n<\/tr>\n<tr>\n<td width=\"301\">\n<p style=\"font-weight: 300\">Guaianases<\/p>\n<\/td>\n<td width=\"124\">\n<p style=\"font-weight: 300\">18\/10<\/p>\n<\/td>\n<td width=\"141\">\n<p style=\"font-weight: 300\">15h \u00e0s 17h30<\/p>\n<\/td>\n<\/tr>\n<tr>\n<td width=\"301\">\n<p style=\"font-weight: 300\">Freguesia\/Brasil\u00e2ndia<\/p>\n<\/td>\n<td width=\"124\">\n<p style=\"font-weight: 300\">25\/10<\/p>\n<\/td>\n<td width=\"141\">\n<p style=\"font-weight: 300\">10h30 \u00e0s 13h<\/p>\n<\/td>\n<\/tr>\n<tr>\n<td width=\"301\">\n<p style=\"font-weight: 300\">Capela do Socorro<\/p>\n<\/td>\n<td width=\"124\">\n<p style=\"font-weight: 300\">25\/10<\/p>\n<\/td>\n<td width=\"141\">\n<p style=\"font-weight: 300\">15h \u00e0s 17h30<\/p>\n<\/td>\n<\/tr>\n<tr>\n<td width=\"301\">\n<p style=\"font-weight: 300\">Campo Limpo<\/p>\n<p><a href=\"https:\/\/www.sympla.com.br\/seminarios-de-escuta-ativa----dre-campo-limpo__1365842\">(Clique aqui para se inscrever)<\/a><\/td>\n<td width=\"124\">\n<p style=\"font-weight: 300\">08\/11<\/p>\n<\/td>\n<td width=\"141\">\n<p style=\"font-weight: 300\">10h30 \u00e0s 13h<\/p>\n<\/td>\n<\/tr>\n<tr>\n<td width=\"301\">\n<p style=\"font-weight: 300\">Butant\u00e3<\/p>\n<p><a href=\"https:\/\/www.sympla.com.br\/seminarios-de-escuta-ativa----dre-butanta__1365849\">(Clique aqui para se inscrever)<\/a><\/td>\n<td width=\"124\">\n<p style=\"font-weight: 300\">08\/11<\/p>\n<\/td>\n<td width=\"141\">\n<p style=\"font-weight: 300\">15h \u00e0s 17h30<\/p>\n<\/td>\n<\/tr>\n<\/tbody>\n<\/table>\n","protected":false},"excerpt":{"rendered":"<p>ALTERA\u00c7\u00c3O DE HOR\u00c1RIO &#8211; CICLO DE ESCUTA ATEN\u00c7\u00c3O: HOUVE MUDAN\u00c7A DE HOR\u00c1RIO. O SEMIN\u00c1RIO OCORRER\u00c1 A PARTIR DAS 17h \u00c0S 19h30. Os semin\u00e1rios do ciclo da escuta ativa ter\u00e3o seu \u00faltimo encontro\u00a0 nessa pr\u00f3xima sexta-feira (12),\u00a0 com os servidores das DREs Campo Limpo e Butant\u00e3. *** DIRETOR RESPONS\u00c1VEL: Alexsandro do Nascimento Santos (Escola do Parlamento) [&hellip;]<\/p>\n","protected":false},"author":297,"featured_media":0,"parent":25320,"menu_order":113,"comment_status":"closed","ping_status":"closed","template":"","meta":{"_acf_changed":false,"footnotes":""},"class_list":["post-26564","page","type-page","status-publish","hentry"],"acf":[],"_links":{"self":[{"href":"https:\/\/homolog.saopaulo.sp.leg.br\/escoladoparlamento\/wp-json\/wp\/v2\/pages\/26564","targetHints":{"allow":["GET"]}}],"collection":[{"href":"https:\/\/homolog.saopaulo.sp.leg.br\/escoladoparlamento\/wp-json\/wp\/v2\/pages"}],"about":[{"href":"https:\/\/homolog.saopaulo.sp.leg.br\/escoladoparlamento\/wp-json\/wp\/v2\/types\/page"}],"author":[{"embeddable":true,"href":"https:\/\/homolog.saopaulo.sp.leg.br\/escoladoparlamento\/wp-json\/wp\/v2\/users\/297"}],"replies":[{"embeddable":true,"href":"https:\/\/homolog.saopaulo.sp.leg.br\/escoladoparlamento\/wp-json\/wp\/v2\/comments?post=26564"}],"version-history":[{"count":5,"href":"https:\/\/homolog.saopaulo.sp.leg.br\/escoladoparlamento\/wp-json\/wp\/v2\/pages\/26564\/revisions"}],"predecessor-version":[{"id":26879,"href":"https:\/\/homolog.saopaulo.sp.leg.br\/escoladoparlamento\/wp-json\/wp\/v2\/pages\/26564\/revisions\/26879"}],"up":[{"embeddable":true,"href":"https:\/\/homolog.saopaulo.sp.leg.br\/escoladoparlamento\/wp-json\/wp\/v2\/pages\/25320"}],"wp:attachment":[{"href":"https:\/\/homolog.saopaulo.sp.leg.br\/escoladoparlamento\/wp-json\/wp\/v2\/media?parent=26564"}],"curies":[{"name":"wp","href":"https:\/\/api.w.org\/{rel}","templated":true}]}}