{"id":26583,"date":"2021-08-27T11:18:46","date_gmt":"2021-08-27T14:18:46","guid":{"rendered":"https:\/\/homolog.saopaulo.sp.leg.br\/escoladoparlamento\/?page_id=26583"},"modified":"2021-11-09T13:49:50","modified_gmt":"2021-11-09T16:49:50","slug":"12o-encontro-de-estudos-das-origens-da-filosofia-contemporanea","status":"publish","type":"page","link":"https:\/\/homolog.saopaulo.sp.leg.br\/escoladoparlamento\/cursos\/cursos-anteriores\/cursos-realizados-em-2021\/12o-encontro-de-estudos-das-origens-da-filosofia-contemporanea\/","title":{"rendered":"12\u00ba Encontro de Estudos das Origens da Filosofia Contempor\u00e2nea"},"content":{"rendered":"<div dir=\"auto\">\n<p>Em sua 12\u00aa edi\u00e7\u00e3o, o\u00a0<em>Encontro de Estudos das Origens da Filosofia Contempor\u00e2nea (EEOFC)<\/em> ser\u00e1 realizado este ano, mais uma vez em formato <em>online<\/em> devido ao contexto da pandemia. Coordenado pelo Prof. Dr. Mario Porta, o evento contar\u00e1 com a presen\u00e7a de cinco debatedores internacionais e cinco nacionais.<\/p>\n<p>Participam as pesquisadoras <strong>Maria van der Schaar<\/strong> (Univ. Leiden), <strong>Lydia Patton<\/strong> (Virginia Tech), <strong>Delphine Antoine-Mahut<\/strong> (ENS Lyon), <strong>Chiara Russo Krauss<\/strong> (Univ. di Napoli Federico II) e <strong>Katherina Kinzel<\/strong> (Univ. Utrecht). Ser\u00e3o abordados assuntos que perpassam grande parte da filosofia do s\u00e9culo XIX e in\u00edcio do s\u00e9culo XX, respeitando o intento do evento de estabelecer as rela\u00e7\u00f5es entre filosofia anal\u00edtica e filosofia fenomenol\u00f3gico-hermen\u00eautica sob a perspectiva do estabelecimento das suas ra\u00edzes comuns.<\/p>\n<p>E entre os debatedores nacionais, estar\u00e3o <strong>Dirk Greimann<\/strong> (UFF), <strong>Mauro Engelmann<\/strong> (UFMG), <strong>Federico Boccaccini<\/strong> (UNB), <strong>Ernesto Giusti<\/strong> (Unicentro) e <strong>Gabriel Ferreira<\/strong> (Unisinos).<\/p>\n<\/div>\n<div dir=\"auto\">O Encontro \u00e9 organizado pelo grupo de pesquisa &#8220;Origens da Filosofia Contempor\u00e2nea&#8221; da PUC-SP e tem o apoio da <em>Escola do Parlamento<\/em>. Ser\u00e1 transmitido no <a href=\"https:\/\/www.facebook.com\/gpofc.eventos\">Facebook<\/a> e no <a href=\"https:\/\/www.youtube.com\/channel\/UCzlXYMr-gLyyhXr2u3XznWQ\/featured\">Canal do YouTube<\/a> do Grupo.<\/div>\n<div dir=\"auto\"><\/div>\n<div dir=\"auto\"><strong>Aten\u00e7\u00e3o:<\/strong> por ser um evento de car\u00e1ter internacional, ele ser\u00e1 transmitido em ingl\u00eas<\/div>\n<div dir=\"auto\">Para informa\u00e7\u00f5es acesse: <a href=\"http:\/\/gpofc.com.br\">gpofc.com.br<\/a><\/div>\n<div dir=\"auto\"><\/div>\n<h2>Inscri\u00e7\u00f5es: <span style=\"color: #3366ff\"><a style=\"color: #3366ff\" href=\"https:\/\/www.gpofc.com.br\/12-encontro-2021\">clique aqui<\/a><\/span><\/h2>\n<p>&nbsp;<\/p>\n<p><a href=\"https:\/\/homolog.saopaulo.sp.leg.br\/escoladoparlamento\/wp-content\/uploads\/sites\/5\/2021\/08\/Folder-congresso-Port-scaled.jpg\"><img loading=\"lazy\" decoding=\"async\" class=\"alignright size-full wp-image-26586\" src=\"https:\/\/homolog.saopaulo.sp.leg.br\/escoladoparlamento\/wp-content\/uploads\/sites\/5\/2021\/08\/Folder-congresso-Port-scaled.jpg\" alt=\"\" width=\"2560\" height=\"1781\" srcset=\"https:\/\/homolog.saopaulo.sp.leg.br\/escoladoparlamento\/wp-content\/uploads\/sites\/5\/2021\/08\/Folder-congresso-Port-scaled.jpg 2560w, https:\/\/homolog.saopaulo.sp.leg.br\/escoladoparlamento\/wp-content\/uploads\/sites\/5\/2021\/08\/Folder-congresso-Port-300x209.jpg 300w, https:\/\/homolog.saopaulo.sp.leg.br\/escoladoparlamento\/wp-content\/uploads\/sites\/5\/2021\/08\/Folder-congresso-Port-1024x712.jpg 1024w, https:\/\/homolog.saopaulo.sp.leg.br\/escoladoparlamento\/wp-content\/uploads\/sites\/5\/2021\/08\/Folder-congresso-Port-768x534.jpg 768w, https:\/\/homolog.saopaulo.sp.leg.br\/escoladoparlamento\/wp-content\/uploads\/sites\/5\/2021\/08\/Folder-congresso-Port-1536x1069.jpg 1536w, https:\/\/homolog.saopaulo.sp.leg.br\/escoladoparlamento\/wp-content\/uploads\/sites\/5\/2021\/08\/Folder-congresso-Port-2048x1425.jpg 2048w\" sizes=\"auto, (max-width: 2560px) 100vw, 2560px\" \/><\/a><\/p>\n","protected":false},"excerpt":{"rendered":"<p>Em sua 12\u00aa edi\u00e7\u00e3o, o\u00a0Encontro de Estudos das Origens da Filosofia Contempor\u00e2nea (EEOFC) ser\u00e1 realizado este ano, mais uma vez em formato online devido ao contexto da pandemia. Coordenado pelo Prof. Dr. Mario Porta, o evento contar\u00e1 com a presen\u00e7a de cinco debatedores internacionais e cinco nacionais. Participam as pesquisadoras Maria van der Schaar (Univ. [&hellip;]<\/p>\n","protected":false},"author":522,"featured_media":0,"parent":25320,"menu_order":110,"comment_status":"closed","ping_status":"closed","template":"","meta":{"_acf_changed":false,"footnotes":""},"class_list":["post-26583","page","type-page","status-publish","hentry"],"acf":[],"_links":{"self":[{"href":"https:\/\/homolog.saopaulo.sp.leg.br\/escoladoparlamento\/wp-json\/wp\/v2\/pages\/26583","targetHints":{"allow":["GET"]}}],"collection":[{"href":"https:\/\/homolog.saopaulo.sp.leg.br\/escoladoparlamento\/wp-json\/wp\/v2\/pages"}],"about":[{"href":"https:\/\/homolog.saopaulo.sp.leg.br\/escoladoparlamento\/wp-json\/wp\/v2\/types\/page"}],"author":[{"embeddable":true,"href":"https:\/\/homolog.saopaulo.sp.leg.br\/escoladoparlamento\/wp-json\/wp\/v2\/users\/522"}],"replies":[{"embeddable":true,"href":"https:\/\/homolog.saopaulo.sp.leg.br\/escoladoparlamento\/wp-json\/wp\/v2\/comments?post=26583"}],"version-history":[{"count":5,"href":"https:\/\/homolog.saopaulo.sp.leg.br\/escoladoparlamento\/wp-json\/wp\/v2\/pages\/26583\/revisions"}],"predecessor-version":[{"id":26610,"href":"https:\/\/homolog.saopaulo.sp.leg.br\/escoladoparlamento\/wp-json\/wp\/v2\/pages\/26583\/revisions\/26610"}],"up":[{"embeddable":true,"href":"https:\/\/homolog.saopaulo.sp.leg.br\/escoladoparlamento\/wp-json\/wp\/v2\/pages\/25320"}],"wp:attachment":[{"href":"https:\/\/homolog.saopaulo.sp.leg.br\/escoladoparlamento\/wp-json\/wp\/v2\/media?parent=26583"}],"curies":[{"name":"wp","href":"https:\/\/api.w.org\/{rel}","templated":true}]}}