{"id":26751,"date":"2021-09-30T14:49:04","date_gmt":"2021-09-30T17:49:04","guid":{"rendered":"https:\/\/homolog.saopaulo.sp.leg.br\/escoladoparlamento\/?page_id=26751"},"modified":"2021-10-21T19:32:19","modified_gmt":"2021-10-21T22:32:19","slug":"gestao-na-educacao-infantil-cenarios-do-cotidiano","status":"publish","type":"page","link":"https:\/\/homolog.saopaulo.sp.leg.br\/escoladoparlamento\/cursos\/cursos-anteriores\/cursos-realizados-em-2021\/gestao-na-educacao-infantil-cenarios-do-cotidiano\/","title":{"rendered":"Gest\u00e3o na Educa\u00e7\u00e3o Infantil: Cen\u00e1rios do Cotidiano"},"content":{"rendered":"<p>Clique <a href=\"https:\/\/www.youtube.com\/watch?v=BiD67FvAPLA&amp;t=48s\">AQUI<\/a> para rever o Semin\u00e1rio<\/p>\n\n<!-- iframe plugin v.6.0 wordpress.org\/plugins\/iframe\/ -->\n<iframe loading=\"lazy\" src=\"https:\/\/www.sympla.com.br\/gestao-na-educacao-infantil-cenarios-do-cotidiano__1364101\" width=\"100%\" height=\"1000\" scrolling=\"yes\" class=\"iframe-class\" frameborder=\"0\"><\/iframe>\n\n","protected":false},"excerpt":{"rendered":"<p>Clique AQUI para rever o Semin\u00e1rio<\/p>\n","protected":false},"author":522,"featured_media":0,"parent":25320,"menu_order":106,"comment_status":"closed","ping_status":"closed","template":"","meta":{"_acf_changed":false,"footnotes":""},"class_list":["post-26751","page","type-page","status-publish","hentry"],"acf":[],"_links":{"self":[{"href":"https:\/\/homolog.saopaulo.sp.leg.br\/escoladoparlamento\/wp-json\/wp\/v2\/pages\/26751","targetHints":{"allow":["GET"]}}],"collection":[{"href":"https:\/\/homolog.saopaulo.sp.leg.br\/escoladoparlamento\/wp-json\/wp\/v2\/pages"}],"about":[{"href":"https:\/\/homolog.saopaulo.sp.leg.br\/escoladoparlamento\/wp-json\/wp\/v2\/types\/page"}],"author":[{"embeddable":true,"href":"https:\/\/homolog.saopaulo.sp.leg.br\/escoladoparlamento\/wp-json\/wp\/v2\/users\/522"}],"replies":[{"embeddable":true,"href":"https:\/\/homolog.saopaulo.sp.leg.br\/escoladoparlamento\/wp-json\/wp\/v2\/comments?post=26751"}],"version-history":[{"count":3,"href":"https:\/\/homolog.saopaulo.sp.leg.br\/escoladoparlamento\/wp-json\/wp\/v2\/pages\/26751\/revisions"}],"predecessor-version":[{"id":26806,"href":"https:\/\/homolog.saopaulo.sp.leg.br\/escoladoparlamento\/wp-json\/wp\/v2\/pages\/26751\/revisions\/26806"}],"up":[{"embeddable":true,"href":"https:\/\/homolog.saopaulo.sp.leg.br\/escoladoparlamento\/wp-json\/wp\/v2\/pages\/25320"}],"wp:attachment":[{"href":"https:\/\/homolog.saopaulo.sp.leg.br\/escoladoparlamento\/wp-json\/wp\/v2\/media?parent=26751"}],"curies":[{"name":"wp","href":"https:\/\/api.w.org\/{rel}","templated":true}]}}