{"id":26790,"date":"2021-10-06T15:17:04","date_gmt":"2021-10-06T18:17:04","guid":{"rendered":"https:\/\/homolog.saopaulo.sp.leg.br\/escoladoparlamento\/?page_id=26790"},"modified":"2022-02-07T11:41:40","modified_gmt":"2022-02-07T14:41:40","slug":"introducao-a-filosofia-de-wilhelm-dilthey","status":"publish","type":"page","link":"https:\/\/homolog.saopaulo.sp.leg.br\/escoladoparlamento\/cursos\/cursos-anteriores\/cursos-realizados-em-2021\/introducao-a-filosofia-de-wilhelm-dilthey\/","title":{"rendered":"Introdu\u00e7\u00e3o \u00e0 Filosofia de Wilhelm Dilthey"},"content":{"rendered":"<h4><strong><span style=\"color: #333399\">ATEN\u00c7\u00c3O:<\/span><\/strong> Somente quem se inscreveu para este curso pode responder ao question\u00e1rio de avalia\u00e7\u00e3o de conte\u00fado acessando <a href=\"https:\/\/forms.gle\/ruXE6VdeAVpU5nvt8\">https:\/\/forms.gle\/ruXE6VdeAVpU5nvt8<\/a><br \/>\nO formul\u00e1rio ficar\u00e1 dispon\u00edvel at\u00e9 as 23h59 do dia 03\/12\/2021, sexta-feira. O prazo para respostas N\u00c3O SER\u00c1 PRORROGADO.<\/h4>\n<h4><strong>Reveja a primeira aula (4\/11) clicando <a href=\"https:\/\/www.youtube.com\/watch?v=sVIfLTiHr_M\">AQUI<\/a><br \/>\nReveja a segunda aula (11\/11) <a href=\"https:\/\/www.youtube.com\/watch?v=qFzeMmYh8b0\">AQUI<\/a><br \/>\nReveja a terceira aula (18\/11) <a href=\"https:\/\/youtu.be\/dNqKv40KT8I\">AQUI<\/a><br \/>\nReveja a quarta e \u00faltima aula (25\/11) <a href=\"https:\/\/www.youtube.com\/watch?v=63M_DmKIlVw\">AQUI<\/a><\/strong><\/h4>\n\n<!-- iframe plugin v.6.0 wordpress.org\/plugins\/iframe\/ -->\n<iframe loading=\"lazy\" src=\"https:\/\/www.sympla.com.br\/introducao-a-filosofia-de-wilhelm-dilthey__1345360\" width=\"100%\" height=\"1000\" scrolling=\"yes\" class=\"iframe-class\" frameborder=\"0\"><\/iframe>\n\n","protected":false},"excerpt":{"rendered":"<p>ATEN\u00c7\u00c3O: Somente quem se inscreveu para este curso pode responder ao question\u00e1rio de avalia\u00e7\u00e3o de conte\u00fado acessando https:\/\/forms.gle\/ruXE6VdeAVpU5nvt8 O formul\u00e1rio ficar\u00e1 dispon\u00edvel at\u00e9 as 23h59 do dia 03\/12\/2021, sexta-feira. O prazo para respostas N\u00c3O SER\u00c1 PRORROGADO. Reveja a primeira aula (4\/11) clicando AQUI Reveja a segunda aula (11\/11) AQUI Reveja a terceira aula (18\/11) AQUI [&hellip;]<\/p>\n","protected":false},"author":522,"featured_media":0,"parent":25320,"menu_order":103,"comment_status":"closed","ping_status":"closed","template":"","meta":{"_acf_changed":false,"footnotes":""},"class_list":["post-26790","page","type-page","status-publish","hentry"],"acf":[],"_links":{"self":[{"href":"https:\/\/homolog.saopaulo.sp.leg.br\/escoladoparlamento\/wp-json\/wp\/v2\/pages\/26790","targetHints":{"allow":["GET"]}}],"collection":[{"href":"https:\/\/homolog.saopaulo.sp.leg.br\/escoladoparlamento\/wp-json\/wp\/v2\/pages"}],"about":[{"href":"https:\/\/homolog.saopaulo.sp.leg.br\/escoladoparlamento\/wp-json\/wp\/v2\/types\/page"}],"author":[{"embeddable":true,"href":"https:\/\/homolog.saopaulo.sp.leg.br\/escoladoparlamento\/wp-json\/wp\/v2\/users\/522"}],"replies":[{"embeddable":true,"href":"https:\/\/homolog.saopaulo.sp.leg.br\/escoladoparlamento\/wp-json\/wp\/v2\/comments?post=26790"}],"version-history":[{"count":5,"href":"https:\/\/homolog.saopaulo.sp.leg.br\/escoladoparlamento\/wp-json\/wp\/v2\/pages\/26790\/revisions"}],"predecessor-version":[{"id":26973,"href":"https:\/\/homolog.saopaulo.sp.leg.br\/escoladoparlamento\/wp-json\/wp\/v2\/pages\/26790\/revisions\/26973"}],"up":[{"embeddable":true,"href":"https:\/\/homolog.saopaulo.sp.leg.br\/escoladoparlamento\/wp-json\/wp\/v2\/pages\/25320"}],"wp:attachment":[{"href":"https:\/\/homolog.saopaulo.sp.leg.br\/escoladoparlamento\/wp-json\/wp\/v2\/media?parent=26790"}],"curies":[{"name":"wp","href":"https:\/\/api.w.org\/{rel}","templated":true}]}}