{"id":26796,"date":"2021-10-08T21:23:33","date_gmt":"2021-10-09T00:23:33","guid":{"rendered":"https:\/\/homolog.saopaulo.sp.leg.br\/escoladoparlamento\/?page_id=26796"},"modified":"2024-04-15T15:32:21","modified_gmt":"2024-04-15T18:32:21","slug":"lancamento-do-manual-dos-direitos-da-pessoa-com-autismo","status":"publish","type":"page","link":"https:\/\/homolog.saopaulo.sp.leg.br\/escoladoparlamento\/cursos\/cursos-anteriores\/cursos-realizados-em-2021\/lancamento-do-manual-dos-direitos-da-pessoa-com-autismo\/","title":{"rendered":"Lan\u00e7amento do Manual dos Direitos da Pessoa com Autismo"},"content":{"rendered":"<p><a href=\"https:\/\/homolog.saopaulo.sp.leg.br\/escoladoparlamento\/wp-content\/uploads\/sites\/5\/2021\/11\/instituto-singular-logo.jpg\"><img loading=\"lazy\" decoding=\"async\" class=\"alignright size-full wp-image-26903\" src=\"https:\/\/homolog.saopaulo.sp.leg.br\/escoladoparlamento\/wp-content\/uploads\/sites\/5\/2021\/11\/instituto-singular-logo.jpg\" alt=\"\" width=\"294\" height=\"103\" \/><\/a><br \/>\nReveja o lan\u00e7amento em <a href=\"https:\/\/www.youtube.com\/watch?v=1EgMb8upSIg\">https:\/\/www.youtube.com\/watch?v=1EgMb8upSIg<\/a><\/p>\n<p>Quando pensamos em Autismo somos levados \u00e0 imagem de uma crian\u00e7a totalmente isolada, fazendo movimentos repetitivos com algum objeto ou com o pr\u00f3prio corpo, sem responder ao nosso chamado ou a qualquer est\u00edmulo.<br \/>\n<b><strong>Mas o autismo n\u00e3o \u00e9 assim!<\/strong><\/b><\/p>\n<p>Poucos sabem que sintomas muito mais sutis tamb\u00e9m fazem parte deste diagn\u00f3stico. Hoje, o autismo \u00e9 conhecido como TEA &#8211; Transtorno do Espectro do Autismo, com variados graus de acometimento e atinge 1 em cada 54 crian\u00e7as segundo dados de 2020 do CDC (Centro de Controle de Doen\u00e7as e Preven\u00e7\u00e3o do governo dos EUA).<\/p>\n<p>O Brasil ainda usa os estudos do CDC como base, por n\u00e3o ter pesquisas concretas sobre a preval\u00eancia no pa\u00eds. Isso evidencia a falta de clareza, de informa\u00e7\u00e3o e conhecimento acerca do transtorno para a popula\u00e7\u00e3o brasileira, e mostra como a conscientiza\u00e7\u00e3o \u00e9 importante para avan\u00e7ar nas discuss\u00f5es sobre o seu tratamento.<\/p>\n<p>&nbsp;<\/p>\n<p>Destaca-se da\u00ed a import\u00e2ncia do trabalho que o<em>\u00a0Instituto Singular<\/em>\u00a0tem realizado em prol das pessoas com TEA, atrav\u00e9s de cursos, palestras e atendimentos que contribuem para esclarecer e evidenciar a relev\u00e2ncia do tema. Alinhado com a agenda de inclus\u00e3o e cidadania da\u00a0<em>Escola do Parlamento<\/em>\u00a0e da\u00a0<em>C\u00e2mara Municipal de S\u00e3o Paulo<\/em>, estabeleceu-se uma parceria, que promove o lan\u00e7amento do\u00a0<b><strong>Manual dos Direitos da Pessoa com Autismo<\/strong><\/b>\u00a0em evento online aberto a todos os interessados.<br \/>\n<strong>ATEN\u00c7\u00c3O:<\/strong> o Manual est\u00e1 passando por uma atualiza\u00e7\u00e3o. Assim que puder ser disponibilizado voc\u00ea poder\u00e1 baix\u00e1-lo gratuitamente aqui.<\/p>\n<p>&nbsp;<\/p>\n<p><b><strong>PROGRAMA\u00c7\u00c3O:<\/strong><\/b><\/p>\n<p><b><strong>11 de novembro<\/strong><\/b><\/p>\n<p><b><strong>17h \u00e0s 19h<\/strong><\/b><\/p>\n<p>&nbsp;<\/p>\n<p><u><b><strong>Palestrantes:<\/strong><\/b><\/u><\/p>\n<p><b><strong>Eduardo Tuma<\/strong><\/b>\u00a0\u00bb Conselheiro do Tribunal de Contas do Munic\u00edpio<\/p>\n<p><b><strong>Vereador Rinaldo Digilio<\/strong><\/b>\u00a0\u00bb Autor da lei que obriga a realiza\u00e7\u00e3o de sess\u00f5es de cinema adaptadas para autistas, da lei que obriga a inclus\u00e3o do autismo nas placas de atendimento preferencial e fez a Pol\u00edtica P\u00fablica Municipal para Garantia, Prote\u00e7\u00e3o e Amplia\u00e7\u00e3o dos Direitos das Pessoas com Transtorno do Espectro Autista (TEA).<\/p>\n<p><b><strong>Dra. Mayra Gaiato<\/strong><\/b>\u00a0\u00bb Psic\u00f3loga e fundadora do<em>\u00a0Instituto Singular<\/em><\/p>\n<p data-pm-slice=\"1 1 [&quot;list&quot;,{},&quot;list_item&quot;,{&quot;indent&quot;:1,&quot;type&quot;:&quot;bulleted&quot;}]\"><b><strong>Dra. Carla Bertin\u00a0<\/strong><\/b>\u00bb<b><strong>\u00a0<\/strong><\/b>Advogada e fundadora do\u00a0<em>Autismo Legal<\/em><br \/>\n<b><strong>Dra. Claudia Nakano\u00a0<\/strong><\/b>\u00bb<b>\u00a0<\/b>Advogada e especialista em direito \u00e0 sa\u00fade<br \/>\n<b><strong>Alexsandro Santos<\/strong><\/b>\u00a0\u2013 Diretor-Presidente da Escola do Parlamento<\/p>\n<p>***<\/p>\n<p><b><strong><u>Equipe que elaborou a cartilha:<\/u><\/strong><\/b><\/p>\n<p>Dra. Mayra Gaiato,\u00a0Dra. Carla Bertin,\u00a0Dra. Claudia Nakano,\u00a0Renata Alexandre Ghiraldini Paulino (fonoaudi\u00f3loga), Dr. Rodrigo Rosa Silveira (psiquiatra e especialista em sa\u00fade mental da inf\u00e2ncia e adolesc\u00eancia) e\u00a0Dra. Lucimara Alcantara (advogada)<\/p>\n<p><b><strong>ATEN\u00c7\u00c3O:<\/strong><\/b><\/p>\n<p><b><strong>Para esta atividade n\u00e3o emitiremos certificado.<br \/>\n<\/strong><\/b><b><strong>Aqueles que efetivarem sua inscri\u00e7\u00e3o poder\u00e3o acompanhar o evento diretamente pela plataforma Zoom &#8211; as instru\u00e7\u00f5es de acesso ser\u00e3o enviadas para o email cadastrado aqui no Sympla.<br \/>\nTeremos tamb\u00e9m transmiss\u00e3o ao vivo e aberta a todos pelo Canal da Escola do Parlamento no YouTube.<\/strong><\/b><\/p>\n<p>&nbsp;<\/p>\n<p>&nbsp;<\/p>\n<p>&nbsp;<\/p>\n<p>&nbsp;<\/p>\n<p>&nbsp;<\/p>\n<p>&nbsp;<\/p>\n<p>&nbsp;<\/p>\n<p>&nbsp;<\/p>\n","protected":false},"excerpt":{"rendered":"<p>Reveja o lan\u00e7amento em https:\/\/www.youtube.com\/watch?v=1EgMb8upSIg Quando pensamos em Autismo somos levados \u00e0 imagem de uma crian\u00e7a totalmente isolada, fazendo movimentos repetitivos com algum objeto ou com o pr\u00f3prio corpo, sem responder ao nosso chamado ou a qualquer est\u00edmulo. Mas o autismo n\u00e3o \u00e9 assim! Poucos sabem que sintomas muito mais sutis tamb\u00e9m fazem parte deste [&hellip;]<\/p>\n","protected":false},"author":522,"featured_media":0,"parent":25320,"menu_order":102,"comment_status":"closed","ping_status":"closed","template":"","meta":{"_acf_changed":false,"footnotes":""},"class_list":["post-26796","page","type-page","status-publish","hentry"],"acf":[],"_links":{"self":[{"href":"https:\/\/homolog.saopaulo.sp.leg.br\/escoladoparlamento\/wp-json\/wp\/v2\/pages\/26796","targetHints":{"allow":["GET"]}}],"collection":[{"href":"https:\/\/homolog.saopaulo.sp.leg.br\/escoladoparlamento\/wp-json\/wp\/v2\/pages"}],"about":[{"href":"https:\/\/homolog.saopaulo.sp.leg.br\/escoladoparlamento\/wp-json\/wp\/v2\/types\/page"}],"author":[{"embeddable":true,"href":"https:\/\/homolog.saopaulo.sp.leg.br\/escoladoparlamento\/wp-json\/wp\/v2\/users\/522"}],"replies":[{"embeddable":true,"href":"https:\/\/homolog.saopaulo.sp.leg.br\/escoladoparlamento\/wp-json\/wp\/v2\/comments?post=26796"}],"version-history":[{"count":5,"href":"https:\/\/homolog.saopaulo.sp.leg.br\/escoladoparlamento\/wp-json\/wp\/v2\/pages\/26796\/revisions"}],"predecessor-version":[{"id":29054,"href":"https:\/\/homolog.saopaulo.sp.leg.br\/escoladoparlamento\/wp-json\/wp\/v2\/pages\/26796\/revisions\/29054"}],"up":[{"embeddable":true,"href":"https:\/\/homolog.saopaulo.sp.leg.br\/escoladoparlamento\/wp-json\/wp\/v2\/pages\/25320"}],"wp:attachment":[{"href":"https:\/\/homolog.saopaulo.sp.leg.br\/escoladoparlamento\/wp-json\/wp\/v2\/media?parent=26796"}],"curies":[{"name":"wp","href":"https:\/\/api.w.org\/{rel}","templated":true}]}}