{"id":26817,"date":"2021-10-22T10:42:03","date_gmt":"2021-10-22T13:42:03","guid":{"rendered":"https:\/\/homolog.saopaulo.sp.leg.br\/escoladoparlamento\/?page_id=26817"},"modified":"2021-12-07T11:13:29","modified_gmt":"2021-12-07T14:13:29","slug":"justica-como-equidade-na-escola","status":"publish","type":"page","link":"https:\/\/homolog.saopaulo.sp.leg.br\/escoladoparlamento\/cursos\/cursos-anteriores\/cursos-realizados-em-2021\/justica-como-equidade-na-escola\/","title":{"rendered":"Justi\u00e7a como Equidade na Escola"},"content":{"rendered":"<h3><b><strong>Parceria\u00a0<\/strong><\/b><b><strong><em>Escola do Parlamento<\/em>\u00a0e<\/strong><\/b><b><strong>\u00a0<em>Universidade Cidade de S\u00e3o Paulo<\/em><\/strong><\/b><\/h3>\n<p>&nbsp;<\/p>\n<p><b><strong>ORGANIZA\u00c7\u00c3O:\u00a0<\/strong><\/b><b><strong><em>Grupo de Pesquisa Implementa\u00e7\u00e3o de Pol\u00edticas Educacionais e Desigualdades<\/em><\/strong><\/b><\/p>\n<p><b><strong>Prof. Dr. Alexsandro Santos<\/strong><\/b>\u00a0(Escola do Parlamento\/Unicid)<br \/>\n<b><strong>Profa. Dra. Maria do Carmo Meirelles Toledo Cruz<\/strong><\/b>\u00a0(Unicid)<br \/>\n<b><strong>Profa. Dra. Vanda Mendes Ribeiro<\/strong><\/b>\u00a0(Unicid)<\/p>\n<p>Nas sociedades contempor\u00e2neas, a garantia do direito humano \u00e0 educa\u00e7\u00e3o tem sido assumida como uma responsabilidade incontorn\u00e1vel dos governos e convocado as diferentes sociedades a construir sistemas educacionais e pol\u00edticas p\u00fablicas de educa\u00e7\u00e3o capazes de universalizar o acesso e a perman\u00eancia na escola, al\u00e9m de sustentar patamares suficientes de aprendizagem para todos os estudantes.<\/p>\n<p>Cumprir esses objetivos, entretanto, se apresenta como uma tarefa desafiadora quando compreendemos as din\u00e2micas estruturais de desigualdade que se manifestam na vida social, estabelecendo hierarquias de cidadania baseadas, por exemplo, nas diferen\u00e7as de n\u00edvel socioecon\u00f4mico\/renda, nas diferen\u00e7as \u00e9tnico-raciais, nas rela\u00e7\u00f5es de g\u00eanero\/sexualidade ou nas disparidades socioespaciais.<\/p>\n<p>Tais desigualdades impactam a capacidade do sistema escolar funcionar de modo democr\u00e1tico, na medida em que elas tendem a se converter em desigualdades educacionais e, assim, colocar em cheque a l\u00f3gica meritocr\u00e1tica que organizou a cria\u00e7\u00e3o da escola p\u00fablica estatal no ocidente.<\/p>\n<p>O ac\u00famulo das pesquisas no campo da sociologia da educa\u00e7\u00e3o e no campo da an\u00e1lise de pol\u00edticas p\u00fablicas tem sinalizado a import\u00e2ncia de deslocar a l\u00f3gica de organiza\u00e7\u00e3o do sistema escolar na educa\u00e7\u00e3o b\u00e1sica para que ela reconhe\u00e7a o peso das desigualdades estruturais na oferta tamb\u00e9m desigual do direito humano \u00e0 educa\u00e7\u00e3o e, deste modo, assuma o princ\u00edpio da equidade como organizador da escola justa (Dubet, 2015).<\/p>\n<p>Neste minicurso desejamos provocar a reflex\u00e3o cr\u00edtica sobre essas quest\u00f5es e permitir o di\u00e1logo franco sobre as possibilidades da constru\u00e7\u00e3o de uma escola justa para todos.<\/p>\n<p><b><strong>OBJETIVOS:<\/strong><\/b><\/p>\n<p>Espera-se que, durante o curso, os participantes possam construir e\/ou aprofundar sua capacidade de:<\/p>\n<ol>\n<li>a) Reconhecer as din\u00e2micas estruturais de desigualdade que produzem a divis\u00e3o desigual e injusta do direito humano \u00e0 Educa\u00e7\u00e3o, em termos de acesso, perman\u00eancia e aprendizagem na escola de educa\u00e7\u00e3o b\u00e1sica.<br \/>\nb) Identificar e compreender as distin\u00e7\u00f5es entre o princ\u00edpio meritocr\u00e1tico e o princ\u00edpio da equidade como eixos organizadores de no\u00e7\u00f5es distintas do que seria uma escola justa.<br \/>\nc) Identificar e compreender formas alternativas que a pesquisa em educa\u00e7\u00e3o e a formula\u00e7\u00e3o e implementa\u00e7\u00e3o de pol\u00edticas p\u00fablicas t\u00eam adotado para operacionalizar o princ\u00edpio da equidade educacional.<br \/>\nd) Posicionar-se em defesa da equidade educacional e em favor de pol\u00edticas p\u00fablicas comprometidas com esse princ\u00edpio de justi\u00e7a.<\/li>\n<\/ol>\n<p><b>EMENTA:<\/b><\/p>\n<ul>\n<li>Teorias de justi\u00e7a e princ\u00edpios de justi\u00e7a na distribui\u00e7\u00e3o de bens sociais<br \/>\n\u25cf Meritocracia e Equidade<br \/>\n\u25cf Equidade Educacional<br \/>\n\u25cf Equidade Educacional e desigualdades estruturais: n\u00edvel socioecon\u00f4mico, ra\u00e7a e g\u00eanero<br \/>\n\u25cf Equidade Educacional e disparidades socioespaciais: vulnerabilidade social dos territ\u00f3rios<\/li>\n<\/ul>\n<p><b><strong>METODOLOGIA<\/strong><\/b><\/p>\n<ul>\n<li>Seis aulas, distribu\u00eddas em tr\u00eas dias, com atividades no per\u00edodo da manh\u00e3 e no per\u00edodo da tarde<\/li>\n<\/ul>\n<p><b>P\u00daBLICO ALVO:<\/b>\u00a0Professores e Gestores que atuam na educa\u00e7\u00e3o b\u00e1sica, estudantes dos cursos de licenciatura e p\u00f3s-gradua\u00e7\u00e3o na \u00e1rea de educa\u00e7\u00e3o, pesquisadores do tema e p\u00fablico em geral.<\/p>\n<p><b>VAGAS:<\/b>\u00a080<\/p>\n<p>&nbsp;<\/p>\n<p><span style=\"color: #ff0000\"><b><strong>ORGANIZA\u00c7\u00c3O CURRICULAR E CARGA HOR\u00c1RIA:<\/strong><\/b><\/span><\/p>\n<h3><b><strong>08 DE NOVEMBRO DE 2021 (segunda-feira)<\/strong><\/b><\/h3>\n<h3><span style=\"color: #ff0000\"><b>AULA 1 (<a href=\"https:\/\/www.youtube.com\/watch?v=Ds074tFFTD8\">clique aqui<\/a> para assistir novamente)<\/b><\/span><\/h3>\n<p><b><u>9h30<\/u> &#8211;\u00a0<\/b><b><em>Abertura<\/em><\/b><\/p>\n<p><b>&#8211; Sauda\u00e7\u00e3o Inicial<br \/>\n<\/b><b>&#8211; Apresenta\u00e7\u00e3o do Programa do Curso e informa\u00e7\u00f5es gerais<\/b><\/p>\n<p style=\"padding-left: 40px\"><span style=\"color: #ff0000\"><b><strong>Convidados:<br \/>\n<\/strong><\/b><\/span><b><strong>Roberto Gimenez &#8211;\u00a0<\/strong><\/b>Coordenador do Programa de P\u00f3s-Gradua\u00e7\u00e3o em Educa\u00e7\u00e3o &#8211; Unicid<br \/>\n<b><strong>Sandra Ferreira<\/strong><\/b>\u00a0&#8211; Coordenadora do Mestrado Profissional Forma\u00e7\u00e3o Gestores Educacionais &#8211; Unicid<br \/>\n<b><strong>Alexsandro Santos<\/strong><\/b>\u00a0\u2013 Escola do \u00a0Parlamento\/Unicid<\/p>\n<p><b><u>9h45 \u00e0s 11h45<\/u> &#8211;\u00a0<\/b><b><strong><em>Justi\u00e7a na educa\u00e7\u00e3o: do que se trata? Por que discutir equidade em educa\u00e7\u00e3o?<br \/>\n<\/em><\/strong><\/b><b><strong><em>Propostas de Fran\u00e7ois Dubet e Marcel Crahay<\/em><\/strong><\/b><\/p>\n<p style=\"padding-left: 40px\"><span style=\"color: #ff0000\"><b>Convidados:<br \/>\n<\/b><\/span><b><strong>Alexsandro Santos &#8211;\u00a0<\/strong><\/b>Escola do Parlamento\/Unicid<br \/>\n<b><strong>Vanda Mendes Ribeiro &#8211;<\/strong><\/b>\u00a0Unicid<br \/>\nMedia\u00e7\u00e3o:<b><strong>\u00a0Maria do Carmo Meirelles Toledo Cruz &#8211;\u00a0<\/strong><\/b>Unicid<\/p>\n<h3><span style=\"color: #ff0000\"><b><br \/>\nAULA 2 (<a href=\"https:\/\/www.youtube.com\/watch?v=ME3AV8Iff_Q\">clique aqui<\/a> para assistir novamente)<\/b><\/span><\/h3>\n<p><b><u>14h \u00e0s 16h<\/u> &#8211;\u00a0<\/b><b><em>Fundamentos de princ\u00edpios de justi\u00e7a<br \/>\n<\/em><\/b><b><em>&#8211;\u00a0<\/em><\/b><b><em>Justi\u00e7a como equidade segundo John Rawls e a no\u00e7\u00e3o de redistribui\u00e7\u00e3o<br \/>\n<\/em><\/b><b><em>&#8211; Justi\u00e7a como reconhecimento a partir de Nancy Fraser e Honneth<\/em><\/b><\/p>\n<p style=\"padding-left: 40px\"><span style=\"color: #ff0000\"><b>Convidados:<br \/>\n<\/b><\/span><b>Vanda Mendes Ribeiro &#8211;<\/b>\u00a0Unicid<br \/>\n<b><strong>Swamy Paula Soares<\/strong><\/b>\u00a0&#8211; UFPB<br \/>\nMedia\u00e7\u00e3o:<b>\u00a0Alexsandro Santos &#8211;\u00a0<\/b>Escola do parlamento\/Unicid<\/p>\n<p><b><u>16h15 \u00e0s 18h<\/u> &#8211;\u00a0<\/b><b><em>Qualidade e Equidade na Educa\u00e7\u00e3o: desafios e tens\u00f5es nas pol\u00edticas educacionais<\/em><\/b><\/p>\n<p style=\"padding-left: 40px\"><span style=\"color: #ff0000\"><b>Convidados:<br \/>\n<\/b><\/span><b><strong>Ricardo Henriques &#8211;\u00a0<\/strong><\/b>Instituto Unibanco<br \/>\n<b><strong>Romualdo Portela de Oliveira &#8211;\u00a0 \u00a0<\/strong><\/b>CENPEC\/Anpae\/Feusp<br \/>\n<b>Maria do Carmo Meirelles Toledo Cruz &#8211;\u00a0 \u00a0<\/b>Unicid<br \/>\nMedia\u00e7\u00e3o:<b><strong>\u00a0Mirela de Carvalho &#8211;\u00a0<\/strong><\/b>Instituto Unibanco<\/p>\n<p><strong><a href=\"https:\/\/homolog.saopaulo.sp.leg.br\/escoladoparlamento\/wp-content\/uploads\/sites\/5\/2021\/11\/referencias-08.11.pdf\">CLIQUE AQUI<\/a> para acessar as refer\u00eancias utilizadas na aula 2<\/strong><\/p>\n<p>&nbsp;<\/p>\n<p>_______________________________________________________________________<\/p>\n<h3><b>22 DE NOVEMBRO DE 2021 (segunda-feira)<\/b><\/h3>\n<h3><span style=\"color: #ff0000\"><b>AULA 3 (clique <a href=\"https:\/\/www.youtube.com\/watch?v=8qr0d1ahmVM\">aqui<\/a> para assistir novamente)<\/b><\/span><\/h3>\n<p><b><u>9h30 \u00e0s 11h30<\/u> &#8211;\u00a0<\/b><b><em>Medidas de Equidade Educacional: abordagens, metodologias e seus princ\u00edpios de justi\u00e7a<br \/>\n<\/em><\/b><b><em>Atribui\u00e7\u00f5es dos distintos implementadores das pol\u00edticas educacionais<\/em><\/b><\/p>\n<p style=\"padding-left: 40px\"><span style=\"color: #ff0000\"><b>Convidados:<br \/>\n<\/b><\/span><b><strong>Fabio Waltenberg \u2013\u00a0<\/strong><\/b>UFF<br \/>\n<b><strong>Francisco Soares \u2013\u00a0<\/strong><\/b>UFMG<br \/>\n<b><strong>Vanda Mendes Ribeiro\u00a0 &#8211;\u00a0<\/strong><\/b>Unicid<br \/>\nMedia\u00e7\u00e3o:<b><strong>\u00a0Alexsandro Santos &#8211;\u00a0<\/strong><\/b>Escola do Parlamento\/Unicid<\/p>\n<p style=\"padding-left: 40px\"><strong>POL\u00cdTICAS EDUCACIONAIS EM A\u00c7\u00c3O &#8211; As desigualdades educacionais brasileiras precisam ser reduzidas. Como fazer isso?<\/strong> (Fabio Walterberg\/Lara Simielli\/Jos\u00e9 Francisco Soares)<br \/>\nDispon\u00edvel em: <a href=\"https:\/\/ceipe.fgv.br\/sites\/ceipe.fgv.br\/files\/artigos\/pb_desigualdades_educacionais_final.pdf\">https:\/\/ceipe.fgv.br\/sites\/ceipe.fgv.br\/files\/artigos\/pb_desigualdades_educacionais_final.pdf<\/a><\/p>\n<p><b><u>11h45 \u00e0s 12h30<\/u> &#8211;\u00a0<\/b><b><em>Ra\u00e7a e G\u00eanero como categorias centrais para o debate sobre equidade educacional<\/em><\/b><\/p>\n<p style=\"padding-left: 40px\"><span style=\"color: #ff0000\"><b>Convidados:<br \/>\n<\/b><\/span><b>Suelaine Carneiro &#8211;<\/b>\u00a0GELEDES<br \/>\n<b>Alexsandro Santos &#8211;\u00a0<\/b>Escola do Parlamento\/Unicid<br \/>\nMedia\u00e7\u00e3o:<b>\u00a0<\/b><b><strong>Denise Carreira<\/strong><\/b>\u00a0&#8211; A\u00e7\u00e3o Educativa<\/p>\n<h3><span style=\"color: #ff0000\"><b><br \/>\nAULA 4 (clique <a href=\"https:\/\/youtu.be\/U0n6YRaOdG4\">aqui<\/a> para assistir novamente)<\/b><\/span><\/h3>\n<p><b><u>14h \u00e0s 16h<\/u> &#8211;\u00a0<\/b><b><em>Pesquisas que operacionalizam a no\u00e7\u00e3o de equidade<\/em><\/b><\/p>\n<p style=\"padding-left: 40px\"><span style=\"color: #ff0000\"><b>Convidados:<br \/>\n<\/b><\/span><b><strong>Maria Teresa Alves \u2013\u00a0<\/strong><\/b>UFMG<br \/>\n<b><strong>Zara Tripodi \u2013\u00a0<\/strong><\/b>UFOP<br \/>\n<b><strong>Alexsandro Santos &#8211;\u00a0<\/strong><\/b>Escola do Parlamento\/Unicid<br \/>\n<b><strong>Vanda Mendes Ribeiro &#8211;\u00a0<\/strong><\/b>Unicid<br \/>\nMedia\u00e7\u00e3o:\u00a0<b><strong>Maria do Carmo Meirelles Toledo Cruz<\/strong><\/b> \u2013 Unicid<\/p>\n<p><b><u>16h15 \u00e0s 18h<\/u> &#8211;\u00a0<\/b><b><strong><em>Equidade e Desigualdade Educacional: relev\u00e2ncia de indicadores para as pol\u00edticas educacionais<\/em><\/strong><\/b><\/p>\n<p style=\"padding-left: 40px\"><span style=\"color: #ff0000\"><b>Convidados:<br \/>\n<\/b><\/span><b><strong>Jo\u00e3o Horta \u2013<\/strong><\/b>\u00a0Inep<br \/>\n<b><strong>Anna Helena Altenfelder \u2013\u00a0<\/strong><\/b>Cenpec<br \/>\nMedia\u00e7\u00e3o:<b><strong>\u00a0Ocimar Alavarse &#8211;\u00a0<\/strong><\/b>USP<\/p>\n<p><a href=\"https:\/\/homolog.saopaulo.sp.leg.br\/escoladoparlamento\/wp-content\/uploads\/sites\/5\/2021\/11\/INEP_MATRIZ-SAEB-13.12.18-1.pdf\">INEP_MATRIZ SAEB &#8211; 13.12.18<\/a><\/p>\n<p><a href=\"https:\/\/homolog.saopaulo.sp.leg.br\/escoladoparlamento\/wp-content\/uploads\/sites\/5\/2021\/11\/Horta-Neto-2018-Avaliac\u0327a\u0303o-educacional-no-Brasil-para-ale\u0301m-dos-testes-cognitivos.pdf\">Horta Neto &#8211; 2018 &#8211; Avaliac\u0327a\u0303o educacional no Brasil para ale\u0301m dos testes cognitivos<\/a><\/p>\n<p>_____________________________________________________________________<\/p>\n<h3><b>29 DE NOVEMBRO DE 2021 (segunda-feira)<\/b><\/h3>\n<h3><span style=\"color: #ff0000\"><b>AULA 5 (clique <a href=\"https:\/\/www.youtube.com\/watch?v=YdLMNp3hKNE&amp;t=51s\">aqui<\/a> para assistir novamente)<\/b><\/span><\/h3>\n<p><b><u>9h30 \u00e0s 11h30<\/u> &#8211;\u00a0<\/b><b><strong><em>Segrega\u00e7\u00e3o Socioespacial, vulnerabilidade social e Equidade Educacional<\/em><\/strong><\/b><\/p>\n<p style=\"padding-left: 40px\"><span style=\"color: #ff0000\"><b>Convidados:<br \/>\n<\/b><\/span><b><strong>Choukri Ben Ayed &#8211;\u00a0<\/strong><\/b>Universidade de Limoges, Fran\u00e7a<br \/>\n<b><strong>Sylvan Broccolichi\u00a0 &#8211;\u00a0<\/strong><\/b>Universidade de Lille, Fran\u00e7a<br \/>\n<b><strong>Mauricio Ernica &#8211;\u00a0<\/strong><\/b>Unicamp<br \/>\n<b><strong>Vanda Mendes Ribeiro \u2013\u00a0<\/strong><\/b>Unicid<br \/>\nMedia\u00e7\u00e3o<b><strong>\u00a0Luciana Alves \u2013\u00a0<\/strong><\/b>Unicamp<\/p>\n<p><b><u>11h45 \u00e0s 13h30<\/u> &#8211;\u00a0<\/b><b><strong><em>Pol\u00edticas de Financiamento da Educa\u00e7\u00e3o e Compromisso com a Equidade: o Novo FUNDEB em foco<\/em><\/strong><\/b><\/p>\n<p style=\"padding-left: 40px\"><span style=\"color: #ff0000\"><b>Convidados:<br \/>\n<\/b><\/span><b><strong>Cesar Callegari \u2013\u00a0<\/strong><\/b>IBSA<br \/>\n<b><strong>Claudio Tanno &#8211;\u00a0<\/strong><\/b>Consultoria de Or\u00e7amento e Fiscaliza\u00e7\u00e3o Financeira da C\u00e2mara dos Deputados<br \/>\n<b><strong>Ursula Peres \u2013\u00a0<\/strong><\/b>EACH\/USP<br \/>\n<b><strong>Jos\u00e9 Marcelino Pinto \u2013\u00a0<\/strong><\/b>USP\/Ribeir\u00e3o Preto<br \/>\nMedia\u00e7\u00e3o:<b><strong>\u00a0Maria do Carmo Meirelles Toledo Cruz &#8211;\u00a0<\/strong><\/b>Unicid<\/p>\n<h3><span style=\"color: #ff0000\"><b>AULA 6 (clique <a href=\"https:\/\/www.youtube.com\/watch?v=RpT0PT6fqo4\">aqui<\/a> para assistir novamente)<\/b><\/span><\/h3>\n<p><b><u>14h30 \u00e0s 16h30<\/u> &#8211;\u00a0<\/b><b><strong><em>Equidade Educacional no contexto da Pandemia e da P\u00f3s-Pandemia<\/em><\/strong><\/b><\/p>\n<p style=\"padding-left: 40px\"><span style=\"color: #ff0000\"><b>Convidados:<br \/>\n<\/b><\/span><b><strong>Mario Volpi \u2013\u00a0<\/strong><\/b>Unicef<br \/>\n<b><strong>Olavo Nogueira &#8211;\u00a0<\/strong><\/b>Todos pela Educa\u00e7\u00e3o<br \/>\n<b><strong>Edneia Gon\u00e7alves &#8211;\u00a0<\/strong><\/b>A\u00e7\u00e3o Educativa<br \/>\n<b><strong>Veveu Arruda &#8211;\u00a0<\/strong><\/b>Associa\u00e7\u00e3o Bem Comum<br \/>\nMedia\u00e7\u00e3o:<b><strong>\u00a0Alexandre Schneider &#8211;\u00a0<\/strong><\/b>Singularidades<\/p>\n<p><b><u>16h45 \u00e0s 18h30<\/u> &#8211;\u00a0<\/b><b><strong><em>Encerramento<\/em><\/strong><\/b><\/p>\n<p><b><strong><em>Aprendizagens e Desafios analisando as pol\u00edticas sociais no Brasil a partir da CF 1988, considerando o princ\u00edpio de justi\u00e7a como equidade<br \/>\n<\/em><\/strong><\/b><b><em>Divulga\u00e7\u00e3o do livro do IPEA<\/em><\/b><\/p>\n<p style=\"padding-left: 40px\"><span style=\"color: #ff0000\"><b>Convidados:<br \/>\n<\/b><\/span><b><strong>Alicia Bonamino &#8211;\u00a0<\/strong><\/b>PUC-Rio<br \/>\n<b><strong>Cynthia Paes de Carvalho \u2013\u00a0<\/strong><\/b>PUC\/ Rio<br \/>\n<b><strong>Vanda Mendes Ribeiro \u2013\u00a0<\/strong><\/b>Unicid<br \/>\n<b><strong>Maria do Carmo Meirelles Toledo Cruz \u2013\u00a0<\/strong><\/b>Unicid<br \/>\n<b><strong>Alexsandro Santos \u2013\u00a0<\/strong><\/b>Escola do Parlamento\/Unicid<\/p>\n<p style=\"padding-left: 40px\">________________________________________________________________<\/p>\n<p><b><strong>FREQU\u00caNCIA:<\/strong><\/b>\u00a080%<\/p>\n<p><b><strong>CERTIFICA\u00c7\u00c3O:\u00a0<\/strong><\/b>SIM<\/p>\n<p><b><strong>PER\u00cdODO DE INSCRI\u00c7\u00c3O:\u00a0<\/strong><\/b>25 DE OUTUBRO A 8 DE NOVEMBRO<\/p>\n<p><span style=\"color: #ff0000\"><b><strong><br \/>\nATEN\u00c7\u00c3O:<\/strong><\/b><\/span><\/p>\n<p><b><strong>Usaremos a plataforma ZOOM para as aulas &#8211; os inscritos receber\u00e3o o link e a senha de acesso no email com que fizeram a inscri\u00e7\u00e3o.\u00a0<\/strong><\/b><b><strong>Lembre-se de entrar usando tamb\u00e9m esse mesmo email para podermos identificar voc\u00ea na sala!<\/strong><\/b><\/p>\n<p><b><strong>Teremos tamb\u00e9m transmiss\u00e3o online simult\u00e2nea pelo Canal da Escola do Parlamento no YouTube, mas salientamos que para garantir a presen\u00e7a e a certifica\u00e7\u00e3o VOC\u00ca DEVE ACOMPANHAR OS ENCONTROS PELO ZOOM.<\/strong><\/b><\/p>\n","protected":false},"excerpt":{"rendered":"<p>Parceria\u00a0Escola do Parlamento\u00a0e\u00a0Universidade Cidade de S\u00e3o Paulo &nbsp; ORGANIZA\u00c7\u00c3O:\u00a0Grupo de Pesquisa Implementa\u00e7\u00e3o de Pol\u00edticas Educacionais e Desigualdades Prof. Dr. Alexsandro Santos\u00a0(Escola do Parlamento\/Unicid) Profa. Dra. Maria do Carmo Meirelles Toledo Cruz\u00a0(Unicid) Profa. Dra. Vanda Mendes Ribeiro\u00a0(Unicid) Nas sociedades contempor\u00e2neas, a garantia do direito humano \u00e0 educa\u00e7\u00e3o tem sido assumida como uma responsabilidade incontorn\u00e1vel dos governos [&hellip;]<\/p>\n","protected":false},"author":522,"featured_media":0,"parent":25320,"menu_order":101,"comment_status":"closed","ping_status":"closed","template":"","meta":{"_acf_changed":false,"footnotes":""},"class_list":["post-26817","page","type-page","status-publish","hentry"],"acf":[],"_links":{"self":[{"href":"https:\/\/homolog.saopaulo.sp.leg.br\/escoladoparlamento\/wp-json\/wp\/v2\/pages\/26817","targetHints":{"allow":["GET"]}}],"collection":[{"href":"https:\/\/homolog.saopaulo.sp.leg.br\/escoladoparlamento\/wp-json\/wp\/v2\/pages"}],"about":[{"href":"https:\/\/homolog.saopaulo.sp.leg.br\/escoladoparlamento\/wp-json\/wp\/v2\/types\/page"}],"author":[{"embeddable":true,"href":"https:\/\/homolog.saopaulo.sp.leg.br\/escoladoparlamento\/wp-json\/wp\/v2\/users\/522"}],"replies":[{"embeddable":true,"href":"https:\/\/homolog.saopaulo.sp.leg.br\/escoladoparlamento\/wp-json\/wp\/v2\/comments?post=26817"}],"version-history":[{"count":5,"href":"https:\/\/homolog.saopaulo.sp.leg.br\/escoladoparlamento\/wp-json\/wp\/v2\/pages\/26817\/revisions"}],"predecessor-version":[{"id":26966,"href":"https:\/\/homolog.saopaulo.sp.leg.br\/escoladoparlamento\/wp-json\/wp\/v2\/pages\/26817\/revisions\/26966"}],"up":[{"embeddable":true,"href":"https:\/\/homolog.saopaulo.sp.leg.br\/escoladoparlamento\/wp-json\/wp\/v2\/pages\/25320"}],"wp:attachment":[{"href":"https:\/\/homolog.saopaulo.sp.leg.br\/escoladoparlamento\/wp-json\/wp\/v2\/media?parent=26817"}],"curies":[{"name":"wp","href":"https:\/\/api.w.org\/{rel}","templated":true}]}}