{"id":26828,"date":"2021-10-26T15:19:41","date_gmt":"2021-10-26T18:19:41","guid":{"rendered":"https:\/\/homolog.saopaulo.sp.leg.br\/escoladoparlamento\/?page_id=26828"},"modified":"2021-12-08T15:12:01","modified_gmt":"2021-12-08T18:12:01","slug":"paradiplomacia-municipios-entes-subnacionais-e-entes-nao-estatais-nas-relacoes-internacionais","status":"publish","type":"page","link":"https:\/\/homolog.saopaulo.sp.leg.br\/escoladoparlamento\/cursos\/cursos-anteriores\/cursos-realizados-em-2021\/paradiplomacia-municipios-entes-subnacionais-e-entes-nao-estatais-nas-relacoes-internacionais\/","title":{"rendered":"Paradiplomacia: munic\u00edpios, entes subnacionais e entes n\u00e3o-estatais nas Rela\u00e7\u00f5es Internacionais."},"content":{"rendered":"<p style=\"font-weight: 400\"><strong>\u201c<\/strong><strong>Paradiplomacia: munic\u00edpios, entes subnacionais e entes n\u00e3o-estatais nas Rela\u00e7\u00f5es Internacionais.<\/strong>\u201d<\/p>\n<p style=\"font-weight: 400\"><strong>\u00a0<\/strong><strong>DIRETOR RESPONS\u00c1VEL<\/strong><\/p>\n<p style=\"font-weight: 400\">Rubem Romancini<\/p>\n<p style=\"font-weight: 400\"><strong>\u00a0<\/strong><strong>COORDENA\u00c7\u00c3O<\/strong><\/p>\n<p style=\"font-weight: 400\">Profa.\u00a0Dr. Tatiana Berringer (UFABC\/NEEDDS)<\/p>\n<p style=\"font-weight: 400\">Pedro Henrique Campos (Escola do Parlamento)<\/p>\n<p style=\"font-weight: 400\">\u00a0<strong>NATUREZA DO EVENTO &#8211;<\/strong><strong>\u00a0mini curso &#8211; 8 horas<\/strong><\/p>\n<p style=\"font-weight: 400\">\u00a0<strong>JUSTIFICATIVA<\/strong><\/p>\n<p style=\"font-weight: 400\">\u00a0\u00a0\u00a0\u00a0\u00a0\u00a0\u00a0\u00a0\u00a0\u00a0\u00a0 A Diplomacia e o campo das Rela\u00e7\u00f5es Internacionais foram dominados, historicamente, pela centralidade dos Estados Na\u00e7\u00e3o como principais sujeitos e atores &#8211; ao menos desde seu surgimento na era moderna. Ao longo do s\u00e9culo XX, no entanto, o desenvolvimento embrion\u00e1rio de outros atores com capacidade de impactos internacionais levou a um cen\u00e1rio de mudan\u00e7a da centralidade estatal nas Rela\u00e7\u00f5es Internacionais por volta do fim do s\u00e9culo. Se na d\u00e9cada de 1990 o campo das Rela\u00e7\u00f5es Internacionais discutia a emerg\u00eancia de outros atores no plano internacional, ao longo das d\u00e9cadas seguintes ficou patente que grandes empresas e grandes centros urbanos s\u00e3o partes centrais da distribui\u00e7\u00e3o de cadeias produtivas e de movimenta\u00e7\u00f5es sociais diversas, sendo hoje impens\u00e1vel n\u00e3o inclu\u00ed-los nos debates das Rela\u00e7\u00f5es Internacionais. O estudo da paradiplomacia, portanto, debru\u00e7a-se sobre como esses atores n\u00e3o-estatais interagem nesse cen\u00e1rio e quais as implica\u00e7\u00f5es para a teoria das Rela\u00e7\u00f5es Internacionais e para a sociedade como um todo, dessa mudan\u00e7a nas rela\u00e7\u00f5es entre as diferentes regi\u00f5es do mundo.<\/p>\n<p style=\"font-weight: 400\">\u00a0\u00a0\u00a0\u00a0\u00a0\u00a0\u00a0\u00a0\u00a0\u00a0\u00a0 Nesse sentido, as grandes metr\u00f3poles globais ganharam destaque devido ao seu poder de atra\u00e7\u00e3o e influ\u00eancia, que exercem tanto dentro de fronteiras nacionais quanto para fora de seus pa\u00edses. Seja devido \u00e0 hiperconectividade caracter\u00edstica de nossa era digital, ou pela distribui\u00e7\u00e3o internacional das redes de produ\u00e7\u00e3o, o poder de atra\u00e7\u00e3o e influ\u00eancia de grandes metr\u00f3poles \u00e0s tem al\u00e7ado a patamares cada vez mais altos de import\u00e2ncia no cen\u00e1rio internacional.\u00a0 Metr\u00f3poles como a cidade de S\u00e3o Paulo e sua zona metropolitana interagem crescentemente com outras regi\u00f5es correlatas do globo, seja por meio de atores governamentais ou por meio de entes privados, de forma que a imbrica\u00e7\u00e3o da vida desses grandes centros levam \u00e0 necessidade do estudo dessas din\u00e2micas, inclusive sob a perspectiva dos direitos de cidadania e da vida pol\u00edtica das cidades.<\/p>\n<p style=\"font-weight: 400\">\u00a0 \u00a0 \u00a0 \u00a0 \u00a0 \u00a0 Na esteira desse processo, a cria\u00e7\u00e3o das Secretarias Municipais de Rela\u00e7\u00f5es Internacionais representa a institucionaliza\u00e7\u00e3o da inser\u00e7\u00e3o internacional de grandes cidades e metr\u00f3poles brasileiras. Na cidade de S\u00e3o Paulo, tida entre as pioneiras no Brasil neste processo de institucionaliza\u00e7\u00e3o, a cria\u00e7\u00e3o em 2001 da Secretaria Municipal de Rela\u00e7\u00f5es Internacionais &#8211; SMRI &#8211; foi um primeiro passo em uma das pol\u00edticas de ponta quando falamos de paradiplomacia institucional no pa\u00eds. Desde ent\u00e3o, diversas iniciativas e programas impactam inegavelmente a vida da cidade &#8211; ainda que a academia discuta a incipi\u00eancia de sua estrutura\u00e7\u00e3o como pol\u00edtica p\u00fablica integrada dentro do ecossistema da gest\u00e3o municipal. Seja pelo contato com representa\u00e7\u00f5es internacionais na cidade de S\u00e3o Paulo, como embaixadas e c\u00e2maras de com\u00e9rcio, seja pela participa\u00e7\u00e3o direta em programas de coopera\u00e7\u00e3o como a participa\u00e7\u00e3o em Redes de Cidades ou ades\u00e3o direta a pactos internacionais como o Pacto de Mil\u00e3o sobre Pol\u00edtica de Alimenta\u00e7\u00e3o Urbana (2015), a atua\u00e7\u00e3o aut\u00f4noma da cidade de S\u00e3o Paulo no plano internacional, dentro dos limites da CF\/88, n\u00e3o pode ser ignorada pelo campo das Rela\u00e7\u00f5es Internacionais &#8211; e tampouco pode a gest\u00e3o municipal descuidar de uma frente de pol\u00edtica p\u00fablica de tal impacto na economia e na sociedade locais.<\/p>\n<p><span style=\"font-weight: 400\">\u00a0 \u00a0 \u00a0 \u00a0 \u00a0 \u00a0\u00a0<\/span><span style=\"font-weight: 400\">Tendo em vista, portanto, a relev\u00e2ncia do tema tanto para o campo das Rela\u00e7\u00f5es Internacionais quanto para a vida na cidade de S\u00e3o Paulo, a Escola do Parlamento, em parceria com a Universidade Federal do ABC &#8211; UFABC, prop\u00f5em esse curso livre de forma a difundir o conhecimento para o pleno exerc\u00edcio da cidadania e para contribuir com o estudo sobre a nossa cidade, seu funcionamento, e sua inser\u00e7\u00e3o no cen\u00e1rio internacional.<\/span><\/p>\n<p style=\"font-weight: 400\"><strong>OBJETIVOS<\/strong><\/p>\n<p style=\"font-weight: 400\"><em>Compreender a evolu\u00e7\u00e3o hist\u00f3rica que impulsiona o estudo da Paradiplomacia;<\/em><\/p>\n<p style=\"font-weight: 400\"><em>Entender o papel dos entes n\u00e3o-estatais e subnacionais nas Rela\u00e7\u00f5es Internacionais;<\/em><\/p>\n<p style=\"font-weight: 400\"><em>Compreender a institucionaliza\u00e7\u00e3o da Paradiplomacia no munic\u00edpio de S\u00e3o Paulo e como essa experi\u00eancia se relaciona com o cen\u00e1rio internacional;<\/em><\/p>\n<p style=\"font-weight: 400\"><em>Entender o papel de atores pol\u00edticos locais no processo da Paradiplomacia.<\/em><\/p>\n<p style=\"font-weight: 400\"><strong>EMENTA<\/strong><\/p>\n<p style=\"font-weight: 400\">Paradiplomacia: entes subnacionais e entes n\u00e3o estatais nas Rela\u00e7\u00f5es Internacionais.<\/p>\n<p style=\"font-weight: 400\"><strong>METODOLOGIA<\/strong><\/p>\n<p style=\"font-weight: 400\">4 encontros virtuais de duas horas cada. Uma hora de exposi\u00e7\u00e3o e uma hora de debate em cada encontro.<\/p>\n<p style=\"font-weight: 400\"><strong>P\u00daBLICO-ALVO<\/strong><\/p>\n<p style=\"font-weight: 400\"><em>Estudantes de Ci\u00eancias Sociais, estudantes de Rela\u00e7\u00f5es Internacionais, pesquisadores e ativistas do campo da Pol\u00edtica Municipal, gestores p\u00fablicos e interessados em geral.<\/em><\/p>\n<p style=\"font-weight: 400\"><strong>VAGAS<\/strong><\/p>\n<p style=\"font-weight: 400\">200<\/p>\n<p style=\"font-weight: 400\"><strong>FREQU\u00caNCIA M\u00cdNIMA PARA CERTIFICA\u00c7\u00c3O:<\/strong><\/p>\n<p style=\"font-weight: 400\">75% (3 de\u00a04 aulas) de presen\u00e7a, auferidas pela presen\u00e7a dentro da plataforma Zoom.<\/p>\n<p style=\"font-weight: 400\"><strong>PROGRAMA\u00c7\u00c3O E SUGEST\u00c3O INICIAL DE CONVIDADOS :<\/strong><\/p>\n<table style=\"font-weight: 400\" width=\"0\">\n<tbody>\n<tr>\n<td width=\"142\"><strong>DATAS<\/strong><\/td>\n<td width=\"316\"><strong>TEMA<\/strong><\/td>\n<td width=\"212\"><strong>PROFESSORES<\/strong><\/td>\n<\/tr>\n<tr>\n<td width=\"142\">Aula 1: 08\/11\/2021 &#8211; 19h00 &#8211; 21h<\/td>\n<td width=\"316\"><em>Rela\u00e7\u00f5es Internacionais e Atores N\u00e3o-Estatais<\/em><\/td>\n<td width=\"212\">Diego Azzi<\/p>\n<p>Media\u00e7\u00e3o:Giorgio Romano<\/p>\n<p>&nbsp;<\/td>\n<\/tr>\n<tr>\n<td width=\"142\">Aula 2: 22\/11\/2021 &#8211;\u00a019h00 &#8211; 21h<\/td>\n<td width=\"316\"><em>A constru\u00e7\u00e3o da Secretaria Municipal de Rela\u00e7\u00f5es Internacionais em S\u00e3o Paulo\u00a0 &#8211; Relato de uma experi\u00eancia<\/em><\/td>\n<td width=\"212\">Giorgio Romano Schutte<\/p>\n<p>Media\u00e7\u00e3o:Gilberto Rodrigues<\/p>\n<p>&nbsp;<\/td>\n<\/tr>\n<tr>\n<td width=\"142\">Aula 3: 29\/11\/2021 &#8211;\u00a019h00 &#8211; 21h<\/td>\n<td width=\"316\"><em>Paradiplomacia<\/em><\/td>\n<td width=\"212\">Gilberto Rodrigues<\/p>\n<p>Media\u00e7\u00e3o:DAniel Angelim<\/p>\n<p>&nbsp;<\/td>\n<\/tr>\n<tr>\n<td width=\"142\">Aula 4: 06\/12\/2021 &#8211;\u00a019h00 &#8211; 21h<\/td>\n<td width=\"316\"><em>Verean\u00e7a e as Rela\u00e7\u00f5es Internacionais<\/em><\/p>\n<p><em>\u00a0<\/em><\/td>\n<td width=\"212\">Daniel Angelim<\/p>\n<p>Media\u00e7\u00e3o:Diego Azzi<\/p>\n<p>&nbsp;<\/td>\n<\/tr>\n<\/tbody>\n<\/table>\n","protected":false},"excerpt":{"rendered":"<p>\u201cParadiplomacia: munic\u00edpios, entes subnacionais e entes n\u00e3o-estatais nas Rela\u00e7\u00f5es Internacionais.\u201d \u00a0DIRETOR RESPONS\u00c1VEL Rubem Romancini \u00a0COORDENA\u00c7\u00c3O Profa.\u00a0Dr. Tatiana Berringer (UFABC\/NEEDDS) Pedro Henrique Campos (Escola do Parlamento) \u00a0NATUREZA DO EVENTO &#8211;\u00a0mini curso &#8211; 8 horas \u00a0JUSTIFICATIVA \u00a0\u00a0\u00a0\u00a0\u00a0\u00a0\u00a0\u00a0\u00a0\u00a0\u00a0 A Diplomacia e o campo das Rela\u00e7\u00f5es Internacionais foram dominados, historicamente, pela centralidade dos Estados Na\u00e7\u00e3o como principais sujeitos e [&hellip;]<\/p>\n","protected":false},"author":297,"featured_media":0,"parent":25320,"menu_order":97,"comment_status":"closed","ping_status":"closed","template":"","meta":{"_acf_changed":false,"footnotes":""},"class_list":["post-26828","page","type-page","status-publish","hentry"],"acf":[],"_links":{"self":[{"href":"https:\/\/homolog.saopaulo.sp.leg.br\/escoladoparlamento\/wp-json\/wp\/v2\/pages\/26828","targetHints":{"allow":["GET"]}}],"collection":[{"href":"https:\/\/homolog.saopaulo.sp.leg.br\/escoladoparlamento\/wp-json\/wp\/v2\/pages"}],"about":[{"href":"https:\/\/homolog.saopaulo.sp.leg.br\/escoladoparlamento\/wp-json\/wp\/v2\/types\/page"}],"author":[{"embeddable":true,"href":"https:\/\/homolog.saopaulo.sp.leg.br\/escoladoparlamento\/wp-json\/wp\/v2\/users\/297"}],"replies":[{"embeddable":true,"href":"https:\/\/homolog.saopaulo.sp.leg.br\/escoladoparlamento\/wp-json\/wp\/v2\/comments?post=26828"}],"version-history":[{"count":5,"href":"https:\/\/homolog.saopaulo.sp.leg.br\/escoladoparlamento\/wp-json\/wp\/v2\/pages\/26828\/revisions"}],"predecessor-version":[{"id":27017,"href":"https:\/\/homolog.saopaulo.sp.leg.br\/escoladoparlamento\/wp-json\/wp\/v2\/pages\/26828\/revisions\/27017"}],"up":[{"embeddable":true,"href":"https:\/\/homolog.saopaulo.sp.leg.br\/escoladoparlamento\/wp-json\/wp\/v2\/pages\/25320"}],"wp:attachment":[{"href":"https:\/\/homolog.saopaulo.sp.leg.br\/escoladoparlamento\/wp-json\/wp\/v2\/media?parent=26828"}],"curies":[{"name":"wp","href":"https:\/\/api.w.org\/{rel}","templated":true}]}}