{"id":26958,"date":"2021-11-28T12:32:17","date_gmt":"2021-11-28T15:32:17","guid":{"rendered":"https:\/\/homolog.saopaulo.sp.leg.br\/escoladoparlamento\/?page_id=26958"},"modified":"2022-02-07T11:46:22","modified_gmt":"2022-02-07T14:46:22","slug":"cpi-em-acao-a-experiencia-da-camara-municipal-de-sao-paulo","status":"publish","type":"page","link":"https:\/\/homolog.saopaulo.sp.leg.br\/escoladoparlamento\/cursos\/cursos-anteriores\/cursos-realizados-em-2021\/cpi-em-acao-a-experiencia-da-camara-municipal-de-sao-paulo\/","title":{"rendered":"CPI em a\u00e7\u00e3o: a experi\u00eancia da C\u00e2mara Municipal de S\u00e3o Paulo"},"content":{"rendered":"<h4><strong>Reveja o Semin\u00e1rio clicando <a href=\"https:\/\/www.youtube.com\/watch?v=C0bPQIOy2sw\">AQUI<\/a><br \/>\nBaixe\u00a0<\/strong><strong>o <em>Guia Introdut\u00f3rio sobre CPIS<\/em> clicando\u00a0<\/strong><strong><a href=\"https:\/\/homolog.saopaulo.sp.leg.br\/wp-content\/uploads\/2021\/12\/PROCURADORIA_CMSP_Guia_Introdutorio_sobre_CPIS.pdf\">AQUI<\/a><br \/>\nBaixe <a href=\"https:\/\/homolog.saopaulo.sp.leg.br\/wp-content\/uploads\/2021\/12\/revista_da_procuradoria_2021_WEB_20211209.pdf\">AQUI<\/a> o seu exemplar da <em>Revista da Procuradoria da C\u00e2mara &#8211; 2021<\/em><\/strong><\/h4>\n<p style=\"font-weight: 400\">A import\u00e2ncia do Semin\u00e1rio\u00a0<strong>CPI em a\u00e7\u00e3o: a experi\u00eancia da C\u00e2mara Municipal de S\u00e3o Paulo<\/strong>\u00a0\u00e9 ressaltada pelo fato de a C\u00e2mara Municipal de S\u00e3o Paulo, contar de maneira in\u00e9dita com cinco CPIs simult\u00e2neas em 2021 :\u00a0<strong>CPI da Pirataria<\/strong>\u00a0(presidida pelo Nobre Vereador Camilo Crist\u00f3faro e instalada em 27.10.21);\u00a0<strong>CPI da Prevent Senior<\/strong>\u00a0(presidida pelo Nobre Vereador Antonio Donato e instalada em 7.10.2021);\u00a0\u00a0<strong>CPI da Viol\u00eancia contra Pessoas Trans e Travestis<\/strong>\u00a0(presidida pela Nobre Vereadora Erika Hilton e instalada em 24.09.2021);\u00a0\u00a0<strong>CPI dos Animais<\/strong>\u00a0(presidida pelo Nobre Vereador Felipe Becari e instalada em 02.03.2021);\u00a0<strong>CPI dos Aplicativos<\/strong> (presidida pelo Nobre Vereador Adilson Amadeu e instalada em 02.03.2021).<\/p>\n<p style=\"font-weight: 400\">Participam o Exmo. Sr. Prefeito de S\u00e3o Paulo, Ricardo Nunes, que quando Vereador presidiu a CPI da Sonega\u00e7\u00e3o Tribut\u00e1ria, a ilustre Desembargadora dra. M\u00aa Cristina Zucchi que, integrando o \u00d3rg\u00e3o Especial do Tribunal de Justi\u00e7a de S\u00e3o Paulo conduziu voto vencedor que permitiu a continuidade dessa CPI, e a insigne Desembargadora Federal dra. Consuelo Yoshida, Vice-Presidente do Tribunal Regional Federal da 3\u00aa Regi\u00e3o.<\/p>\n<p style=\"font-weight: 400\">O evento, que tem o apoio da Escola do Parlamento e do Centro de Estudos Legislativos (CELEG) da Procuradoria da C\u00e2mara, marca tamb\u00e9m o lan\u00e7amento do\u00a0<em>Guia Digital Introdut\u00f3rio sobre CPIs<\/em>, elaborado pela Procuradoria Legislativa, para subsidiar as assessorias parlamentares, bem como da edi\u00e7\u00e3o de 2021 da\u00a0<em>Revista da Procuradoria da C\u00e2mara<\/em>.<\/p>\n<h2 style=\"font-weight: 400\"><strong>Sexta-feira, 10 de dezembro de 2021<br \/>\ndas 9h30 \u00e0s 11h30<\/strong><\/h2>\n<p style=\"font-weight: 400\">Acompanhe\u00a0<strong>presencialmente<\/strong>\u00a0(mediante comprovante de vacina\u00e7\u00e3o) &#8211; Sal\u00e3o Nobre, 8\u00ba andar, da C\u00e2mara Municipal de S\u00e3o Paulo, Viaduto Jacare\u00ed, n\u00ba 100, Bela Vista, S\u00e3o Paulo \u2013 SP<\/p>\n<p style=\"font-weight: 400\">Ou\u00a0<strong>virtualmente<\/strong>\u00a0atrav\u00e9s de transmiss\u00e3o simult\u00e2nea pelo Canal Oficial da<strong>\u00a0<\/strong><a href=\"https:\/\/www.youtube.com\/c\/C%C3%A2maraMunicipaldeS%C3%A3oPaulo\">C\u00e2mara Municipal de S\u00e3o Paulo no YouTube<\/a><\/p>\n<p>&nbsp;<\/p>\n<h2><span style=\"color: #000000\">Inscri\u00e7\u00f5es:<\/span> <span style=\"color: #ff0000\">encerradas<\/span><\/h2>\n<p style=\"font-weight: 400\"><span style=\"color: #ff0000\"><strong>ATEN\u00c7\u00c3O:<\/strong><\/span>\u00a0<strong>somente ser\u00e1 certificado quem responder a um question\u00e1rio que ser\u00e1 enviado ap\u00f3s o Semin\u00e1rio para o e-mail com que foi feita a inscri\u00e7\u00e3o.<\/strong><\/p>\n<h3 style=\"font-weight: 400\"><span style=\"color: #ff0000\"><strong>Programa\u00e7\u00e3o:<\/strong><\/span><\/h3>\n<p style=\"font-weight: 400\"><strong>9h30<\/strong>\u00a0&#8211; Ricardo Nunes \u2013 Prefeito de S\u00e3o Paulo<\/p>\n<p style=\"font-weight: 400\"><strong>9h45<\/strong>\u00a0&#8211; Milton Leite \u2013 Presidente da C\u00e2mara Municipal de S\u00e3o Paulo<\/p>\n<p style=\"font-weight: 400\"><strong>10h<\/strong>\u00a0&#8211; Desembargadora dra. Consuelo Yoshida, Vice-Presidente do TRF da 3\u00aa Regi\u00e3o \u2013 \u201cA CPI na Constitui\u00e7\u00e3o Federal de 1988: aspectos gerais\u201d<\/p>\n<p style=\"font-weight: 400\"><strong>10h20\u00a0<\/strong>&#8211; Desembargadora Dra. Maria Cristina Zucchi, integrante do \u00d3rg\u00e3o Especial do Tribunal de Justi\u00e7a do Estado de S\u00e3o Paulo \u2013 \u201cA CPI e o Fato Determinado\u201d<\/p>\n<p style=\"font-weight: 400\"><strong>10h40<\/strong>\u00a0\u2013 Dr. Alexandre Kimura \u2013 Procurador Chefe da ALESP \u2013 \u201cTend\u00eancias jurisprudenciais sobre CPIs\u201d<\/p>\n<p style=\"font-weight: 400\"><strong>11h<\/strong>\u00a0\u2013 Dra. Maria Nazar\u00e9 Lins Barbosa \u2013 Procuradora Chefe da C\u00e2mara Municipal de S\u00e3o Paulo &#8211;\u00a0 Apresenta\u00e7\u00e3o do \u201cGuia Digital Introdut\u00f3rio sobre CPIs\u201d<\/p>\n<p style=\"font-weight: 400\"><strong>11h10<\/strong>\u00a0\u2013 Dr. Ricardo Teixeira da Silva \u2013 Procurador Legislativo \u2013 \u201cAssessoria \u00e0s CPIs: o papel da Procuradoria\u201d<\/p>\n<p style=\"font-weight: 400\"><strong>11h20<\/strong> \u2013 Sauda\u00e7\u00f5es finais<\/p>\n<p style=\"font-weight: 400\"><strong>11h30<\/strong> \u2013 encerramento<\/p>\n<p>&nbsp;<\/p>\n","protected":false},"excerpt":{"rendered":"<p>Reveja o Semin\u00e1rio clicando AQUI Baixe\u00a0o Guia Introdut\u00f3rio sobre CPIS clicando\u00a0AQUI Baixe AQUI o seu exemplar da Revista da Procuradoria da C\u00e2mara &#8211; 2021 A import\u00e2ncia do Semin\u00e1rio\u00a0CPI em a\u00e7\u00e3o: a experi\u00eancia da C\u00e2mara Municipal de S\u00e3o Paulo\u00a0\u00e9 ressaltada pelo fato de a C\u00e2mara Municipal de S\u00e3o Paulo, contar de maneira in\u00e9dita com cinco CPIs [&hellip;]<\/p>\n","protected":false},"author":522,"featured_media":0,"parent":25320,"menu_order":92,"comment_status":"closed","ping_status":"closed","template":"","meta":{"_acf_changed":false,"footnotes":""},"class_list":["post-26958","page","type-page","status-publish","hentry"],"acf":[],"_links":{"self":[{"href":"https:\/\/homolog.saopaulo.sp.leg.br\/escoladoparlamento\/wp-json\/wp\/v2\/pages\/26958","targetHints":{"allow":["GET"]}}],"collection":[{"href":"https:\/\/homolog.saopaulo.sp.leg.br\/escoladoparlamento\/wp-json\/wp\/v2\/pages"}],"about":[{"href":"https:\/\/homolog.saopaulo.sp.leg.br\/escoladoparlamento\/wp-json\/wp\/v2\/types\/page"}],"author":[{"embeddable":true,"href":"https:\/\/homolog.saopaulo.sp.leg.br\/escoladoparlamento\/wp-json\/wp\/v2\/users\/522"}],"replies":[{"embeddable":true,"href":"https:\/\/homolog.saopaulo.sp.leg.br\/escoladoparlamento\/wp-json\/wp\/v2\/comments?post=26958"}],"version-history":[{"count":5,"href":"https:\/\/homolog.saopaulo.sp.leg.br\/escoladoparlamento\/wp-json\/wp\/v2\/pages\/26958\/revisions"}],"predecessor-version":[{"id":27033,"href":"https:\/\/homolog.saopaulo.sp.leg.br\/escoladoparlamento\/wp-json\/wp\/v2\/pages\/26958\/revisions\/27033"}],"up":[{"embeddable":true,"href":"https:\/\/homolog.saopaulo.sp.leg.br\/escoladoparlamento\/wp-json\/wp\/v2\/pages\/25320"}],"wp:attachment":[{"href":"https:\/\/homolog.saopaulo.sp.leg.br\/escoladoparlamento\/wp-json\/wp\/v2\/media?parent=26958"}],"curies":[{"name":"wp","href":"https:\/\/api.w.org\/{rel}","templated":true}]}}