{"id":27053,"date":"2022-01-12T20:04:59","date_gmt":"2022-01-12T23:04:59","guid":{"rendered":"https:\/\/homolog.saopaulo.sp.leg.br\/escoladoparlamento\/?page_id=27053"},"modified":"2022-08-08T18:08:41","modified_gmt":"2022-08-08T21:08:41","slug":"curso-de-extensao-politicas-publicas-de-habitacao","status":"publish","type":"page","link":"https:\/\/homolog.saopaulo.sp.leg.br\/escoladoparlamento\/selecao-de-docentes\/credenciamento-cursos-livres-extensao-pos\/curso-de-extensao-politicas-publicas-de-habitacao\/","title":{"rendered":"Curso de Extens\u00e3o Universit\u00e1ria Pol\u00edticas P\u00fablicas de Habita\u00e7\u00e3o: Desafios e Perspectivas do Direito \u00e0 Moradia e do Direito \u00e0 Cidade"},"content":{"rendered":"<h2><strong>Descri\u00e7\u00e3o da Atividade<\/strong><\/h2>\n<p>Curso de extens\u00e3o universit\u00e1ria, desenvolvido em regime presencial ou de aprendizagem remota, com recursos de plataforma de transmiss\u00e3o virtual e com carga hor\u00e1ria total de 14 horas. O curso mobilizar\u00e1 o repert\u00f3rio te\u00f3rico, conceitual e anal\u00edtico interdisciplinar, notadamente das \u00e1reas da Administra\u00e7\u00e3o P\u00fablica e Governo, da Ci\u00eancia Pol\u00edtica, do Planejamento Territorial e Urbano, da Arquitetura e Urbanismo, do Direito e da Geografia para discutir, sistematizar e aprofundar a reflex\u00e3o cr\u00edtica sobre:<\/p>\n<ol>\n<li>Direitos Humanos, Direito Humano \u00e0 Moradia e Direito Humano \u00e0 Cidade;<\/li>\n<li>A constru\u00e7\u00e3o coletiva da cidade e o Planejamento Urbano;<\/li>\n<li>Desafios das pol\u00edticas p\u00fablicas de Habita\u00e7\u00e3o nas Cidades;<\/li>\n<li>Instrumentos da Regula\u00e7\u00e3o Urbana e Cidades Contempor\u00e2neas;<\/li>\n<li>Desigualdades, Vulnerabilidades e Territ\u00f3rio das Cidades.<\/li>\n<\/ol>\n<p>========================<\/p>\n<h2><span style=\"color: #000000\"><strong>Comunicados e Divulga\u00e7\u00e3o de Etapas<\/strong><\/span><\/h2>\n<p><strong><span style=\"color: #ff0000\">INSCRI\u00c7\u00d5ES ENCERRADAS<\/span><\/strong><\/p>\n<p><span style=\"color: #ff0000\"><strong><a style=\"color: #ff0000\" href=\"https:\/\/homolog.saopaulo.sp.leg.br\/escoladoparlamento\/wp-content\/uploads\/sites\/5\/2022\/01\/EDITAL-EP-02.22-Poli\u0301ticas-Pu\u0301blicas-de-Habitac\u0327a\u0303o_-Desafios-e-Perspectivas-do-Direito-a\u0300-Moradia.pdf\">Edital de Credenciamento<\/a><\/strong><\/span><\/p>\n<p>1\u00aa Fase: Habilita\u00e7\u00e3o<\/p>\n<p><span style=\"color: #ff0000\"><strong><a style=\"color: #ff0000\" href=\"https:\/\/homolog.saopaulo.sp.leg.br\/escoladoparlamento\/wp-content\/uploads\/sites\/5\/2022\/02\/Divulgacao-Preliminar-de-Inscricoes-Habilitadas.pdf\">Divulga\u00e7\u00e3o Preliminar de Inscri\u00e7\u00f5es Habilitadas<\/a><\/strong><\/span><\/p>\n<p><span style=\"color: #ff0000\"><strong><a style=\"color: #ff0000\" href=\"https:\/\/homolog.saopaulo.sp.leg.br\/escoladoparlamento\/wp-content\/uploads\/sites\/5\/2022\/02\/Divulgacao-Definitiva-de-Inscricoes-Habilitadas.pdf\">Divulga\u00e7\u00e3o Definitiva de Inscri\u00e7\u00f5es Habilitadas<\/a> <\/strong><\/span><\/p>\n<p>2\u00aa Fase: Contagem de Pontos para avalia\u00e7\u00e3o e ordenamento de credenciados<\/p>\n<p><span style=\"color: #0000ff\"><strong><a style=\"color: #0000ff\" href=\"https:\/\/homolog.saopaulo.sp.leg.br\/escoladoparlamento\/wp-content\/uploads\/sites\/5\/2022\/02\/Divulgacao-Preliminar-de-Resultado-do-Credenciamento.pdf\">Divulga\u00e7\u00e3o Preliminar de Resultado do Credenciamento<\/a><\/strong><\/span><\/p>\n<p><strong><span style=\"color: #ff0000\"><span style=\"color: #000000\">Formul\u00e1rio de recurso contra o Resultado Preliminar<\/span> ENCERRADO<\/span><\/strong><\/p>\n<p><strong><a href=\"https:\/\/drive.google.com\/file\/d\/1elVEAEiFSaArfHqcSHWDUoIuOQiFwIpX\/view\">Resultado Final Credenciamento<\/a><\/strong><\/p>\n<pre><strong>CONVOCA\u00c7\u00c3O PARA CONTRATA\u00c7\u00c3O<\/strong>\r\nA Escola do Parlamento da C\u00e2mara Municipal de S\u00e3o Paulo convoca para contrata\u00e7\u00e3o como facilitador de aprendizagem e conteudista o candidato PAULO ROMANO RESCHILIAN. Para formalizar o processo de contrata\u00e7\u00e3o, O candidato dever\u00e1 manifestar o interesse, atrav\u00e9s de resposta ao e-mail encaminhado pela Escola at\u00e9 o dia 04\/03\/2022.<\/pre>\n<h3><\/h3>\n<h3><strong>Cronograma relativo ao Edital:<\/strong><\/h3>\n<p>========================<\/p>\n<h2><strong>Documentos para inscri\u00e7\u00e3o:<\/strong><\/h2>\n<p><strong><span style=\"color: #ff0000\"><a style=\"color: #ff0000\" href=\"https:\/\/homolog.saopaulo.sp.leg.br\/escoladoparlamento\/wp-content\/uploads\/sites\/5\/2022\/01\/EDITAL-EP-02.22-ANEXO-II-Edital-Politicas_Habitacao_EP.docx\">Anexo II &#8211; Declara\u00e7\u00e3o de Autenticidade<\/a> <\/span><\/strong><\/p>\n<p><strong><span style=\"color: #ff0000\"><a style=\"color: #ff0000\" href=\"https:\/\/homolog.saopaulo.sp.leg.br\/escoladoparlamento\/wp-content\/uploads\/sites\/5\/2022\/01\/EDITAL-EP-02.22-ANEXO-III-Edital-Politicas_Habitacao_EP.docx\">Anexo III &#8211; Declara\u00e7\u00e3o de apresenta\u00e7\u00e3o de comprovantes de experi\u00eancia profissional e produ\u00e7\u00e3o acad\u00eamica submetidos para an\u00e1lise<\/a>\u00a0<\/span><\/strong><\/p>\n<p><strong><span style=\"color: #ff0000\"><a style=\"color: #ff0000\" href=\"https:\/\/homolog.saopaulo.sp.leg.br\/escoladoparlamento\/wp-content\/uploads\/sites\/5\/2022\/01\/DECLARAC\u0327A\u0303O-PPHDP_01A.docx\">DECLARAC\u0327A\u0303O-PPHDP_01A<\/a> <\/span><\/strong><\/p>\n<p><strong><span style=\"color: #ff0000\"><a style=\"color: #ff0000\" href=\"https:\/\/homolog.saopaulo.sp.leg.br\/escoladoparlamento\/wp-content\/uploads\/sites\/5\/2022\/01\/DECLARAC\u0327A\u0303O-PPHDP_01B.docx\">DECLARAC\u0327A\u0303O-PPHDP_01B<\/a><\/span><\/strong><\/p>\n<p><strong><span style=\"color: #ff0000\"><a style=\"color: #ff0000\" href=\"https:\/\/homolog.saopaulo.sp.leg.br\/escoladoparlamento\/wp-content\/uploads\/sites\/5\/2022\/01\/Declaracao-PPHDP_02.docx\">DECLARA\u00c7\u00c3O-PPHDP_02<\/a><\/span><\/strong><\/p>\n<p>========================<\/p>\n<h2 style=\"text-align: left\"><strong>Cronograma do Edital:<\/strong><\/h2>\n<table class=\" aligncenter\" style=\"height: 554px\" width=\"587\">\n<tbody>\n<tr>\n<td width=\"397\"><strong>EVENTO<\/strong><\/td>\n<td width=\"176\"><strong>DATA<\/strong><\/td>\n<\/tr>\n<tr>\n<td width=\"397\"><strong>Publica\u00e7\u00e3o do Edital de Credenciamento no Di\u00e1rio Oficial do Munic\u00edpio<\/strong><\/td>\n<td width=\"176\"><strong>15\/01\/2022<\/strong><\/td>\n<\/tr>\n<tr>\n<td width=\"397\"><strong>Per\u00edodo de Inscri\u00e7\u00e3o<\/strong><\/td>\n<td width=\"176\"><strong>das 10h00 de 17\/01\/2022 at\u00e9 \u00e0s 23h59 de 08\/02\/2022<\/strong><\/td>\n<\/tr>\n<tr>\n<td width=\"397\"><strong>Publica\u00e7\u00e3o da lista de inscri\u00e7\u00f5es habilitadas<\/strong><\/td>\n<td width=\"176\"><strong>11\/02\/2022<\/strong><\/td>\n<\/tr>\n<tr>\n<td width=\"397\"><strong>Interposi\u00e7\u00e3o de recurso contra n\u00e3o-habilita\u00e7\u00e3o de inscri\u00e7\u00e3o<\/strong><\/td>\n<td width=\"176\"><strong>das 10h00 de 11\/02\/2022 at\u00e9 \u00e0s 23h59 de 13\/02\/2022<\/strong><\/td>\n<\/tr>\n<tr>\n<td width=\"397\"><strong>Publica\u00e7\u00e3o da an\u00e1lise de recursos contra n\u00e3o-habilita\u00e7\u00e3o de inscri\u00e7\u00e3o<\/strong><\/td>\n<td width=\"176\"><strong>15\/02\/2022<\/strong><\/td>\n<\/tr>\n<tr>\n<td width=\"397\"><strong>Publica\u00e7\u00e3o do Resultado preliminar do processo de credenciamento<\/strong><\/td>\n<td width=\"176\"><strong>22\/02\/2022<\/strong><\/td>\n<\/tr>\n<tr>\n<td width=\"397\"><strong>Interposi\u00e7\u00e3o de recurso contra resultado preliminar<\/strong><\/td>\n<td width=\"176\"><strong>das 10h00 de 22\/02\/2022 at\u00e9 \u00e0s 23h59 de 23\/02\/2022<\/strong><\/td>\n<\/tr>\n<tr>\n<td width=\"397\"><strong>Publica\u00e7\u00e3o do Resultado final do processo de credenciamento<\/strong><\/td>\n<td width=\"176\"><strong>26\/02\/2022<\/strong><\/td>\n<\/tr>\n<\/tbody>\n<\/table>\n","protected":false},"excerpt":{"rendered":"<p>Descri\u00e7\u00e3o da Atividade Curso de extens\u00e3o universit\u00e1ria, desenvolvido em regime presencial ou de aprendizagem remota, com recursos de plataforma de transmiss\u00e3o virtual e com carga hor\u00e1ria total de 14 horas. O curso mobilizar\u00e1 o repert\u00f3rio te\u00f3rico, conceitual e anal\u00edtico interdisciplinar, notadamente das \u00e1reas da Administra\u00e7\u00e3o P\u00fablica e Governo, da Ci\u00eancia Pol\u00edtica, do Planejamento Territorial e [&hellip;]<\/p>\n","protected":false},"author":297,"featured_media":0,"parent":18324,"menu_order":90,"comment_status":"closed","ping_status":"closed","template":"","meta":{"_acf_changed":false,"footnotes":""},"class_list":["post-27053","page","type-page","status-publish","hentry"],"acf":[],"_links":{"self":[{"href":"https:\/\/homolog.saopaulo.sp.leg.br\/escoladoparlamento\/wp-json\/wp\/v2\/pages\/27053","targetHints":{"allow":["GET"]}}],"collection":[{"href":"https:\/\/homolog.saopaulo.sp.leg.br\/escoladoparlamento\/wp-json\/wp\/v2\/pages"}],"about":[{"href":"https:\/\/homolog.saopaulo.sp.leg.br\/escoladoparlamento\/wp-json\/wp\/v2\/types\/page"}],"author":[{"embeddable":true,"href":"https:\/\/homolog.saopaulo.sp.leg.br\/escoladoparlamento\/wp-json\/wp\/v2\/users\/297"}],"replies":[{"embeddable":true,"href":"https:\/\/homolog.saopaulo.sp.leg.br\/escoladoparlamento\/wp-json\/wp\/v2\/comments?post=27053"}],"version-history":[{"count":5,"href":"https:\/\/homolog.saopaulo.sp.leg.br\/escoladoparlamento\/wp-json\/wp\/v2\/pages\/27053\/revisions"}],"predecessor-version":[{"id":27915,"href":"https:\/\/homolog.saopaulo.sp.leg.br\/escoladoparlamento\/wp-json\/wp\/v2\/pages\/27053\/revisions\/27915"}],"up":[{"embeddable":true,"href":"https:\/\/homolog.saopaulo.sp.leg.br\/escoladoparlamento\/wp-json\/wp\/v2\/pages\/18324"}],"wp:attachment":[{"href":"https:\/\/homolog.saopaulo.sp.leg.br\/escoladoparlamento\/wp-json\/wp\/v2\/media?parent=27053"}],"curies":[{"name":"wp","href":"https:\/\/api.w.org\/{rel}","templated":true}]}}