{"id":27142,"date":"2022-01-21T11:43:50","date_gmt":"2022-01-21T14:43:50","guid":{"rendered":"https:\/\/homolog.saopaulo.sp.leg.br\/escoladoparlamento\/?page_id=27142"},"modified":"2022-02-07T15:52:50","modified_gmt":"2022-02-07T18:52:50","slug":"desenvolvimento-de-cidades-latino-americanas-pos-surgimento-da-pandemia-de-covid-19","status":"publish","type":"page","link":"https:\/\/homolog.saopaulo.sp.leg.br\/escoladoparlamento\/cursos\/cursos-anteriores\/cursos-realizados-em-2022\/desenvolvimento-de-cidades-latino-americanas-pos-surgimento-da-pandemia-de-covid-19\/","title":{"rendered":"Desenvolvimento de Cidades Latino-Americanas no Contexto da (P\u00f3s) Pandemia de COVID"},"content":{"rendered":"<p>Reveja o debate clicando <a href=\"https:\/\/www.youtube.com\/watch?v=JjS6DL6PGsU\">AQUI<\/a><\/p>\n<p>A pandemia de SARS-COV2, que causa a doen\u00e7a COVID 19, trouxe a toda a humanidade uma s\u00e9rie de desafios inesperados. Cadeias log\u00edsticas se desorganizaram, as formas das rela\u00e7\u00f5es sociais se alteraram, crises sanit\u00e1rias, m\u00e9dicas e alimentares, para limitar o escopo dos exemplos, fizeram com que pol\u00edticas econ\u00f4micas fossem repensadas, com que recursos p\u00fablicos e privados fossem realocados e com que novas formas de sociabilidade surgissem em velocidade impens\u00e1vel em outras \u00e9pocas da humanidade.<\/p>\n<p>Nesse contexto, a regula\u00e7\u00e3o, o planejamento e a gest\u00e3o da vida em centros urbanos conta com desafios espec\u00edficos que governos e demais formas de organiza\u00e7\u00e3o social devem for\u00e7osamente enfrentar. Para que isso aconte\u00e7a, \u00e9 necess\u00e1rio voltar as ferramentas de que dispomos para buscar solu\u00e7\u00f5es adequadas \u00e0 monta dos desafios pela frente.<\/p>\n<p>A Escola do Parlamento, em parceria com a UFABC e a CEPAL, promovem o debate \u201cDesafios das cidades latino-americanas no p\u00f3s pandemia de covid 19\u201c, para jogar luz sobre este tema &#8211; sob a tutela do conhecimento cient\u00edfico. Como governos e cidades devem enfrentar o cen\u00e1rio que vivemos? Quais s\u00e3o os cen\u00e1rios mais prov\u00e1veis para os anos subsequentes, e como munic\u00edpios devem se preparar para eles?<\/p>\n<p>Tendo em vista, por fim, a miss\u00e3o institucional prec\u00edpua da Escola do Parlamento, notadamente a promo\u00e7\u00e3o de direitos de cidadania, essa atividade tem como p\u00fablico alvo estudantes universit\u00e1rios, acad\u00eamicos, e o p\u00fablico amplo interessado em acompanhar poss\u00edveis estrat\u00e9gias a serem implementadas para a garantia do exerc\u00edcio da cidadania e da cont\u00ednua melhora da vida em sociedade.<\/p>\n<p>OBJETIVOS:<\/p>\n<p>Analisar cen\u00e1rios poss\u00edveis para cidades latino-americanas p\u00f3s pandemia de SARS-COV2 (COVID-19)<\/p>\n<p>Analisar como e quais poss\u00edveis pol\u00edticas p\u00fablicas podem favorecer o enfrentamento dos desafios impostos por este cen\u00e1rio<\/p>\n<p>P\u00daBLICO ALVO: estudantes, pesquisadores e demais interessados.<\/p>\n<p>VAGAS: 500.<\/p>\n<p>CARGA HOR\u00c1RIA TOTAL: 2 HORAS<\/p>\n<p>LOCAL: Plataforma ZOOM, com transmiss\u00e3o ao vivo pelo Youtube<\/p>\n<p>DATA E HOR\u00c1RIO: Sexta-feira das 17h \u00e0s 19h.<\/p>\n<p>CRONOGRAMA:<\/p>\n<table style=\"font-weight: 400;height: 239px\" width=\"816\" data-tablestyle=\"MsoTableGrid\" data-tablelook=\"1696\">\n<tbody>\n<tr>\n<td data-celllook=\"0\">\n<p style=\"text-align: center\"><span data-contrast=\"none\">DATA E HOR\u00c1RIO<\/span><\/p>\n<\/td>\n<td data-celllook=\"0\">\n<p style=\"text-align: center\"><span data-contrast=\"none\">TEMA \/ AULA<\/span><span data-ccp-props=\"{&quot;201341983&quot;:0,&quot;335559740&quot;:259}\">\u00a0<\/span><\/p>\n<\/td>\n<td data-celllook=\"0\">\n<p style=\"text-align: center\"><span data-contrast=\"none\">PROFESSOR(ES)<\/span><span data-ccp-props=\"{&quot;201341983&quot;:0,&quot;335559740&quot;:259}\">\u00a0<\/span><\/p>\n<\/td>\n<\/tr>\n<tr>\n<td data-celllook=\"0\">\n<p style=\"text-align: center\"><span data-contrast=\"none\">28\/01<\/span><\/p>\n<p style=\"text-align: center\"><span data-contrast=\"none\">17h \u00e0s 19h<\/span><\/p>\n<\/td>\n<td data-celllook=\"0\"><span data-contrast=\"none\">Desenvolvimento de Cidades Latino-Americanas p\u00f3s-surgimento da Pandemia de Covid-19<\/span><\/td>\n<td data-celllook=\"0\"><span data-contrast=\"none\">Prof. Dr. Alexsandro do Nascimento Santos\u00a0 \u00a0 \u00a0 \u00a0 \u00a0<\/span><\/p>\n<p><span data-contrast=\"none\">Prof. Dr. Bruno Lana (CEPAL)\u00a0 \u00a0 \u00a0\u00a0<\/span><\/p>\n<p><span data-contrast=\"none\">Prof. Dra. Luciana Travassos (LaPlan\/ UFABC)<\/span><span data-ccp-props=\"{&quot;201341983&quot;:0,&quot;335559740&quot;:259}\">\u00a0 \u00a0 \u00a0 \u00a0 \u00a0 \u00a0 \u00a0 \u00a0 \u00a0 \u00a0 \u00a0 \u00a0 \u00a0 \u00a0 \u00a0 \u00a0 \u00a0 \u00a0 \u00a0 \u00a0 \u00a0 \u00a0 \u00a0 \u00a0 \u00a0 \u00a0 \u00a0 \u00a0 \u00a0 \u00a0 \u00a0 \u00a0 \u00a0 \u00a0 \u00a0 \u00a0 \u00a0 \u00a0 \u00a0 \u00a0 \u00a0<\/span><\/td>\n<\/tr>\n<\/tbody>\n<\/table>\n<p>&nbsp;<\/p>\n<p>&nbsp;<\/p>\n<p>&nbsp;<\/p>\n","protected":false},"excerpt":{"rendered":"<p>Reveja o debate clicando AQUI A pandemia de SARS-COV2, que causa a doen\u00e7a COVID 19, trouxe a toda a humanidade uma s\u00e9rie de desafios inesperados. Cadeias log\u00edsticas se desorganizaram, as formas das rela\u00e7\u00f5es sociais se alteraram, crises sanit\u00e1rias, m\u00e9dicas e alimentares, para limitar o escopo dos exemplos, fizeram com que pol\u00edticas econ\u00f4micas fossem repensadas, com [&hellip;]<\/p>\n","protected":false},"author":661,"featured_media":0,"parent":27234,"menu_order":87,"comment_status":"closed","ping_status":"closed","template":"","meta":{"_acf_changed":false,"footnotes":""},"class_list":["post-27142","page","type-page","status-publish","hentry"],"acf":[],"_links":{"self":[{"href":"https:\/\/homolog.saopaulo.sp.leg.br\/escoladoparlamento\/wp-json\/wp\/v2\/pages\/27142","targetHints":{"allow":["GET"]}}],"collection":[{"href":"https:\/\/homolog.saopaulo.sp.leg.br\/escoladoparlamento\/wp-json\/wp\/v2\/pages"}],"about":[{"href":"https:\/\/homolog.saopaulo.sp.leg.br\/escoladoparlamento\/wp-json\/wp\/v2\/types\/page"}],"author":[{"embeddable":true,"href":"https:\/\/homolog.saopaulo.sp.leg.br\/escoladoparlamento\/wp-json\/wp\/v2\/users\/661"}],"replies":[{"embeddable":true,"href":"https:\/\/homolog.saopaulo.sp.leg.br\/escoladoparlamento\/wp-json\/wp\/v2\/comments?post=27142"}],"version-history":[{"count":5,"href":"https:\/\/homolog.saopaulo.sp.leg.br\/escoladoparlamento\/wp-json\/wp\/v2\/pages\/27142\/revisions"}],"predecessor-version":[{"id":27232,"href":"https:\/\/homolog.saopaulo.sp.leg.br\/escoladoparlamento\/wp-json\/wp\/v2\/pages\/27142\/revisions\/27232"}],"up":[{"embeddable":true,"href":"https:\/\/homolog.saopaulo.sp.leg.br\/escoladoparlamento\/wp-json\/wp\/v2\/pages\/27234"}],"wp:attachment":[{"href":"https:\/\/homolog.saopaulo.sp.leg.br\/escoladoparlamento\/wp-json\/wp\/v2\/media?parent=27142"}],"curies":[{"name":"wp","href":"https:\/\/api.w.org\/{rel}","templated":true}]}}