{"id":27353,"date":"2022-03-04T12:42:37","date_gmt":"2022-03-04T15:42:37","guid":{"rendered":"https:\/\/homolog.saopaulo.sp.leg.br\/escoladoparlamento\/?page_id=27353"},"modified":"2022-06-06T16:08:12","modified_gmt":"2022-06-06T19:08:12","slug":"o-papel-do-vereador-e-o-desafio-das-camaras-municipais","status":"publish","type":"page","link":"https:\/\/homolog.saopaulo.sp.leg.br\/escoladoparlamento\/cursos\/cursos-anteriores\/cursos-realizados-em-2022\/o-papel-do-vereador-e-o-desafio-das-camaras-municipais\/","title":{"rendered":"O papel dos vereadores e o desafio das C\u00e2maras Municipais"},"content":{"rendered":"<h3><\/h3>\n<p>A Escola do Parlamento em parceria com o Cons\u00f3rcio Intermunicipal Grande ABC, em atendimento \u00e0 demanda apresentada pelas C\u00e2maras Municipais, oferece o curso <strong>\u201cO papel dos vereadores e o desafio das C\u00e2maras Municipais\u201d<\/strong>.<\/p>\n<p class=\"CDt4Ke zfr3Q\" dir=\"ltr\"><strong>OBJETIVOS:<\/strong><\/p>\n<ul class=\"n8H08c UVNKR\">\n<li class=\"TYR86d wXCUfe zfr3Q\">\n<p class=\"CDt4Ke zfr3Q\" dir=\"ltr\">Entender o legislativo municipal dentro do sistema constitucional de compet\u00eancias;<\/p>\n<\/li>\n<li class=\"TYR86d wXCUfe zfr3Q\">\n<p class=\"CDt4Ke zfr3Q\" dir=\"ltr\">Entender o papel do vereador no munic\u00edpio;<\/p>\n<\/li>\n<li class=\"TYR86d wXCUfe zfr3Q\">\n<p class=\"CDt4Ke zfr3Q\" dir=\"ltr\">Entender o funcionamento do processo legislativo municipal;<\/p>\n<\/li>\n<li class=\"TYR86d wXCUfe zfr3Q\">Analisar o processo de representa\u00e7\u00e3o pol\u00edtica;<\/li>\n<li class=\"TYR86d wXCUfe zfr3Q\">\n<p class=\"CDt4Ke zfr3Q\" dir=\"ltr\">Abordar o processo de comunica\u00e7\u00e3o pol\u00edtica.<\/p>\n<\/li>\n<\/ul>\n<p class=\"CDt4Ke zfr3Q\" dir=\"ltr\"><strong>P\u00daBLICO-ALVO:<\/strong><\/p>\n<ul>\n<li class=\"CDt4Ke zfr3Q\">Vereadores\/as;<\/li>\n<li class=\"CDt4Ke zfr3Q\">Assessores legislativos;<\/li>\n<li class=\"CDt4Ke zfr3Q\">P\u00fablico em geral.<\/li>\n<\/ul>\n<p class=\"CDt4Ke zfr3Q\" dir=\"ltr\"><strong>CARGA HOR\u00c1RIA:\u00a0<\/strong>20 horas<\/p>\n<h3><strong><a href=\"https:\/\/escoladegoverno.consorciograndeabc.page\/cursos\/encerrados\"><span style=\"color: #ff0000\">Clique Aqui<\/span> <\/a> para conhecer a programa\u00e7\u00e3o completa do curso e as datas dos encontros.<\/strong><\/h3>\n<p><strong>Per\u00edodo de Inscri\u00e7\u00e3o:<\/strong><br \/>\nDe 03\/03 \u00e0 13\/03 (vereadores e assessores)<br \/>\nDe 14\/03 a 28\/03 (p\u00fablico geral)<\/p>\n<p><strong>In\u00edcio do Curso:<\/strong> 01 de abril<\/p>\n<h3><strong>Inscri\u00e7\u00f5es: <span style=\"color: #000000\">Encerradas<\/span><\/strong><\/h3>\n<p>link para a Cartilha <a href=\"https:\/\/homolog.saopaulo.sp.leg.br\/escoladoparlamento\/wp-content\/uploads\/sites\/5\/2020\/07\/Todos-contra-as-fake-news-atualizado-em-020720.pdf\"><strong>Todos contra as Fake News<\/strong><\/a><\/p>\n<p><a href=\"https:\/\/www.youtube.com\/playlist?list=PL7WmlcfNQHf5-vLueA-eBZsd0USIEr6UV\">Link da Playlist &#8211; clique aqui\u00a0<\/a><\/p>\n<p><a href=\"https:\/\/www.youtube.com\/watch?v=UohPv5yHzc4\">Aula inaugural e Aula 1 (01\/04) &#8211; clique aqui para assistir<\/a><br \/>\n<a href=\"https:\/\/www.youtube.com\/watch?v=bjSedc_I2kw\">Aulas 2 e 3 (07\/04) &#8211; clique aqui para assistir<\/a><br \/>\n<a href=\"https:\/\/www.youtube.com\/watch?v=x2GR363Ac5w\">Aula 4 (14\/04) &#8211; clique aqui para assistir<\/a><br \/>\n<a href=\"https:\/\/www.youtube.com\/watch?v=O_v11iE9usI&amp;list=PL7WmlcfNQHf5-vLueA-eBZsd0USIEr6UV&amp;index=5\">Aula 5 (29\/04) &#8211; clique aqui para assistir<\/a><br \/>\n<a href=\"https:\/\/www.youtube.com\/watch?v=Huek_HuWNf8&amp;list=PL7WmlcfNQHf5-vLueA-eBZsd0USIEr6UV&amp;index=5\">Aula 6 (06\/05) &#8211; clique aqui para assistir<\/a><br \/>\n<a href=\"https:\/\/www.youtube.com\/watch?v=HVpqvxagYT8&amp;list=PL7WmlcfNQHf5-vLueA-eBZsd0USIEr6UV&amp;index=7&amp;t=11s\">Aula 7 (13\/05) &#8211; clique aqui para assistir<\/a><br \/>\n<a href=\"https:\/\/www.youtube.com\/watch?v=a654rdYpLG4&amp;list=PL7WmlcfNQHf5-vLueA-eBZsd0USIEr6UV&amp;index=8\">Aula 8 e 9 (20\/05) &#8211; clique aqui para assistir<\/a><br \/>\n<a href=\"https:\/\/www.youtube.com\/watch?v=N94lQANOx6E&amp;list=PL7WmlcfNQHf5-vLueA-eBZsd0USIEr6UV&amp;index=8\">Aula 10 (27\/05) &#8211; clique aqui para assistir<\/a><br \/>\n<a href=\"https:\/\/www.youtube.com\/watch?v=_A8EDS5QVW4&amp;list=PL7WmlcfNQHf5-vLueA-eBZsd0USIEr6UV&amp;index=9\">Aula 11 (03\/06) &#8211; clique aqui para assistir<\/a><\/p>\n","protected":false},"excerpt":{"rendered":"<p>A Escola do Parlamento em parceria com o Cons\u00f3rcio Intermunicipal Grande ABC, em atendimento \u00e0 demanda apresentada pelas C\u00e2maras Municipais, oferece o curso \u201cO papel dos vereadores e o desafio das C\u00e2maras Municipais\u201d. OBJETIVOS: Entender o legislativo municipal dentro do sistema constitucional de compet\u00eancias; Entender o papel do vereador no munic\u00edpio; Entender o funcionamento do [&hellip;]<\/p>\n","protected":false},"author":661,"featured_media":0,"parent":27234,"menu_order":82,"comment_status":"closed","ping_status":"closed","template":"","meta":{"_acf_changed":false,"footnotes":""},"class_list":["post-27353","page","type-page","status-publish","hentry"],"acf":[],"_links":{"self":[{"href":"https:\/\/homolog.saopaulo.sp.leg.br\/escoladoparlamento\/wp-json\/wp\/v2\/pages\/27353","targetHints":{"allow":["GET"]}}],"collection":[{"href":"https:\/\/homolog.saopaulo.sp.leg.br\/escoladoparlamento\/wp-json\/wp\/v2\/pages"}],"about":[{"href":"https:\/\/homolog.saopaulo.sp.leg.br\/escoladoparlamento\/wp-json\/wp\/v2\/types\/page"}],"author":[{"embeddable":true,"href":"https:\/\/homolog.saopaulo.sp.leg.br\/escoladoparlamento\/wp-json\/wp\/v2\/users\/661"}],"replies":[{"embeddable":true,"href":"https:\/\/homolog.saopaulo.sp.leg.br\/escoladoparlamento\/wp-json\/wp\/v2\/comments?post=27353"}],"version-history":[{"count":5,"href":"https:\/\/homolog.saopaulo.sp.leg.br\/escoladoparlamento\/wp-json\/wp\/v2\/pages\/27353\/revisions"}],"predecessor-version":[{"id":27681,"href":"https:\/\/homolog.saopaulo.sp.leg.br\/escoladoparlamento\/wp-json\/wp\/v2\/pages\/27353\/revisions\/27681"}],"up":[{"embeddable":true,"href":"https:\/\/homolog.saopaulo.sp.leg.br\/escoladoparlamento\/wp-json\/wp\/v2\/pages\/27234"}],"wp:attachment":[{"href":"https:\/\/homolog.saopaulo.sp.leg.br\/escoladoparlamento\/wp-json\/wp\/v2\/media?parent=27353"}],"curies":[{"name":"wp","href":"https:\/\/api.w.org\/{rel}","templated":true}]}}