{"id":27397,"date":"2022-03-15T14:10:58","date_gmt":"2022-03-15T17:10:58","guid":{"rendered":"https:\/\/homolog.saopaulo.sp.leg.br\/escoladoparlamento\/?page_id=27397"},"modified":"2022-05-13T12:06:16","modified_gmt":"2022-05-13T15:06:16","slug":"mulheres-na-democracia-brasileira-direitos-de-cidadania-e-participacao-politica","status":"publish","type":"page","link":"https:\/\/homolog.saopaulo.sp.leg.br\/escoladoparlamento\/cursos\/cursos-anteriores\/cursos-realizados-em-2022\/mulheres-na-democracia-brasileira-direitos-de-cidadania-e-participacao-politica\/","title":{"rendered":"Mulheres na Democracia Brasileira \u2013 Direitos de Cidadania e Participa\u00e7\u00e3o Pol\u00edtica"},"content":{"rendered":"<p>A pesquisa acad\u00eamica nas ci\u00eancias sociais, no campo de pol\u00edticas p\u00fablicas, da representa\u00e7\u00e3o pol\u00edtica e nos estudos de g\u00eanero, tem acumulado, desde meados do s\u00e9culo XX, um conjunto robusto de evid\u00eancias sobre a subalterniza\u00e7\u00e3o e exclus\u00e3o das mulheres na pol\u00edtica institucional e sobre os atravessamentos estruturais das desigualdades de g\u00eanero na produ\u00e7\u00e3o e distribui\u00e7\u00e3o dos direitos da cidadania. Considerando a abordagem tridimensional da justi\u00e7a proposta pela te\u00f3rica feminista Nancy Fraser, esse movimento epistemol\u00f3gico tem permitido visualizar lacunas de reconhecimento, redistribui\u00e7\u00e3o e representa\u00e7\u00e3o na democracia sustentadas por regimes de privil\u00e9gio masculino e respons\u00e1veis por barreiras bastante severas para a experi\u00eancia social e pol\u00edtica femininas.<br \/>\nAo reconhecer essa realidade, as sociedades t\u00eam sido convocadas a promover uma reflex\u00e3o cuidadosa sobre os processos de revers\u00e3o e combate \u00e0s desigualdades de g\u00eanero e sobre o processo de regulamenta\u00e7\u00e3o democr\u00e1tica da participa\u00e7\u00e3o pol\u00edtica das mulheres. O objetivo de produzir um arranjo social efetivamente justo, igualit\u00e1rio, inclusivo e seguro para as mulheres torna cada vez mais urgente a tarefa de compreender as diferentes dimens\u00f5es dos fen\u00f4menos de subalterniza\u00e7\u00e3o\/exclus\u00e3o das mulheres e de identificar e analisar as diferentes experi\u00eancias que buscam corrigir essas distor\u00e7\u00f5es.<br \/>\nPartindo dessa realidade desafiadora, a Escola do Parlamento prop\u00f5e a realiza\u00e7\u00e3o deste curso.<\/p>\n<p><strong>OBJETIVOS:<\/strong><\/p>\n<p>\u2022 Fomentar o debate sobre as rela\u00e7\u00f5es entre g\u00eanero, cidadania e participa\u00e7\u00e3o pol\u00edtica<br \/>\n\u2022 Ampliar o grau de letramento pol\u00edtico dos cidad\u00e3os a respeito das disparidades e desigualdades de reconhecimento, de (re)distribui\u00e7\u00e3o e de representa\u00e7\u00e3o a partir da perspectiva de g\u00eanero e suas interseccionalidades<br \/>\n\u2022 Oferecer ferramentas te\u00f3rico-anal\u00edticas para que os alunos possam compreender os limites impostos pela subrepresenta\u00e7\u00e3o pol\u00edtica das mulheres para a consolida\u00e7\u00e3o do regime democr\u00e1tico no Brasil<\/p>\n<p><strong>METODOLOGIA:<\/strong><\/p>\n<p>Aulas expositivas dialogadas, leituras orientadas, debates sobre os textos, exerc\u00edcios de reflex\u00e3o te\u00f3rica e estudos de caso, apresenta\u00e7\u00e3o e an\u00e1lise de v\u00eddeos, documentos, textos legais e mobiliza\u00e7\u00e3o de outros materiais did\u00e1ticos.<\/p>\n<p><strong>P\u00daBLICO-ALVO: <\/strong><\/p>\n<p>Servidores p\u00fablicos, profissionais e pesquisadores envolvidos ou interessados em estudar e\/ou desenvolver a\u00e7\u00f5es de forma\u00e7\u00e3o, pesquisa e ativismo no campo da igualdade de g\u00eanero e da participa\u00e7\u00e3o pol\u00edtica das mulheres, bem como na promo\u00e7\u00e3o, prote\u00e7\u00e3o e defesa dos direitos de cidadania das mulheres, estudantes em geral.<\/p>\n<p><strong>ESTRUTURA DA ATIVIDADE<\/strong><\/p>\n<p>7 aulas remotas, 1 a cada semana, sempre \u00e0s Ter\u00e7as-feiras com 2 horas de dura\u00e7\u00e3o<\/p>\n<p><strong>AULA 1<\/strong>&#8211; 29 de mar\u00e7o, das 14h \u00e0s 16h<br \/>\nTeorias pol\u00edticas feministas: questionando as fronteiras entre p\u00fablico e privado.<br \/>\nClique <a href=\"https:\/\/youtu.be\/yzf27OKpsGg\">AQUI<\/a> para rever<\/p>\n<p><strong>AULA 2<\/strong> \u2013 05 de abril, das 14h \u00e0s 16h<br \/>\nTeorias feministas da representa\u00e7\u00e3o pol\u00edtica.<br \/>\nClique <a href=\"https:\/\/youtu.be\/iLX9-aLSJqg\">AQUI<\/a> para rever<\/p>\n<p><strong>AULA 3<\/strong> \u2013 12 de abril, das 14h \u00e0s 16h<br \/>\nDe que mulheres estamos falando? Mulheres na pol\u00edtica e interseccionalidade.<br \/>\nClique <a href=\"https:\/\/www.youtube.com\/watch?v=PKqqhcHqQn8\">AQUI<\/a> para rever<\/p>\n<p><strong>AULA 4<\/strong> \u2013 19 de abril, das 14h \u00e0s 16h<br \/>\nO direito ao voto e os movimentos sufragistas.<br \/>\nClique <a href=\"https:\/\/www.youtube.com\/watch?v=unC81SkIzUY&amp;t=5s\">AQUI<\/a> para rever<\/p>\n<p><strong>AULA 5<\/strong> \u2013 26 de abril, das 14h \u00e0s 16h<br \/>\nFeminismo estatal: as mulheres na Assembleia Nacional Constituinte.<br \/>\nClique <a href=\"https:\/\/www.youtube.com\/watch?v=FZAuVIFa75o\">AQUI<\/a> para rever<\/p>\n<p><strong>AULA 6<\/strong> \u2013 3 de maio, das 14h \u00e0s 16h<br \/>\nMulheres e elei\u00e7\u00f5es hoje: para al\u00e9m da pol\u00edtica de cotas.<br \/>\nClique <a href=\"https:\/\/www.youtube.com\/watch?v=Xw8HiIZ_ceU\">AQUI<\/a> para rever<\/p>\n<p><strong>AULA 7<\/strong> \u2013 10 de maio, das 14h \u00e0s 16h<br \/>\nViol\u00eancia pol\u00edtica de g\u00eanero e perspectivas para o futuro.\u00a0 \u00a0 \u00a0 \u00a0 \u00a0 \u00a0 \u00a0 \u00a0 \u00a0 \u00a0 \u00a0 \u00a0 \u00a0 \u00a0 \u00a0 \u00a0 \u00a0 \u00a0 \u00a0 \u00a0 \u00a0 \u00a0 Clique <a href=\"https:\/\/youtu.be\/aW03yoEUuEM\">AQUI<\/a> para rever<\/p>\n<p><strong>INFRAESTRUTURA<\/strong><br \/>\n\u2022 Plataforma remota de aprendizado (Zoom)<br \/>\n\u2022 Transmiss\u00e3o online com grava\u00e7\u00e3o em v\u00eddeo (Youtube)<\/p>\n<h2><strong>Inscri\u00e7\u00f5es: <span style=\"color: #ff0000\">ENCERRADAS<\/span><\/strong><\/h2>\n<p><strong>DOCENTE:<\/strong><\/p>\n<p>Beatriz Rodrigues Sanchez<br \/>\nP\u00f3s-doutoranda vinculada ao Programa Internacional de P\u00f3s-Doutorado (IPP) do Centro Brasileiro de An\u00e1lise e Planejamento (CEBRAP) com pesquisa sobre a institucionaliza\u00e7\u00e3o dos movimentos feministas no poder Legislativo a partir dos estudos de caso sobre a legaliza\u00e7\u00e3o do aborto na Argentina e no Brasil. Doutora e mestra em Ci\u00eancia Pol\u00edtica pela Universidade de S\u00e3o Paulo (USP), bolsista FAPESP nas duas ocasi\u00f5es. \u00c9 formada em Rela\u00e7\u00f5es Internacionais pela mesma Universidade. \u00c9 pesquisadora do N\u00facleo Democracia e A\u00e7\u00e3o Coletiva do CEBRAP.<\/p>\n","protected":false},"excerpt":{"rendered":"<p>A pesquisa acad\u00eamica nas ci\u00eancias sociais, no campo de pol\u00edticas p\u00fablicas, da representa\u00e7\u00e3o pol\u00edtica e nos estudos de g\u00eanero, tem acumulado, desde meados do s\u00e9culo XX, um conjunto robusto de evid\u00eancias sobre a subalterniza\u00e7\u00e3o e exclus\u00e3o das mulheres na pol\u00edtica institucional e sobre os atravessamentos estruturais das desigualdades de g\u00eanero na produ\u00e7\u00e3o e distribui\u00e7\u00e3o dos [&hellip;]<\/p>\n","protected":false},"author":297,"featured_media":0,"parent":27234,"menu_order":81,"comment_status":"closed","ping_status":"closed","template":"","meta":{"_acf_changed":false,"footnotes":""},"class_list":["post-27397","page","type-page","status-publish","hentry"],"acf":[],"_links":{"self":[{"href":"https:\/\/homolog.saopaulo.sp.leg.br\/escoladoparlamento\/wp-json\/wp\/v2\/pages\/27397","targetHints":{"allow":["GET"]}}],"collection":[{"href":"https:\/\/homolog.saopaulo.sp.leg.br\/escoladoparlamento\/wp-json\/wp\/v2\/pages"}],"about":[{"href":"https:\/\/homolog.saopaulo.sp.leg.br\/escoladoparlamento\/wp-json\/wp\/v2\/types\/page"}],"author":[{"embeddable":true,"href":"https:\/\/homolog.saopaulo.sp.leg.br\/escoladoparlamento\/wp-json\/wp\/v2\/users\/297"}],"replies":[{"embeddable":true,"href":"https:\/\/homolog.saopaulo.sp.leg.br\/escoladoparlamento\/wp-json\/wp\/v2\/comments?post=27397"}],"version-history":[{"count":5,"href":"https:\/\/homolog.saopaulo.sp.leg.br\/escoladoparlamento\/wp-json\/wp\/v2\/pages\/27397\/revisions"}],"predecessor-version":[{"id":27627,"href":"https:\/\/homolog.saopaulo.sp.leg.br\/escoladoparlamento\/wp-json\/wp\/v2\/pages\/27397\/revisions\/27627"}],"up":[{"embeddable":true,"href":"https:\/\/homolog.saopaulo.sp.leg.br\/escoladoparlamento\/wp-json\/wp\/v2\/pages\/27234"}],"wp:attachment":[{"href":"https:\/\/homolog.saopaulo.sp.leg.br\/escoladoparlamento\/wp-json\/wp\/v2\/media?parent=27397"}],"curies":[{"name":"wp","href":"https:\/\/api.w.org\/{rel}","templated":true}]}}