{"id":27414,"date":"2022-03-16T18:12:45","date_gmt":"2022-03-16T21:12:45","guid":{"rendered":"https:\/\/homolog.saopaulo.sp.leg.br\/escoladoparlamento\/?page_id=27414"},"modified":"2022-06-06T16:29:14","modified_gmt":"2022-06-06T19:29:14","slug":"pedagogias-do-social-nos-ccas-e-cjs-fundamentos-e-praticas","status":"publish","type":"page","link":"https:\/\/homolog.saopaulo.sp.leg.br\/escoladoparlamento\/cursos\/cursos-anteriores\/cursos-realizados-em-2022\/pedagogias-do-social-nos-ccas-e-cjs-fundamentos-e-praticas\/","title":{"rendered":"PEDAGOGIAS DO SOCIAL NOS CCAS E CJS: FUNDAMENTOS E PR\u00c1TICAS"},"content":{"rendered":"<p><strong>JUSTIFICATIVA:<\/strong><\/p>\n<p>A pedagogia social e o campo interdisciplinar da Educa\u00e7\u00e3o Popular se configuram como uma arena importante da vida social brasileira ao longo do s\u00e9culo XX, entregando importantes contribui\u00e7\u00f5es para o desenvolvimento da cidadania e para o amadurecimento da democracia brasileira. Com a consolida\u00e7\u00e3o do Sistema \u00danico da Assist\u00eancia Social, parte desse repert\u00f3rio passou a integrar e fundamentar pr\u00e1ticas socioeducativas desenvolvidas em servi\u00e7os especializados de atendimento a crian\u00e7as, adolescentes e jovens, permitindo o florescimento de experi\u00eancias importantes de acolhimento, suporte ao desenvolvimento integral, prote\u00e7\u00e3o, promo\u00e7\u00e3o dos direitos humanos e da cidadania desses sujeitos sociais.<br \/>\nA amplia\u00e7\u00e3o das redes socioassistenciais experimentada no Brasil, sobretudo, na primeira d\u00e9cada do s\u00e9culo XXI produziu um desafio importante na forma\u00e7\u00e3o inicial e continuada dos profissionais que atuam no campo da pedagogia social, exigindo a\u00e7\u00f5es do poder p\u00fablico para sua maior qualifica\u00e7\u00e3o. Partido dessa realidade desafiadora, a Escola do Parlamento prop\u00f5e a realiza\u00e7\u00e3o deste curso.<\/p>\n<p><strong>OBJETIVO:<\/strong><\/p>\n<p>Discutir, analisar e tematizar a hist\u00f3ria da pedagogia social e da educa\u00e7\u00e3o popular no Brasil, as abordagens da pedagogia social no campo socioeducativo, a caracteriza\u00e7\u00e3o e os fundamentos te\u00f3ricos e metodol\u00f3gicos dos servi\u00e7os socioeducativos para crian\u00e7as, adolescentes e jovens.<\/p>\n<p><strong>CONTE\u00daDO PROGRAM\u00c1TICO:<\/strong><\/p>\n<ul>\n<li>Educa\u00e7\u00e3o Popular e Pedagogia Social no Brasil e no Mundo<\/li>\n<li>Fundamentos Metodol\u00f3gicos da Educa\u00e7\u00e3o Popular e da Pedagogia Social<\/li>\n<li>A Pedagogia da Presen\u00e7a Desenvolvida por Ant\u00f4nio Carlos Gomes da Costa<\/li>\n<li>O Sistema \u00danico da Assist\u00eancia Social e os Servi\u00e7os Socioassistenciais para Crian\u00e7as, Adolescentes e Jovens<\/li>\n<li>Organiza\u00e7\u00e3o, Fundamentos e Pr\u00e1ticas Socioeducativas em Centros para Crian\u00e7a e Adolescentes<\/li>\n<li>Organiza\u00e7\u00e3o, Fundamentos e Pr\u00e1ticas Socioeducativas em Centros para Juventude<\/li>\n<li>Desafios para Profissionais que atuam em CCAs e CJs<\/li>\n<\/ul>\n<p><strong>METODOLOGIA:<\/strong><br \/>\nAulas expositivas, exposi\u00e7\u00e3o dialogada, leituras orientadas, exerc\u00edcios de reflex\u00e3o te\u00f3rica e estudos de caso, apresenta\u00e7\u00e3o e an\u00e1lise de v\u00eddeos, documentos, textos legais ou mobiliza\u00e7\u00e3o de outros materiais did\u00e1ticos, a crit\u00e9rio do facilitador de aprendizagem.<\/p>\n<p><strong>P\u00daBLICO-ALVO:<\/strong><br \/>\nServidores p\u00fablicos, profissionais que atuam no terceiro setor, estudantes, pesquisadores envolvidos ou interessados em aprofundar seus conhecimentos especializados e\/ou desenvolver atividades no campo da pedagogia social e do trabalho socioeducativo com crian\u00e7as, adolescentes e jovens.<\/p>\n<p><strong>PRESEN\u00c7A E CERTIFICA\u00c7\u00c3O:<\/strong><br \/>\nConfira a \u201cPol\u00edtica de controle de inscri\u00e7\u00e3o, frequ\u00eancia e certifica\u00e7\u00e3o para cursos livres da Escola do Parlamento na modalidade n\u00e3o presencial\u201d, <a href=\"https:\/\/homolog.saopaulo.sp.leg.br\/escoladoparlamento\/wp-content\/uploads\/sites\/5\/2021\/01\/POLITICA-DE-INSCRICAO-E-CERTIFICACAO_21jan21.pdf\">clicando aqui<\/a><\/p>\n<p><strong>INFRAESTRUTURA<\/strong><br \/>\n\u2022 Plataforma remota de aprendizado (Zoom)<br \/>\n\u2022 Transmiss\u00e3o online com grava\u00e7\u00e3o em v\u00eddeo (Youtube)<\/p>\n<p style=\"font-weight: 300\"><b><strong>ESTRUTURA DA ATIVIDADE<\/strong><\/b><\/p>\n<p style=\"font-weight: 300\">7 aulas remotas, 1 por semana, sempre \u00e0s sextas-feiras<\/p>\n<p style=\"font-weight: 300\"><b><strong>Hor\u00e1rio<\/strong><\/b><\/p>\n<p style=\"font-weight: 300\">\u00c0s sextas-feiras, das 14h \u00e0s 16h (2 horas de dura\u00e7\u00e3o)<\/p>\n<p>Inicio 01\u00ba de abril \u00e0 27 de maio<\/p>\n<p><strong>Inscri\u00e7\u00f5es: <span style=\"color: #000000\">Encerradas<\/span><\/strong><\/p>\n<p><a href=\"https:\/\/www.youtube.com\/playlist?list=PL7WmlcfNQHf5hym8Vv20A_O6bkQAc87Je\">Link da Playlist &#8211; clique aqui<\/a><\/p>\n<p><a href=\"https:\/\/www.youtube.com\/watch?v=pH0gCk0CefA&amp;t=5s\">Aula 1 &#8211; clique aqui para assistir<\/a><br \/>\n<a href=\"https:\/\/www.youtube.com\/watch?v=3KrHUqfRPPI&amp;t=10s\">Aula 2 &#8211; clique aqui para assistir<\/a><br \/>\n<a href=\"https:\/\/www.youtube.com\/watch?v=G6ljBf-EyDk\">Aula 3 &#8211; clique aqui para assistir<\/a><br \/>\n<a href=\"https:\/\/www.youtube.com\/watch?v=wpt2WH2ExIU&amp;t=1s\">Aula 4 &#8211; clique aqui para assistir<\/a><br \/>\n<a href=\"https:\/\/www.youtube.com\/watch?v=2FaEeQkW5z8\">Aula 5 &#8211; clique aqui para assistir<\/a><br \/>\n<a href=\"https:\/\/www.youtube.com\/watch?v=cMFYcvRVx_E&amp;list=PL7WmlcfNQHf5hym8Vv20A_O6bkQAc87Je&amp;index=6\">Aula 6 &#8211; clique aqui para assistir<\/a><br \/>\n<a href=\"https:\/\/www.youtube.com\/watch?v=UYhlQJBPQwA\">Aula 7 &#8211; clique aqui para assistir<\/a><\/p>\n<p><strong>DOCENTE:<\/strong><\/p>\n<p>Carmen Silvia Righetti Nobile<br \/>\nP\u00f3s doutoranda em Psicologia pelo Programa de P\u00f3s-doutorado da UNESP (Assis-SP &#8211; em andamento). Doutora em Servi\u00e7o Social pela Universidade Estadual Paulista J\u00falio de Mesquita Filho&#8221; &#8211; UNESP-FRANCA-SP(2016). Mestre em Servi\u00e7o Social e Pol\u00edtica Social pela Universidade Estadual de Londrina-PR (2006). Especialista em Filosofia Jur\u00eddica e Pol\u00edtica (UEL-2012). Especialista em Marginaliza\u00e7\u00e3o na Inf\u00e2ncia e Juventude (UEL- 1996).Especialista em Servi\u00e7o Social e Politica Social (Universidade Nacional de Bras\u00edlia-DF &#8211; 2001). Graduada em Servi\u00e7o Social pela UEL- PR (1988). Assistente social aposentada do Tribunal de Justi\u00e7a do Estado de S\u00e3o Paulo. Professora da Disciplina: Planejamento, implementa\u00e7\u00e3o e gest\u00e3o de pol\u00edticas sociais de seguridade social, no Curso de Especializa\u00e7\u00e3o MBA\u00a0 GEST\u00c3O DE POL\u00cdTICAS SOCIAIS E TRABALHO SOCIAL COM FAM\u00cdLIAS, Universidade Paulista &#8211; UNIP ASSIS-SP.<\/p>\n<p>&nbsp;<\/p>\n","protected":false},"excerpt":{"rendered":"<p>JUSTIFICATIVA: A pedagogia social e o campo interdisciplinar da Educa\u00e7\u00e3o Popular se configuram como uma arena importante da vida social brasileira ao longo do s\u00e9culo XX, entregando importantes contribui\u00e7\u00f5es para o desenvolvimento da cidadania e para o amadurecimento da democracia brasileira. Com a consolida\u00e7\u00e3o do Sistema \u00danico da Assist\u00eancia Social, parte desse repert\u00f3rio passou a [&hellip;]<\/p>\n","protected":false},"author":661,"featured_media":0,"parent":27234,"menu_order":80,"comment_status":"closed","ping_status":"closed","template":"","meta":{"_acf_changed":false,"footnotes":""},"class_list":["post-27414","page","type-page","status-publish","hentry"],"acf":[],"_links":{"self":[{"href":"https:\/\/homolog.saopaulo.sp.leg.br\/escoladoparlamento\/wp-json\/wp\/v2\/pages\/27414","targetHints":{"allow":["GET"]}}],"collection":[{"href":"https:\/\/homolog.saopaulo.sp.leg.br\/escoladoparlamento\/wp-json\/wp\/v2\/pages"}],"about":[{"href":"https:\/\/homolog.saopaulo.sp.leg.br\/escoladoparlamento\/wp-json\/wp\/v2\/types\/page"}],"author":[{"embeddable":true,"href":"https:\/\/homolog.saopaulo.sp.leg.br\/escoladoparlamento\/wp-json\/wp\/v2\/users\/661"}],"replies":[{"embeddable":true,"href":"https:\/\/homolog.saopaulo.sp.leg.br\/escoladoparlamento\/wp-json\/wp\/v2\/comments?post=27414"}],"version-history":[{"count":5,"href":"https:\/\/homolog.saopaulo.sp.leg.br\/escoladoparlamento\/wp-json\/wp\/v2\/pages\/27414\/revisions"}],"predecessor-version":[{"id":27672,"href":"https:\/\/homolog.saopaulo.sp.leg.br\/escoladoparlamento\/wp-json\/wp\/v2\/pages\/27414\/revisions\/27672"}],"up":[{"embeddable":true,"href":"https:\/\/homolog.saopaulo.sp.leg.br\/escoladoparlamento\/wp-json\/wp\/v2\/pages\/27234"}],"wp:attachment":[{"href":"https:\/\/homolog.saopaulo.sp.leg.br\/escoladoparlamento\/wp-json\/wp\/v2\/media?parent=27414"}],"curies":[{"name":"wp","href":"https:\/\/api.w.org\/{rel}","templated":true}]}}