{"id":27434,"date":"2022-03-23T16:23:12","date_gmt":"2022-03-23T19:23:12","guid":{"rendered":"https:\/\/homolog.saopaulo.sp.leg.br\/escoladoparlamento\/?page_id=27434"},"modified":"2022-03-23T16:23:12","modified_gmt":"2022-03-23T19:23:12","slug":"reflexoes-acerca-de-algumas-competencias-dos-quadros-pos-graduados","status":"publish","type":"page","link":"https:\/\/homolog.saopaulo.sp.leg.br\/escoladoparlamento\/cursos\/cursos-anteriores\/cursos-realizados-em-2022\/reflexoes-acerca-de-algumas-competencias-dos-quadros-pos-graduados\/","title":{"rendered":"Reflex\u00f5es acerca de algumas compet\u00eancias dos quadros p\u00f3s-graduados"},"content":{"rendered":"<p style=\"font-weight: 400\"><strong>COORDENA\u00c7\u00c3O<\/strong><\/p>\n<p style=\"font-weight: 400\">Prof. Dr. Alexsandro do Nascimento Santos (Diretor-Presidente da Escola do Parlamento)<\/p>\n<p style=\"font-weight: 400\">Prof. Dr. Roberto Gimenez (Unicid)<\/p>\n<p style=\"font-weight: 400\">Profa. Dra. Sandra L\u00facia Ferreira (Unicid)<\/p>\n<p style=\"font-weight: 400\">\n<p style=\"font-weight: 400\">A contribui\u00e7\u00e3o da p\u00f3s-gradua\u00e7\u00e3o para a ci\u00eancia e para o enfrentamento dos desafios contempor\u00e2neos das sociedades \u00e9 um tema que tem ganhado relev\u00e2ncia. No caso brasileiro, a organiza\u00e7\u00e3o de um robusto sistema de P\u00f3s-Gradua\u00e7\u00e3o permitiu que as Universidades participassem ativamente do ecossistema de ci\u00eancia e tecnologia e que pudessem desempenhar um papel protagonista na forma\u00e7\u00e3o de quadros cient\u00edficos e intelectuais do pa\u00eds.<\/p>\n<p style=\"font-weight: 400\">\n<p style=\"font-weight: 400\">Refletir sobre as condi\u00e7\u00f5es de forma\u00e7\u00e3o e as compet\u00eancias espec\u00edficas desses quadros, formados nos programas de p\u00f3s-gradua\u00e7\u00e3o \u00e9 algo que se reveste de import\u00e2ncia capital num momento em que o negacionismo e as posturas anticient\u00edficas ganham a esfera p\u00fablica, amea\u00e7ando importantes conquistas civilizat\u00f3rias<\/p>\n<p style=\"font-weight: 400\">\n<p style=\"font-weight: 400\">\n<p style=\"font-weight: 400\"><strong>OBJETIVOS<\/strong><\/p>\n<p style=\"font-weight: 400\"><em>Promover uma reflex\u00e3o profunda e sist\u00eamica sobre a forma\u00e7\u00e3o de quadros nos programas de p\u00f3s-gradua\u00e7\u00e3o e sua relev\u00e2ncia para o avan\u00e7o e consolida\u00e7\u00e3o do ecossistema de ci\u00eancia e tecnologia na sociedade brasileira<\/em><\/p>\n<p style=\"font-weight: 400\">\n<p style=\"font-weight: 400\">\n<p style=\"font-weight: 400\"><strong>METODOLOGIA<\/strong><\/p>\n<p style=\"font-weight: 400\">\u00a0Encontro virtual com dura\u00e7\u00e3o de 2h, realizado por meio de plataforma digital.<\/p>\n<p style=\"font-weight: 400\">\n<p style=\"font-weight: 400\"><strong>P\u00daBLICO-ALVO<\/strong><\/p>\n<p style=\"font-weight: 400\"><em>Estudantes de gradua\u00e7\u00e3o e p\u00f3s-gradua\u00e7\u00e3o, professores, sociedade em geral.<\/em><\/p>\n<p style=\"font-weight: 400\">\n<p style=\"font-weight: 400\"><strong>FREQU\u00caNCIA M\u00cdNIMA PARA CERTIFICA\u00c7\u00c3O:<\/strong><\/p>\n<p style=\"font-weight: 400\">Certifica\u00e7\u00e3o a partir de inscri\u00e7\u00e3o em formul\u00e1rio e conex\u00e3o ao evento dentro da plataforma ZOOM.<\/p>\n<p style=\"font-weight: 400\">\n<p style=\"font-weight: 400\"><strong>PROGRAMA\u00c7\u00c3O E SUGEST\u00c3O INICIAL DE CONVIDADOS :<\/strong><\/p>\n<p style=\"font-weight: 400\"><strong>\u00a0<\/strong><\/p>\n<table style=\"font-weight: 400\" width=\"567\">\n<tbody>\n<tr>\n<td width=\"132\"><strong>DATAS<\/strong><\/td>\n<td width=\"208\"><strong>TEMA<\/strong><\/td>\n<td width=\"227\"><strong>PROFESSORES<\/strong><\/td>\n<\/tr>\n<tr>\n<td width=\"132\">16\/03\/2022<\/p>\n<p>Das 10h \u00e0s 10h15<\/td>\n<td width=\"208\"><em>Abertura do Evento<\/em><\/td>\n<td width=\"227\">Prof. Dr. Roberto Gimenez (coordenador do PPGE\/Unicid)<\/p>\n<p>&nbsp;<\/p>\n<p>Profa. Dra. Sandra Lucia Ferreira\u00a0(coordenadora do PPGP-GE\/Unicid)<\/td>\n<\/tr>\n<tr>\n<td width=\"132\">10h15 \u00e0s 11h15<\/td>\n<td width=\"208\"><em>Aula Magna<\/em><\/p>\n<p><strong><em>Reflex\u00f5es acerca de algumas compet\u00eancias dos quadros p\u00f3s-graduados<\/em><\/strong><\/p>\n<p><em>\u00a0<\/em><\/td>\n<td width=\"227\">Prof. Dr. Jorge Ol\u00edmpio Bento: Professor Catedr\u00e1tico da Faculdade de Ci\u00eancias do Desporto e de Educa\u00e7\u00e3o F\u00edsica da Universidade do Porto (FADEUP), Presidente do Conselho Cient\u00edfico da Universidade do Porto, Pr\u00f3-Reitor da Universidade do Porto. Foi Presidente do Conselho Directivo da FADEUP e professor da Licenciatura e Mestrado.<\/td>\n<\/tr>\n<tr>\n<td width=\"132\">11h15 \u00e0s 12h<\/td>\n<td width=\"208\"><em>Sess\u00e3o de Perguntas e Respostas com media\u00e7\u00e3o<\/em><\/td>\n<td width=\"227\">Profa. Ida Carneiro Martins (Unicid)<\/td>\n<\/tr>\n<\/tbody>\n<\/table>\n","protected":false},"excerpt":{"rendered":"<p>COORDENA\u00c7\u00c3O Prof. Dr. Alexsandro do Nascimento Santos (Diretor-Presidente da Escola do Parlamento) Prof. Dr. Roberto Gimenez (Unicid) Profa. Dra. Sandra L\u00facia Ferreira (Unicid) A contribui\u00e7\u00e3o da p\u00f3s-gradua\u00e7\u00e3o para a ci\u00eancia e para o enfrentamento dos desafios contempor\u00e2neos das sociedades \u00e9 um tema que tem ganhado relev\u00e2ncia. No caso brasileiro, a organiza\u00e7\u00e3o de um robusto sistema [&hellip;]<\/p>\n","protected":false},"author":297,"featured_media":0,"parent":27234,"menu_order":79,"comment_status":"closed","ping_status":"closed","template":"","meta":{"_acf_changed":false,"footnotes":""},"class_list":["post-27434","page","type-page","status-publish","hentry"],"acf":[],"_links":{"self":[{"href":"https:\/\/homolog.saopaulo.sp.leg.br\/escoladoparlamento\/wp-json\/wp\/v2\/pages\/27434","targetHints":{"allow":["GET"]}}],"collection":[{"href":"https:\/\/homolog.saopaulo.sp.leg.br\/escoladoparlamento\/wp-json\/wp\/v2\/pages"}],"about":[{"href":"https:\/\/homolog.saopaulo.sp.leg.br\/escoladoparlamento\/wp-json\/wp\/v2\/types\/page"}],"author":[{"embeddable":true,"href":"https:\/\/homolog.saopaulo.sp.leg.br\/escoladoparlamento\/wp-json\/wp\/v2\/users\/297"}],"replies":[{"embeddable":true,"href":"https:\/\/homolog.saopaulo.sp.leg.br\/escoladoparlamento\/wp-json\/wp\/v2\/comments?post=27434"}],"version-history":[{"count":1,"href":"https:\/\/homolog.saopaulo.sp.leg.br\/escoladoparlamento\/wp-json\/wp\/v2\/pages\/27434\/revisions"}],"predecessor-version":[{"id":27435,"href":"https:\/\/homolog.saopaulo.sp.leg.br\/escoladoparlamento\/wp-json\/wp\/v2\/pages\/27434\/revisions\/27435"}],"up":[{"embeddable":true,"href":"https:\/\/homolog.saopaulo.sp.leg.br\/escoladoparlamento\/wp-json\/wp\/v2\/pages\/27234"}],"wp:attachment":[{"href":"https:\/\/homolog.saopaulo.sp.leg.br\/escoladoparlamento\/wp-json\/wp\/v2\/media?parent=27434"}],"curies":[{"name":"wp","href":"https:\/\/api.w.org\/{rel}","templated":true}]}}