{"id":27436,"date":"2022-03-24T15:08:37","date_gmt":"2022-03-24T18:08:37","guid":{"rendered":"https:\/\/homolog.saopaulo.sp.leg.br\/escoladoparlamento\/?page_id=27436"},"modified":"2022-06-06T11:58:16","modified_gmt":"2022-06-06T14:58:16","slug":"politicas-publicas-de-habitacao-desafios-e-perspectivas-do-direito-a-moradia-e-do-direito-a-cidade","status":"publish","type":"page","link":"https:\/\/homolog.saopaulo.sp.leg.br\/escoladoparlamento\/cursos\/cursos-anteriores\/cursos-realizados-em-2022\/politicas-publicas-de-habitacao-desafios-e-perspectivas-do-direito-a-moradia-e-do-direito-a-cidade\/","title":{"rendered":"Pol\u00edticas P\u00fablicas de Habita\u00e7\u00e3o: Desafios e Perspectivas do Direito \u00e0 Moradia e do Direito \u00e0 Cidade"},"content":{"rendered":"<p><strong>DIRETOR RESPONS\u00c1VEL<\/strong>: Alexsandro Santos<\/p>\n<p><strong>COORDENADOR EP<\/strong>: Pedro Henrique Campos<\/p>\n<p><strong>COORDENADOR EXTERNO<\/strong>: Paulo Romano Reschilian<\/p>\n<p>O fen\u00f4meno da urbaniza\u00e7\u00e3o no contexto brasileiro \u00e9 marcado por um conjunto de legados de pol\u00edticas, normas e arranjos econ\u00f4micos e socioespaciais que relegaram \u00e0 jovem democracia um cen\u00e1rio marcado pela desigualdade n\u00e3o apenas no acesso \u00e0 moradia, mas sobretudo \u00e0s possibilidades que a cidade, enquanto fen\u00f4meno social, oferece a seus habitantes. Nesse cen\u00e1rio, a pr\u00f3pria pol\u00edtica habitacional, frequentemente, ao se constituir como solu\u00e7\u00e3o aparente, produziu ela mesma um novo conjunto de desafios para se pensar o problema urbano. O conjunto de regras, por vezes desarticuladas ou inexistentes, sobre as formas de ocupar o espa\u00e7o urbano produziram cidades marcadas por l\u00f3gicas incipientes de mercado e segrega\u00e7\u00e3o deliberada. Desde nossa recente democratiza\u00e7\u00e3o, a amplia\u00e7\u00e3o do espa\u00e7o de debate e constru\u00e7\u00e3o coletiva de pol\u00edticas p\u00fablicas e a articula\u00e7\u00e3o de movimentos sociais em defesa dos direitos sociais em suas diversas naturezas, tais como o direito \u00e0 habita\u00e7\u00e3o e o direito \u00e0 cidade, tem se mostrado fatores cruciais n\u00e3o apenas para a constru\u00e7\u00e3o de conhecimento sobre o problema, mas tamb\u00e9m para a constru\u00e7\u00e3o de solu\u00e7\u00f5es coletivas que promovam l\u00f3gicas distintas para ocupa\u00e7\u00e3o do espa\u00e7o urbano, para promo\u00e7\u00e3o ao direito \u00e0 cidade. A reflex\u00e3o coletiva e o di\u00e1logo entre movimentos sociais, academia, e p\u00fablico leigo em geral \u00e9 elemento important\u00edssimo na amplia\u00e7\u00e3o do letramento pol\u00edtico e sobre os direitos dos cidad\u00e3os, o que motiva essa iniciativa da Escola do Parlamento, em conjunto com pesquisador e\/ou profissional experiente nesse campo.<\/p>\n<h2><strong>P\u00daBLICO ALVO<\/strong><\/h2>\n<p>Servidores p\u00fablicos, estudantes, profissionais e pesquisadores envolvidos ou interessados em estudar e\/ou desenvolver a\u00e7\u00f5es de forma\u00e7\u00e3o, pesquisa e ativismo no campo das pol\u00edticas habitacionais, dos estudos urbanos, no estudo sobre e promo\u00e7\u00e3o do direito humano \u00e0 moradia e do direito \u00e0 cidade.<\/p>\n<h2><strong>VAGAS<\/strong><\/h2>\n<p>200 vagas, de livre concorr\u00eancia.<\/p>\n<h2><strong>CARGA HOR\u00c1RIA TOTAL<\/strong><\/h2>\n<p>14 horas.<\/p>\n<h2><strong>INSCRI\u00c7\u00d5ES<\/strong><\/h2>\n<h3><span style=\"color: #ff0000\">ENCERRADAS<\/span><\/h3>\n<h2><strong>PROFESSOR<\/strong><\/h2>\n<p>Paulo Romano Reschilian, Arquiteto e Urbanista, Mestre e Doutor em Arquitetura e Urbanismo. Docente e pesquisador h\u00e1 30 anos com \u00eanfase nas \u00e1reas de pol\u00edtica urbana, habita\u00e7\u00e3o social, regulariza\u00e7\u00e3o fundi\u00e1ria e urban\u00edstica, planejamento urbano e regional, planejamento participativo. Tenho desenvolvido estudos e a\u00e7\u00f5es em pesquisa-a\u00e7\u00e3o e cartografias sociais, e metodologias participativas na constru\u00e7\u00e3o de di\u00e1logos com movimentos sociais e pol\u00edticas p\u00fablicas. Participei de trabalhos de assessoria t\u00e9cnica Planos Diretores dos munic\u00edpios de Trememb\u00e9 (2006-2007) e Jacare\u00ed (2020-21). Ocupei cargos administrativos no ensino superior e como membro de Conselho Municipal de Desenvolvimento Urbano S\u00e3o Jos\u00e9 dos Campos (2016-2017). Atualmente desenvolvo assessoria t\u00e9cnica como aut\u00f4nomo.<\/p>\n<p>==========<\/p>\n<ul>\n<li><strong>As aulas podem ser acessadas <a href=\"https:\/\/www.youtube.com\/watch?v=Qug2p7xuQ84&amp;list=PL7WmlcfNQHf6LQCkr0EYITp9f-sYKn01o\">aqui.<\/a><\/strong><\/li>\n<\/ul>\n<h2><strong>PROGRAMA DA ATIVIDADE<\/strong><\/h2>\n<h3>Aula 1 &#8211; 30 de mar\u00e7o<\/h3>\n<p>Apresenta\u00e7\u00e3o do curso dos participantes (breve)<\/p>\n<p><strong>Contextualiza\u00e7\u00e3o da quest\u00e3o habitacional urbana no Brasil<\/strong><\/p>\n<p>Tema dos direitos humanos, direito humano \u00e0 moradia e direito humano \u00e0 cidade.<\/p>\n<p>An\u00e1lise de conceitos e promo\u00e7\u00e3o de reflex\u00f5es a respeito do direito \u00e0 moradia como a chave do direito a cidade. O sentido do termo moradia digna.<\/p>\n<p><strong>Bibliografia<\/strong><\/p>\n<p>SPINKY et Al. O Direito \u00e0 Moradia: Reflex\u00f5es sobre Habitabilidade e Dignidade. Psicologia: Ci\u00eancia e Profiss\u00e3o 2020 v. 40, pp.1-14.<\/p>\n<p>https:\/\/www.scielo.br\/j\/pcp\/a\/fCt3qfskYJP57ZwvjSCMMyw\/?format=pdf&#038;lang=pt<\/p>\n<p>Complementar. HARVEY, David, Direito \u00e0 Cidade. S\u00e3o Paulo: Piau\u00ed, edi\u00e7\u00e3o 82, 2013. https:\/\/piaui.folha.uol.com.br\/materia\/o-direito-a-cidade\/<\/p>\n<h3><\/h3>\n<h3>Aula 2 &#8211; 6 de abril<\/h3>\n<p><strong>Desigualdades, vulnerabilidades e territ\u00f3rio das cidades<\/strong><\/p>\n<p>An\u00e1lise das condi\u00e7\u00f5es estruturais e determinantes da produ\u00e7\u00e3o do espa\u00e7o e da desigualdade socioespacial no Brasil. A desigualdade socioespacial como matriz de uma urbaniza\u00e7\u00e3o excludente.<\/p>\n<p>Bibliografia<\/p>\n<p>V\u00c9RAS, Maura P.B. (org.) Desigualdades urbanas, segrega\u00e7\u00e3o, alteridade e tens\u00f5es em cidades brasileiras 1. ed. \u2013 Jundia\u00ed [SP]: Paco, 2018 Cap 1. Desigualdades urbanas: Algum marco conceitual?<\/p>\n<p>&nbsp;<\/p>\n<h3>Aula 3 &#8211; 13 de abril<\/h3>\n<p><strong>A constru\u00e7\u00e3o coletiva da cidade e o Planejamento Urbano.<\/strong><\/p>\n<p>Processo de Urbaniza\u00e7\u00e3o, Planejamento Urbano e desigualdade socioespacial no Brasil.<\/p>\n<p>Panorama do processo de urbaniza\u00e7\u00e3o brasileiro e rela\u00e7\u00e3o com as ra\u00edzes sociais estruturais. Pol\u00edtica urbana e perspectivas de gest\u00e3o democr\u00e1tica da cidade. Planejamento e desigualdade socioespacial.<\/p>\n<p>Bibliografia<\/p>\n<p>NOVAES, Patr\u00edcia R. Pol\u00edtica urbana e gest\u00e3o democr\u00e1tica ap\u00f3s 10 anos de Estatuto da Cidade possibilidades e desafios na perspectiva do direito \u00e0 cidade. Rio de Janeiro, <em>e-metropolis<\/em> n\u00ba 11 &#x25aa; ano 3 | dezembro de 2012 &#x25aa; pp 19-28.<\/p>\n<p>http:\/\/emetropolis.net\/artigo\/85?name=politica-urbana-e-gestao-democratica-apos-10-anos-de-estatuto-da-cidade-possibilidades-e-desafios-na-perspectiva-do-direito-a-cidade<\/p>\n<p>Complementar MARICATO, Erm\u00ednia. Estatuto da Cidade Perif\u00e9rica. In Carvalho. C.S.; ROSSBACH, C.O Estatuto da Cidade: comentado. S\u00e3o Paulo: Minist\u00e9rio das Cidades: Alian\u00e7a das Cidades, 2010, pp. 5-22.<\/p>\n<h3><\/h3>\n<h3>Aula 4 &#8211; 20 de abril<\/h3>\n<p><strong>Os desafios das pol\u00edticas p\u00fablicas de habita\u00e7\u00e3o nas cidades. Cidades para quem?<\/strong><\/p>\n<p>Panorama da pol\u00edtica habitacional no Brasil e a produ\u00e7\u00e3o do espa\u00e7o urbano. A nova agenda ONU habitat e seus limites. Autogest\u00e3o como possibilidade de pensar pol\u00edtica de habita\u00e7\u00e3o no Brasil<\/p>\n<p>MARGUTI B\u00e1rbara O. Pol\u00edtica de Habita\u00e7\u00e3o, Bras\u00edlia: IPEA<\/p>\n<p>http:\/\/repositorio.ipea.gov.br\/bitstream\/11058\/8628\/1\/Pol%C3%ADticas%20de%20habita%C3%A7%C3%A3o.pdf<\/p>\n<p>Complementar BALBIM, Renato, A nova agenda urbana e a geopol\u00edtica das cidades. Bras\u00edlia: IPEA, 2018.<\/p>\n<p>http:\/\/repositorio.ipea.gov.br\/bitstream\/11058\/8139\/1\/BRU_n17_Geopol%C3%ADtica.pdf<\/p>\n<h3><\/h3>\n<h3>Aula 5 &#8211; 27 de abril<\/h3>\n<p><strong>Instrumentos da regula\u00e7\u00e3o urbana e cidades contempor\u00e2neas. Parte 1<\/strong><\/p>\n<p>Apresenta\u00e7\u00e3o e di\u00e1logo sobre os principais instrumentos previstos no Estatuto da Cidade para planejamento regula\u00e7\u00e3o do solo e gest\u00e3o democr\u00e1tica das cidades.<\/p>\n<p>Bibliografia<\/p>\n<p>INSTITUO P\u00d3LIS. Estatuto da Cidade: Instrumentos e desafios<\/p>\n<p><a href=\"http:\/\/arquivo.ambiente.sp.gov.br\/cea\/2011\/12\/RenatoC.pdf\">http:\/\/arquivo.ambiente.sp.gov.br\/cea\/2011\/12\/RenatoC.pdf<\/a><\/p>\n<p>Complementar. BARROS et al. Estatuto da Cidade Comentado In Carvalho. C.S.; ROSSBACH, C.O Estatuto da Cidade: comentado. S\u00e3o Paulo: Minist\u00e9rio das Cidades: Alian\u00e7a das Cidades, 2010, pp.91-118.<\/p>\n<h3><\/h3>\n<h3>Aula 6 &#8211; 04 de maio<\/h3>\n<p><strong>Instrumentos da regula\u00e7\u00e3o urbana e cidades contempor\u00e2neas. Parte 2<\/strong><\/p>\n<p>An\u00e1lise dos limites e perspectivas diante das quest\u00f5es que envolveram e envolvem a aplicabilidade e efetividade dos instrumentos que pressup\u00f5e promover transforma\u00e7\u00f5es nas cidades.<\/p>\n<p>Bibliografia<\/p>\n<p>FERNANDES, Ed\u00e9sio. Estatuto da Cidade mais de 10 anos depois: raz\u00e3o de descren\u00e7a ou raz\u00e3o de otimismo? Belo Horizonte:\u00a0 Revista UFMG, v. 20, n.1, jan.\/jun. 2013, p.212-233.<\/p>\n<p>https:\/\/periodicos.ufmg.br\/index.php\/revistadaufmg\/article\/view\/2681<\/p>\n<p>Complementar MASSONETTO, Luiz F. Pontos cegos da regula\u00e7\u00e3o urban\u00edstica: notas sobre uma articula\u00e7\u00e3o program\u00e1tica entre o Direito Econ\u00f4mico e o Direito Urban\u00edstico. Belo Horizonte: Revista F\u00f3rum de Direito Financeiro e Econ\u00f4mico. n.\u00ba 6, 2015, pp 141- 154.<\/p>\n<p>https:\/\/edisciplinas.usp.br\/pluginfile.php\/5294827\/mod_resource\/content\/1\/S10d_MASSONETTO%2C%20Lui%C2%ADs%20Fernando.%20Pontos%20cegos%20da%20regulaA%CC%83%C2%A7A%CC%83%C2%A3o%20urbanA%CC%83%C2%ADstica%20notas%20sobre%20uma%20articulaA%CC%83%C2%A7.pdf<\/p>\n<p><strong>\u00a0<\/strong><\/p>\n<h3>Aula 7 &#8211; 11 de maio<\/h3>\n<p><strong>Encerramento. Atividade de avalia\u00e7\u00e3o. <\/strong><\/p>\n<p>Considera\u00e7\u00f5es finais sobre o curso: reflex\u00f5es.<\/p>\n<p>&nbsp;<\/p>\n","protected":false},"excerpt":{"rendered":"<p>DIRETOR RESPONS\u00c1VEL: Alexsandro Santos COORDENADOR EP: Pedro Henrique Campos COORDENADOR EXTERNO: Paulo Romano Reschilian O fen\u00f4meno da urbaniza\u00e7\u00e3o no contexto brasileiro \u00e9 marcado por um conjunto de legados de pol\u00edticas, normas e arranjos econ\u00f4micos e socioespaciais que relegaram \u00e0 jovem democracia um cen\u00e1rio marcado pela desigualdade n\u00e3o apenas no acesso \u00e0 moradia, mas sobretudo \u00e0s [&hellip;]<\/p>\n","protected":false},"author":297,"featured_media":0,"parent":27234,"menu_order":78,"comment_status":"closed","ping_status":"closed","template":"","meta":{"_acf_changed":false,"footnotes":""},"class_list":["post-27436","page","type-page","status-publish","hentry"],"acf":[],"_links":{"self":[{"href":"https:\/\/homolog.saopaulo.sp.leg.br\/escoladoparlamento\/wp-json\/wp\/v2\/pages\/27436","targetHints":{"allow":["GET"]}}],"collection":[{"href":"https:\/\/homolog.saopaulo.sp.leg.br\/escoladoparlamento\/wp-json\/wp\/v2\/pages"}],"about":[{"href":"https:\/\/homolog.saopaulo.sp.leg.br\/escoladoparlamento\/wp-json\/wp\/v2\/types\/page"}],"author":[{"embeddable":true,"href":"https:\/\/homolog.saopaulo.sp.leg.br\/escoladoparlamento\/wp-json\/wp\/v2\/users\/297"}],"replies":[{"embeddable":true,"href":"https:\/\/homolog.saopaulo.sp.leg.br\/escoladoparlamento\/wp-json\/wp\/v2\/comments?post=27436"}],"version-history":[{"count":5,"href":"https:\/\/homolog.saopaulo.sp.leg.br\/escoladoparlamento\/wp-json\/wp\/v2\/pages\/27436\/revisions"}],"predecessor-version":[{"id":27696,"href":"https:\/\/homolog.saopaulo.sp.leg.br\/escoladoparlamento\/wp-json\/wp\/v2\/pages\/27436\/revisions\/27696"}],"up":[{"embeddable":true,"href":"https:\/\/homolog.saopaulo.sp.leg.br\/escoladoparlamento\/wp-json\/wp\/v2\/pages\/27234"}],"wp:attachment":[{"href":"https:\/\/homolog.saopaulo.sp.leg.br\/escoladoparlamento\/wp-json\/wp\/v2\/media?parent=27436"}],"curies":[{"name":"wp","href":"https:\/\/api.w.org\/{rel}","templated":true}]}}