{"id":27495,"date":"2022-04-03T14:10:11","date_gmt":"2022-04-03T17:10:11","guid":{"rendered":"https:\/\/homolog.saopaulo.sp.leg.br\/escoladoparlamento\/?page_id=27495"},"modified":"2022-04-26T15:28:15","modified_gmt":"2022-04-26T18:28:15","slug":"a-abordagem-do-ciclo-de-politicas-publicas-e-a-implementacao-de-politicas-educacionais","status":"publish","type":"page","link":"https:\/\/homolog.saopaulo.sp.leg.br\/escoladoparlamento\/cursos\/cursos-anteriores\/cursos-realizados-em-2022\/a-abordagem-do-ciclo-de-politicas-publicas-e-a-implementacao-de-politicas-educacionais\/","title":{"rendered":"A abordagem do Ciclo de Pol\u00edticas P\u00fablicas e a Implementa\u00e7\u00e3o de Pol\u00edticas Educacionais"},"content":{"rendered":"<p><b><span data-contrast=\"auto\">DESCRITIVO<\/span><\/b><span data-ccp-props=\"{&quot;201341983&quot;:0,&quot;335559738&quot;:480,&quot;335559739&quot;:240,&quot;335559740&quot;:276}\">\u00a0<\/span><\/p>\n<p><span data-contrast=\"auto\">Semin\u00e1rio realizado no \u00e2mbito da Coopera\u00e7\u00e3o T\u00e9cnica entre a Escola do Parlamento da C\u00e2mara Municipal de S\u00e3o Paulo e o Programa de P\u00f3s-Gradua\u00e7\u00e3o em Educa\u00e7\u00e3o da Universidade Cidade de S\u00e3o Paulo.<\/span><span data-ccp-props=\"{&quot;201341983&quot;:0,&quot;335551550&quot;:6,&quot;335551620&quot;:6,&quot;335559739&quot;:200,&quot;335559740&quot;:240}\">\u00a0<\/span><\/p>\n<p><span data-ccp-props=\"{&quot;201341983&quot;:0,&quot;335559739&quot;:200,&quot;335559740&quot;:276,&quot;469777462&quot;:[3180],&quot;469777927&quot;:[0],&quot;469777928&quot;:[1]}\">\u00a0<\/span><span data-contrast=\"auto\">DIRETOR RESPONS\u00c1VEL: Alexsandro do Nascimento Santos\u00a0<\/span><span data-ccp-props=\"{&quot;201341983&quot;:0,&quot;335559739&quot;:200,&quot;335559740&quot;:276}\">\u00a0<\/span><\/p>\n<p><span data-contrast=\"auto\">NOME DO COORDENADOR:\u00a0<\/span><span data-ccp-props=\"{&quot;201341983&quot;:0,&quot;335559739&quot;:200,&quot;335559740&quot;:276,&quot;469777462&quot;:[4394],&quot;469777927&quot;:[0],&quot;469777928&quot;:[3]}\">\u00a0<\/span><\/p>\n<p><span data-contrast=\"auto\">Prof. Dr. Alexsandro Santos (Escola do Parlamento \/ Unicid)<\/span><br \/>\n<span data-contrast=\"auto\">Profa. Dra. Maria do Carmo Meirelles Toledo Cruz (Unicid)<\/span><span data-ccp-props=\"{&quot;201341983&quot;:0,&quot;335559739&quot;:200,&quot;335559740&quot;:276,&quot;469777462&quot;:[4394],&quot;469777927&quot;:[0],&quot;469777928&quot;:[3]}\">\u00a0<\/span><\/p>\n<p><span data-contrast=\"auto\">TIPO DO EVENTO:\u00a0 SEMIN\u00c1RIO<\/span><span data-ccp-props=\"{&quot;201341983&quot;:0,&quot;335559739&quot;:200,&quot;335559740&quot;:276}\">\u00a0<\/span><\/p>\n<p><b><span data-contrast=\"auto\">JUSTIFICATIVA\/CONTEXTO:\u00a0<\/span><\/b><span data-ccp-props=\"{&quot;201341983&quot;:0,&quot;335551550&quot;:6,&quot;335551620&quot;:6,&quot;335559739&quot;:200,&quot;335559740&quot;:276}\">\u00a0<\/span><\/p>\n<p><span data-contrast=\"auto\">Os estudos na \u00e1rea de Pol\u00edticas Educacionais tem se definido a partir da converg\u00eancia interdisciplinar de \u00e1reas como a Administra\u00e7\u00e3o P\u00fablica, a Ci\u00eancia Pol\u00edtica e da Educa\u00e7\u00e3o, com a emerg\u00eancia de temas e objetos inovadores bem como de novas abordagens para temas e objetos tradicionais.<\/span><span data-ccp-props=\"{&quot;201341983&quot;:0,&quot;335551550&quot;:6,&quot;335551620&quot;:6,&quot;335559739&quot;:200,&quot;335559740&quot;:276}\">\u00a0<\/span><\/p>\n<p><span data-contrast=\"auto\">A constru\u00e7\u00e3o dessa converg\u00eancia convoca a aten\u00e7\u00e3o de pesquisadoras e pesquisadores da \u00e1rea para que se debrucem mais detidamente em fundamentos conceituais e anal\u00edticos capazes de permitir maior densidade e abrang\u00eancia de suas an\u00e1lises e produ\u00e7\u00f5es.\u00a0<\/span><span data-ccp-props=\"{&quot;201341983&quot;:0,&quot;335551550&quot;:6,&quot;335551620&quot;:6,&quot;335559739&quot;:200,&quot;335559740&quot;:276}\">\u00a0<\/span><\/p>\n<p><span data-contrast=\"auto\">\u00c9 pensando nessa necessidade que propomos a realiza\u00e7\u00e3o deste Semin\u00e1rio Avan\u00e7ado, iniciativa em parceria com o Grupo de Pesquisa Implementa\u00e7\u00e3o de Pol\u00edticas Educacionais e Desigualdades, da Unicid.<\/span><span data-ccp-props=\"{&quot;201341983&quot;:0,&quot;335551550&quot;:6,&quot;335551620&quot;:6,&quot;335559739&quot;:200,&quot;335559740&quot;:276}\">\u00a0<\/span><\/p>\n<p><b><span data-contrast=\"auto\">OBJETIVOS:<\/span><\/b><span data-ccp-props=\"{&quot;201341983&quot;:0,&quot;335551550&quot;:6,&quot;335551620&quot;:6,&quot;335559739&quot;:200,&quot;335559740&quot;:276}\">\u00a0<\/span><\/p>\n<p><span data-contrast=\"auto\">Espera-se que os participantes possam ampliar e aprofundar sua capacidade de:<\/span><span data-ccp-props=\"{&quot;201341983&quot;:0,&quot;335551550&quot;:6,&quot;335551620&quot;:6,&quot;335559739&quot;:200,&quot;335559740&quot;:276}\">\u00a0<\/span><\/p>\n<ul>\n<li><span data-contrast=\"auto\">Compreender a abordagem heur\u00edstica do ciclo de pol\u00edtica p\u00fablica e identificar sua utiliza\u00e7\u00e3o no campo de pesquisa das pol\u00edticas educacionais<\/span><span data-ccp-props=\"{&quot;201341983&quot;:0,&quot;335551550&quot;:6,&quot;335551620&quot;:6,&quot;335559739&quot;:200,&quot;335559740&quot;:276}\">\u00a0<\/span><\/li>\n<li><span data-contrast=\"auto\">Perceber os contornos e a agenda epistemol\u00f3gica dos estudos sobre Implementa\u00e7\u00e3o de Pol\u00edticas Educacionais<\/span><span data-ccp-props=\"{&quot;201341983&quot;:0,&quot;335551550&quot;:6,&quot;335551620&quot;:6,&quot;335559739&quot;:200,&quot;335559740&quot;:276}\">\u00a0<\/span><\/li>\n<\/ul>\n<p><b><span data-contrast=\"auto\">P\u00daBLICO ALVO:<\/span><\/b> Estudantes, professores e pesquisadores que pesquisam pol\u00edticas p\u00fablicas de educa\u00e7\u00e3o, profissionais e ativistas do campo da educa\u00e7\u00e3o, p\u00fablico em geral.<\/p>\n<p><strong>V<\/strong><i><span data-contrast=\"auto\"><strong>AGAS:<\/strong>\u00a0 500<\/span><\/i><span data-ccp-props=\"{&quot;201341983&quot;:0,&quot;335559739&quot;:200,&quot;335559740&quot;:276}\">\u00a0<\/span><\/p>\n<p><span data-contrast=\"auto\"><strong>CARGA HOR\u00c1RIA TOTAL:<\/strong>\u00a0\u00a0 2h00 horas<\/span><span data-ccp-props=\"{&quot;201341983&quot;:0,&quot;335559739&quot;:200,&quot;335559740&quot;:276}\">\u00a0<\/span><\/p>\n<p><strong>INFRAESTRUTURA DO LOCAL:<\/strong> <span data-contrast=\"auto\">Evento virtual, realizado na plataforma Zoom, com transmiss\u00e3o pela internet (Youtube)<\/span><span data-ccp-props=\"{&quot;201341983&quot;:0,&quot;335559739&quot;:200,&quot;335559740&quot;:276}\">\u00a0<\/span><\/p>\n<h3><b>INSCRI\u00c7\u00d5ES CLIQUE <a href=\"https:\/\/www.sympla.com.br\/a-abordagem-do-ciclo-de-politicas-publicas-e-a-implementacao-de-politicas-educacionais__1536119\">AQUI<\/a><\/b><\/h3>\n<table style=\"font-weight: 400\" data-tablestyle=\"MsoTableGrid\" data-tablelook=\"288\">\n<tbody>\n<tr>\n<td data-celllook=\"4369\">\n<p style=\"text-align: center\"><b><span data-contrast=\"none\">Data:\u00a0<\/span><\/b><span data-ccp-props=\"{&quot;201341983&quot;:0,&quot;335551550&quot;:2,&quot;335559739&quot;:200,&quot;335559740&quot;:276}\">\u00a0<\/span><\/p>\n<\/td>\n<td data-celllook=\"4369\">\n<p style=\"text-align: center\"><b><span data-contrast=\"none\">Palestrante<\/span><\/b><\/p>\n<\/td>\n<td data-celllook=\"4369\">\n<p style=\"text-align: center\"><b><span data-contrast=\"none\">Tema da palestra\/aula<\/span><\/b><span data-ccp-props=\"{&quot;201341983&quot;:0,&quot;335551550&quot;:2,&quot;335551620&quot;:2,&quot;335559739&quot;:200,&quot;335559740&quot;:276}\">\u00a0<\/span><\/p>\n<\/td>\n<\/tr>\n<tr>\n<td data-celllook=\"69905\"><span data-contrast=\"auto\">08\/04\/2022<\/span><span data-ccp-props=\"{&quot;201341983&quot;:0,&quot;335551550&quot;:2,&quot;335551620&quot;:2,&quot;335559739&quot;:200,&quot;335559740&quot;:240}\">\u00a0<\/span><\/p>\n<p><span data-contrast=\"auto\">17h \u00e0s 17h10<\/span><span data-ccp-props=\"{&quot;201341983&quot;:0,&quot;335551550&quot;:2,&quot;335551620&quot;:2,&quot;335559739&quot;:200,&quot;335559740&quot;:240}\">\u00a0<\/span><\/td>\n<td data-celllook=\"69905\"><span data-contrast=\"none\">Prof. Dr. Alexsandro Santos<\/span><span data-ccp-props=\"{&quot;201341983&quot;:0,&quot;335551550&quot;:2,&quot;335551620&quot;:2,&quot;335559739&quot;:200,&quot;335559740&quot;:276}\">\u00a0<\/span><\/p>\n<p><span data-contrast=\"none\">Profa. Dra. Maria do Carmo Meireles Toledo Cruz<\/span><span data-ccp-props=\"{&quot;201341983&quot;:0,&quot;335551550&quot;:2,&quot;335551620&quot;:2,&quot;335559739&quot;:200,&quot;335559740&quot;:276}\">\u00a0<\/span><\/td>\n<td data-celllook=\"69905\"><span data-ccp-props=\"{&quot;201341983&quot;:0,&quot;335551550&quot;:2,&quot;335551620&quot;:2,&quot;335559739&quot;:200,&quot;335559740&quot;:276}\">\u00a0<\/span><span data-contrast=\"none\">Abertura<\/span><span data-ccp-props=\"{&quot;201341983&quot;:0,&quot;335551550&quot;:2,&quot;335551620&quot;:2,&quot;335559739&quot;:200,&quot;335559740&quot;:276}\">\u00a0<\/span><\/td>\n<\/tr>\n<tr>\n<td data-celllook=\"4369\"><span data-contrast=\"auto\">08\/04\/2022<\/span><span data-ccp-props=\"{&quot;201341983&quot;:0,&quot;335551550&quot;:2,&quot;335551620&quot;:2,&quot;335559739&quot;:200,&quot;335559740&quot;:240}\">\u00a0<\/span><\/p>\n<p><span data-contrast=\"auto\">17h15 \u00e0s 18h00<\/span><span data-ccp-props=\"{&quot;201341983&quot;:0,&quot;335551550&quot;:2,&quot;335551620&quot;:2,&quot;335559739&quot;:200,&quot;335559740&quot;:240}\">\u00a0<\/span><\/td>\n<td data-celllook=\"4369\"><span data-ccp-props=\"{&quot;201341983&quot;:0,&quot;335551550&quot;:2,&quot;335551620&quot;:2,&quot;335559739&quot;:200,&quot;335559740&quot;:276}\">\u00a0<\/span><\/p>\n<p><span data-contrast=\"none\">Profa. Dra. Silvia Craveiro<\/span><span data-ccp-props=\"{&quot;201341983&quot;:0,&quot;335551550&quot;:2,&quot;335551620&quot;:2,&quot;335559739&quot;:200,&quot;335559740&quot;:276}\">\u00a0<\/span><\/p>\n<p><span data-ccp-props=\"{&quot;201341983&quot;:0,&quot;335559739&quot;:200,&quot;335559740&quot;:276}\">\u00a0<\/span><\/td>\n<td data-celllook=\"4369\"><span data-contrast=\"none\">A abordagem do Ciclo de Pol\u00edticas P\u00fablicas<\/span><span data-ccp-props=\"{&quot;201341983&quot;:0,&quot;335551550&quot;:2,&quot;335551620&quot;:2,&quot;335559739&quot;:200,&quot;335559740&quot;:276}\">\u00a0<\/span><\/td>\n<\/tr>\n<tr>\n<td data-celllook=\"69905\"><span data-contrast=\"auto\">08\/04\/2022<\/span><span data-ccp-props=\"{&quot;201341983&quot;:0,&quot;335551550&quot;:2,&quot;335551620&quot;:2,&quot;335559739&quot;:200,&quot;335559740&quot;:240}\">\u00a0<\/span><\/p>\n<p><span data-contrast=\"auto\">18h00 \u00e0s 18h30<\/span><span data-ccp-props=\"{&quot;201341983&quot;:0,&quot;335551550&quot;:2,&quot;335551620&quot;:2,&quot;335559739&quot;:200,&quot;335559740&quot;:240}\">\u00a0<\/span><\/td>\n<td data-celllook=\"69905\"><span data-contrast=\"none\">Prof. Dr. Alexsandro Santos<\/span><span data-ccp-props=\"{&quot;201341983&quot;:0,&quot;335551550&quot;:2,&quot;335551620&quot;:2,&quot;335559739&quot;:200,&quot;335559740&quot;:276}\">\u00a0<\/span><\/td>\n<td data-celllook=\"69905\"><span data-ccp-props=\"{&quot;201341983&quot;:0,&quot;335551550&quot;:2,&quot;335551620&quot;:2,&quot;335559739&quot;:200,&quot;335559740&quot;:276}\">\u00a0<\/span><span data-contrast=\"none\">Pesquisa em Implementa\u00e7\u00e3o de Pol\u00edticas P\u00fablicas<\/span><span data-ccp-props=\"{&quot;201341983&quot;:0,&quot;335551550&quot;:2,&quot;335551620&quot;:2,&quot;335559739&quot;:200,&quot;335559740&quot;:276}\">\u00a0<\/span><\/td>\n<\/tr>\n<tr>\n<td data-celllook=\"4369\"><span data-contrast=\"auto\">08\/04\/2022<\/span><span data-ccp-props=\"{&quot;201341983&quot;:0,&quot;335551550&quot;:2,&quot;335551620&quot;:2,&quot;335559739&quot;:200,&quot;335559740&quot;:240}\">\u00a0<\/span><\/p>\n<p><span data-contrast=\"auto\">18h30 \u00e0s 19h00<\/span><span data-ccp-props=\"{&quot;201341983&quot;:0,&quot;335551550&quot;:2,&quot;335551620&quot;:2,&quot;335559739&quot;:200,&quot;335559740&quot;:240}\">\u00a0<\/span><\/td>\n<td colspan=\"2\" rowspan=\"1\" data-celllook=\"4369\"><span data-ccp-props=\"{&quot;201341983&quot;:0,&quot;335551550&quot;:2,&quot;335551620&quot;:2,&quot;335559739&quot;:200,&quot;335559740&quot;:276}\">\u00a0<\/span><\/p>\n<p style=\"text-align: center\"><span data-contrast=\"none\">Debate \/ Perguntas do P\u00fablico<\/span><span data-ccp-props=\"{&quot;201341983&quot;:0,&quot;335551550&quot;:2,&quot;335551620&quot;:2,&quot;335559739&quot;:200,&quot;335559740&quot;:276}\">\u00a0<\/span><\/p>\n<\/td>\n<\/tr>\n<\/tbody>\n<\/table>\n<p>&nbsp;<\/p>\n<p><b><span data-contrast=\"none\">MINI CURRICUM DOS DOCENTES\/PALESTRANTES:<\/span><\/b><span data-ccp-props=\"{&quot;201341983&quot;:0,&quot;335559739&quot;:200,&quot;335559740&quot;:240}\">\u00a0<\/span><\/p>\n<p><b><span data-contrast=\"none\">Maria do Carmo Meirelles Toledo Cruz<\/span><\/b><span data-contrast=\"none\">, Doutora em Administra\u00e7\u00e3o P\u00fablica e Governo (EAESP-FGV), Professora do Programa de P\u00f3s-Gradua\u00e7\u00e3o em Educa\u00e7\u00e3o e do Mestrado Profissional em Forma\u00e7\u00e3o de Gestores da Unicid. Professora da Funda\u00e7\u00e3o Escola de Sociologia e Pol\u00edtica.\u00a0<\/span><span data-ccp-props=\"{&quot;201341983&quot;:0,&quot;335559739&quot;:200,&quot;335559740&quot;:240}\">\u00a0<\/span><\/p>\n<p><b><span data-contrast=\"none\">Alexsandro do Nascimento Santos, <\/span><\/b><span data-contrast=\"none\">Doutor em Educa\u00e7\u00e3o pela Universidade de S\u00e3o Paulo, diretor-presidente da Escola do Parlamento e professor do Programa de P\u00f3s-Gradua\u00e7\u00e3o em Educa\u00e7\u00e3o e do Mestrado Profissional em Forma\u00e7\u00e3o de Gestores da Unicid<\/span><span data-ccp-props=\"{&quot;201341983&quot;:0,&quot;335559739&quot;:200,&quot;335559740&quot;:240}\">\u00a0<\/span><\/p>\n<p><b><span data-contrast=\"none\">Silvia Silva Craveiro, <\/span><\/b><span data-contrast=\"none\">Doutora em Administra\u00e7\u00e3o P\u00fablica e Governo (EAESP-FGV) e professora e coordenadora do ensino m\u00e9dio com habilita\u00e7\u00e3o t\u00e9cnica em servi\u00e7os p\u00fablicos e professora do curso t\u00e9cnico de servi\u00e7os p\u00fablicos do Centro Paula Souza\/Governo do estado de S\u00e3o Paulo<\/span><span data-ccp-props=\"{&quot;201341983&quot;:0,&quot;335559739&quot;:200,&quot;335559740&quot;:240}\">\u00a0<\/span><\/p>\n","protected":false},"excerpt":{"rendered":"<p>DESCRITIVO\u00a0 Semin\u00e1rio realizado no \u00e2mbito da Coopera\u00e7\u00e3o T\u00e9cnica entre a Escola do Parlamento da C\u00e2mara Municipal de S\u00e3o Paulo e o Programa de P\u00f3s-Gradua\u00e7\u00e3o em Educa\u00e7\u00e3o da Universidade Cidade de S\u00e3o Paulo.\u00a0 \u00a0DIRETOR RESPONS\u00c1VEL: Alexsandro do Nascimento Santos\u00a0\u00a0 NOME DO COORDENADOR:\u00a0\u00a0 Prof. Dr. Alexsandro Santos (Escola do Parlamento \/ Unicid) Profa. Dra. Maria do Carmo [&hellip;]<\/p>\n","protected":false},"author":661,"featured_media":0,"parent":27234,"menu_order":76,"comment_status":"closed","ping_status":"closed","template":"","meta":{"_acf_changed":false,"footnotes":""},"class_list":["post-27495","page","type-page","status-publish","hentry"],"acf":[],"_links":{"self":[{"href":"https:\/\/homolog.saopaulo.sp.leg.br\/escoladoparlamento\/wp-json\/wp\/v2\/pages\/27495","targetHints":{"allow":["GET"]}}],"collection":[{"href":"https:\/\/homolog.saopaulo.sp.leg.br\/escoladoparlamento\/wp-json\/wp\/v2\/pages"}],"about":[{"href":"https:\/\/homolog.saopaulo.sp.leg.br\/escoladoparlamento\/wp-json\/wp\/v2\/types\/page"}],"author":[{"embeddable":true,"href":"https:\/\/homolog.saopaulo.sp.leg.br\/escoladoparlamento\/wp-json\/wp\/v2\/users\/661"}],"replies":[{"embeddable":true,"href":"https:\/\/homolog.saopaulo.sp.leg.br\/escoladoparlamento\/wp-json\/wp\/v2\/comments?post=27495"}],"version-history":[{"count":5,"href":"https:\/\/homolog.saopaulo.sp.leg.br\/escoladoparlamento\/wp-json\/wp\/v2\/pages\/27495\/revisions"}],"predecessor-version":[{"id":27504,"href":"https:\/\/homolog.saopaulo.sp.leg.br\/escoladoparlamento\/wp-json\/wp\/v2\/pages\/27495\/revisions\/27504"}],"up":[{"embeddable":true,"href":"https:\/\/homolog.saopaulo.sp.leg.br\/escoladoparlamento\/wp-json\/wp\/v2\/pages\/27234"}],"wp:attachment":[{"href":"https:\/\/homolog.saopaulo.sp.leg.br\/escoladoparlamento\/wp-json\/wp\/v2\/media?parent=27495"}],"curies":[{"name":"wp","href":"https:\/\/api.w.org\/{rel}","templated":true}]}}