{"id":27633,"date":"2022-05-16T11:17:53","date_gmt":"2022-05-16T14:17:53","guid":{"rendered":"https:\/\/homolog.saopaulo.sp.leg.br\/escoladoparlamento\/?page_id=27633"},"modified":"2022-06-14T13:24:38","modified_gmt":"2022-06-14T16:24:38","slug":"comunicacao-politica-e-eleitoral","status":"publish","type":"page","link":"https:\/\/homolog.saopaulo.sp.leg.br\/escoladoparlamento\/cursos\/cursos-anteriores\/cursos-realizados-em-2022\/comunicacao-politica-e-eleitoral\/","title":{"rendered":"Comunica\u00e7\u00e3o Pol\u00edtica e Eleitoral"},"content":{"rendered":"<p style=\"font-weight: 300\">Com a proximidade das elei\u00e7\u00f5es gerais de 2022, urge a necessidade da Escola do Parlamento promover eventos que, al\u00e9m de trazer as t\u00e9cnicas da Comunica\u00e7\u00e3o Pol\u00edtica e Eleitoral para assessores parlamentares, estudantes e demais interessados no tema, cumpram o seu papel de debater as mais diversas quest\u00f5es que envolvam assuntos de interesse coletivo e que impactam no processo eleitoral, entre elas a quest\u00e3o das\u00a0<em>fake news<\/em>\u00a0e a seguran\u00e7a e privacidade dos dados no ambiente digital.<\/p>\n<p style=\"font-weight: 300\"><b><strong>P\u00daBLICO ALVO:\u00a0<\/strong><\/b>assessores parlamentares, estudantes e p\u00fablico em geral<\/p>\n<p style=\"font-weight: 300\"><b><strong>CARGA HOR\u00c1RIA:<\/strong><\/b>\u00a010 horas<\/p>\n<p style=\"font-weight: 300\"><b><strong>CERTIFICA\u00c7\u00c3O:<\/strong><\/b> presen\u00e7a em pelo menos 3 dos 4 dias de semin\u00e1rios<\/p>\n<p style=\"font-weight: 300\"><b>VAGAS:\u00a0<\/b>60 PRESENCIAIS<\/p>\n<h2 style=\"font-weight: 300\"><span style=\"color: #ff0000\"><b><strong>ATEN\u00c7\u00c3O:<\/strong><\/b><\/span><\/h2>\n<h3 style=\"font-weight: 300\"><b><strong>EVENTO PRESENCIAL E REMOTO<\/strong><\/b><\/h3>\n<p style=\"font-weight: 300\"><b><strong><span style=\"color: #ff0000\">Se voc\u00ea escolher participar presencialmente<\/span>, adquira um dos 60 ingressos disponibilizados para o EVENTO PRESENCIAL. O ingresso valer\u00e1 para todos os 4 dias de semin\u00e1rios e voc\u00ea sempre dever\u00e1 comparecer presencialmente para garantir o certificado.<br \/>\nLOCAL\u00a0&#8211; Sala Tiradentes &#8211; 8\u00ba andar do pr\u00e9dio da C\u00e2mara Municipal de S\u00e3o Paulo<br \/>\nViaduto Jacare\u00ed, 100 &#8211; Visualize o mapa <\/strong><\/b><a href=\"https:\/\/www.google.com.br\/maps\/place\/Viaduto+Jacare%C3%AD,+100+-+Bela+Vista,+S%C3%A3o+Paulo+-+SP,+01319-020\/@-23.5506705,-46.6432767,17z\/data=!3m1!4b1!4m5!3m4!1s0x94ce59ad52e4e131:0x215d8247c8102c01!8m2!3d-23.5506705!4d-46.641088?hl=pt-BR&amp;authuser=0\"><b><strong>AQUI<\/strong><\/b><\/a><br \/>\nLembramos a todos que as medidas de prote\u00e7\u00e3o contra a Covid continuam e voc\u00ea dever\u00e1 apresentar o comprovante de vacina\u00e7\u00e3o para ter a entrada autorizada, al\u00e9m de utilizar a m\u00e1scara, segundo recomenda\u00e7\u00e3o da Prefeitura de S\u00e3o Paulo.<\/p>\n<p style=\"font-weight: 300\"><b><strong><span style=\"color: #ff0000\">Caso\u00a0prefira acompanhar online<\/span>, garanta um ingresso para o EVENTO REMOTO. A aferi\u00e7\u00e3o da presen\u00e7a ser\u00e1 feita automaticamente atrav\u00e9s da plataforma Zoom.\u00a0<\/strong><\/b><\/p>\n<h3 style=\"font-weight: 300\"><strong>INSCRI\u00c7\u00d5ES:<\/strong> <span style=\"color: #ff0000\">ENCERRADAS<\/span><\/h3>\n<hr \/>\n<p>&nbsp;<\/p>\n<p style=\"font-weight: 300\"><b><strong>PROGRAMA\u00c7\u00c3O:<\/strong><\/b><\/p>\n<h3 style=\"font-weight: 300\"><span style=\"color: #ff0000\"><b><strong>07 de junho &#8211; 15h30 \u00e0s 18h<\/strong><\/b><\/span><\/h3>\n<p style=\"font-weight: 300\"><strong><a href=\"https:\/\/www.youtube.com\/watch?v=NuEo5zc0wvk\">Clique AQUI para rever<\/a><\/strong><\/p>\n<p style=\"font-weight: 300\"><b><strong>PESQUISAS QUALITATIVAS E QUANTITATIVAS E SUA IMPORT\u00c2NCIA NA ELABORA\u00c7\u00c3O DE ESTRAT\u00c9GIAS DE COMUNICA\u00c7\u00c3O PARA A CAMPANHA<\/strong><\/b><\/p>\n<p style=\"font-weight: 300\">\u00c9 essencial a realiza\u00e7\u00e3o de pesquisas qualitativas para direcionamento das campanhas, assim como as pesquisas quantitativas s\u00e3o importantes para ter um retrato das tend\u00eancias da sociedade.<\/p>\n<p style=\"font-weight: 300\">RENATO DORGAN &#8211;\u00a0<em>Especialista em pesquisas qualitativas, MBA em Marketing Pol\u00edtico e Comunica\u00e7\u00e3o Eleitoral, com especializa\u00e7\u00e3o em Antropologia, \u00e9 tamb\u00e9m Advogado com especializa\u00e7\u00e3o em Direito Constitucional. Membro da Sociedade Brasileira de Profissionais e Pesquisadores de Comunica\u00e7\u00e3o e Marketing Pol\u00edtico \u2013 POLITICOM<\/em><\/p>\n<p style=\"font-weight: 300\"><b><strong>PASSO A PASSO DO PLANEJAMENTO ESTRAT\u00c9GICO DE MARKETING POL\u00cdTICO E ELEITORAL<\/strong><\/b><\/p>\n<p style=\"font-weight: 300\">Uma campanha eleitoral n\u00e3o deixa de ser um empreendimento ambicioso, pois num curto espa\u00e7o de tempo, muitos s\u00e3o os recursos que precisam ser empregados para o cumprimento de diversas metas e objetivos. Num contexto onde a satura\u00e7\u00e3o da mensagem se far\u00e1 presente (principalmente em fun\u00e7\u00e3o das redes sociais), cabe a todos n\u00f3s estarmos informados para exercer o voto.<\/p>\n<p style=\"font-weight: 300\">GILMAR ARRUDA &#8211;\u00a0<em>Especialista em Publicidade e Mercado, tem MBA em Gest\u00e3o de Neg\u00f3cios, Mercados e Projetos Interativos, \u00e9 Palestrante e Professor Associado de Marketing Pol\u00edtico do Instituto Legislativo Paulista (ILP), que \u00e9 o bra\u00e7o educacional da Assembleia Legislativa do Estado de S\u00e3o Paulo (ALESP) e de suas parceiras.<\/em><\/p>\n<h3 style=\"font-weight: 300\"><span style=\"color: #ff0000\"><b><strong>08 de junho &#8211; 15h30 \u00e0s 18h<\/strong><\/b><\/span><\/h3>\n<p><strong><a href=\"https:\/\/youtu.be\/FwmYtJXe9JI\">Clique AQUI para rever<\/a><\/strong><\/p>\n<p style=\"font-weight: 300\"><b><strong>A COMUNICA\u00c7\u00c3O COMO EIXO CENTRAL DA CAMPANHA<\/strong><\/b><\/p>\n<p style=\"font-weight: 300\">Dados e pesquisas apontam que a pol\u00edtica n\u00e3o gera interesse e identifica\u00e7\u00e3o na popula\u00e7\u00e3o brasileira. As audi\u00eancias de emissoras de TV ca\u00edram, em m\u00e9dia, 33% quando o hor\u00e1rio eleitoral gratuito entrou no ar na \u00faltima elei\u00e7\u00e3o e mais de 90% dos brasileiros n\u00e3o se sentem representados pelos pol\u00edticos. Em um mundo onde sobra informa\u00e7\u00e3o e sobram conte\u00fados para serem consumidos, chamar a aten\u00e7\u00e3o do eleitor e gerar conex\u00e3o com o p\u00fablico por meio de diferentes formatos \u00e9 o desafio.<\/p>\n<p style=\"font-weight: 300\">FRED PERILLO &#8211;\u00a0<em>Foi Secret\u00e1rio de Comunica\u00e7\u00e3o do Governo de Rond\u00f4nia e atualmente ministra palestras e treinamentos sobre marketing pol\u00edtico e digital. Atualmente tem se dedicado ao desenvolvimento de projetos de comunica\u00e7\u00e3o digital em mandatos pol\u00edticos.<\/em><\/p>\n<p style=\"font-weight: 300\">LUCAS PIMENTA &#8211;<em>\u00a0<\/em><em>Jornalista, recentemente, concluiu o curso de \u201cPol\u00edtica americana: opini\u00e3o p\u00fablica, elei\u00e7\u00f5es, grupos de interesse e a m\u00eddia\u201d na universidade de Harvard. Trabalhou na comunica\u00e7\u00e3o do Governo do Estado de S\u00e3o Paulo e na Secretaria Executiva de Comunica\u00e7\u00e3o do munic\u00edpio.<\/em><\/p>\n<p>&nbsp;<\/p>\n<h3 style=\"font-weight: 300\"><span style=\"color: #ff0000\"><b><strong>09 de junho &#8211; 15h30 \u00e0s 18h<\/strong><\/b><\/span><\/h3>\n<p><a href=\"https:\/\/www.youtube.com\/watch?v=Zg4PDY1NlYY\"><strong>Clique AQUI para rever<\/strong><\/a><\/p>\n<p style=\"font-weight: 300\"><b><strong>FAKE NEWS, DEEPFAKES E A REGULAMENTA\u00c7\u00c3O DAS PLATAFORMAS DIGITAIS<\/strong><\/b><\/p>\n<p style=\"font-weight: 300\">As redes sociais v\u00eam se tornando o canal de informa\u00e7\u00f5es predominante de eleitores e, ao mesmo tempo, a legisla\u00e7\u00e3o e as autoridades n\u00e3o se mostram preparadas para enfrentar os desafios que acompanham isso. Al\u00e9m da dissemina\u00e7\u00e3o das j\u00e1 conhecidas\u00a0<em>fake news<\/em>, as elei\u00e7\u00f5es de 2022 enfrentam uma situa\u00e7\u00e3o ainda mais delicada com o poss\u00edvel uso das\u00a0<em>deepfakes<\/em>\u00a0como uma nova ferramenta da desinforma\u00e7\u00e3o. \u00c9 importante examinar criticamente esses instrumentos para garantir a integridade do processo democr\u00e1tico.<\/p>\n<p style=\"font-weight: 300\">MARCELLA GAMBARDELLA &#8211;\u00a0<em>Especialista em LGPD e direito digital, atua nas \u00e1reas de Direito digital, prote\u00e7\u00e3o de dados (LGPD e GDPR), direito regulat\u00f3rio e empresarial.<\/em><\/p>\n<p style=\"font-weight: 300\">URSULA RIBEIRO DE ALMEIDA &#8211;\u00a0<em>Advogada, Doutora e Mestre em Direito, especialista em prote\u00e7\u00e3o de dados pessoais. Coordenadora do Grupo de Estudos Avan\u00e7ados de Processo \u2013 GEAP da Funda\u00e7\u00e3o Arcadas.<\/em><\/p>\n<p>&nbsp;<\/p>\n<h3 style=\"font-weight: 300\"><span style=\"color: #ff0000\"><b><strong>10 de junho &#8211; 15h30 \u00e0s 18h<\/strong><\/b><\/span><\/h3>\n<p style=\"font-weight: 300\"><b><strong>PRINCIPAIS TEND\u00caNCIAS PARA AS ELEI\u00c7\u00d5ES DE 2022<\/strong><\/b><\/p>\n<p><a href=\"https:\/\/youtu.be\/aJAS3sPYQ_s\"><strong>Clique AQUI para rever<\/strong><\/a><\/p>\n<p style=\"font-weight: 300\">Apontar o que est\u00e1 impactando o cen\u00e1rio pol\u00edtico e eleitoral e discutir de forma abrangente o micro e macroambiente atual e futuro que impactam no humor do eleitorado e ajudam a polarizar ainda mais o debate pol\u00edtico.<\/p>\n<p style=\"font-weight: 300\">CILA\u00a0SCHULMAN &#8211;\u00a0<em>Coordenadora de comunica\u00e7\u00e3o e estrat\u00e9gia de campanhas eleitorais desde 1988, trabalha com planejamento em comunica\u00e7\u00e3o, administra\u00e7\u00e3o de crise, marketing pol\u00edtico e p\u00fablico, e em estrat\u00e9gia para mobiliza\u00e7\u00e3o de causas.\u00a0<\/em><\/p>\n<p style=\"font-weight: 300\">RODRIGO GADELHA &#8211;\u00a0<em>\u00c9 considerado um dos principais nomes do Mercado Digital da Am\u00e9rica Latina, com palestras no EUA, M\u00e9xico, Uruguai, Argentina, Fran\u00e7a, Portugal e Brasil. Eleito o profissional de Social Media do Brasil do ano em 2018 e 2021 pela ABComm &#8211; Associa\u00e7\u00e3o Brasileira de Com\u00e9rcio eletr\u00f4nico.<br \/>\n<\/em><\/p>\n<p style=\"font-weight: 300\">\n","protected":false},"excerpt":{"rendered":"<p>Com a proximidade das elei\u00e7\u00f5es gerais de 2022, urge a necessidade da Escola do Parlamento promover eventos que, al\u00e9m de trazer as t\u00e9cnicas da Comunica\u00e7\u00e3o Pol\u00edtica e Eleitoral para assessores parlamentares, estudantes e demais interessados no tema, cumpram o seu papel de debater as mais diversas quest\u00f5es que envolvam assuntos de interesse coletivo e que [&hellip;]<\/p>\n","protected":false},"author":522,"featured_media":0,"parent":27234,"menu_order":74,"comment_status":"closed","ping_status":"closed","template":"","meta":{"_acf_changed":false,"footnotes":""},"class_list":["post-27633","page","type-page","status-publish","hentry"],"acf":[],"_links":{"self":[{"href":"https:\/\/homolog.saopaulo.sp.leg.br\/escoladoparlamento\/wp-json\/wp\/v2\/pages\/27633","targetHints":{"allow":["GET"]}}],"collection":[{"href":"https:\/\/homolog.saopaulo.sp.leg.br\/escoladoparlamento\/wp-json\/wp\/v2\/pages"}],"about":[{"href":"https:\/\/homolog.saopaulo.sp.leg.br\/escoladoparlamento\/wp-json\/wp\/v2\/types\/page"}],"author":[{"embeddable":true,"href":"https:\/\/homolog.saopaulo.sp.leg.br\/escoladoparlamento\/wp-json\/wp\/v2\/users\/522"}],"replies":[{"embeddable":true,"href":"https:\/\/homolog.saopaulo.sp.leg.br\/escoladoparlamento\/wp-json\/wp\/v2\/comments?post=27633"}],"version-history":[{"count":5,"href":"https:\/\/homolog.saopaulo.sp.leg.br\/escoladoparlamento\/wp-json\/wp\/v2\/pages\/27633\/revisions"}],"predecessor-version":[{"id":27731,"href":"https:\/\/homolog.saopaulo.sp.leg.br\/escoladoparlamento\/wp-json\/wp\/v2\/pages\/27633\/revisions\/27731"}],"up":[{"embeddable":true,"href":"https:\/\/homolog.saopaulo.sp.leg.br\/escoladoparlamento\/wp-json\/wp\/v2\/pages\/27234"}],"wp:attachment":[{"href":"https:\/\/homolog.saopaulo.sp.leg.br\/escoladoparlamento\/wp-json\/wp\/v2\/media?parent=27633"}],"curies":[{"name":"wp","href":"https:\/\/api.w.org\/{rel}","templated":true}]}}