{"id":27719,"date":"2022-06-13T18:43:49","date_gmt":"2022-06-13T21:43:49","guid":{"rendered":"https:\/\/homolog.saopaulo.sp.leg.br\/escoladoparlamento\/?page_id=27719"},"modified":"2022-07-26T15:06:54","modified_gmt":"2022-07-26T18:06:54","slug":"oficina-de-governo-aberto-ser-ou-nao-ser-um-conselheiro-municipal","status":"publish","type":"page","link":"https:\/\/homolog.saopaulo.sp.leg.br\/escoladoparlamento\/cursos\/cursos-anteriores\/cursos-realizados-em-2022\/oficina-de-governo-aberto-ser-ou-nao-ser-um-conselheiro-municipal\/","title":{"rendered":"Oficina de Governo Aberto: Ser ou n\u00e3o ser um Conselheiro Municipal"},"content":{"rendered":"<header class=\"post-header\">\n<h2 class=\"post-title\"><strong style=\"font-size: 16px\">UMA PARCERIA ENTRE A ESCOLA DO PARLAMENTO E A COORDENA\u00c7\u00c3O DE GOVERNO ABERTO DA CIDADE DE S\u00c3O PAULO<\/strong><\/h2>\n<\/header>\n<div class=\"post-text\">\n<div>\n<p><a href=\"https:\/\/homolog.saopaulo.sp.leg.br\/escoladoparlamento\/wp-content\/uploads\/sites\/5\/2022\/06\/Captura-de-Tela-2022-06-13-a\u0300s-18.32.00.png\"><img loading=\"lazy\" decoding=\"async\" class=\"wp-image-27721 alignnone\" src=\"https:\/\/homolog.saopaulo.sp.leg.br\/escoladoparlamento\/wp-content\/uploads\/sites\/5\/2022\/06\/Captura-de-Tela-2022-06-13-a\u0300s-18.32.00.png\" alt=\"\" width=\"909\" height=\"110\" srcset=\"https:\/\/homolog.saopaulo.sp.leg.br\/escoladoparlamento\/wp-content\/uploads\/sites\/5\/2022\/06\/Captura-de-Tela-2022-06-13-a\u0300s-18.32.00.png 2186w, https:\/\/homolog.saopaulo.sp.leg.br\/escoladoparlamento\/wp-content\/uploads\/sites\/5\/2022\/06\/Captura-de-Tela-2022-06-13-a\u0300s-18.32.00-300x36.png 300w, https:\/\/homolog.saopaulo.sp.leg.br\/escoladoparlamento\/wp-content\/uploads\/sites\/5\/2022\/06\/Captura-de-Tela-2022-06-13-a\u0300s-18.32.00-1024x124.png 1024w, https:\/\/homolog.saopaulo.sp.leg.br\/escoladoparlamento\/wp-content\/uploads\/sites\/5\/2022\/06\/Captura-de-Tela-2022-06-13-a\u0300s-18.32.00-768x93.png 768w, https:\/\/homolog.saopaulo.sp.leg.br\/escoladoparlamento\/wp-content\/uploads\/sites\/5\/2022\/06\/Captura-de-Tela-2022-06-13-a\u0300s-18.32.00-1536x186.png 1536w, https:\/\/homolog.saopaulo.sp.leg.br\/escoladoparlamento\/wp-content\/uploads\/sites\/5\/2022\/06\/Captura-de-Tela-2022-06-13-a\u0300s-18.32.00-2048x247.png 2048w\" sizes=\"auto, (max-width: 909px) 100vw, 909px\" \/><\/a><\/p>\n<header class=\"post-header\">\n<p class=\"post-title\"><strong>TEMA<\/strong><\/p>\n<p class=\"post-title\"><strong>Ser ou n\u00e3o ser um Conselheiro Municipal<\/strong><br \/>\nPor Beatriz Arruda<\/p>\n<p><em>Voc\u00ea sabe o que faz um conselheiro municipal? Descubra mais sobre como participar da gest\u00e3o da sua regi\u00e3o e o pr\u00f3ximo conselheiro pode<\/em><br \/>\n<em>ser voc\u00ea!<\/em><\/p>\n<\/header>\n<p><strong>OBJETIVO<\/strong><\/p>\n<p>A oficina visa aumentar a participa\u00e7\u00e3o e o interesse pelos Conselhos Municipais, estimular novas candidaturas e diminuir a evas\u00e3o.<\/p>\n<p><strong>CARGA HOR\u00c1RIA<\/strong><\/p>\n<p>2H30<\/p>\n<p><strong>SOBRE A PROFESSORA\/AGENTE DE GOVERNO ABERTO<\/strong><\/p>\n<div class=\"conteudo\">\n<div class=\"paragrafo\">Beatriz Arruda \u00e9 gestora ambiental, empreendedora social e conselheira municipal do Meio Ambiente e Desenvolvimento Sustent\u00e1vel \u2013 CADES.<\/div>\n<\/div>\n<p><strong>P\u00daBLICO ALVO<\/strong><\/p>\n<p>P\u00fablico em geral.<\/p>\n<\/div>\n<p><strong>INSCRI\u00c7\u00d5ES: <span style=\"color: #ff0000\"><a href=\"https:\/\/bit.ly\/3QglJCj\">CLIQUE AQUI<\/a><\/span><\/strong><\/p>\n<div><\/div>\n<\/div>\n","protected":false},"excerpt":{"rendered":"<p>UMA PARCERIA ENTRE A ESCOLA DO PARLAMENTO E A COORDENA\u00c7\u00c3O DE GOVERNO ABERTO DA CIDADE DE S\u00c3O PAULO TEMA Ser ou n\u00e3o ser um Conselheiro Municipal Por Beatriz Arruda Voc\u00ea sabe o que faz um conselheiro municipal? Descubra mais sobre como participar da gest\u00e3o da sua regi\u00e3o e o pr\u00f3ximo conselheiro pode ser voc\u00ea! OBJETIVO [&hellip;]<\/p>\n","protected":false},"author":297,"featured_media":0,"parent":27234,"menu_order":71,"comment_status":"closed","ping_status":"closed","template":"","meta":{"_acf_changed":false,"footnotes":""},"class_list":["post-27719","page","type-page","status-publish","hentry"],"acf":[],"_links":{"self":[{"href":"https:\/\/homolog.saopaulo.sp.leg.br\/escoladoparlamento\/wp-json\/wp\/v2\/pages\/27719","targetHints":{"allow":["GET"]}}],"collection":[{"href":"https:\/\/homolog.saopaulo.sp.leg.br\/escoladoparlamento\/wp-json\/wp\/v2\/pages"}],"about":[{"href":"https:\/\/homolog.saopaulo.sp.leg.br\/escoladoparlamento\/wp-json\/wp\/v2\/types\/page"}],"author":[{"embeddable":true,"href":"https:\/\/homolog.saopaulo.sp.leg.br\/escoladoparlamento\/wp-json\/wp\/v2\/users\/297"}],"replies":[{"embeddable":true,"href":"https:\/\/homolog.saopaulo.sp.leg.br\/escoladoparlamento\/wp-json\/wp\/v2\/comments?post=27719"}],"version-history":[{"count":5,"href":"https:\/\/homolog.saopaulo.sp.leg.br\/escoladoparlamento\/wp-json\/wp\/v2\/pages\/27719\/revisions"}],"predecessor-version":[{"id":27828,"href":"https:\/\/homolog.saopaulo.sp.leg.br\/escoladoparlamento\/wp-json\/wp\/v2\/pages\/27719\/revisions\/27828"}],"up":[{"embeddable":true,"href":"https:\/\/homolog.saopaulo.sp.leg.br\/escoladoparlamento\/wp-json\/wp\/v2\/pages\/27234"}],"wp:attachment":[{"href":"https:\/\/homolog.saopaulo.sp.leg.br\/escoladoparlamento\/wp-json\/wp\/v2\/media?parent=27719"}],"curies":[{"name":"wp","href":"https:\/\/api.w.org\/{rel}","templated":true}]}}