{"id":27749,"date":"2022-06-22T10:14:08","date_gmt":"2022-06-22T13:14:08","guid":{"rendered":"https:\/\/homolog.saopaulo.sp.leg.br\/escoladoparlamento\/?page_id=27749"},"modified":"2022-07-26T15:07:03","modified_gmt":"2022-07-26T18:07:03","slug":"oficina-de-governo-aberto-por-dentro-das-emendas-parlamentares","status":"publish","type":"page","link":"https:\/\/homolog.saopaulo.sp.leg.br\/escoladoparlamento\/cursos\/cursos-anteriores\/cursos-realizados-em-2022\/oficina-de-governo-aberto-por-dentro-das-emendas-parlamentares\/","title":{"rendered":"OFICINA DE GOVERNO ABERTO: POR DENTRO DAS EMENDAS PARLAMENTARES"},"content":{"rendered":"<header class=\"post-header\">\n<h3 class=\"post-title\"><strong style=\"font-size: 16px\">Uma parceria entre a Escola do Parlamento e a Coordena\u00e7\u00e3o de Governo Aberto da Cidade de S\u00e3o Paulo<\/strong><\/h3>\n<\/header>\n<div class=\"post-text\">\n<div>\n<p><a href=\"https:\/\/homolog.saopaulo.sp.leg.br\/escoladoparlamento\/wp-content\/uploads\/sites\/5\/2022\/06\/Captura-de-Tela-2022-06-13-a\u0300s-18.32.00.png\"><img loading=\"lazy\" decoding=\"async\" class=\"wp-image-27721 alignnone\" src=\"https:\/\/homolog.saopaulo.sp.leg.br\/escoladoparlamento\/wp-content\/uploads\/sites\/5\/2022\/06\/Captura-de-Tela-2022-06-13-a\u0300s-18.32.00.png\" alt=\"\" width=\"909\" height=\"110\" srcset=\"https:\/\/homolog.saopaulo.sp.leg.br\/escoladoparlamento\/wp-content\/uploads\/sites\/5\/2022\/06\/Captura-de-Tela-2022-06-13-a\u0300s-18.32.00.png 2186w, https:\/\/homolog.saopaulo.sp.leg.br\/escoladoparlamento\/wp-content\/uploads\/sites\/5\/2022\/06\/Captura-de-Tela-2022-06-13-a\u0300s-18.32.00-300x36.png 300w, https:\/\/homolog.saopaulo.sp.leg.br\/escoladoparlamento\/wp-content\/uploads\/sites\/5\/2022\/06\/Captura-de-Tela-2022-06-13-a\u0300s-18.32.00-1024x124.png 1024w, https:\/\/homolog.saopaulo.sp.leg.br\/escoladoparlamento\/wp-content\/uploads\/sites\/5\/2022\/06\/Captura-de-Tela-2022-06-13-a\u0300s-18.32.00-768x93.png 768w, https:\/\/homolog.saopaulo.sp.leg.br\/escoladoparlamento\/wp-content\/uploads\/sites\/5\/2022\/06\/Captura-de-Tela-2022-06-13-a\u0300s-18.32.00-1536x186.png 1536w, https:\/\/homolog.saopaulo.sp.leg.br\/escoladoparlamento\/wp-content\/uploads\/sites\/5\/2022\/06\/Captura-de-Tela-2022-06-13-a\u0300s-18.32.00-2048x247.png 2048w\" sizes=\"auto, (max-width: 909px) 100vw, 909px\" \/><\/a><\/p>\n<header class=\"post-header\">\n<h2 class=\"post-title\"><strong>Tema: <\/strong>&#8220;Por dentro das emendas parlamentares&#8221;<\/h2>\n<p>Por Denise Bergamo<\/p>\n<p>Categoria: Or\u00e7amento p\u00fablico e gest\u00e3o municipal<br \/>\n<\/header>\n<p><strong>OBJETIVO<\/strong><\/p>\n<p><em>A oficina ir\u00e1 apresentar \u00e0 popula\u00e7\u00e3o o que s\u00e3o as emendas parlamentares, o seu impacto em nossa vida cotidiana e problematizar meios e modos de acompanhamento do processo no qual se d\u00e1 a emenda dentro or\u00e7amento p\u00fablico.<\/em><\/p>\n<p><strong>CARGA HOR\u00c1RIA<\/strong><\/p>\n<p>5h (dois m\u00f3dulos de 2h30)<\/p>\n<p>&nbsp;<\/p>\n<p><strong>SOBRE A PROFESSORA\/AGENTE DE GOVERNO ABERTO<\/strong><\/p>\n<div class=\"conteudo\">\n<div class=\"paragrafo\">Denise Bergamo \u00e9 especialista em Planejamento Urbano (UNIFESP\/2019). Aperfei\u00e7oamento em Controle Externo de Pol\u00edticas P\u00fablicas (Tribunal de Contas do Munic\u00edpio de S\u00e3o Paulo\/2019). Bacharela em Servi\u00e7o Social (Universidade Federal de Ouro Preto\/2018).<\/p>\n<div class=\"paragrafo\"><strong>P\u00daBLICO ALVO<\/strong><\/div>\n<div class=\"paragrafo\">P\u00fablico em geral.<\/div>\n<\/div>\n<p>&nbsp;<\/p>\n<\/div>\n<p><strong>INSCRI\u00c7\u00d5ES: <span style=\"color: #ff0000\"><a href=\"https:\/\/docs.google.com\/forms\/d\/e\/1FAIpQLSfYseXOuiSpiuZz4js4Tl6E-59rZTPLuH36D6opue2buRzkMA\/viewform\">CLIQUE AQUI<\/a><\/span><\/strong><\/p>\n<div><\/div>\n<\/div>\n<\/div>\n","protected":false},"excerpt":{"rendered":"<p>Uma parceria entre a Escola do Parlamento e a Coordena\u00e7\u00e3o de Governo Aberto da Cidade de S\u00e3o Paulo Tema: &#8220;Por dentro das emendas parlamentares&#8221; Por Denise Bergamo Categoria: Or\u00e7amento p\u00fablico e gest\u00e3o municipal OBJETIVO A oficina ir\u00e1 apresentar \u00e0 popula\u00e7\u00e3o o que s\u00e3o as emendas parlamentares, o seu impacto em nossa vida cotidiana e problematizar [&hellip;]<\/p>\n","protected":false},"author":731,"featured_media":0,"parent":27234,"menu_order":70,"comment_status":"closed","ping_status":"closed","template":"","meta":{"_acf_changed":false,"footnotes":""},"class_list":["post-27749","page","type-page","status-publish","hentry"],"acf":[],"_links":{"self":[{"href":"https:\/\/homolog.saopaulo.sp.leg.br\/escoladoparlamento\/wp-json\/wp\/v2\/pages\/27749","targetHints":{"allow":["GET"]}}],"collection":[{"href":"https:\/\/homolog.saopaulo.sp.leg.br\/escoladoparlamento\/wp-json\/wp\/v2\/pages"}],"about":[{"href":"https:\/\/homolog.saopaulo.sp.leg.br\/escoladoparlamento\/wp-json\/wp\/v2\/types\/page"}],"author":[{"embeddable":true,"href":"https:\/\/homolog.saopaulo.sp.leg.br\/escoladoparlamento\/wp-json\/wp\/v2\/users\/731"}],"replies":[{"embeddable":true,"href":"https:\/\/homolog.saopaulo.sp.leg.br\/escoladoparlamento\/wp-json\/wp\/v2\/comments?post=27749"}],"version-history":[{"count":5,"href":"https:\/\/homolog.saopaulo.sp.leg.br\/escoladoparlamento\/wp-json\/wp\/v2\/pages\/27749\/revisions"}],"predecessor-version":[{"id":27829,"href":"https:\/\/homolog.saopaulo.sp.leg.br\/escoladoparlamento\/wp-json\/wp\/v2\/pages\/27749\/revisions\/27829"}],"up":[{"embeddable":true,"href":"https:\/\/homolog.saopaulo.sp.leg.br\/escoladoparlamento\/wp-json\/wp\/v2\/pages\/27234"}],"wp:attachment":[{"href":"https:\/\/homolog.saopaulo.sp.leg.br\/escoladoparlamento\/wp-json\/wp\/v2\/media?parent=27749"}],"curies":[{"name":"wp","href":"https:\/\/api.w.org\/{rel}","templated":true}]}}