{"id":27810,"date":"2022-07-26T12:04:23","date_gmt":"2022-07-26T15:04:23","guid":{"rendered":"https:\/\/homolog.saopaulo.sp.leg.br\/escoladoparlamento\/?page_id=27810"},"modified":"2022-08-22T16:36:25","modified_gmt":"2022-08-22T19:36:25","slug":"vi-jornada-paulista-de-cerimonial","status":"publish","type":"page","link":"https:\/\/homolog.saopaulo.sp.leg.br\/escoladoparlamento\/cursos\/cursos-anteriores\/cursos-realizados-em-2022\/vi-jornada-paulista-de-cerimonial\/","title":{"rendered":"VI Jornada Paulista de Cerimonial"},"content":{"rendered":"<p><a href=\"https:\/\/homolog.saopaulo.sp.leg.br\/escoladoparlamento\/wp-content\/uploads\/sites\/5\/2022\/08\/Jornada-cerimonial-logos.png\"><img loading=\"lazy\" decoding=\"async\" class=\"alignnone wp-image-27966\" src=\"https:\/\/homolog.saopaulo.sp.leg.br\/escoladoparlamento\/wp-content\/uploads\/sites\/5\/2022\/08\/Jornada-cerimonial-logos-300x47.png\" alt=\"\" width=\"830\" height=\"130\" srcset=\"https:\/\/homolog.saopaulo.sp.leg.br\/escoladoparlamento\/wp-content\/uploads\/sites\/5\/2022\/08\/Jornada-cerimonial-logos-300x47.png 300w, https:\/\/homolog.saopaulo.sp.leg.br\/escoladoparlamento\/wp-content\/uploads\/sites\/5\/2022\/08\/Jornada-cerimonial-logos-1024x160.png 1024w, https:\/\/homolog.saopaulo.sp.leg.br\/escoladoparlamento\/wp-content\/uploads\/sites\/5\/2022\/08\/Jornada-cerimonial-logos-768x120.png 768w, https:\/\/homolog.saopaulo.sp.leg.br\/escoladoparlamento\/wp-content\/uploads\/sites\/5\/2022\/08\/Jornada-cerimonial-logos.png 1280w\" sizes=\"auto, (max-width: 830px) 100vw, 830px\" \/><\/a><\/p>\n<p>Para assistir a VI Jornada novamente, clique <a href=\"https:\/\/www.youtube.com\/watch?v=czmu6ETNNok\">AQUI<\/a><\/p>\n<p>&nbsp;<\/p>\n<p>Com o objetivo de consolidar e expandir a profiss\u00e3o de Cerimonialista e Mestre de Cerim\u00f4nia por todo o Brasil, o Conselho Nacional do Cerimonial P\u00fablico (@cncp_brasil), a Escola do Parlamento da C\u00e2mara Municipal de S\u00e3o Paulo em parceria com a Organizaci\u00f3n Internacional de Ceremonial y Protocolo e a Academia Brasileira de Cerimonial e Protocolo\u00a0 convidam para a VI Jornada Paulista de Cerimonial.<\/p>\n<h3><strong>CMSP &#8211; Audit\u00f3rio Prestes Maia &#8211; 1\u00baandar &#8211;\u00a0 e transmiss\u00e3o ao vivo pelo Youtube da CMSP<\/strong><\/h3>\n<h3><strong>Dia 19 de agosto<br \/>\n<\/strong><\/h3>\n<h3><strong>Das 13h50 at\u00e9 \u00e0s 19h (Hor\u00e1rio de Bras\u00edlia)<\/strong><\/h3>\n<p><strong>Programa\u00e7\u00e3o:<\/strong><\/p>\n<p>13h50 &#8211; Abertura<\/p>\n<p>14h30 &#8211; Painel<\/p>\n<p><strong>Tema: MESTRE DE CERIM\u00d4NIAS &#8211; Habilidades e Compet\u00eancias<\/strong><\/p>\n<p>Coordenadora: Cecilia de Arruda &#8211; C\u00e2mara Municipal de S\u00e3o Paulo<\/p>\n<p>Painelistas:<\/p>\n<p>Lu\u00eds Henrique &#8211; MC da FIESP<\/p>\n<p>Antonio Carlos &#8211; MC da C\u00e2mara Municipal de S\u00e3o Paulo<\/p>\n<p>15h15 &#8211;\u00a0 Perguntas<\/p>\n<p>15h30 &#8211; Palestra<\/p>\n<p><strong>Tema: APLICABILIDADE DAS FORMAS DE TRATAMENTO NAS COMUNICA\u00c7\u00d5ES CERIMONIAL\u00cdSTICAS<\/strong><\/p>\n<p>Palestrante:<\/p>\n<p>Acad\u00eamica Raab Sim\u00f5es &#8211; Presidente do CNCP\/Brasil<\/p>\n<p>16h &#8211; Perguntas<\/p>\n<p>16h15 &#8211; Intervalo<\/p>\n<p>16h30 &#8211; Painel<\/p>\n<p><strong>Tema: CRIT\u00c9RIOS DE PRECED\u00caNCIA<\/strong><\/p>\n<p>Coordenador: Acad\u00eamico Franklin Bezerra dos Santos &#8211; Chefe do Cerimonial da Assembleia Legislativa do Estado de Pernambuco<\/p>\n<p>Painelistas:<\/p>\n<p>Acad\u00eamico Djair de Souza Santos &#8211; Professor de Cerimonial do IBRAP<\/p>\n<p>Jonas Gomes &#8211; Chefe do Cerimonial da C\u00e2mara Municipal de S\u00e3o Paulo<\/p>\n<p>Carlos Takahashi &#8211; Professor de Cerimonial<\/p>\n<p>17h &#8211; Perguntas<\/p>\n<p>17h15 &#8211; Painel<\/p>\n<p><strong>Tema:\u00a0A ABCP E SUA IMPORT\u00c2NCIA PARA O CERIMONIAL BRASILEIRO<\/strong><\/p>\n<p>Coordenadora: Yvone de Souza Almeida &#8211; Presidente da Academia Brasileira de Cerimonial e Protocolo &#8211; ABCP<\/p>\n<p>Painelistas:<\/p>\n<p>Acad\u00eamicos da ABCP<\/p>\n<p>18h &#8211; Encerramento<\/p>\n<p>&nbsp;<\/p>\n<h3><strong>CURSO PRESENCIAL E REMOTO COM TRANSMISS\u00c3O AO VIVO PARA O YOUTUBE DA CMSP<\/strong><\/h3>\n<h4 class=\"p3\"><b>CRIT\u00c9RIO DE CERTIFICA\u00c7\u00c3O<\/b>: <strong>A aferi\u00e7\u00e3o da presen\u00e7a de quem estiver inscrito na modalidade ONLINE<\/strong> e acompanhar o curso pelo YouTube ser\u00e1 feita ap\u00f3s resposta a um formul\u00e1rio que ser\u00e1 disponibilizado no decorrer da aula.<\/h4>\n<h4><b>CARGA HOR\u00c1RIA TOTAL<\/b>:\u00a0 5 HORAS <b>\u00a0\u00a0<\/b><\/h4>\n<h4><strong>P\u00daBLICO-ALVO : <\/strong>Servidores p\u00fablicos, estudantes de Rela\u00e7\u00f5es P\u00fablicas, universit\u00e1rios e cidad\u00e3os em geral<\/h4>\n<h3><\/h3>\n<h2>Inscri\u00e7\u00f5es encerradas<\/h2>\n<h4><b>ATEN\u00c7\u00c3O!<\/b> Fa\u00e7a a inscri\u00e7\u00e3o apenas na categoria desejada (<strong>presencial ou remoto<\/strong>).<\/h4>\n","protected":false},"excerpt":{"rendered":"<p>Para assistir a VI Jornada novamente, clique AQUI &nbsp; Com o objetivo de consolidar e expandir a profiss\u00e3o de Cerimonialista e Mestre de Cerim\u00f4nia por todo o Brasil, o Conselho Nacional do Cerimonial P\u00fablico (@cncp_brasil), a Escola do Parlamento da C\u00e2mara Municipal de S\u00e3o Paulo em parceria com a Organizaci\u00f3n Internacional de Ceremonial y Protocolo [&hellip;]<\/p>\n","protected":false},"author":661,"featured_media":0,"parent":27234,"menu_order":68,"comment_status":"closed","ping_status":"closed","template":"","meta":{"_acf_changed":false,"footnotes":""},"class_list":["post-27810","page","type-page","status-publish","hentry"],"acf":[],"_links":{"self":[{"href":"https:\/\/homolog.saopaulo.sp.leg.br\/escoladoparlamento\/wp-json\/wp\/v2\/pages\/27810","targetHints":{"allow":["GET"]}}],"collection":[{"href":"https:\/\/homolog.saopaulo.sp.leg.br\/escoladoparlamento\/wp-json\/wp\/v2\/pages"}],"about":[{"href":"https:\/\/homolog.saopaulo.sp.leg.br\/escoladoparlamento\/wp-json\/wp\/v2\/types\/page"}],"author":[{"embeddable":true,"href":"https:\/\/homolog.saopaulo.sp.leg.br\/escoladoparlamento\/wp-json\/wp\/v2\/users\/661"}],"replies":[{"embeddable":true,"href":"https:\/\/homolog.saopaulo.sp.leg.br\/escoladoparlamento\/wp-json\/wp\/v2\/comments?post=27810"}],"version-history":[{"count":5,"href":"https:\/\/homolog.saopaulo.sp.leg.br\/escoladoparlamento\/wp-json\/wp\/v2\/pages\/27810\/revisions"}],"predecessor-version":[{"id":28020,"href":"https:\/\/homolog.saopaulo.sp.leg.br\/escoladoparlamento\/wp-json\/wp\/v2\/pages\/27810\/revisions\/28020"}],"up":[{"embeddable":true,"href":"https:\/\/homolog.saopaulo.sp.leg.br\/escoladoparlamento\/wp-json\/wp\/v2\/pages\/27234"}],"wp:attachment":[{"href":"https:\/\/homolog.saopaulo.sp.leg.br\/escoladoparlamento\/wp-json\/wp\/v2\/media?parent=27810"}],"curies":[{"name":"wp","href":"https:\/\/api.w.org\/{rel}","templated":true}]}}