{"id":27848,"date":"2022-07-28T11:22:18","date_gmt":"2022-07-28T14:22:18","guid":{"rendered":"https:\/\/homolog.saopaulo.sp.leg.br\/escoladoparlamento\/?page_id=27848"},"modified":"2022-08-05T16:33:32","modified_gmt":"2022-08-05T19:33:32","slug":"lancamento-do-livro-desafios-do-desenvolvimento-brasileiro-pos-covid-19","status":"publish","type":"page","link":"https:\/\/homolog.saopaulo.sp.leg.br\/escoladoparlamento\/cursos\/cursos-anteriores\/cursos-realizados-em-2022\/lancamento-do-livro-desafios-do-desenvolvimento-brasileiro-pos-covid-19\/","title":{"rendered":"Lan\u00e7amento do livro &#8220;Desafios do Desenvolvimento Brasileiro p\u00f3s-covid-19&#8221;"},"content":{"rendered":"<p style=\"font-weight: 300\"><b><strong>LAN\u00c7AMENTO DO LIVRO \u2018DESAFIOS DO DESENVOLVIMENTO P\u00d3S-COVID 19\u2019<\/strong><\/b><\/p>\n<p>UMA PARCERIA ENTRE A ESCOLA DO PARLAMENTO E O N\u00daCLEO DE ESTUDOS ESTRAT\u00c9GICOS EM DEMOCRACIA, DESENVOLVIMENTO E SUSTENTABILIDADE (NEEDS) DA UFABC<br \/>\n<img loading=\"lazy\" decoding=\"async\" class=\"\" src=\"https:\/\/images.sympla.com.br\/62e15f32834d0.png\" width=\"100\" height=\"100\" \/><img loading=\"lazy\" decoding=\"async\" class=\"\" src=\"https:\/\/images.sympla.com.br\/62e15ee59cf6e.png\" width=\"100\" height=\"77\" \/><\/p>\n<p><strong>COORDENA\u00c7\u00c3O<\/strong><\/p>\n<p>Fernanda Cardoso &#8211; UFABC<\/p>\n<p>Cristina Reis &#8211; UFABC<\/p>\n<p>Pedro Henrique Campos &#8211; Escola do Parlamento<\/p>\n<p>&nbsp;<\/p>\n<p style=\"font-weight: 300\"><b><strong>APRESENTA\u00c7\u00c3O<\/strong><\/b><\/p>\n<p>Em dezembro de 2020, a Escola do Parlamento da C\u00e2mara Municipal de S\u00e3o Paulo e o N\u00facleo de Estudos Estrat\u00e9gicos em Democracia, Desenvolvimento e Sustentabilidade (NEEDDS) da Universidade Federal do ABC (UFABC), em parceria que atualmente alcan\u00e7a seu terceiro ano, organizaram o curso de extens\u00e3o universit\u00e1ria\u00a0 \u201cDesafios do Desenvolvimento Brasileiro P\u00f3s-Covid 19\u201d. Nele, buscaram promover um conjunto de reflex\u00f5es sobre a agenda do desenvolvimento no cen\u00e1rio pand\u00eamico e p\u00f3s-pand\u00eamico e sobre suas conex\u00f5es com temas incontorn\u00e1veis, tais como qualidade democracia, meio ambiente e sustentabilidade, inclus\u00e3o social, rela\u00e7\u00f5es raciais de domina\u00e7\u00e3o, presen\u00e7a, participa\u00e7\u00e3o e protagonismo dos povos ind\u00edgenas no Brasil e internacionaliza\u00e7\u00e3o da economia, entre outros.<\/p>\n<p>Com a recep\u00e7\u00e3o positiva da iniciativa, resolvem consolidar e materializar a iniciativa na forma de livro.<\/p>\n<p><a href=\"https:\/\/homolog.saopaulo.sp.leg.br\/escoladoparlamento\/wp-content\/uploads\/sites\/5\/2022\/08\/Post.png\"><img loading=\"lazy\" decoding=\"async\" class=\"alignnone wp-image-27890\" src=\"https:\/\/homolog.saopaulo.sp.leg.br\/escoladoparlamento\/wp-content\/uploads\/sites\/5\/2022\/08\/Post.png\" alt=\"\" width=\"285\" height=\"285\" srcset=\"https:\/\/homolog.saopaulo.sp.leg.br\/escoladoparlamento\/wp-content\/uploads\/sites\/5\/2022\/08\/Post.png 1080w, https:\/\/homolog.saopaulo.sp.leg.br\/escoladoparlamento\/wp-content\/uploads\/sites\/5\/2022\/08\/Post-300x300.png 300w, https:\/\/homolog.saopaulo.sp.leg.br\/escoladoparlamento\/wp-content\/uploads\/sites\/5\/2022\/08\/Post-1024x1024.png 1024w, https:\/\/homolog.saopaulo.sp.leg.br\/escoladoparlamento\/wp-content\/uploads\/sites\/5\/2022\/08\/Post-150x150.png 150w, https:\/\/homolog.saopaulo.sp.leg.br\/escoladoparlamento\/wp-content\/uploads\/sites\/5\/2022\/08\/Post-768x768.png 768w\" sizes=\"auto, (max-width: 285px) 100vw, 285px\" \/><\/a><\/p>\n<p><a href=\"https:\/\/homolog.saopaulo.sp.leg.br\/escoladoparlamento\/wp-content\/uploads\/sites\/5\/2022\/08\/EBOOK_Desafios-do-desenvolvimento-brasileiro-po\u0301s-Covid-19-Revisado.pdf\">Clique aqui para baixar o livro<\/a><\/p>\n<p>Com trabalho de edi\u00e7\u00e3o da Pedro e Jo\u00e3o Editores, o livro \u201cDesafios do Desenvolvimento p\u00f3s-Covid-19\u201d tem organiza\u00e7\u00e3o das Professoras Fernanda Graziella Cardoso e Cristina Fr\u00f3es de Borja Reis, professoras do Centro de Engenharia, Modelagem e Ci\u00eancias Sociais Aplicadas (CECS) da UFABC, introdu\u00e7\u00e3o do Professor e Diretor da Escola do Parlamento Alexsandro Santos e est\u00e1 organizado nos seguintes cap\u00edtulos:<\/p>\n<p><b><strong>Cap\u00edtulo 1 &#8211; Pol\u00edtica Econ\u00f4mica e Desenvolvimento Econ\u00f4mico no Brasil<\/strong><\/b><br \/>\nPatr\u00edcia Helena Fernandes Cunha<\/p>\n<p><b><strong>Cap\u00edtulo 2 &#8211; A industrializa\u00e7\u00e3o e o desenvolvimento econ\u00f4mico conservador do Brasil<\/strong><\/b><br \/>\nRicardo Luiz Chagas Amorim<\/p>\n<p><b><strong>Cap\u00edtulo 3 &#8211; A faceta econ\u00f4mica da progress\u00e3o das contradi\u00e7\u00f5es brasileiras no in\u00edcio do s\u00e9culo XXI<\/strong><\/b><br \/>\nGabriel Almeida Antunes Rossini<br \/>\nLuiz Felipe Ambrozio<\/p>\n<p><b><strong>Cap\u00edtulo 4 &#8211; COVID-19, Rela\u00e7\u00f5es Raciais e Trabalho no Brasil<\/strong><\/b><br \/>\nRamatis Jacino<\/p>\n<p><b><strong>Cap\u00edtulo 5 \u2013 O Desenvolvimento no Brasil P\u00f3s-COVID-19: por que o campo progressista nacional precisa escutar (e aprender com) os povos ind\u00edgenas?\u00a0<\/strong><\/b><br \/>\nLu\u00eds Roberto de Paula<\/p>\n<p><b><strong>Cap\u00edtulo 6 &#8211; Meio ambiente, sustentabilidade e desenvolvimento: desafios crescentes do s\u00e9culo 21<\/strong><\/b><br \/>\nLuciana Travassos<\/p>\n<p><b><strong>Cap\u00edtulo 7 \u2013 Sustentabilidade e seus v\u00ednculos com democracia e desigualdades<\/strong><\/b><br \/>\nArilson Favareto<\/p>\n<p><b><strong>Cap\u00edtulo 8 &#8211; Recupera\u00e7\u00e3o transformadora com igualdade e sustentabilidade: desafios e oportunidades para o Brasil em seu contexto regional\u00a0<\/strong><\/b><br \/>\nCamila Gramkow<\/p>\n<p><b><strong>Cap\u00edtulo 9 &#8211; A pandemia e o boom das novas tecnologias: a narrativa da tempestade perfeita em cheque<\/strong><\/b><br \/>\nCristina Fr\u00f3es de Borja Reis<\/p>\n<p><b><strong>CONVIDADOS<\/strong><\/b><\/p>\n<p><b><strong>Dra. Camila Gramkow (CEPAL)<\/strong><\/b><br \/>\nPossui mestrado em Economia pela Universidade Federal do Rio de Janeiro e Doutorado em Economia da Mudan\u00e7a Clim\u00e1tica pela Universidade de East Anglia, no Reino Unido. \u00c9 Oficial de Assuntos Econ\u00f4micos da Comiss\u00e3o Econ\u00f4mica para a Am\u00e9rica Latina (CEPAL), Comiss\u00e3o Regional ligada \u00e0 Organiza\u00e7\u00e3o das Na\u00e7\u00f5es Unidas (ONU), onde atua com o Grande Impulso (Big Push) para a Sustentabilidade.<\/p>\n<p><b><strong>Prof. Dr. Ramatis Jacino (UFABC)<\/strong><\/b><br \/>\nPossui mestrado em Hist\u00f3ria Econ\u00f4mica pela Universidade de S\u00e3o Paulo (2007) e doutorado em Hist\u00f3ria Econ\u00f4mica pela Universidade de S\u00e3o Paulo (2013). \u00c9 professor da Universidade Federal do ABC e p\u00f3s-doutorando no Centro de Estudos Sociais da Universidade de Coimbra. Atua principalmente nos seguintes temas: negros, mercado de trabalho, aboli\u00e7\u00e3o, popula\u00e7\u00e3o negra, exclus\u00e3o, trabalho e racismo.<\/p>\n<p><b><strong>MEDIA\u00c7\u00c3O<\/strong><\/b><\/p>\n<p><b><strong>Profa. Dra. Cristina Froes de Borja Reis (UFABC)<\/strong><\/b><br \/>\nPossui mestrado e doutorado em Economia da Ind\u00fastria e da Tecnologia pela Universidade Federal do Rio de Janeiro. \u00c9 professora da Universidade Federal do ABC. Atua principalmente nos seguintes temas: desenvolvimento, diversifica\u00e7\u00e3o industrial, especializa\u00e7\u00e3o em recursos naturais, cadeias globais de valor, investimento p\u00fablico, infra-estrutura.<\/p>\n<p><b><strong>Profa. Dra. Fernanda Graziella Cardoso<\/strong><\/b><br \/>\nPossui mestrado em Economia da Ind\u00fastria e da Tecnologia pela Universidade Federal do Rio de Janeiro e doutorado em Economia do Desenvolvimento pela FEA-USP. \u00c9 professora da Universidade Federal do ABC. Atua principalmente nos seguintes temas: desenvolvimento econ\u00f4mico, hist\u00f3ria do pensamento econ\u00f4mico e hist\u00f3ria econ\u00f4mica.<\/p>\n<p><b><strong>P\u00daBLICO ALVO<\/strong><\/b><\/p>\n<p>P\u00fablico em geral, estudantes, pesquisadores, profissionais que atuam com pol\u00edticas p\u00fablicas.<\/p>\n<p><b><strong>VAGAS:<\/strong><\/b>\u00a0100 vagas<\/p>\n<p><b><strong>CARGA HOR\u00c1RIA TOTAL<\/strong><\/b>: 1,5 horas.<\/p>\n<p><b><strong>INFRAESTRUTURA:<\/strong><\/b><br \/>\nPlataforma remota de aprendizado (Zoom)<br \/>\nTransmiss\u00e3o online com grava\u00e7\u00e3o em v\u00eddeo (YouTube)<\/p>\n<p><strong>INSCRI\u00c7\u00d5ES:<\/strong><span style=\"color: #ff0000\"><strong> ENCERRADAS<\/strong><\/span><\/p>\n<p><span style=\"color: #ff0000\"><strong><a style=\"color: #ff0000\" href=\"https:\/\/youtu.be\/HNHqvVNrXSs\">CLIQUE AQUI<\/a>\u00a0 <\/strong><\/span><strong>para rever o evento.<\/strong><\/p>\n","protected":false},"excerpt":{"rendered":"<p>LAN\u00c7AMENTO DO LIVRO \u2018DESAFIOS DO DESENVOLVIMENTO P\u00d3S-COVID 19\u2019 UMA PARCERIA ENTRE A ESCOLA DO PARLAMENTO E O N\u00daCLEO DE ESTUDOS ESTRAT\u00c9GICOS EM DEMOCRACIA, DESENVOLVIMENTO E SUSTENTABILIDADE (NEEDS) DA UFABC COORDENA\u00c7\u00c3O Fernanda Cardoso &#8211; UFABC Cristina Reis &#8211; UFABC Pedro Henrique Campos &#8211; Escola do Parlamento &nbsp; APRESENTA\u00c7\u00c3O Em dezembro de 2020, a Escola do Parlamento [&hellip;]<\/p>\n","protected":false},"author":297,"featured_media":0,"parent":27234,"menu_order":66,"comment_status":"closed","ping_status":"closed","template":"","meta":{"_acf_changed":false,"footnotes":""},"class_list":["post-27848","page","type-page","status-publish","hentry"],"acf":[],"_links":{"self":[{"href":"https:\/\/homolog.saopaulo.sp.leg.br\/escoladoparlamento\/wp-json\/wp\/v2\/pages\/27848","targetHints":{"allow":["GET"]}}],"collection":[{"href":"https:\/\/homolog.saopaulo.sp.leg.br\/escoladoparlamento\/wp-json\/wp\/v2\/pages"}],"about":[{"href":"https:\/\/homolog.saopaulo.sp.leg.br\/escoladoparlamento\/wp-json\/wp\/v2\/types\/page"}],"author":[{"embeddable":true,"href":"https:\/\/homolog.saopaulo.sp.leg.br\/escoladoparlamento\/wp-json\/wp\/v2\/users\/297"}],"replies":[{"embeddable":true,"href":"https:\/\/homolog.saopaulo.sp.leg.br\/escoladoparlamento\/wp-json\/wp\/v2\/comments?post=27848"}],"version-history":[{"count":5,"href":"https:\/\/homolog.saopaulo.sp.leg.br\/escoladoparlamento\/wp-json\/wp\/v2\/pages\/27848\/revisions"}],"predecessor-version":[{"id":27904,"href":"https:\/\/homolog.saopaulo.sp.leg.br\/escoladoparlamento\/wp-json\/wp\/v2\/pages\/27848\/revisions\/27904"}],"up":[{"embeddable":true,"href":"https:\/\/homolog.saopaulo.sp.leg.br\/escoladoparlamento\/wp-json\/wp\/v2\/pages\/27234"}],"wp:attachment":[{"href":"https:\/\/homolog.saopaulo.sp.leg.br\/escoladoparlamento\/wp-json\/wp\/v2\/media?parent=27848"}],"curies":[{"name":"wp","href":"https:\/\/api.w.org\/{rel}","templated":true}]}}