{"id":27922,"date":"2022-08-09T01:09:29","date_gmt":"2022-08-09T04:09:29","guid":{"rendered":"https:\/\/homolog.saopaulo.sp.leg.br\/escoladoparlamento\/?page_id=27922"},"modified":"2022-08-09T01:15:38","modified_gmt":"2022-08-09T04:15:38","slug":"programa-de-formacao-e-desenvolvimento-profissional-de-agentes-do-poder-legislativo-e-demais-servidores-publicos-com-cursos-de-extensao-e-cursos-livres-de-curta-duracao","status":"publish","type":"page","link":"https:\/\/homolog.saopaulo.sp.leg.br\/escoladoparlamento\/a-escola\/programas-da-escola-do-parlamento\/programa-de-formacao-e-desenvolvimento-profissional-de-agentes-do-poder-legislativo-e-demais-servidores-publicos-com-cursos-de-extensao-e-cursos-livres-de-curta-duracao\/","title":{"rendered":"Programa de Forma\u00e7\u00e3o Cidad\u00e3 e Desenvolvimento de Lideran\u00e7as Comunit\u00e1rias e Agentes de Mobiliza\u00e7\u00e3o Social, com cursos de extens\u00e3o, cursos livres de curta dura\u00e7\u00e3o e outras atividades formativas"},"content":{"rendered":"","protected":false},"excerpt":{"rendered":"","protected":false},"author":661,"featured_media":0,"parent":16737,"menu_order":65,"comment_status":"closed","ping_status":"closed","template":"","meta":{"_acf_changed":false,"footnotes":""},"class_list":["post-27922","page","type-page","status-publish","hentry"],"acf":[],"_links":{"self":[{"href":"https:\/\/homolog.saopaulo.sp.leg.br\/escoladoparlamento\/wp-json\/wp\/v2\/pages\/27922","targetHints":{"allow":["GET"]}}],"collection":[{"href":"https:\/\/homolog.saopaulo.sp.leg.br\/escoladoparlamento\/wp-json\/wp\/v2\/pages"}],"about":[{"href":"https:\/\/homolog.saopaulo.sp.leg.br\/escoladoparlamento\/wp-json\/wp\/v2\/types\/page"}],"author":[{"embeddable":true,"href":"https:\/\/homolog.saopaulo.sp.leg.br\/escoladoparlamento\/wp-json\/wp\/v2\/users\/661"}],"replies":[{"embeddable":true,"href":"https:\/\/homolog.saopaulo.sp.leg.br\/escoladoparlamento\/wp-json\/wp\/v2\/comments?post=27922"}],"version-history":[{"count":2,"href":"https:\/\/homolog.saopaulo.sp.leg.br\/escoladoparlamento\/wp-json\/wp\/v2\/pages\/27922\/revisions"}],"predecessor-version":[{"id":27928,"href":"https:\/\/homolog.saopaulo.sp.leg.br\/escoladoparlamento\/wp-json\/wp\/v2\/pages\/27922\/revisions\/27928"}],"up":[{"embeddable":true,"href":"https:\/\/homolog.saopaulo.sp.leg.br\/escoladoparlamento\/wp-json\/wp\/v2\/pages\/16737"}],"wp:attachment":[{"href":"https:\/\/homolog.saopaulo.sp.leg.br\/escoladoparlamento\/wp-json\/wp\/v2\/media?parent=27922"}],"curies":[{"name":"wp","href":"https:\/\/api.w.org\/{rel}","templated":true}]}}