{"id":27924,"date":"2022-08-09T01:13:26","date_gmt":"2022-08-09T04:13:26","guid":{"rendered":"https:\/\/homolog.saopaulo.sp.leg.br\/escoladoparlamento\/?page_id=27924"},"modified":"2022-08-09T01:14:11","modified_gmt":"2022-08-09T04:14:11","slug":"programa-de-formacao-cidada-e-desenvolvimento-de-liderancas-comunitarias-e-agentes-de-mobilizacao-social-com-cursos-de-extensao-cursos-livres-de-curta-duracao-e-outras-atividades-formativas","status":"publish","type":"page","link":"https:\/\/homolog.saopaulo.sp.leg.br\/escoladoparlamento\/a-escola\/programas-da-escola-do-parlamento\/programa-de-formacao-cidada-e-desenvolvimento-de-liderancas-comunitarias-e-agentes-de-mobilizacao-social-com-cursos-de-extensao-cursos-livres-de-curta-duracao-e-outras-atividades-formativas\/","title":{"rendered":"Programa de P\u00f3s-Gradua\u00e7\u00e3o \u201cPoder Legislativo: Interfaces Contempor\u00e2neas\u201d, com cursos de especializa\u00e7\u00e3o e de aperfei\u00e7oamento"},"content":{"rendered":"","protected":false},"excerpt":{"rendered":"","protected":false},"author":661,"featured_media":0,"parent":16737,"menu_order":63,"comment_status":"closed","ping_status":"closed","template":"","meta":{"_acf_changed":false,"footnotes":""},"class_list":["post-27924","page","type-page","status-publish","hentry"],"acf":[],"_links":{"self":[{"href":"https:\/\/homolog.saopaulo.sp.leg.br\/escoladoparlamento\/wp-json\/wp\/v2\/pages\/27924","targetHints":{"allow":["GET"]}}],"collection":[{"href":"https:\/\/homolog.saopaulo.sp.leg.br\/escoladoparlamento\/wp-json\/wp\/v2\/pages"}],"about":[{"href":"https:\/\/homolog.saopaulo.sp.leg.br\/escoladoparlamento\/wp-json\/wp\/v2\/types\/page"}],"author":[{"embeddable":true,"href":"https:\/\/homolog.saopaulo.sp.leg.br\/escoladoparlamento\/wp-json\/wp\/v2\/users\/661"}],"replies":[{"embeddable":true,"href":"https:\/\/homolog.saopaulo.sp.leg.br\/escoladoparlamento\/wp-json\/wp\/v2\/comments?post=27924"}],"version-history":[{"count":2,"href":"https:\/\/homolog.saopaulo.sp.leg.br\/escoladoparlamento\/wp-json\/wp\/v2\/pages\/27924\/revisions"}],"predecessor-version":[{"id":27926,"href":"https:\/\/homolog.saopaulo.sp.leg.br\/escoladoparlamento\/wp-json\/wp\/v2\/pages\/27924\/revisions\/27926"}],"up":[{"embeddable":true,"href":"https:\/\/homolog.saopaulo.sp.leg.br\/escoladoparlamento\/wp-json\/wp\/v2\/pages\/16737"}],"wp:attachment":[{"href":"https:\/\/homolog.saopaulo.sp.leg.br\/escoladoparlamento\/wp-json\/wp\/v2\/media?parent=27924"}],"curies":[{"name":"wp","href":"https:\/\/api.w.org\/{rel}","templated":true}]}}