{"id":27991,"date":"2022-08-19T16:49:16","date_gmt":"2022-08-19T19:49:16","guid":{"rendered":"https:\/\/homolog.saopaulo.sp.leg.br\/escoladoparlamento\/?page_id=27991"},"modified":"2022-09-23T15:16:27","modified_gmt":"2022-09-23T18:16:27","slug":"politicas-publicas-de-educacao-para-o-enfrentamento-ao-racismo","status":"publish","type":"page","link":"https:\/\/homolog.saopaulo.sp.leg.br\/escoladoparlamento\/cursos\/cursos-anteriores\/cursos-realizados-em-2022\/politicas-publicas-de-educacao-para-o-enfrentamento-ao-racismo\/","title":{"rendered":"Pol\u00edticas P\u00fablicas de Educa\u00e7\u00e3o para o Enfrentamento ao Racismo"},"content":{"rendered":"<h3><strong>Evento em parceria com a UNICID<\/strong><\/h3>\n<p>&nbsp;<\/p>\n<p><strong>JUSTIFICATIVA\/CONTEXTO: <\/strong><\/p>\n<p>Analisar, discutir e compreender os atravessamentos do racismo estrutural na sociedade brasileira e seus impactos no acesso, perman\u00eancia e sucesso escolar \u00e9 uma exig\u00eancia incontorn\u00e1vel para que possamos avan\u00e7ar na formula\u00e7\u00e3o, implementa\u00e7\u00e3o e efetividade de pol\u00edticas educacionais em perspectiva antirracista.<\/p>\n<p>Nessa perspectiva, como parte do percurso formativo do Curso de Aperfei\u00e7oamento em \u201cLideran\u00e7a P\u00fablica para a Equidade Racial: Gest\u00e3o e Pr\u00e1ticas Pedag\u00f3gicas em perspectiva Antirracista\u201d, propomos a realiza\u00e7\u00e3o deste Semin\u00e1rio, em parceria com o Programa de P\u00f3s-Gradua\u00e7\u00e3o em Educa\u00e7\u00e3o (mestrado e doutorado acad\u00eamico) e com o Programa de Mestrado Profissional em Forma\u00e7\u00e3o de Gestores da Universidade Cidade de S\u00e3o Paulo \u2013 Unicid.<\/p>\n<p><strong>OBJETIVOS:<\/strong><\/p>\n<p>Espera-se que este Semin\u00e1rio Avan\u00e7ado contribua com a forma\u00e7\u00e3o dos participantes\/cursistas, permitindo que ampliem e aprofundem sua capacidade de:<\/p>\n<ol>\n<li>Reconhecer, interpretar e analisar as din\u00e2micas de segrega\u00e7\u00e3o, desigualdade e hierarquiza\u00e7\u00e3o racial que marcam a experi\u00eancia socio-racial brasileira<\/li>\n<li>Compreender e mobilizar os conceitos de racismo estrutural, racismo institucional e contrato racial de domina\u00e7\u00e3o para analisar os fen\u00f4menos educacionais e as pol\u00edticas p\u00fablicas.<\/li>\n<li>Interferir, a partir de seus fazeres profissionais, nas din\u00e2micas de sustenta\u00e7\u00e3o do racismo presentes no sistema educacional brasileiro, de forma a mitigar e\/ou eliminar seus efeitos danosos na forma\u00e7\u00e3o individual e coletiva dos educandos e educandas.<\/li>\n<\/ol>\n<p><strong>P\u00daBLICO ALVO: <\/strong>professoras e professores das redes p\u00fablicas, gestoras e gestores de servi\u00e7os p\u00fablicos, integrantes de movimentos e associa\u00e7\u00f5es da sociedade civil, estudantes dos cursos de licenciatura e interessados em geral.<\/p>\n<p><strong>INFRAESTRUTURA<\/strong><\/p>\n<p>\u2022 Plataforma remota de aprendizado (Zoom)<br \/>\n\u2022 Transmiss\u00e3o online com grava\u00e7\u00e3o em v\u00eddeo (Youtube)<\/p>\n<p><strong>PROGRAMA<\/strong><\/p>\n<p>O Semin\u00e1rio ser\u00e1 realizado em um \u00fanico dia, 27 de agosto de 2022, das 10h \u00e0s 12h30.<\/p>\n<table>\n<tbody>\n<tr>\n<td width=\"158\"><strong>HOR\u00c1RIO<\/strong><\/td>\n<td width=\"437\"><strong>ATIVIDADE<\/strong><\/td>\n<\/tr>\n<tr>\n<td width=\"158\">10h \u00e0s 10h10<\/td>\n<td width=\"437\">Abertura do Semin\u00e1rio<\/td>\n<\/tr>\n<tr>\n<td width=\"158\">10h10 \u00e0s 10h30<\/td>\n<td width=\"437\">\u00a0Prof. Alexsandro Santos<\/td>\n<\/tr>\n<tr>\n<td width=\"158\">10h30 \u00e0s 11h00<\/td>\n<td width=\"437\">\u00a0Profa. Maril\u00e2ndia Fraz\u00e3o<\/td>\n<\/tr>\n<tr>\n<td width=\"158\">11h00 \u00e0s 11h30<\/td>\n<td width=\"437\">\u00a0Profa. Dra. Crislei Cust\u00f3dio<\/td>\n<\/tr>\n<tr>\n<td width=\"158\">11h30 \u00e0s 12h15<\/td>\n<td width=\"437\">Coment\u00e1rios\/Di\u00e1logo com o P\u00fablico<\/td>\n<\/tr>\n<tr>\n<td width=\"158\">12h15 \u00e0s 12h30<\/td>\n<td width=\"437\">Fechamento<\/td>\n<\/tr>\n<\/tbody>\n<\/table>\n<p>V<em>AGAS: \u00a0200<\/em><\/p>\n<p>CARGA HOR\u00c1RIA TOTAL: \u00a0\u00a02h30 min<\/p>\n<h2><strong>INSCRI\u00c7\u00d5ES: ENCERRADO<\/strong><\/h2>\n<p>&nbsp;<\/p>\n","protected":false},"excerpt":{"rendered":"<p>Evento em parceria com a UNICID &nbsp; JUSTIFICATIVA\/CONTEXTO: Analisar, discutir e compreender os atravessamentos do racismo estrutural na sociedade brasileira e seus impactos no acesso, perman\u00eancia e sucesso escolar \u00e9 uma exig\u00eancia incontorn\u00e1vel para que possamos avan\u00e7ar na formula\u00e7\u00e3o, implementa\u00e7\u00e3o e efetividade de pol\u00edticas educacionais em perspectiva antirracista. Nessa perspectiva, como parte do percurso formativo [&hellip;]<\/p>\n","protected":false},"author":661,"featured_media":0,"parent":27234,"menu_order":62,"comment_status":"closed","ping_status":"closed","template":"","meta":{"_acf_changed":false,"footnotes":""},"class_list":["post-27991","page","type-page","status-publish","hentry"],"acf":[],"_links":{"self":[{"href":"https:\/\/homolog.saopaulo.sp.leg.br\/escoladoparlamento\/wp-json\/wp\/v2\/pages\/27991","targetHints":{"allow":["GET"]}}],"collection":[{"href":"https:\/\/homolog.saopaulo.sp.leg.br\/escoladoparlamento\/wp-json\/wp\/v2\/pages"}],"about":[{"href":"https:\/\/homolog.saopaulo.sp.leg.br\/escoladoparlamento\/wp-json\/wp\/v2\/types\/page"}],"author":[{"embeddable":true,"href":"https:\/\/homolog.saopaulo.sp.leg.br\/escoladoparlamento\/wp-json\/wp\/v2\/users\/661"}],"replies":[{"embeddable":true,"href":"https:\/\/homolog.saopaulo.sp.leg.br\/escoladoparlamento\/wp-json\/wp\/v2\/comments?post=27991"}],"version-history":[{"count":5,"href":"https:\/\/homolog.saopaulo.sp.leg.br\/escoladoparlamento\/wp-json\/wp\/v2\/pages\/27991\/revisions"}],"predecessor-version":[{"id":28040,"href":"https:\/\/homolog.saopaulo.sp.leg.br\/escoladoparlamento\/wp-json\/wp\/v2\/pages\/27991\/revisions\/28040"}],"up":[{"embeddable":true,"href":"https:\/\/homolog.saopaulo.sp.leg.br\/escoladoparlamento\/wp-json\/wp\/v2\/pages\/27234"}],"wp:attachment":[{"href":"https:\/\/homolog.saopaulo.sp.leg.br\/escoladoparlamento\/wp-json\/wp\/v2\/media?parent=27991"}],"curies":[{"name":"wp","href":"https:\/\/api.w.org\/{rel}","templated":true}]}}