{"id":28044,"date":"2022-09-28T15:39:39","date_gmt":"2022-09-28T18:39:39","guid":{"rendered":"https:\/\/homolog.saopaulo.sp.leg.br\/escoladoparlamento\/?page_id=28044"},"modified":"2023-05-10T16:34:31","modified_gmt":"2023-05-10T19:34:31","slug":"ciclo-de-debates-concessao-da-gestao-de-residuos-solidos-em-sao-paulo","status":"publish","type":"page","link":"https:\/\/homolog.saopaulo.sp.leg.br\/escoladoparlamento\/cursos\/cursos-anteriores\/cursos-realizados-em-2022\/ciclo-de-debates-concessao-da-gestao-de-residuos-solidos-em-sao-paulo\/","title":{"rendered":"Concess\u00e3o da Gest\u00e3o de Res\u00edduos S\u00f3lidos em S\u00e3o Paulo"},"content":{"rendered":"<p style=\"text-align: left\">A proposta do Ciclo de Debates &#8220;Concess\u00e3o da Gest\u00e3o de Res\u00edduos S\u00f3lidos em S\u00e3o Paulo&#8221; consiste em abordar elementos inovadores na gest\u00e3o de res\u00edduos s\u00f3lidos que possam contribuir com o processo de contrata\u00e7\u00e3o de servi\u00e7o de coleta, transporte e destina\u00e7\u00e3o final dos res\u00edduos no munic\u00edpio de S\u00e3o Paulo. Ser\u00e3o aprofundadas as rela\u00e7\u00f5es do contrato de concess\u00e3o, institu\u00eddo pela Lei 13.478\/2002, na sua rela\u00e7\u00e3o com os marcos regulat\u00f3rios vigentes que impactam diretamente na gest\u00e3o integrada dos res\u00edduos na cidade, como \u00e9 o caso da Pol\u00edtica Nacional de Res\u00edduos S\u00f3lidos (PNRS), do Plano Municipal de Gest\u00e3o Integrada de Res\u00edduos S\u00f3lidos (PGIRS), o Plano Nacional de Res\u00edduos S\u00f3lidos (PLANARES), o Novo Marco Legal do Saneamento entre outros. A partir de temas espec\u00edficos voltados \u00e0 inova\u00e7\u00e3o no processo de gest\u00e3o dos res\u00edduos, assim como a partir da avalia\u00e7\u00e3o da execu\u00e7\u00e3o do contrato vigente, ser\u00e3o sistematizadas proposi\u00e7\u00f5es feitas durante o evento para contribuir com reflex\u00f5es e encaminhamentos para contribuir com o novo contrato.<\/p>\n<p style=\"text-align: left\">O Ciclo de Debates ser\u00e1 composto por 4 encontros e \u00e9 organizado pela parceria entre Campanha S\u00e3o Paulo Composta, Cultiva, coordenada pelo Instituto P\u00f3lis, Tribunal de Contas do Munic\u00edpio de S\u00e3o Paulo (TCM\/SP), Escola do Parlamento da C\u00e2mara Municipal de S\u00e3o Paulo e a Frente Parlamentar Ambientalista da C\u00e2mara Municipal de S\u00e3o Paulo.<\/p>\n<h3><\/h3>\n<h3 style=\"text-align: left\"><strong>Inscri\u00e7\u00f5es &#8211; ENCERRADAS<br \/>\n<\/strong><\/h3>\n<h3><strong>Clique <a href=\"https:\/\/homolog.saopaulo.sp.leg.br\/escoladoparlamento\/wp-content\/uploads\/sites\/5\/2023\/05\/2023_5_05_relatorio_FINAL_ciclo_debates_concessao.pdf\">AQUI<\/a> para baixar o relat\u00f3rio final do Ciclo de Debates<\/strong><\/h3>\n<p>&nbsp;<\/p>\n<h3><strong>Programa\u00e7\u00e3o<\/strong><\/h3>\n<h4><strong>Abertura &#8211; Avalia\u00e7\u00e3o da concess\u00e3o de res\u00edduos s\u00f3lidos e perspectivas de futuro para a cidade<\/strong><\/h4>\n<p>Data: 11\/10\/2022<\/p>\n<p>Hor\u00e1rio: 17h \u00e0s 19h<\/p>\n<h3>Reveja clicando <a href=\"https:\/\/youtu.be\/laF-4iGp2A8\">AQUI<\/a><\/h3>\n<p>Fala de autoridades: Prefeito, Presidente da C\u00e2mara, Vereadores, Presid\u00eancia do TCM<\/p>\n<p>&#8211; Luciana Guerra &#8211; Subsecret\u00e1ria de Controle Externo \u2013 TCM<\/p>\n<p>&#8211; Igor Pantoja &#8211; Rede Nossa S\u00e3o Paulo<\/p>\n<p>Modera\u00e7\u00e3o: Alexsandro do Nascimento Santos &#8211; Escola do Parlamento<\/p>\n<h4>1o Encontro &#8211; Como adequar as novas concess\u00f5es \u00e0 PNRS, ao Novo Marco Legal do Saneamento, ao PLANARES e ao PGIRS?<\/h4>\n<p>Data: 13\/10\/2022<\/p>\n<p>Hor\u00e1rio: 17h \u00e0s 19h<\/p>\n<h3>Reveja clicando <a href=\"https:\/\/www.youtube.com\/watch?v=DxD25566lYs\">AQUI<\/a><\/h3>\n<p>&#8211; Gina Rizpah &#8211; Presidente do Observat\u00f3rio Pol\u00edtica Nacional de Res\u00edduos S\u00f3lidos\/ARZB<\/p>\n<p>&#8211; Wladimir Ribeiro &#8211; S\u00f3cio da Manesco, Ramires, Perez, Azevedo Marques \u2013 Sociedade de Advogados<\/p>\n<p>&#8211; Dr. Ivan Carneiro &#8211; Promotor de Justi\u00e7a MPSP &#8211; GAEMA PCJ &#8211; Piracicaba &#8211; Minist\u00e9rio P\u00fablico do Estado de S\u00e3o Paulo<\/p>\n<p>Media\u00e7\u00e3o: Elisabeth Grimberg, Campanha SP Composta, Cultiva &#8211; Instituto P\u00f3lis<\/p>\n<h4>2o Encontro &#8211; Como fazer funcionar o sistema para reciclagem dos res\u00edduos org\u00e2nicos (coleta seletiva de res\u00edduos compost\u00e1veis + compostagem\/digest\u00e3o anaer\u00f3bia)?<\/h4>\n<p>Data: 18\/10\/2022<br \/>\nHor\u00e1rio: 17h \u00e0s 19h<\/p>\n<h3>Reveja clicando <a href=\"https:\/\/www.youtube.com\/watch?v=i2KY8NsIB_c\">AQUI<\/a><\/h3>\n<p>&#8211; Lucas Barros Arruda Secret\u00e1rio Adjunto do Meio Ambiente &#8211; Prefeitura de Florian\u00f3polis\/SC<\/p>\n<p>&#8211; Ac\u00e1cio Miranda da Silva Filho &#8211; Secret\u00e1rio Executivo de Limpeza Urbana &#8211; SMSUB\/PMS<\/p>\n<p>&#8211; Enzo Favoino &#8211; Coordenador Cient\u00edfico de Res\u00edduo Zero na Europa &#8211; GAIA<\/p>\n<p>&#8211; Alexa Kietly &#8211; Coordenadora Senior de Res\u00edduo Zero &#8211; Departamento de Meio Ambiente &#8211; San Francisco &#8211; Calif\u00f3rnia<\/p>\n<p>Media\u00e7\u00e3o: Victor Argentino &#8211; Campanha S\u00e3o Paulo Composta Cultiva<\/p>\n<h4>3o Encontro &#8211; Como avan\u00e7ar na coleta seletiva de res\u00edduos s\u00f3lidos com Responsabilidade Estendida do Produtor e garantindo a participa\u00e7\u00e3o de catadores e catadoras?<\/h4>\n<p>Data: 20\/10\/2022<\/p>\n<p>Hor\u00e1rio: 17h \u00e0s 19h<\/p>\n<h3>Reveja clicando <a href=\"https:\/\/www.youtube.com\/watch?v=Ci_aMabL04A\">AQUI<\/a><\/h3>\n<p>&#8211; Valquiria C\u00e2ndido &#8211; Representante do Comit\u00ea de Catadores da Cidade de S\u00e3o Paulo &#8211; MNCR<\/p>\n<p>&#8211; Claudia Lins &#8211; Gerente de Sustentabilidade &#8211; Confedera\u00e7\u00e3o Nacional de Munic\u00edpios &#8211; CNM<\/p>\n<p>&#8211; Dra. Margaret Carvalho &#8211; Procuradora Chefe do Minist\u00e9rio P\u00fablico do Trabalho &#8211; Paran\u00e1<\/p>\n<p>Media\u00e7\u00e3o: Paulo Alvarenga &#8211; Defensoria P\u00fablica do Estado de S\u00e3o Paulo<\/p>\n<h4><strong>4o Encontro &#8211; Como financiar o sistema de gest\u00e3o de res\u00edduos em S\u00e3o Paulo e garantir inova\u00e7\u00e3o no contrato de concess\u00e3o?<\/strong><\/h4>\n<p>Data: 25\/10\/2022<\/p>\n<p>Hor\u00e1rio: 17h \u00e0s 19h<\/p>\n<h3>Reveja clicando <a href=\"https:\/\/www.youtube.com\/watch?v=goVZqKkc2xQ\">AQUI<\/a><\/h3>\n<p>&#8211; Jo\u00e3o Antonio &#8211; Presidente do TCM do Munic\u00edpio de S\u00e3o Paulo<\/p>\n<p>&#8211; Tarc\u00edsio Pinto \u2013 Especialista em Gest\u00e3o de Res\u00edduos<\/p>\n<p>Debatedor: Gina Rizpah (OPNRS\/ARZB)<\/p>\n<p>&nbsp;<\/p>\n<h3><b>Certifica\u00e7\u00e3o<\/b><\/h3>\n<p>O certificado ser\u00e1 conferido aos inscritos pelo Sympla que assistirem a no m\u00ednimo tr\u00eas dos cinco encontros pela plataforma Zoom.<\/p>\n","protected":false},"excerpt":{"rendered":"<p>A proposta do Ciclo de Debates &#8220;Concess\u00e3o da Gest\u00e3o de Res\u00edduos S\u00f3lidos em S\u00e3o Paulo&#8221; consiste em abordar elementos inovadores na gest\u00e3o de res\u00edduos s\u00f3lidos que possam contribuir com o processo de contrata\u00e7\u00e3o de servi\u00e7o de coleta, transporte e destina\u00e7\u00e3o final dos res\u00edduos no munic\u00edpio de S\u00e3o Paulo. Ser\u00e3o aprofundadas as rela\u00e7\u00f5es do contrato de [&hellip;]<\/p>\n","protected":false},"author":745,"featured_media":0,"parent":27234,"menu_order":60,"comment_status":"closed","ping_status":"closed","template":"","meta":{"_acf_changed":false,"footnotes":""},"class_list":["post-28044","page","type-page","status-publish","hentry"],"acf":[],"_links":{"self":[{"href":"https:\/\/homolog.saopaulo.sp.leg.br\/escoladoparlamento\/wp-json\/wp\/v2\/pages\/28044","targetHints":{"allow":["GET"]}}],"collection":[{"href":"https:\/\/homolog.saopaulo.sp.leg.br\/escoladoparlamento\/wp-json\/wp\/v2\/pages"}],"about":[{"href":"https:\/\/homolog.saopaulo.sp.leg.br\/escoladoparlamento\/wp-json\/wp\/v2\/types\/page"}],"author":[{"embeddable":true,"href":"https:\/\/homolog.saopaulo.sp.leg.br\/escoladoparlamento\/wp-json\/wp\/v2\/users\/745"}],"replies":[{"embeddable":true,"href":"https:\/\/homolog.saopaulo.sp.leg.br\/escoladoparlamento\/wp-json\/wp\/v2\/comments?post=28044"}],"version-history":[{"count":5,"href":"https:\/\/homolog.saopaulo.sp.leg.br\/escoladoparlamento\/wp-json\/wp\/v2\/pages\/28044\/revisions"}],"predecessor-version":[{"id":28144,"href":"https:\/\/homolog.saopaulo.sp.leg.br\/escoladoparlamento\/wp-json\/wp\/v2\/pages\/28044\/revisions\/28144"}],"up":[{"embeddable":true,"href":"https:\/\/homolog.saopaulo.sp.leg.br\/escoladoparlamento\/wp-json\/wp\/v2\/pages\/27234"}],"wp:attachment":[{"href":"https:\/\/homolog.saopaulo.sp.leg.br\/escoladoparlamento\/wp-json\/wp\/v2\/media?parent=28044"}],"curies":[{"name":"wp","href":"https:\/\/api.w.org\/{rel}","templated":true}]}}