{"id":28122,"date":"2022-11-12T18:48:39","date_gmt":"2022-11-12T21:48:39","guid":{"rendered":"https:\/\/homolog.saopaulo.sp.leg.br\/escoladoparlamento\/?page_id=28122"},"modified":"2023-03-09T16:38:24","modified_gmt":"2023-03-09T19:38:24","slug":"relacoes-raciais","status":"publish","type":"page","link":"https:\/\/homolog.saopaulo.sp.leg.br\/escoladoparlamento\/cursos\/cursos-anteriores\/cursos-realizados-em-2022\/relacoes-raciais\/","title":{"rendered":"Rela\u00e7\u00f5es Raciais"},"content":{"rendered":"<h3>Lan\u00e7amento da <strong>Revista Parlamento e Sociedade 18*\u00a0<\/strong><\/h3>\n<p>Apresenta\u00e7\u00e3o da publica\u00e7\u00e3o com a presen\u00e7a dos autores.<\/p>\n<p>Na ocasi\u00e3o, tamb\u00e9m ser\u00e1 lan\u00e7ado o <strong>Cadernos da Escola do Parlamento*<\/strong> <em>Limites da Democracia e da Participa\u00e7\u00e3o Pol\u00edtica no Brasil &#8211; Ra\u00e7a e G\u00eanero, <\/em>que traz textos reflexivos produzidos pelos concluintes do curso Ra\u00e7a, G\u00eanero, Democracia e Participa\u00e7\u00e3o Pol\u00edtica realizado em parceria com o <em>Geled\u00e9s &#8211; Instituto da Mulher Negra**<\/em>\u00a0em 2020.<\/p>\n<p><strong>P\u00fablico alvo: <\/strong><\/p>\n<p>P\u00fablico em geral, estudantes, ativistas, militantes, pesquisadores, profissionais que atuam com pol\u00edticas p\u00fablicas.<\/p>\n<h4><strong>Inscri\u00e7\u00f5es: encerradas<\/strong><\/h4>\n<h3>Reveja o evento clicando <a href=\"https:\/\/www.youtube.com\/watch?v=H5kUoElVBHc\">AQUI<\/a><\/h3>\n<h4>* Baixe a <strong>Revista Parlamento e Sociedade 18 &#8211; Rela\u00e7\u00f5es Raciais<\/strong> clicando <a href=\"https:\/\/homolog.saopaulo.sp.leg.br\/escoladoparlamento\/wp-content\/uploads\/sites\/5\/2022\/11\/revista_parlamento_e_sociedade_v10_n18-1.pdf\">AQUI<\/a><\/h4>\n<h4>* Baixe o <strong>Cadernos da Escola do Parlamento &#8211; <em>Limites da Democracia e da Participa\u00e7\u00e3o Pol\u00edtica no Brasil &#8211; Ra\u00e7a e G\u00eanero <\/em><\/strong>clicando <a href=\"https:\/\/homolog.saopaulo.sp.leg.br\/escoladoparlamento\/wp-content\/uploads\/sites\/5\/2022\/11\/Cadernos-EP_2022.pdf\">AQUI<\/a><\/h4>\n<hr \/>\n<h3><span style=\"color: #ff0000\">Programa\u00e7\u00e3o:<\/span><\/h3>\n<h3><strong>21\/11 das 18h30 \u00e0s 20h30<\/strong><\/h3>\n<h3>Palestrantes:<\/h3>\n<p><strong>Sales Augusto<\/strong>\u00a0<strong>dos Santos<\/strong>\u2013 Doutor em Sociologia pela UnB. P\u00f3s-doutorado pelo Department of African &amp; African Diaspora Studies (DAADS) at the University of Wisconsin Milwaukee (UWM) e pelo Department of Africana Studies at Brown University. \u00c9 Professor Visitante do Departamento de Ci\u00eancias Sociais da Universidade Federal de Vi\u00e7osa (UFV).<\/p>\n<p><strong>Matheus Freitas <\/strong>&#8211; Licenciado e Bacharel em Ci\u00eancias Sociais pela Universidade Federal de Vi\u00e7osa (UFV). Mestre em Educa\u00e7\u00e3o pela Universidade Federal de Minas Gerais (UFMG). Integrante do N\u00facleo de Estudos Afro-Brasileiros (NEAB Vi\u00e7osa), do Grupo de Estudos em Educa\u00e7\u00e3o, G\u00eanero e Ra\u00e7a (EDUCAGERA-UFV) e do Afirma\u00e7\u00e3o na P\u00f3s (Programa A\u00e7\u00f5es Afirmativas na UFMG). Atua nas \u00e1reas das Ci\u00eancias Sociais e Educa\u00e7\u00e3o, com interesse nos seguintes temas: rela\u00e7\u00f5es \u00e9tnico-raciais, educa\u00e7\u00e3o, movimentos sociais e a\u00e7\u00f5es afirmativas.<\/p>\n<p><strong>Vilma Reis<\/strong>\u00a0\u2013 Soci\u00f3loga, professora, ativista do Movimento de Mulheres Negras, defensora de Direitos Humanos e doutoranda em Estudos \u00c9tnicos e Africanos no PosAfro-UFBA.<\/p>\n<p><strong>Rosane Borges \u2013\u00a0<\/strong>Jornalista, pesquisadora colaboradora do Colabor (Centro Multidisciplinar de Pesquisas em Cria\u00e7\u00f5es Colaborativas e Linguagens Digitais), da ECA-USP. Doutora e mestre em Ci\u00eancias da Comunica\u00e7\u00e3o pela USP. \u00c9 articulista da Revista Carta Capital Digital e do blog da Editora Boitempo, escreve regularmente nos portal de not\u00edcia \u201cJornalistas Livres\u201d.<\/p>\n<p><strong>Suelaine Carneiro <\/strong>&#8211; Graduada em Sociologia pela Funda\u00e7\u00e3o Escola de Sociologia e Pol\u00edtica de S\u00e3o Paulo (1992). Mestre em educa\u00e7\u00e3o pela Universidade Federal de S\u00e3o Carlos (2015). \u00c9 coordenadora da \u00e1rea de educa\u00e7\u00e3o do <em>Geled\u00e9s &#8211; Instituto da Mulher Negra<\/em>. Foi assessora da Relatoria Nacional do Direito Humano \u00e0 Educa\u00e7\u00e3o (Plataforma DHESCA), mandatos 2007-2010.<\/p>\n<p>Modera\u00e7\u00e3o: <strong>Alexsandro Santos<\/strong> (Diretor-Presidente da Escola do Parlamento)<\/p>\n<p>&nbsp;<\/p>\n<hr \/>\n<p>** Fundada em 30 de abril de 1988, <em>Geled\u00e9s<\/em> \u00e9 uma organiza\u00e7\u00e3o da sociedade civil que se posiciona em defesa de mulheres e negros por entender que esses dois segmentos sociais padecem de desvantagens e discrimina\u00e7\u00f5es no acesso \u00e0s oportunidades sociais em fun\u00e7\u00e3o do racismo e do sexismo vigente na sociedade brasileira.<\/p>\n","protected":false},"excerpt":{"rendered":"<p>Lan\u00e7amento da Revista Parlamento e Sociedade 18*\u00a0 Apresenta\u00e7\u00e3o da publica\u00e7\u00e3o com a presen\u00e7a dos autores. Na ocasi\u00e3o, tamb\u00e9m ser\u00e1 lan\u00e7ado o Cadernos da Escola do Parlamento* Limites da Democracia e da Participa\u00e7\u00e3o Pol\u00edtica no Brasil &#8211; Ra\u00e7a e G\u00eanero, que traz textos reflexivos produzidos pelos concluintes do curso Ra\u00e7a, G\u00eanero, Democracia e Participa\u00e7\u00e3o Pol\u00edtica realizado [&hellip;]<\/p>\n","protected":false},"author":522,"featured_media":0,"parent":27234,"menu_order":58,"comment_status":"closed","ping_status":"closed","template":"","meta":{"_acf_changed":false,"footnotes":""},"class_list":["post-28122","page","type-page","status-publish","hentry"],"acf":[],"_links":{"self":[{"href":"https:\/\/homolog.saopaulo.sp.leg.br\/escoladoparlamento\/wp-json\/wp\/v2\/pages\/28122","targetHints":{"allow":["GET"]}}],"collection":[{"href":"https:\/\/homolog.saopaulo.sp.leg.br\/escoladoparlamento\/wp-json\/wp\/v2\/pages"}],"about":[{"href":"https:\/\/homolog.saopaulo.sp.leg.br\/escoladoparlamento\/wp-json\/wp\/v2\/types\/page"}],"author":[{"embeddable":true,"href":"https:\/\/homolog.saopaulo.sp.leg.br\/escoladoparlamento\/wp-json\/wp\/v2\/users\/522"}],"replies":[{"embeddable":true,"href":"https:\/\/homolog.saopaulo.sp.leg.br\/escoladoparlamento\/wp-json\/wp\/v2\/comments?post=28122"}],"version-history":[{"count":5,"href":"https:\/\/homolog.saopaulo.sp.leg.br\/escoladoparlamento\/wp-json\/wp\/v2\/pages\/28122\/revisions"}],"predecessor-version":[{"id":28187,"href":"https:\/\/homolog.saopaulo.sp.leg.br\/escoladoparlamento\/wp-json\/wp\/v2\/pages\/28122\/revisions\/28187"}],"up":[{"embeddable":true,"href":"https:\/\/homolog.saopaulo.sp.leg.br\/escoladoparlamento\/wp-json\/wp\/v2\/pages\/27234"}],"wp:attachment":[{"href":"https:\/\/homolog.saopaulo.sp.leg.br\/escoladoparlamento\/wp-json\/wp\/v2\/media?parent=28122"}],"curies":[{"name":"wp","href":"https:\/\/api.w.org\/{rel}","templated":true}]}}