{"id":28460,"date":"2023-05-18T14:01:42","date_gmt":"2023-05-18T17:01:42","guid":{"rendered":"https:\/\/homolog.saopaulo.sp.leg.br\/escoladoparlamento\/?page_id=28460"},"modified":"2025-04-15T12:05:08","modified_gmt":"2025-04-15T15:05:08","slug":"quem-somos","status":"publish","type":"page","link":"https:\/\/homolog.saopaulo.sp.leg.br\/escoladoparlamento\/a-escola\/quem-somos\/","title":{"rendered":"Quem Somos"},"content":{"rendered":"<table width=\"1066\">\n<tbody>\n<tr>\n<td colspan=\"2\" width=\"1068\">\n<h2><strong>Diretor-presidente:<\/strong><\/h2>\n<\/td>\n<\/tr>\n<tr>\n<td width=\"170\"><a href=\"https:\/\/homolog.saopaulo.sp.leg.br\/escoladoparlamento\/wp-content\/uploads\/sites\/5\/2015\/05\/gustavo.jpg\"><img loading=\"lazy\" decoding=\"async\" class=\"alignnone wp-image-2515 size-thumbnail\" src=\"https:\/\/homolog.saopaulo.sp.leg.br\/escoladoparlamento\/wp-content\/uploads\/sites\/5\/2015\/05\/gustavo-150x150.jpg\" alt=\"\" width=\"150\" height=\"150\" \/><\/a><\/td>\n<td width=\"898\"><strong>Gustavo Costa Dias &#8211; <\/strong>Bacharel em Ci\u00eancia da Computa\u00e7\u00e3o, \u00e9 especialista em Desenvolvimento de Sistemas Baseado em Software Livre e mestre em Intelig\u00eancia Artificial, ambos pela Universidade Federal do Amazonas &#8211; UFAM. Integra atualmente a carreira de Consultor T\u00e9cnico Legislativo \u2013 Inform\u00e1tica da C\u00e2mara Municipal de S\u00e3o Paulo desde 2014, onde j\u00e1 atuou como Diretor Acad\u00eamico e Coordenador do Curso de P\u00f3s-Gradua\u00e7\u00e3o Lato Sensu \u201cLegislativo e Democracia no Brasil\u201d (2015-2017) desta Escola. Anteriormente, exerceu o cargo de Coordenador do Sistema Nacional de Informa\u00e7\u00e3o Penitenci\u00e1ria (2011-2012) no Departamento Penitenci\u00e1rio Nacional &#8211; DEPEN, \u00f3rg\u00e3o vinculado ao Minist\u00e9rio da Justi\u00e7a, e tamb\u00e9m j\u00e1 atuou como Assessor da Corregedoria Nacional do Conselho Nacional do Minist\u00e9rio P\u00fablico &#8211; CNMP (2012-2014).<\/td>\n<\/tr>\n<tr>\n<td colspan=\"2\" width=\"1068\">\n<h2><strong>Diretora executiva:<\/strong><\/h2>\n<\/td>\n<\/tr>\n<tr>\n<td width=\"170\"><a href=\"http:\/\/homolog.saopaulo.sp.leg.br\/escoladoparlamento\/wp-content\/uploads\/sites\/5\/2015\/05\/EDITADA_DSC6227.jpg\"><img loading=\"lazy\" decoding=\"async\" class=\"wp-image-4186 alignnone\" src=\"http:\/\/homolog.saopaulo.sp.leg.br\/escoladoparlamento\/wp-content\/uploads\/sites\/5\/2015\/05\/EDITADA_DSC6227-150x150.jpg\" alt=\"EDITADA_DSC6227\" width=\"164\" height=\"164\" \/><\/a><\/td>\n<td style=\"text-align: justify\" width=\"898\"><b><span style=\"font-family: Helvetica\">Maria<\/span><\/b><b><span style=\"font-family: Helvetica\">\u00a0Regina de Faria Vallado Costa <\/span><\/b><span style=\"font-family: Helvetica\">\u2013<\/span> Formada em R\u00e1dio e TV (FAAP) e Jornalismo (FIAM). Estagiou na <em>R\u00e1dio Bandeirantes<\/em> como redatora e depois trabalhou como editora de texto no <em>Canal 21<\/em> e na <em>Band<\/em>. Foi tamb\u00e9m editora na TV <em>Unifesp<\/em> quando a produtora transmitia seus conte\u00fados para o <em>Canal Universit\u00e1rio<\/em> e <em>Canal Futura<\/em>. Desde 2016 est\u00e1 na <em>C\u00e2mara Municipal de S\u00e3o Paulo <\/em>e completa o quadro de servidores efetivos da <em>Escola do Parlamento<\/em>.<\/td>\n<\/tr>\n<tr>\n<td colspan=\"2\" width=\"1068\">\n<h2><strong>Diretor acad\u00eamico:<\/strong><\/h2>\n<\/td>\n<\/tr>\n<tr>\n<td width=\"170\"><a href=\"https:\/\/homolog.saopaulo.sp.leg.br\/escoladoparlamento\/wp-content\/uploads\/sites\/5\/2023\/05\/WhatsApp-Image-2023-05-17-at-16.14.51.jpeg\"><img loading=\"lazy\" decoding=\"async\" class=\"alignright size-full wp-image-28465\" src=\"https:\/\/homolog.saopaulo.sp.leg.br\/escoladoparlamento\/wp-content\/uploads\/sites\/5\/2023\/05\/WhatsApp-Image-2023-05-17-at-16.14.51.jpeg\" alt=\"\" width=\"735\" height=\"785\" srcset=\"https:\/\/homolog.saopaulo.sp.leg.br\/escoladoparlamento\/wp-content\/uploads\/sites\/5\/2023\/05\/WhatsApp-Image-2023-05-17-at-16.14.51.jpeg 735w, https:\/\/homolog.saopaulo.sp.leg.br\/escoladoparlamento\/wp-content\/uploads\/sites\/5\/2023\/05\/WhatsApp-Image-2023-05-17-at-16.14.51-281x300.jpeg 281w\" sizes=\"auto, (max-width: 735px) 100vw, 735px\" \/><\/a><\/td>\n<td width=\"898\"><strong>Marcelo Succi\u00a0 &#8211; <\/strong>Advogado pela Faculdade de Direito do Largo S\u00e3o Francisco (USP), engenheiro pelo Instituto Tecnol\u00f3gico de Aeron\u00e1utica (ITA) com mestrado em Engenharia de Computa\u00e7\u00e3o pela Escola Polit\u00e9cnica da USP. Foi pesquisador da Escola Polit\u00e9cnica da USP. Integra a carreira de Consultor T\u00e9cnico Legislativo da C\u00e2mara Municipal de S\u00e3o Paulo desde 2008, tendo sido supervisor de unidade entre 2013 e 2018. Tem experi\u00eancia acad\u00eamica de aproximadamente 20 anos como professor universit\u00e1rio.<\/td>\n<\/tr>\n<tr>\n<td colspan=\"2\" width=\"1068\">\n<h2><strong>Coordenadores:<\/strong><\/h2>\n<\/td>\n<\/tr>\n<tr>\n<td width=\"170\"><\/td>\n<td style=\"text-align: justify\" width=\"898\"><\/td>\n<\/tr>\n<tr>\n<td width=\"170\"><a href=\"https:\/\/homolog.saopaulo.sp.leg.br\/escoladoparlamento\/wp-content\/uploads\/sites\/5\/2020\/07\/Andr\u00e9-e1594755017325.jpg\"><img loading=\"lazy\" decoding=\"async\" class=\"size-thumbnail wp-image-18363 alignleft\" src=\"https:\/\/homolog.saopaulo.sp.leg.br\/escoladoparlamento\/wp-content\/uploads\/sites\/5\/2020\/07\/Andr\u00e9-150x150.jpg\" alt=\"\" width=\"150\" height=\"150\" \/><\/a><\/td>\n<td style=\"text-align: justify\" width=\"898\"><strong>Andr\u00e9 de Oliveira Leonardo<\/strong> \u2013 Licenciado em Geografia pelo Instituto Federal de Educa\u00e7\u00e3o, Ci\u00eancia e Tecnologia de S\u00e3o Paulo (IFSP). \u00c9 servidor efetivo da C\u00e2mara Municipal de S\u00e3o Paulo desde 2008, na carreira de T\u00e9cnico Administrativo.<\/td>\n<\/tr>\n<tr>\n<td width=\"170\"><strong><a href=\"https:\/\/homolog.saopaulo.sp.leg.br\/escoladoparlamento\/wp-content\/uploads\/sites\/5\/2020\/07\/Pedro.jpg\"><img loading=\"lazy\" decoding=\"async\" class=\"size-thumbnail wp-image-23417 alignleft\" src=\"https:\/\/homolog.saopaulo.sp.leg.br\/escoladoparlamento\/wp-content\/uploads\/sites\/5\/2020\/07\/Pedro-150x150.jpg\" alt=\"\" width=\"150\" height=\"150\" srcset=\"https:\/\/homolog.saopaulo.sp.leg.br\/escoladoparlamento\/wp-content\/uploads\/sites\/5\/2020\/07\/Pedro-150x150.jpg 150w, https:\/\/homolog.saopaulo.sp.leg.br\/escoladoparlamento\/wp-content\/uploads\/sites\/5\/2020\/07\/Pedro-300x300.jpg 300w, https:\/\/homolog.saopaulo.sp.leg.br\/escoladoparlamento\/wp-content\/uploads\/sites\/5\/2020\/07\/Pedro.jpg 427w\" sizes=\"auto, (max-width: 150px) 100vw, 150px\" \/><\/a><\/strong><\/td>\n<td style=\"text-align: justify\" width=\"898\"><strong>Pedro Henrique Lopes Campos<\/strong> &#8211; Mestre em Administra\u00e7\u00e3o P\u00fablica e Governo pela FGV EAESP-SP, bacharel em Rela\u00e7\u00f5es Internacionais pela USP, \u00e9 pesquisador associado ao Grupo de Pesquisa Judici\u00e1rio e Democracia (JUDE) e fot\u00f3grafo.<\/td>\n<\/tr>\n<tr>\n<td colspan=\"2\" width=\"1068\">\n<h2><strong>Equipe:<\/strong><\/h2>\n<\/td>\n<\/tr>\n<tr>\n<td width=\"170\"><a href=\"https:\/\/homolog.saopaulo.sp.leg.br\/escoladoparlamento\/wp-content\/uploads\/sites\/5\/2018\/10\/Rubem2-1.jpg\"><img loading=\"lazy\" decoding=\"async\" class=\"alignnone wp-image-10780 size-full\" src=\"https:\/\/homolog.saopaulo.sp.leg.br\/escoladoparlamento\/wp-content\/uploads\/sites\/5\/2018\/10\/Rubem2-1.jpg\" alt=\"\" width=\"150\" height=\"150\" \/><\/a><\/td>\n<td width=\"898\"><strong>Rubem Davi Romancini<\/strong> &#8211; Bacharel em Rela\u00e7\u00f5es Internacionais pela Universidade de S\u00e3o Paulo (USP), especialista em Gest\u00e3o de Pol\u00edticas P\u00fablicas pela Universidade Cruzeiro do Sul. \u00c9 servidor efetivo da C\u00e2mara Municipal de S\u00e3o Paulo na carreira T\u00e9cnico Administrativo.<\/td>\n<\/tr>\n<tr>\n<td width=\"170\"><a href=\"https:\/\/homolog.saopaulo.sp.leg.br\/escoladoparlamento\/wp-content\/uploads\/sites\/5\/2020\/07\/Foto-Camila-Breitenvieser-.jpeg\"><img loading=\"lazy\" decoding=\"async\" class=\"size-thumbnail wp-image-23370 alignleft\" src=\"https:\/\/homolog.saopaulo.sp.leg.br\/escoladoparlamento\/wp-content\/uploads\/sites\/5\/2020\/07\/Foto-Camila-Breitenvieser--150x150.jpeg\" alt=\"\" width=\"150\" height=\"150\" \/><\/a><\/td>\n<td style=\"text-align: justify\" width=\"898\"><strong>Camila Barrero Breitenvieser <\/strong>&#8211; Mestre em Administra\u00e7\u00e3o P\u00fablica e Governo pela Funda\u00e7\u00e3o Get\u00falio Vargas &#8211; FGV\/SP (2019). Mestre em em Ci\u00eancia Pol\u00edtica e Rela\u00e7\u00f5es Internacionais pela Universidade Nova de Lisboa (2011). Graduada em Rela\u00e7\u00f5es Internacionais pela Universidade Estadual Paulista J\u00falio de Mesquita Filho &#8211; UNESP\/Franca (2007). Trabalhou na Coordena\u00e7\u00e3o de Pol\u00edticas para Migrantes, da Secretaria Municipal de Direitos Humanos e Cidadania (CPMig-SMDHC). \u00c9 funcion\u00e1ria efetiva da C\u00e2mara Municipal de S\u00e3o Paulo desde 2011, na carreira de T\u00e9cnico Administrativo.<\/td>\n<\/tr>\n<tr>\n<td width=\"170\"><a href=\"http:\/\/homolog.saopaulo.sp.leg.br\/escoladoparlamento\/wp-content\/uploads\/sites\/5\/2015\/05\/editada_DSC6228.jpg\"><img loading=\"lazy\" decoding=\"async\" class=\"wp-image-4185 alignnone\" src=\"http:\/\/homolog.saopaulo.sp.leg.br\/escoladoparlamento\/wp-content\/uploads\/sites\/5\/2015\/05\/editada_DSC6228-150x150.jpg\" alt=\"editada_DSC6228\" width=\"161\" height=\"161\" \/><\/a><\/td>\n<td style=\"text-align: justify\" width=\"898\"><b><span style=\"font-family: Helvetica\">M\u00e1rcio Tadeo Tanabe \u2013<\/span><\/b><span class=\"Apple-converted-space\"><b><span style=\"font-family: Helvetica\">\u00a0<\/span><\/b><\/span>\u00c9 T\u00e9cnico Administrativo.<\/td>\n<\/tr>\n<tr>\n<td width=\"170\"><a href=\"http:\/\/homolog.saopaulo.sp.leg.br\/escoladoparlamento\/wp-content\/uploads\/sites\/5\/2017\/11\/Foto-Silvia.jpg\"><img loading=\"lazy\" decoding=\"async\" class=\"aligncenter size-thumbnail wp-image-8309\" src=\"http:\/\/homolog.saopaulo.sp.leg.br\/escoladoparlamento\/wp-content\/uploads\/sites\/5\/2017\/11\/Foto-Silvia-150x150.jpg\" alt=\"\" width=\"150\" height=\"150\" \/><\/a><\/td>\n<td style=\"text-align: justify\" width=\"898\"><strong>Silvia Aparecida Santos de Carvalho<\/strong>\u00a0&#8211; Doutora em Educa\u00e7\u00e3o pela Universidade Estadual de Campinas \u2013 UNICAMP, Mestre em Educa\u00e7\u00e3o e Licenciada em Pedagogia pela PUC\/SP. \u00c9 Coordenadora Pedag\u00f3gica da Rede Municipal de Ensino de S\u00e3o Paulo e Coordenadora de Projetos\u00a0de Educa\u00e7\u00e3o para a Cidadania da Escola do Parlamento.<\/td>\n<\/tr>\n<tr>\n<td colspan=\"2\" width=\"1068\">\n<h2><strong>Estagi\u00e1rios:<\/strong><\/h2>\n<\/td>\n<\/tr>\n<tr>\n<td width=\"170\"><a href=\"http:\/\/homolog.saopaulo.sp.leg.br\/escoladoparlamento\/wp-content\/uploads\/sites\/5\/2024\/10\/WhatsApp-Image-2024-10-21-at-12.33.01.jpeg\"><img loading=\"lazy\" decoding=\"async\" class=\"wp-image-29235 aligncenter\" src=\"http:\/\/homolog.saopaulo.sp.leg.br\/escoladoparlamento\/wp-content\/uploads\/sites\/5\/2024\/10\/WhatsApp-Image-2024-10-21-at-12.33.01.jpeg\" alt=\"\" width=\"115\" height=\"205\" srcset=\"https:\/\/homolog.saopaulo.sp.leg.br\/escoladoparlamento\/wp-content\/uploads\/sites\/5\/2024\/10\/WhatsApp-Image-2024-10-21-at-12.33.01.jpeg 899w, https:\/\/homolog.saopaulo.sp.leg.br\/escoladoparlamento\/wp-content\/uploads\/sites\/5\/2024\/10\/WhatsApp-Image-2024-10-21-at-12.33.01-169x300.jpeg 169w, https:\/\/homolog.saopaulo.sp.leg.br\/escoladoparlamento\/wp-content\/uploads\/sites\/5\/2024\/10\/WhatsApp-Image-2024-10-21-at-12.33.01-576x1024.jpeg 576w, https:\/\/homolog.saopaulo.sp.leg.br\/escoladoparlamento\/wp-content\/uploads\/sites\/5\/2024\/10\/WhatsApp-Image-2024-10-21-at-12.33.01-768x1366.jpeg 768w, https:\/\/homolog.saopaulo.sp.leg.br\/escoladoparlamento\/wp-content\/uploads\/sites\/5\/2024\/10\/WhatsApp-Image-2024-10-21-at-12.33.01-864x1536.jpeg 864w\" sizes=\"auto, (max-width: 115px) 100vw, 115px\" \/><\/a><\/td>\n<td style=\"text-align: justify\" width=\"898\"><strong>Bibiana Mommoli<\/strong> &#8211; Graduanda em Rela\u00e7\u00f5es P\u00fablicas pela FAPCOM e T\u00e9cnica em Eventos pela ETEC Pirituba. \u00c9 estagi\u00e1ria em Comunica\u00e7\u00e3o e M\u00eddias Sociais na Escola do Parlamento.<\/td>\n<\/tr>\n<tr>\n<td width=\"170\"><a href=\"http:\/\/homolog.saopaulo.sp.leg.br\/escoladoparlamento\/wp-content\/uploads\/sites\/5\/2024\/03\/WhatsApp-Image-2024-03-08-at-13.40.52-scaled.jpeg\"><img loading=\"lazy\" decoding=\"async\" class=\"wp-image-28979 aligncenter\" src=\"http:\/\/homolog.saopaulo.sp.leg.br\/escoladoparlamento\/wp-content\/uploads\/sites\/5\/2024\/03\/WhatsApp-Image-2024-03-08-at-13.40.52-scaled.jpeg\" alt=\"\" width=\"128\" height=\"171\" srcset=\"https:\/\/homolog.saopaulo.sp.leg.br\/escoladoparlamento\/wp-content\/uploads\/sites\/5\/2024\/03\/WhatsApp-Image-2024-03-08-at-13.40.52-scaled.jpeg 1920w, https:\/\/homolog.saopaulo.sp.leg.br\/escoladoparlamento\/wp-content\/uploads\/sites\/5\/2024\/03\/WhatsApp-Image-2024-03-08-at-13.40.52-225x300.jpeg 225w, https:\/\/homolog.saopaulo.sp.leg.br\/escoladoparlamento\/wp-content\/uploads\/sites\/5\/2024\/03\/WhatsApp-Image-2024-03-08-at-13.40.52-768x1024.jpeg 768w, https:\/\/homolog.saopaulo.sp.leg.br\/escoladoparlamento\/wp-content\/uploads\/sites\/5\/2024\/03\/WhatsApp-Image-2024-03-08-at-13.40.52-1152x1536.jpeg 1152w, https:\/\/homolog.saopaulo.sp.leg.br\/escoladoparlamento\/wp-content\/uploads\/sites\/5\/2024\/03\/WhatsApp-Image-2024-03-08-at-13.40.52-1536x2048.jpeg 1536w\" sizes=\"auto, (max-width: 128px) 100vw, 128px\" \/><\/a><\/td>\n<td style=\"text-align: justify\" width=\"898\"><strong>Vinicius Barra Nova da Silva &#8211;<\/strong> Graduando em Jornalismo pela Universidade Cruzeiro do Sul. \u00c9 estagi\u00e1rio em Comunica\u00e7\u00e3o Social e M\u00eddias Sociais.<\/td>\n<\/tr>\n<\/tbody>\n<tbody>\n<tr>\n<td width=\"170\"><\/td>\n<td style=\"text-align: justify\" width=\"898\"><\/td>\n<\/tr>\n<\/tbody>\n<tbody>\n<tr>\n<td width=\"170\"><a href=\"http:\/\/homolog.saopaulo.sp.leg.br\/escoladoparlamento\/wp-content\/uploads\/sites\/5\/2024\/03\/WhatsApp-Image-2024-03-08-at-12.44.10.jpeg\"><img loading=\"lazy\" decoding=\"async\" class=\"wp-image-28973 aligncenter\" src=\"http:\/\/homolog.saopaulo.sp.leg.br\/escoladoparlamento\/wp-content\/uploads\/sites\/5\/2024\/03\/WhatsApp-Image-2024-03-08-at-12.44.10-e1709915741132.jpeg\" alt=\"\" width=\"196\" height=\"170\" srcset=\"https:\/\/homolog.saopaulo.sp.leg.br\/escoladoparlamento\/wp-content\/uploads\/sites\/5\/2024\/03\/WhatsApp-Image-2024-03-08-at-12.44.10-e1709915741132.jpeg 720w, https:\/\/homolog.saopaulo.sp.leg.br\/escoladoparlamento\/wp-content\/uploads\/sites\/5\/2024\/03\/WhatsApp-Image-2024-03-08-at-12.44.10-e1709915741132-300x260.jpeg 300w\" sizes=\"auto, (max-width: 196px) 100vw, 196px\" \/><\/a><\/td>\n<td style=\"text-align: justify\" width=\"898\"><b><span class=\"markzqy01vork\" data-markjs=\"true\" data-ogac=\"\" data-ogab=\"\" data-ogsc=\"\" data-ogsb=\"\">Vitor Hugo Silva do Nascimento<\/span> &#8211; <\/b>Graduando em Gest\u00e3o P\u00fablica pelo Instituto Federal de Educa\u00e7\u00e3o, Ci\u00eancia e Tecnologia de S\u00e3o Paulo, T\u00e9cnico em Inform\u00e1tica pela ETEC Itaquera, designer e ativista pol\u00edtico. Estagi\u00e1rio em Gest\u00e3o P\u00fablica na Escola do Parlamento.<\/td>\n<\/tr>\n<tr>\n<td width=\"170\"><a href=\"http:\/\/homolog.saopaulo.sp.leg.br\/escoladoparlamento\/wp-content\/uploads\/sites\/5\/2024\/06\/WhatsApp-Image-2024-06-21-at-17.01.39.jpeg\"><img loading=\"lazy\" decoding=\"async\" class=\"wp-image-29156 aligncenter\" src=\"http:\/\/homolog.saopaulo.sp.leg.br\/escoladoparlamento\/wp-content\/uploads\/sites\/5\/2024\/06\/WhatsApp-Image-2024-06-21-at-17.01.39.jpeg\" alt=\"\" width=\"143\" height=\"143\" srcset=\"https:\/\/homolog.saopaulo.sp.leg.br\/escoladoparlamento\/wp-content\/uploads\/sites\/5\/2024\/06\/WhatsApp-Image-2024-06-21-at-17.01.39.jpeg 828w, https:\/\/homolog.saopaulo.sp.leg.br\/escoladoparlamento\/wp-content\/uploads\/sites\/5\/2024\/06\/WhatsApp-Image-2024-06-21-at-17.01.39-300x300.jpeg 300w, https:\/\/homolog.saopaulo.sp.leg.br\/escoladoparlamento\/wp-content\/uploads\/sites\/5\/2024\/06\/WhatsApp-Image-2024-06-21-at-17.01.39-150x150.jpeg 150w, https:\/\/homolog.saopaulo.sp.leg.br\/escoladoparlamento\/wp-content\/uploads\/sites\/5\/2024\/06\/WhatsApp-Image-2024-06-21-at-17.01.39-768x768.jpeg 768w\" sizes=\"auto, (max-width: 143px) 100vw, 143px\" \/><\/a><\/td>\n<td style=\"text-align: justify\" width=\"898\"><strong>Eduardo de Souza Rodriguez &#8211;<\/strong> Graduando em Jornalismo pela Universidade Cruzeiro do Sul. \u00c9 estagi\u00e1rio de Comunica\u00e7\u00e3o e M\u00eddias Sociais na Escola do Parlamento da C\u00e2mara Municipal de S\u00e3o Paulo.<\/td>\n<\/tr>\n<\/tbody>\n<\/table>\n","protected":false},"excerpt":{"rendered":"<p>Diretor-presidente: Gustavo Costa Dias &#8211; Bacharel em Ci\u00eancia da Computa\u00e7\u00e3o, \u00e9 especialista em Desenvolvimento de Sistemas Baseado em Software Livre e mestre em Intelig\u00eancia Artificial, ambos pela Universidade Federal do Amazonas &#8211; UFAM. Integra atualmente a carreira de Consultor T\u00e9cnico Legislativo \u2013 Inform\u00e1tica da C\u00e2mara Municipal de S\u00e3o Paulo desde 2014, onde j\u00e1 atuou como [&hellip;]<\/p>\n","protected":false},"author":522,"featured_media":0,"parent":38,"menu_order":43,"comment_status":"closed","ping_status":"closed","template":"page-larga.php","meta":{"_acf_changed":false,"footnotes":""},"class_list":["post-28460","page","type-page","status-publish","hentry"],"acf":[],"_links":{"self":[{"href":"https:\/\/homolog.saopaulo.sp.leg.br\/escoladoparlamento\/wp-json\/wp\/v2\/pages\/28460","targetHints":{"allow":["GET"]}}],"collection":[{"href":"https:\/\/homolog.saopaulo.sp.leg.br\/escoladoparlamento\/wp-json\/wp\/v2\/pages"}],"about":[{"href":"https:\/\/homolog.saopaulo.sp.leg.br\/escoladoparlamento\/wp-json\/wp\/v2\/types\/page"}],"author":[{"embeddable":true,"href":"https:\/\/homolog.saopaulo.sp.leg.br\/escoladoparlamento\/wp-json\/wp\/v2\/users\/522"}],"replies":[{"embeddable":true,"href":"https:\/\/homolog.saopaulo.sp.leg.br\/escoladoparlamento\/wp-json\/wp\/v2\/comments?post=28460"}],"version-history":[{"count":6,"href":"https:\/\/homolog.saopaulo.sp.leg.br\/escoladoparlamento\/wp-json\/wp\/v2\/pages\/28460\/revisions"}],"predecessor-version":[{"id":29364,"href":"https:\/\/homolog.saopaulo.sp.leg.br\/escoladoparlamento\/wp-json\/wp\/v2\/pages\/28460\/revisions\/29364"}],"up":[{"embeddable":true,"href":"https:\/\/homolog.saopaulo.sp.leg.br\/escoladoparlamento\/wp-json\/wp\/v2\/pages\/38"}],"wp:attachment":[{"href":"https:\/\/homolog.saopaulo.sp.leg.br\/escoladoparlamento\/wp-json\/wp\/v2\/media?parent=28460"}],"curies":[{"name":"wp","href":"https:\/\/api.w.org\/{rel}","templated":true}]}}