{"id":28751,"date":"2023-09-21T12:34:48","date_gmt":"2023-09-21T15:34:48","guid":{"rendered":"https:\/\/homolog.saopaulo.sp.leg.br\/escoladoparlamento\/?page_id=28751"},"modified":"2024-06-14T14:47:04","modified_gmt":"2024-06-14T17:47:04","slug":"proponha-uma-atividade","status":"publish","type":"page","link":"https:\/\/homolog.saopaulo.sp.leg.br\/escoladoparlamento\/parcerias\/proponha-uma-atividade\/","title":{"rendered":"Proponha uma atividade"},"content":{"rendered":"<p>Bem-vindo \u00e0 Escola do Parlamento (EP) da C\u00e2mara Municipal de S\u00e3o Paulo, um espa\u00e7o dedicado \u00e0 educa\u00e7\u00e3o, forma\u00e7\u00e3o e promo\u00e7\u00e3o do conhecimento sobre o poder legislativo e a participa\u00e7\u00e3o cidad\u00e3. A EP tem o prazer de oferecer a oportunidade de apresentar suas pr\u00f3prias propostas de atividades educacionais que estejam alinhadas com nossa miss\u00e3o de aproximar o poder parlamentar da sociedade. Se voc\u00ea \u00e9 pesquisador, educador, especialista ou membro da comunidade, convidamos voc\u00ea a contribuir conosco. Sua proposta pode incluir cursos, palestras, semin\u00e1rios e atividades de pesquisa que enrique\u00e7am nosso compromisso com a democracia e a participa\u00e7\u00e3o ativa dos cidad\u00e3os. Juntos, podemos fortalecer a rela\u00e7\u00e3o entre a sociedade e a esfera legislativa. Saiba mais e submeta sua proposta hoje mesmo!<\/p>\n<p><a href=\"https:\/\/forms.gle\/mXjFDJTqiRKgB2b36\">Formul\u00e1rio de submiss\u00e3o de proposta de atividade<\/a><\/p>\n<p>&nbsp;<\/p>\n<p><strong>DIRETRIZES DE PROPOSTAS DE ATIVIDADES DURANTE O PER\u00cdODO ELEITORAL<\/strong><\/p>\n<div id=\"UniqueMessageBody_5\" class=\"XbIp4 jmmB7 GNqVo allowTextSelection OuGoX\" aria-label=\"Corpo da mensagem\">\n<div>\n<div class=\"rps_ef2\">\n<div dir=\"ltr\">\n<div class=\"x_elementToProof\">Durante o per\u00edodo eleitoral, dever\u00e3o ser priorizados conte\u00fados estritamente informativos e\/ou de interesse do cidad\u00e3o, vinculados \u00e0 presta\u00e7\u00e3o de servi\u00e7os p\u00fablicos.<\/div>\n<div>Para qualquer atividade realizada pela Escola do Parlamento, n\u00e3o poder\u00e3o ser convidados palestrantes e moderadores que tenham interesse imediato no resultado das elei\u00e7\u00f5es.<\/div>\n<div>Nas publica\u00e7\u00f5es da Escola do Parlamento n\u00e3o constar\u00e3o nomes, s\u00edmbolos ou imagens que caracterizem promo\u00e7\u00e3o pessoal de autoridades ou servidores p\u00fablicos ligados, direta ou indiretamente, a campanhas eleitorais. Tamb\u00e9m n\u00e3o constar\u00e3o conte\u00fados nem an\u00e1lises com ju\u00edzo de valor sobre a\u00e7\u00f5es, pol\u00edticas p\u00fablicas e programas sociais e compara\u00e7\u00f5es entre gest\u00f5es de governo.<\/div>\n<div class=\"x_elementToProof\">As postagens nas redes sociais da Escola do Parlamento dever\u00e3o ter car\u00e1ter educativo, informativo ou de orienta\u00e7\u00e3o social, limitando-se estritamente \u00e0 divulga\u00e7\u00e3o informativa de conte\u00fados did\u00e1ticos e cient\u00edficos.<\/div>\n<\/div>\n<\/div>\n<\/div>\n<\/div>\n","protected":false},"excerpt":{"rendered":"<p>Bem-vindo \u00e0 Escola do Parlamento (EP) da C\u00e2mara Municipal de S\u00e3o Paulo, um espa\u00e7o dedicado \u00e0 educa\u00e7\u00e3o, forma\u00e7\u00e3o e promo\u00e7\u00e3o do conhecimento sobre o poder legislativo e a participa\u00e7\u00e3o cidad\u00e3. A EP tem o prazer de oferecer a oportunidade de apresentar suas pr\u00f3prias propostas de atividades educacionais que estejam alinhadas com nossa miss\u00e3o de aproximar [&hellip;]<\/p>\n","protected":false},"author":297,"featured_media":0,"parent":16775,"menu_order":35,"comment_status":"closed","ping_status":"closed","template":"","meta":{"_acf_changed":false,"footnotes":""},"class_list":["post-28751","page","type-page","status-publish","hentry"],"acf":[],"_links":{"self":[{"href":"https:\/\/homolog.saopaulo.sp.leg.br\/escoladoparlamento\/wp-json\/wp\/v2\/pages\/28751","targetHints":{"allow":["GET"]}}],"collection":[{"href":"https:\/\/homolog.saopaulo.sp.leg.br\/escoladoparlamento\/wp-json\/wp\/v2\/pages"}],"about":[{"href":"https:\/\/homolog.saopaulo.sp.leg.br\/escoladoparlamento\/wp-json\/wp\/v2\/types\/page"}],"author":[{"embeddable":true,"href":"https:\/\/homolog.saopaulo.sp.leg.br\/escoladoparlamento\/wp-json\/wp\/v2\/users\/297"}],"replies":[{"embeddable":true,"href":"https:\/\/homolog.saopaulo.sp.leg.br\/escoladoparlamento\/wp-json\/wp\/v2\/comments?post=28751"}],"version-history":[{"count":3,"href":"https:\/\/homolog.saopaulo.sp.leg.br\/escoladoparlamento\/wp-json\/wp\/v2\/pages\/28751\/revisions"}],"predecessor-version":[{"id":29146,"href":"https:\/\/homolog.saopaulo.sp.leg.br\/escoladoparlamento\/wp-json\/wp\/v2\/pages\/28751\/revisions\/29146"}],"up":[{"embeddable":true,"href":"https:\/\/homolog.saopaulo.sp.leg.br\/escoladoparlamento\/wp-json\/wp\/v2\/pages\/16775"}],"wp:attachment":[{"href":"https:\/\/homolog.saopaulo.sp.leg.br\/escoladoparlamento\/wp-json\/wp\/v2\/media?parent=28751"}],"curies":[{"name":"wp","href":"https:\/\/api.w.org\/{rel}","templated":true}]}}