{"id":28753,"date":"2023-09-21T12:35:55","date_gmt":"2023-09-21T15:35:55","guid":{"rendered":"https:\/\/homolog.saopaulo.sp.leg.br\/escoladoparlamento\/?page_id=28753"},"modified":"2023-10-02T13:17:36","modified_gmt":"2023-10-02T16:17:36","slug":"visitas-institucionais","status":"publish","type":"page","link":"https:\/\/homolog.saopaulo.sp.leg.br\/escoladoparlamento\/parcerias\/visitas-institucionais\/","title":{"rendered":"Visitas institucionais"},"content":{"rendered":"<p>Explore a Escola do Parlamento (EP) da C\u00e2mara Municipal de S\u00e3o Paulo e mergulhe em um ambiente dedicado \u00e0 educa\u00e7\u00e3o cidad\u00e3 e ao conhecimento sobre o poder legislativo. Se voc\u00ea representa uma entidade ou institui\u00e7\u00e3o do setor p\u00fablico ou terceiro setor e deseja conhecer de perto nossas instala\u00e7\u00f5es e atividades educacionais, a EP oferece a oportunidade de solicitar uma visita acompanhada. Nossa equipe ter\u00e1 o prazer de receb\u00ea-lo e compartilhar informa\u00e7\u00f5es valiosas sobre nosso trabalho e miss\u00e3o. Conhe\u00e7a as diretrizes e condi\u00e7\u00f5es para a visita, preencha o formul\u00e1rio de solicita\u00e7\u00e3o e agende sua visita \u00e0 EP. Esperamos que sua experi\u00eancia conosco seja enriquecedora e contribua para um maior entendimento sobre o papel crucial do poder legislativo em nossa sociedade. Venha nos visitar e descubra como a EP est\u00e1 aproximando o parlamento da comunidade.<\/p>\n<p><a href=\"https:\/\/forms.gle\/cLNBcFBiaRGYCwe37\">Solicite aqui sua visita \u00e0 Escola do Parlamento<\/a><\/p>\n","protected":false},"excerpt":{"rendered":"<p>Explore a Escola do Parlamento (EP) da C\u00e2mara Municipal de S\u00e3o Paulo e mergulhe em um ambiente dedicado \u00e0 educa\u00e7\u00e3o cidad\u00e3 e ao conhecimento sobre o poder legislativo. Se voc\u00ea representa uma entidade ou institui\u00e7\u00e3o do setor p\u00fablico ou terceiro setor e deseja conhecer de perto nossas instala\u00e7\u00f5es e atividades educacionais, a EP oferece a [&hellip;]<\/p>\n","protected":false},"author":297,"featured_media":0,"parent":16775,"menu_order":34,"comment_status":"closed","ping_status":"closed","template":"","meta":{"_acf_changed":false,"footnotes":""},"class_list":["post-28753","page","type-page","status-publish","hentry"],"acf":[],"_links":{"self":[{"href":"https:\/\/homolog.saopaulo.sp.leg.br\/escoladoparlamento\/wp-json\/wp\/v2\/pages\/28753","targetHints":{"allow":["GET"]}}],"collection":[{"href":"https:\/\/homolog.saopaulo.sp.leg.br\/escoladoparlamento\/wp-json\/wp\/v2\/pages"}],"about":[{"href":"https:\/\/homolog.saopaulo.sp.leg.br\/escoladoparlamento\/wp-json\/wp\/v2\/types\/page"}],"author":[{"embeddable":true,"href":"https:\/\/homolog.saopaulo.sp.leg.br\/escoladoparlamento\/wp-json\/wp\/v2\/users\/297"}],"replies":[{"embeddable":true,"href":"https:\/\/homolog.saopaulo.sp.leg.br\/escoladoparlamento\/wp-json\/wp\/v2\/comments?post=28753"}],"version-history":[{"count":1,"href":"https:\/\/homolog.saopaulo.sp.leg.br\/escoladoparlamento\/wp-json\/wp\/v2\/pages\/28753\/revisions"}],"predecessor-version":[{"id":28754,"href":"https:\/\/homolog.saopaulo.sp.leg.br\/escoladoparlamento\/wp-json\/wp\/v2\/pages\/28753\/revisions\/28754"}],"up":[{"embeddable":true,"href":"https:\/\/homolog.saopaulo.sp.leg.br\/escoladoparlamento\/wp-json\/wp\/v2\/pages\/16775"}],"wp:attachment":[{"href":"https:\/\/homolog.saopaulo.sp.leg.br\/escoladoparlamento\/wp-json\/wp\/v2\/media?parent=28753"}],"curies":[{"name":"wp","href":"https:\/\/api.w.org\/{rel}","templated":true}]}}