{"id":28854,"date":"2024-01-16T18:20:39","date_gmt":"2024-01-16T21:20:39","guid":{"rendered":"https:\/\/homolog.saopaulo.sp.leg.br\/escoladoparlamento\/?page_id=28854"},"modified":"2024-02-20T13:14:12","modified_gmt":"2024-02-20T16:14:12","slug":"os-50-anos-do-incendio-no-edificio-joelma-memorias-e-avancos-regulatorios","status":"publish","type":"page","link":"https:\/\/homolog.saopaulo.sp.leg.br\/escoladoparlamento\/cursos\/cursos-anteriores\/cursos-realizados-em-2024\/os-50-anos-do-incendio-no-edificio-joelma-memorias-e-avancos-regulatorios\/","title":{"rendered":"Os 50 anos do inc\u00eandio no Edif\u00edcio Joelma \u2013 mem\u00f3rias e avan\u00e7os regulat\u00f3rios"},"content":{"rendered":"<p>&nbsp;<\/p>\n<p><strong>Diretor Respons\u00e1vel:<\/strong> Gustavo Costa Dias<\/p>\n<p><strong>Coordena\u00e7\u00e3o:<\/strong> Membros do GT Grupo de Trabalho, institu\u00eddo pelo ATO N\u00b0 1615\/23 da Mesa da C\u00e2mara, para planejar evento em mem\u00f3ria do inc\u00eandio no Edif\u00edcio Joelma, ocorrido em 1\u00ba de fevereiro de 1974.<\/p>\n<p><strong>Tipo de Evento:<\/strong> Semin\u00e1rio<\/p>\n<p>&nbsp;<\/p>\n<p>O inc\u00eandio no edif\u00edcio Joelma foi uma das maiores trag\u00e9dias urbanas da hist\u00f3ria do Brasil &#8211; vitimou 181 pessoas e deixou mais de 300 feridos em 1\u00ba de fevereiro de 1974.<\/p>\n<p>O fogo se alastrou rapidamente pelos andares do pr\u00e9dio que n\u00e3o possu\u00eda sa\u00eddas de emerg\u00eancia, alarmes de inc\u00eandio, extintores suficientes ou <em>sprinklers<\/em>. Muitas pessoas tentaram se salvar pulando das janelas ou se refugiando nos banheiros, mas foram sufocadas pela fuma\u00e7a ou carbonizadas pelas chamas. Outras ficaram presas nos elevadores ou nas escadas, que se tornaram verdadeiras armadilhas. O resgate foi dificultado pela falta de equipamentos adequados e pelas condi\u00e7\u00f5es clim\u00e1ticas do dia. As cenas de horror e desespero chocaram o pa\u00eds e o mundo, e expuseram a precariedade das condi\u00e7\u00f5es de seguran\u00e7a das edifica\u00e7\u00f5es na \u00e9poca.<\/p>\n<p>Onze dos bombeiros que se destacaram por sua atua\u00e7\u00e3o na ocorr\u00eancia ser\u00e3o homenageados atrav\u00e9s de uma edi\u00e7\u00e3o especial do Pr\u00eamio Coronel H\u00e9lio Barbosa Caldas, a ser entregue na efem\u00e9ride da trag\u00e9dia, dia 01\/02\/2024, ap\u00f3s a abertura da sess\u00e3o legislativa no Plen\u00e1rio da C\u00e2mara Municipal de S\u00e3o Paulo.<\/p>\n<p><strong>Objetivos:<\/strong><\/p>\n<p>Em complementa\u00e7\u00e3o \u00e0 homenagem, ser\u00e1 realizado, no dia 06 de fevereiro, a partir das 14 horas, semin\u00e1rio com a presen\u00e7a de especialistas e autoridades para discutirmos sobre os progressos e aprendizados em preven\u00e7\u00e3o de acidentes, legisla\u00e7\u00e3o e arquitetura. Os t\u00f3picos em destaque incluem:<\/p>\n<ul>\n<li>A evolu\u00e7\u00e3o das leis de preven\u00e7\u00e3o de acidentes no Brasil, que estabelecem normas de conduta, infra\u00e7\u00f5es e penalidades aos respons\u00e1veis pelas obras e edifica\u00e7\u00f5es, bem como medidas de prote\u00e7\u00e3o aos trabalhadores e usu\u00e1rios. Destacam-se o C\u00f3digo de Tr\u00e2nsito Brasileiro, o C\u00f3digo de Obras e Edifica\u00e7\u00f5es e as Normas Regulamentadoras, que visam garantir um ambiente seguro e saud\u00e1vel para todos.<\/li>\n<li>A atualiza\u00e7\u00e3o dos c\u00f3digos de obras e edifica\u00e7\u00f5es, que disp\u00f5em sobre as regras gerais e espec\u00edficas a serem obedecidas no projeto, licenciamento, execu\u00e7\u00e3o, manuten\u00e7\u00e3o e utiliza\u00e7\u00e3o das obras e edifica\u00e7\u00f5es, dentro dos limites dos im\u00f3veis. O C\u00f3digo de Obras e Edifica\u00e7\u00f5es de S\u00e3o Paulo, por exemplo, ap\u00f3s o inc\u00eandio do Joelma, foi reformulado em 1975, 1992 e 2017, incorporando conceitos de sustentabilidade, acessibilidade, desempenho e qualidade.<\/li>\n<li>Os aspectos jur\u00eddicos e de arquitetura envolvidos na reconstru\u00e7\u00e3o do edif\u00edcio Joelma, que foi totalmente reformado ap\u00f3s o inc\u00eandio e recebeu um novo nome, Edif\u00edcio Pra\u00e7a da Bandeira. O processo envolveu quest\u00f5es legais, t\u00e9cnicas, est\u00e9ticas e simb\u00f3licas, buscando preservar a mem\u00f3ria da trag\u00e9dia, mas tamb\u00e9m oferecer uma nova identidade ao pr\u00e9dio.<\/li>\n<\/ul>\n<p>O evento pretende ainda contribuir para a conscientiza\u00e7\u00e3o da sociedade sobre a import\u00e2ncia da preven\u00e7\u00e3o de acidentes e da seguran\u00e7a das edifica\u00e7\u00f5es, bem como para a valoriza\u00e7\u00e3o da vida humana e da cidadania.<\/p>\n<p>Esperamos contar com a sua presen\u00e7a e participa\u00e7\u00e3o nesse debate t\u00e3o relevante para o nosso munic\u00edpio.<\/p>\n<p>&nbsp;<\/p>\n<p><strong>P\u00fablico Alvo:\u00a0<\/strong><\/p>\n<p>Profissionais e estudantes das \u00e1reas de Direito, Arquitetura e Engenharia. Legisladores, urbanistas, al\u00e9m de especialistas em gest\u00e3o de riscos e resposta a emerg\u00eancias. Cidad\u00e3os com interesse em seguran\u00e7a de edifica\u00e7\u00f5es, normativas de constru\u00e7\u00e3o e preven\u00e7\u00e3o de inc\u00eandios.<\/p>\n<p>&nbsp;<\/p>\n<p><b>Estrutura da atividade:<\/b><\/p>\n<p>O evento ser\u00e1 realizado na modalidade presencial no dia 06 de fevereiro a partir das 14h, no Audit\u00f3rio Prestes Maia, 1\u00ba andar do Pal\u00e1cio Anchieta, sede da C\u00e2mara Municipal de S\u00e3o Paulo e tamb\u00e9m ter\u00e1 transmiss\u00e3o simult\u00e2nea no canal do YouTube da Rede C\u00e2mara SP.<\/p>\n<p>&nbsp;<\/p>\n<p><b>Certifica\u00e7\u00e3o:<\/b><\/p>\n<p>Na modalidade PRESENCIAL mediante\u00a0<em>check in<\/em>\u00a0na recep\u00e7\u00e3o do evento; na modalidade ONLINE mediante preenchimento de formul\u00e1rio de rea\u00e7\u00e3o a ser enviado por e-mail aos inscritos.<\/p>\n<p>&nbsp;<\/p>\n<h3>Inscri\u00e7\u00f5es: <span style=\"color: #ff0000\">encerradas<\/span><\/h3>\n<p>Voc\u00ea pode rever o semin\u00e1rio abaixo (a partir de 30&#8217;20&#8221;)<\/p>\n<p><iframe loading=\"lazy\" title=\"Semin\u00e1rio: &quot;Os 50 Anos do Inc\u00eandio no Ed\u00edficio Joelma - Mem\u00f3ria e Avan\u00e7os Regulat\u00f3rios&quot; | 06\/02\/2024\" width=\"640\" height=\"360\" src=\"https:\/\/www.youtube.com\/embed\/MG5e7bwCHnE?feature=oembed\" frameborder=\"0\" allow=\"accelerometer; autoplay; clipboard-write; encrypted-media; gyroscope; picture-in-picture; web-share\" referrerpolicy=\"strict-origin-when-cross-origin\" allowfullscreen><\/iframe><\/p>\n<p>&nbsp;<\/p>\n<h3><span style=\"color: #ff0000\">Programa\u00e7\u00e3o<\/span><\/h3>\n<p><strong>6 fevereiro &#8211; 14h\u00a0<\/strong><\/p>\n<p><strong>Audit\u00f3rio Prestes Maia<\/strong><\/p>\n<p>&nbsp;<\/p>\n<p><strong>14h<\/strong> &#8211; <em>Mesa de abertura<\/em><br \/>\n<strong>Dr. Paulo Augusto Baccarin &#8211;\u00a0<\/strong>Procurador Geral Legislativo da CMSP<br \/>\n<strong>Coronel Victor de Freitas Carvalho &#8211; <\/strong>Comandante do Corpo de Bombeiros<br \/>\n<strong>Ubirajara Prestes<\/strong> \u2013\u00a0<span class=\"x_ContentPasted1\" data-ogsc=\"black\">Secret\u00e1rio de Documenta\u00e7\u00e3o da C\u00e2mara Municipal de S\u00e3o Paulo<\/span><\/p>\n<p><strong>14h30<\/strong> &#8211; <em>Os aspectos t\u00e9cnicos de preven\u00e7\u00e3o ao inc\u00eandio, as responsabilidades civis e criminais dos envolvidos, as indeniza\u00e7\u00f5es \u00e0s v\u00edtimas e os desafios da legisla\u00e7\u00e3o de preven\u00e7\u00e3o de acidentes no Brasil, bem como relato da situa\u00e7\u00e3o in loco e considera\u00e7\u00f5es<\/em><br \/>\nPalestrante: <strong>Celso Matsuda<\/strong> &#8211; arquiteto com larga experi\u00eancia na \u00e1rea de habita\u00e7\u00e3o, tendo atuado como Secret\u00e1rio Nacional de Habita\u00e7\u00e3o e Vereador<\/p>\n<p><strong>15h30<\/strong> &#8211; <em>Panorama hist\u00f3rico da legisla\u00e7\u00e3o edil\u00edcia do Munic\u00edpio de S\u00e3o Paulo com \u00eanfase nos requisitos t\u00e9cnicos de seguran\u00e7a estabelecidos nos diversos c\u00f3digos de obras e edifica\u00e7\u00f5es. As respostas do poder p\u00fablico em rela\u00e7\u00e3o \u00e0s normas de seguran\u00e7a ap\u00f3s os grandes inc\u00eandios de 1972 (Andraus) e 1974 (Joelma).<\/em><br \/>\nPalestrante: <strong>Pedro Fonseca<\/strong> &#8211; arquiteto e urbanista formado pela FAU-USP com Mestrado em Administra\u00e7\u00e3o e Planejamento Urbano pela FGV-SP<\/p>\n<p><strong>16h30<\/strong> &#8211; <em>Os aspectos t\u00e9cnicos de preven\u00e7\u00e3o ao inc\u00eandio, as responsabilidades civis e criminais dos envolvidos, as indeniza\u00e7\u00f5es \u00e0s v\u00edtimas e os desafios da legisla\u00e7\u00e3o de preven\u00e7\u00e3o de acidentes no Brasil<\/em><br \/>\nPalestrante: <strong>D\u00e9bora Arjona<\/strong> &#8211; engenheira civil, formada pela Universidade Mackenzie, com especializa\u00e7\u00e3o em Preven\u00e7\u00e3o e Combate a Inc\u00eandio e Explos\u00f5es pela Universidade de S\u00e3o Paulo &#8211; USP<\/p>\n<p>&nbsp;<\/p>\n<hr \/>\n<p>&nbsp;<\/p>\n<p>CURR\u00cdCULO COMPLETO DOS PALESTRANTES:<\/p>\n<p><strong>Celso Toshito Matsuda<\/strong><\/p>\n<p>Doutor em Comunica\u00e7\u00e3o pela ECA\/USP, possui mestrado em Comunica\u00e7\u00e3o e Mercado pela Faculdade C\u00e1sper L\u00edbero. \u00c9 consultor do Centro de Estudos de Avalia\u00e7\u00e3o e Mensura\u00e7\u00e3o em Comunica\u00e7\u00e3o e Marketing &#8211; CEACOM da ECA\/USP, professor convidado dos cursos de p\u00f3s-gradua\u00e7\u00e3o (lato sensu) de Comunica\u00e7\u00e3o e Marketing da ECA\/USP e Gerente de Cidade da FAAP. Atua principalmente nos seguintes temas: marketing e comunica\u00e7\u00e3o empresarial, marketing e comunica\u00e7\u00e3o p\u00fablica, comunica\u00e7\u00e3o estrat\u00e9gica, governo eletr\u00f4nico, cidade inteligente (Smart Cities), politicas publicas, rela\u00e7\u00f5es governamentais e institucionais, tecnologia da informa\u00e7\u00e3o e empreendedorismo. Foi Secret\u00e1rio de Habita\u00e7\u00e3o e vereador em S\u00e3o Paulo.<\/p>\n<p>&nbsp;<\/p>\n<p><strong>Pedro Fonseca<\/strong><\/p>\n<p>Arquiteto e urbanista formado pela FAU-USP com Mestrado em Administra\u00e7\u00e3o e Planejamento Urbano pela FGV-SP; Atuou como Diretor de Divis\u00e3o T\u00e9cnica e Chefe de Assessoria T\u00e9cnica do Departamento de Aprova\u00e7\u00e3o de Edifica\u00e7\u00f5es da SEHAB; Coordenou a elabora\u00e7\u00e3o do C\u00f3digo de Obras e Edifica\u00e7\u00f5es de S\u00e3o Paulo \u2013 Lei 16.642\/2017 e sua regulamenta\u00e7\u00e3o; Atualmente \u00e9 Chefe de Assessoria da ATECC &#8211; Assessoria T\u00e9cnica de Colegiados e Comiss\u00f5es da Secretaria Municipal de Urbanismo e Licenciamento &#8211; SMUL;\u00a0 Tamb\u00e9m \u00e9 Conselheiro da C\u00e2mara T\u00e9cnica de Legisla\u00e7\u00e3o Urban\u00edstica \u2013 CTLU.<\/p>\n<p>&nbsp;<\/p>\n<p><strong>D\u00e9bora Arjona<\/strong><\/p>\n<p>Engenheira Civil, formada pela Universidade Presbiteriana Mackenzie, com especializa\u00e7\u00e3o em Preven\u00e7\u00e3o e Combate a Inc\u00eandio e Explos\u00f5es pela Universidade de S\u00e3o Paulo \u2013 USP. Atua na elabora\u00e7\u00e3o de projetos complementares de Instala\u00e7\u00f5es Hidr\u00e1ulicas, El\u00e9tricas, Sistema de Prote\u00e7\u00e3o por Descargas Atmosf\u00e9ricas, G\u00e1s e de Preven\u00e7\u00e3o e Combate a Inc\u00eandio, desde 1993. \u00c9 P\u00f3s-graduada em Engenharia de Inc\u00eandio na PUC-MG, certificada pela AMRACI para desenvolvimento de projetos com base nas normas do M\u00e9xico, NFPA e FM GLOBAL, Diplomada NFPA 2021. Associada na ABPP &#8211; Associa\u00e7\u00e3o Brasileira Prote\u00e7\u00e3o Passiva, Equipe T\u00e9cnica CB 24 &#8211; Elabora\u00e7\u00e3o de Normas de Sprinklers ABNT, Operadora e Instrutora Oficial da\u00a0 NFPA no Brasil.<\/p>\n<p>&nbsp;<\/p>\n<p>***<\/p>\n<p><a href=\"https:\/\/homolog.saopaulo.sp.leg.br\/blog\/premio-coronel-helio-barbosa-caldas-presta-homenagem-a-11-bombeiros-que-atuaram-no-incendio-do-joelma\/?fbclid=PAAabPAumeKAcdpcOItbR3yWue3rmRWDGMUP3SqMw9iIpv7KvAfUUtHRnWPyM\">https:\/\/homolog.saopaulo.sp.leg.br\/blog\/premio-coronel-helio-barbosa-caldas-presta-homenagem-a-11-bombeiros-que-atuaram-no-incendio-do-joelma\/?fbclid=PAAabPAumeKAcdpcOItbR3yWue3rmRWDGMUP3SqMw9iIpv7KvAfUUtHRnWPyM<\/a><\/p>\n<p>(inclui o v\u00eddeo da Sess\u00e3o Solene em que os bombeiros foram homenageados)<\/p>\n<p>***<\/p>\n<p>Reportagem exibida no Jornal da C\u00e2mara do dia 01\/02\/2024<\/p>\n<p>https:\/\/www.youtube.com\/watch?v=F_JcCfXmmJY&#038;list=PLYt3a0f9wjCk6zW4MXNW0UTjkReCQDqNQ&#038;index=4<\/p>\n<p>***<\/p>\n<p>Assista ao <em>teaser <\/em>do mini-doc que ser\u00e1 exibido durante o Semin\u00e1rio do dia 06\/02<\/p>\n<p><a href=\"https:\/\/homolog.saopaulo.sp.leg.br\/escoladoparlamento\/wp-content\/uploads\/sites\/5\/2024\/02\/teaser-Doc-Joelma-a-tragedia-que-transformou-Sao-Paulo_compressed.wmv\"><img loading=\"lazy\" decoding=\"async\" class=\" wp-image-28896 alignleft\" src=\"https:\/\/homolog.saopaulo.sp.leg.br\/escoladoparlamento\/wp-content\/uploads\/sites\/5\/2024\/02\/teaser-Joelma-capa.png\" alt=\"\" width=\"640\" height=\"360\" srcset=\"https:\/\/homolog.saopaulo.sp.leg.br\/escoladoparlamento\/wp-content\/uploads\/sites\/5\/2024\/02\/teaser-Joelma-capa.png 1196w, https:\/\/homolog.saopaulo.sp.leg.br\/escoladoparlamento\/wp-content\/uploads\/sites\/5\/2024\/02\/teaser-Joelma-capa-300x169.png 300w, https:\/\/homolog.saopaulo.sp.leg.br\/escoladoparlamento\/wp-content\/uploads\/sites\/5\/2024\/02\/teaser-Joelma-capa-1024x575.png 1024w, https:\/\/homolog.saopaulo.sp.leg.br\/escoladoparlamento\/wp-content\/uploads\/sites\/5\/2024\/02\/teaser-Joelma-capa-768x432.png 768w\" sizes=\"auto, (max-width: 640px) 100vw, 640px\" \/><\/a><\/p>\n<p>&nbsp;<\/p>\n","protected":false},"excerpt":{"rendered":"<p>&nbsp; Diretor Respons\u00e1vel: Gustavo Costa Dias Coordena\u00e7\u00e3o: Membros do GT Grupo de Trabalho, institu\u00eddo pelo ATO N\u00b0 1615\/23 da Mesa da C\u00e2mara, para planejar evento em mem\u00f3ria do inc\u00eandio no Edif\u00edcio Joelma, ocorrido em 1\u00ba de fevereiro de 1974. Tipo de Evento: Semin\u00e1rio &nbsp; O inc\u00eandio no edif\u00edcio Joelma foi uma das maiores trag\u00e9dias urbanas [&hellip;]<\/p>\n","protected":false},"author":522,"featured_media":0,"parent":28919,"menu_order":29,"comment_status":"closed","ping_status":"closed","template":"","meta":{"_acf_changed":false,"footnotes":""},"class_list":["post-28854","page","type-page","status-publish","hentry"],"acf":[],"_links":{"self":[{"href":"https:\/\/homolog.saopaulo.sp.leg.br\/escoladoparlamento\/wp-json\/wp\/v2\/pages\/28854","targetHints":{"allow":["GET"]}}],"collection":[{"href":"https:\/\/homolog.saopaulo.sp.leg.br\/escoladoparlamento\/wp-json\/wp\/v2\/pages"}],"about":[{"href":"https:\/\/homolog.saopaulo.sp.leg.br\/escoladoparlamento\/wp-json\/wp\/v2\/types\/page"}],"author":[{"embeddable":true,"href":"https:\/\/homolog.saopaulo.sp.leg.br\/escoladoparlamento\/wp-json\/wp\/v2\/users\/522"}],"replies":[{"embeddable":true,"href":"https:\/\/homolog.saopaulo.sp.leg.br\/escoladoparlamento\/wp-json\/wp\/v2\/comments?post=28854"}],"version-history":[{"count":6,"href":"https:\/\/homolog.saopaulo.sp.leg.br\/escoladoparlamento\/wp-json\/wp\/v2\/pages\/28854\/revisions"}],"predecessor-version":[{"id":28925,"href":"https:\/\/homolog.saopaulo.sp.leg.br\/escoladoparlamento\/wp-json\/wp\/v2\/pages\/28854\/revisions\/28925"}],"up":[{"embeddable":true,"href":"https:\/\/homolog.saopaulo.sp.leg.br\/escoladoparlamento\/wp-json\/wp\/v2\/pages\/28919"}],"wp:attachment":[{"href":"https:\/\/homolog.saopaulo.sp.leg.br\/escoladoparlamento\/wp-json\/wp\/v2\/media?parent=28854"}],"curies":[{"name":"wp","href":"https:\/\/api.w.org\/{rel}","templated":true}]}}