{"id":28995,"date":"2024-03-19T12:07:34","date_gmt":"2024-03-19T15:07:34","guid":{"rendered":"https:\/\/homolog.saopaulo.sp.leg.br\/escoladoparlamento\/?page_id=28995"},"modified":"2024-05-22T18:06:04","modified_gmt":"2024-05-22T21:06:04","slug":"o-papel-das-bibliotecas-parlamentares","status":"publish","type":"page","link":"https:\/\/homolog.saopaulo.sp.leg.br\/escoladoparlamento\/cursos\/cursos-anteriores\/cursos-realizados-em-2024\/o-papel-das-bibliotecas-parlamentares\/","title":{"rendered":"O papel das Bibliotecas Parlamentares como impulsionadoras do exerc\u00edcio da cidadania e democracia"},"content":{"rendered":"<p><strong>Dire\u00e7\u00e3o Acad\u00eamica<\/strong><br \/>\nUbirajara Prestes (Secretaria de Documenta\u00e7\u00e3o CMSP)<br \/>\nMarcelo Succi (Escola do Parlamento)<\/p>\n<p><strong>Coordena\u00e7\u00e3o<\/strong><br \/>\nHugo Oliveira Pinto e Silva (Secretaria de Documenta\u00e7\u00e3o CMSP)<br \/>\nPedro Lopes Campos (Escola do Parlamento)<\/p>\n<p>&nbsp;<\/p>\n<p><strong>Sobre o evento<\/strong><br \/>\nOs legisladores, funcion\u00e1rios e demais cidad\u00e3os que convivem nas casas legislativas necessitam de informa\u00e7\u00f5es para diversas finalidades: fazer propostas legislativas, realizar discuss\u00f5es sobre mat\u00e9ria pol\u00edtica; comunicar como efici\u00eancia e efic\u00e1cia com o eleitorado, proporcionar um sistema de fiscaliza\u00e7\u00e3o dos programas governamentais, realizar suas atividades profissionais, obter informa\u00e7\u00f5es sobre o processo legislativo e recursos informacionais para o seu lazer, desenvolvimento pessoal e profissional.<\/p>\n<p>As bibliotecas parlamentares s\u00e3o planejadas para: auxiliar os parlamentos a alcan\u00e7arem os seus objetivos, contribuir para a promo\u00e7\u00e3o da transpar\u00eancia e presta\u00e7\u00e3o de contas e atender \u00e0s necessidades informacionais dos legisladores, funcion\u00e1rios e cidad\u00e3os por meio de fornecimento de informa\u00e7\u00f5es precisas, oportunas e imparciais. Elas se materializam de formas diferentes em termos de dimens\u00e3o, or\u00e7amento, recursos humanos, instala\u00e7\u00f5es, sofistica\u00e7\u00e3o tecnol\u00f3gica e n\u00edveis de produtos e servi\u00e7os oferecidos.<\/p>\n<p><strong>Objetivos<br \/>\n<\/strong>&#8211; Demonstrar a contribui\u00e7\u00e3o das bibliotecas parlamentares para as institui\u00e7\u00f5es as casas legislativas e para a sociedade;<br \/>\n&#8211; Promover troca de experi\u00eancias e estabelecer v\u00ednculos com os profissionais que atuam nas bibliotecas parlamentares;<br \/>\n&#8211; Proporcionar espa\u00e7o de debates sobre a\u00e7\u00f5es e projetos desenvolvidos pelas bibliotecas parlamentares localizadas no Estado de S\u00e3o Paulo.<\/p>\n<p><strong>P\u00fablico Alvo<br \/>\n<\/strong>Profissionais e estudantes das \u00e1reas de Biblioteconomia e Arquivologia, pesquisadores e professores dos cursos de gradua\u00e7\u00e3o (Biblioteconomia e Arquivologia) e p\u00f3s-gradua\u00e7\u00e3o (Ci\u00eancia da Informa\u00e7\u00e3o, Estudos Legislativos, Direito Parlamentar e Processo Legislativo), legisladores, funcion\u00e1rios das casas legislativas, pesquisadores e mun\u00edcipes.<\/p>\n<p><strong>Estrutura da Atividade<br \/>\n<\/strong>O evento ser\u00e1 realizado na modalidade presencial no dia 23 de abril a partir das 14h, na sede da C\u00e2mara Municipal de S\u00e3o Paulo, e tamb\u00e9m ter\u00e1 transmiss\u00e3o simult\u00e2nea no canal do YouTube da Rede C\u00e2mara SP.<\/p>\n<p><strong>Certifica\u00e7\u00e3o<br \/>\n<\/strong>Na modalidade PRESENCIAL mediante <em>check-in<\/em> na recep\u00e7\u00e3o do evento; na modalidade ONLINE mediante preenchimento de formul\u00e1rio de rea\u00e7\u00e3o a ser enviado por e-mail aos inscritos.<\/p>\n<p><b>Data<br \/>\n<\/b>23\/04\/2024<\/p>\n<p><strong>Local<br \/>\n<\/strong>C\u00e2mara Municipal de S\u00e3o Paulo, Sala S\u00e9rgio Vieira de Mello<\/p>\n<p><strong>Inscri\u00e7\u00f5es<br \/>\n<\/strong><\/p>\n<p><span style=\"color: #ff0000\"><strong>ENCERRADAS<\/strong><\/span><\/p>\n<p><strong>Programa\u00e7\u00e3o<\/strong><\/p>\n<p><span style=\"color: #808080\">14h &#8211; Mesa de Abertura<\/span><br \/>\n&#8211; <em>Adriana Cybele Ferrari<\/em> &#8211; Vice-Presidenta da Federa\u00e7\u00e3o Brasileira de Associa\u00e7\u00f5es de Bibliotec\u00e1rios, Cientistas da informa\u00e7\u00e3o e Institui\u00e7\u00f5es<br \/>\n&#8211; <em>Regina C\u00e9li Sousa<\/em> &#8211; Coordenadora do Grupo de Informa\u00e7\u00e3o e Documenta\u00e7\u00e3o Jur\u00eddica de S\u00e3o Paulo<br \/>\n&#8211; <em>Ubirajara Prestes<\/em> &#8211; Secret\u00e1rio de Documenta\u00e7\u00e3o da C\u00e2mara Municipal de S\u00e3o Paulo<br \/>\n&#8211; <em>Gustavo Dias<\/em> &#8211; Diretor-Presidente da Escola do Parlamento<\/p>\n<p><span style=\"color: #808080\">14h30 &#8211; Palestra de abertura \u201cContribui\u00e7\u00f5es das bibliotecas parlamentares para o desenvolvimento sustent\u00e1vel e o combate \u00e0s desigualdades\u201d<\/span><br \/>\n&#8211; <em>Janice Silveira<\/em> &#8211; Coordenadora do Grupo de Trabalho de Bibliotecas Parlamentares da FEBAB, diretora da Biblioteca da C\u00e2mara dos Deputados<\/p>\n<p><span style=\"color: #808080\">15h30 &#8211; Mesa Redonda \u201cBibliotecas Parlamentares: multifuncionalidade e novas din\u00e2micas\u201d, com as confer\u00eancias:<\/span><br \/>\n&#8211; <em>\u201cA Casa de Leis paulista e suas bibliotecas\u201d<\/em>,<em> Adriana Azenha Barilon<\/em> &#8211; Bibliotec\u00e1ria da Assembleia Legislativa do Estado de S\u00e3o Paulo<br \/>\n&#8211; <em>\u201cA Biblioteca Jur\u00eddica da C\u00e2mara de S\u00e3o Carlos como instrumento de fortalecimento da cidadania e Direitos\u201d<\/em>,<em> Jos\u00e9 Carlos B. J\u00fanior<\/em> &#8211; Bibliotec\u00e1rio da C\u00e2mara Municipal de S\u00e3o Carlos<br \/>\n&#8211; <em>&#8220;SisLeg &#8211; Sistema de Legisla\u00e7\u00e3o da C\u00e2mara Municipal de Santo Andr\u00e9&#8221;, Daisy Iga Fornaziero<\/em> &#8211; Bibliotec\u00e1ria da C\u00e2mara Municipal de Santo Andr\u00e9<br \/>\n&#8211; <em>\u201cBiblio o qu\u00ea? Como um bibliotec\u00e1rio atua em um CEDOC de um Legislativo Municipal\u201d, Marcelo R. Silva<\/em> &#8211; Bibliotec\u00e1rio da C\u00e2mara Municipal de S\u00e3o Bernardo do Campo<br \/>\nMedia\u00e7\u00e3o: <em>Hugo Oliveira Pinto e Silva<\/em><\/p>\n<p><span style=\"color: #808080\">18h &#8211; Encerramento<\/span><\/p>\n<p>&nbsp;<\/p>\n<p>Assista \u00e0 atividade pelo YouTube:<\/p>\n<p><iframe loading=\"lazy\" title=\"Semin\u00e1rio: O Papel das Bibliotecas Parlamentares | 23\/04\/2024\" width=\"640\" height=\"360\" src=\"https:\/\/www.youtube.com\/embed\/1pe8wilHG34?feature=oembed\" frameborder=\"0\" allow=\"accelerometer; autoplay; clipboard-write; encrypted-media; gyroscope; picture-in-picture; web-share\" referrerpolicy=\"strict-origin-when-cross-origin\" allowfullscreen><\/iframe><\/p>\n","protected":false},"excerpt":{"rendered":"<p>Dire\u00e7\u00e3o Acad\u00eamica Ubirajara Prestes (Secretaria de Documenta\u00e7\u00e3o CMSP) Marcelo Succi (Escola do Parlamento) Coordena\u00e7\u00e3o Hugo Oliveira Pinto e Silva (Secretaria de Documenta\u00e7\u00e3o CMSP) Pedro Lopes Campos (Escola do Parlamento) &nbsp; Sobre o evento Os legisladores, funcion\u00e1rios e demais cidad\u00e3os que convivem nas casas legislativas necessitam de informa\u00e7\u00f5es para diversas finalidades: fazer propostas legislativas, realizar discuss\u00f5es [&hellip;]<\/p>\n","protected":false},"author":297,"featured_media":0,"parent":28919,"menu_order":21,"comment_status":"closed","ping_status":"closed","template":"","meta":{"_acf_changed":false,"footnotes":""},"class_list":["post-28995","page","type-page","status-publish","hentry"],"acf":[],"_links":{"self":[{"href":"https:\/\/homolog.saopaulo.sp.leg.br\/escoladoparlamento\/wp-json\/wp\/v2\/pages\/28995","targetHints":{"allow":["GET"]}}],"collection":[{"href":"https:\/\/homolog.saopaulo.sp.leg.br\/escoladoparlamento\/wp-json\/wp\/v2\/pages"}],"about":[{"href":"https:\/\/homolog.saopaulo.sp.leg.br\/escoladoparlamento\/wp-json\/wp\/v2\/types\/page"}],"author":[{"embeddable":true,"href":"https:\/\/homolog.saopaulo.sp.leg.br\/escoladoparlamento\/wp-json\/wp\/v2\/users\/297"}],"replies":[{"embeddable":true,"href":"https:\/\/homolog.saopaulo.sp.leg.br\/escoladoparlamento\/wp-json\/wp\/v2\/comments?post=28995"}],"version-history":[{"count":5,"href":"https:\/\/homolog.saopaulo.sp.leg.br\/escoladoparlamento\/wp-json\/wp\/v2\/pages\/28995\/revisions"}],"predecessor-version":[{"id":29130,"href":"https:\/\/homolog.saopaulo.sp.leg.br\/escoladoparlamento\/wp-json\/wp\/v2\/pages\/28995\/revisions\/29130"}],"up":[{"embeddable":true,"href":"https:\/\/homolog.saopaulo.sp.leg.br\/escoladoparlamento\/wp-json\/wp\/v2\/pages\/28919"}],"wp:attachment":[{"href":"https:\/\/homolog.saopaulo.sp.leg.br\/escoladoparlamento\/wp-json\/wp\/v2\/media?parent=28995"}],"curies":[{"name":"wp","href":"https:\/\/api.w.org\/{rel}","templated":true}]}}