{"id":29092,"date":"2024-05-02T16:47:17","date_gmt":"2024-05-02T19:47:17","guid":{"rendered":"https:\/\/homolog.saopaulo.sp.leg.br\/escoladoparlamento\/?page_id=29092"},"modified":"2024-05-22T18:21:30","modified_gmt":"2024-05-22T21:21:30","slug":"viii-jornada-paulista-de-cerimonial","status":"publish","type":"page","link":"https:\/\/homolog.saopaulo.sp.leg.br\/escoladoparlamento\/cursos\/cursos-anteriores\/cursos-realizados-em-2024\/viii-jornada-paulista-de-cerimonial\/","title":{"rendered":"VIII Jornada Paulista de Cerimonial"},"content":{"rendered":"<p>Hoje, mais do que nunca, constata-se que cerimonialistas, organizadores de eventos, mestres de cerim\u00f4nias, celebrantes e profissionais afins desempenham uma das atividades mais estressantes que existem. \u00c9 bastante comum encontrar equipes desgastadas, prazos ex\u00edguos e n\u00edveis de exig\u00eancia alt\u00edssimos. Nesse cen\u00e1rio, \u00e9 poss\u00edvel que o profissional se sinta desamparado e n\u00e3o saiba a quem recorrer para construir uma rotina de trabalho saud\u00e1vel e promissora.<\/p>\n<p>\u00c9 por isso que na VIII JORNADA PAULISTA DE CERIMONIAL n\u00f3s traremos os melhores especialistas da \u00e1rea para compartilhar, por meio de palestras interativas, n\u00e3o somente suas experi\u00eancias e conhecimentos, mas tamb\u00e9m uma \u201cDica de Ouro\u201d pr\u00e1tica, efetiva e de aplica\u00e7\u00e3o imediata, que carrega consigo o verdadeiro potencial de transformar a vida de seus participantes.<\/p>\n<p>A JPC2024 \u00e9 fruto de uma parceria entre a C\u00e2mara Municipal de S\u00e3o Paulo, o Comit\u00ea Nacional de Cerimonial e Protocolo &#8211; CNCP, a Escola do Parlamento, o Tribunal Regional Eleitoral de S\u00e3o Paulo e o Tribunal Regional Federal da 3a Regi\u00e3o.<\/p>\n<p>&nbsp;<\/p>\n<p style=\"font-weight: 400\"><strong>Objetivos<\/strong><\/p>\n<p>&#8211; Apresentar um inovador arsenal de recursos e informa\u00e7\u00f5es a respeito da realidade do profissional do cerimonial<\/p>\n<p>&#8211; Promover a busca pela excel\u00eancia com economia de tempo e energia, requisitos essenciais para se destacar no mercado de trabalho, preservando a qualidade de vida.<\/p>\n<p>&#8211; Inovar com jornada recheada com PALESTRAS INTERATIVAS dos especialistas mais renomados da \u00e1rea de cerimonial e de organiza\u00e7\u00e3o de eventos<\/p>\n<p>&nbsp;<\/p>\n<p style=\"font-weight: 400\"><strong>P\u00fablico Alvo<\/strong><\/p>\n<p>&#8211; Cerimonialistas de todas as \u00e1reas, organizadores de eventos em geral, mestres de cerim\u00f4nias, celebrantes e profissionais afins que desejam otimizar tempo, facilitar a rotina e economizar energia, sem perder a qualidade de seus resultados;<\/p>\n<p>&#8211; Estudantes e pessoas interessadas no assunto que gostariam de conhecer mais detalhes sobre a profiss\u00e3o e os profissionais que a exercem.<\/p>\n<p>&nbsp;<\/p>\n<p style=\"font-weight: 400\"><strong>Estrutura da Atividade<\/strong><\/p>\n<p style=\"font-weight: 400\">&#8211; O evento ser\u00e1 realizado na modalidade presencial no dia 17 de maio, das 9h \u00e0s 17h, na sede da C\u00e2mara Municipal de S\u00e3o Paulo, em seu formato integral.<\/p>\n<p style=\"font-weight: 400\">&#8211; Haver\u00e1 tamb\u00e9m transmiss\u00e3o simult\u00e2nea no canal do YouTube da Rede C\u00e2mara SP para aqueles que desejam participar \u00e0 dist\u00e2ncia, nas atividades que ocorrer\u00e3o \u00e0 tarde.<\/p>\n<p>&nbsp;<\/p>\n<p style=\"font-weight: 400\"><strong>CONVERSAS COM ESPECIALISTAS, como v\u00e3o funcionar<\/strong><\/p>\n<p>&#8211; Durante a manh\u00e3, das 9h ao meio dia, ser\u00e3o realizadas <strong>12 CONVERSAS COM ESPECIALISTAS<\/strong> (4 atividades simult\u00e2neas a cada hora), apenas para os inscritos nestas atividades. A inscri\u00e7\u00e3o nesse conjunto de palestras ser\u00e1 realizada em um segundo momento, com formul\u00e1rios de inscri\u00e7\u00e3o enviados apenas \u00e0queles que se inscreveram na atividade presencial.<\/p>\n<p style=\"font-weight: 400\"><strong>Certifica\u00e7\u00e3o<\/strong><\/p>\n<p style=\"font-weight: 400\">&#8211; Na modalidade <strong>PRESENCIAL,<\/strong> mediante<em> check-in<\/em> na recep\u00e7\u00e3o do evento; o\u00a0acompanhamento presencial garantir\u00e1 certificado com 8 horas de atividades.<\/p>\n<p style=\"font-weight: 400\">&#8211; Na modalidade\u00a0<strong>ONLINE,<\/strong>\u00a0mediante preenchimento de formul\u00e1rio de rea\u00e7\u00e3o a ser enviado por e-mail aos inscritos ao final do evento. O acompanhamento online garantir\u00e1 certificado com 4 horas de atividades.<\/p>\n<p>&nbsp;<\/p>\n<p><strong>Data<\/strong><\/p>\n<p>17\/05\/2024<\/p>\n<p>&nbsp;<\/p>\n<p><strong>Local<\/strong><\/p>\n<p>C\u00e2mara Municipal de S\u00e3o Paulo, em m\u00faltiplas instala\u00e7\u00f5es simultaneamente durante a manha, e no Sal\u00e3o Freitas Nobre \u00e0 tarde.<\/p>\n<p>&nbsp;<\/p>\n<p><strong>Inscri\u00e7\u00f5es<\/strong><\/p>\n<p><strong><span style=\"color: #ff0000\">ENCERRADAS<\/span><\/strong><\/p>\n<p>&nbsp;<\/p>\n<p style=\"font-weight: 400\"><strong>Coordena\u00e7\u00e3o<\/strong><\/p>\n<p style=\"font-weight: 400\">Confira o Time de Especialistas que Conduzir\u00e1 a JPC 2024:<\/p>\n<p><em>Gilda Fleury &#8211;<\/em> diretora da GF Cerimonial &amp; Eventos, consultora, assessora, instrutora e professora de comunica\u00e7\u00e3o empresarial, protocolo, cerimonial e eventos<\/p>\n<p><em>Carlos TaKahashi<\/em>\u00a0&#8211; Assessor Especial da Secretaria de Governo e Rela\u00e7\u00f5es Institucionais do Governo do Estado de S\u00e3o Paulo<\/p>\n<p><em>Pedro Amorim &#8211;\u00a0<\/em>CEO da Gest\u00e3o Diamante<\/p>\n<p><em>Cec\u00edlia de Arruda\u00a0<\/em>&#8211; Cerimonialista, Mestre de Cerim\u00f4nias e Vice-Presidente do Comit\u00ea Nacional de Cerimonial e Protocolo &#8211; CNCP<\/p>\n<p><em>Jonas Gomes<\/em>\u00a0&#8211; Chefe de Cerimonial da C\u00e2mara Municipal de S\u00e3o Paulo<\/p>\n<p><em>Myrna Martins Rode<\/em>\u00a0&#8211; Assessora de Cerimonial e Rela\u00e7\u00f5es Institucionais do Tribunal Regional Federal da 3a Regi\u00e3o<\/p>\n<p><em>Fernanda Diniz<\/em>\u00a0&#8211; Coordenadora de Cerimonial e Eventos do Tribunal Regional Eleitoral de S\u00e3o Paulo<\/p>\n<p><em>Eduardo Garcia &#8211;<\/em>\u00a0Assistente de Cerimonial e Eventos do Tribunal Regional Eleitoral de S\u00e3o Paulo<\/p>\n<p>&nbsp;<\/p>\n<p><strong>Pela Escola do Parlamento<\/strong><\/p>\n<p>Pedro Henrique Campos (Professor-Coordenador na Escola do Parlamento)<\/p>\n<p>&nbsp;<\/p>\n<p style=\"font-weight: 400\"><strong>Programa\u00e7\u00e3o<\/strong><\/p>\n<p>&nbsp;<\/p>\n<p>&nbsp;<\/p>\n<table>\n<tbody>\n<tr>\n<td>In\u00edcio<\/td>\n<td>Fim<\/td>\n<td colspan=\"4\">Atividade<\/td>\n<\/tr>\n<tr>\n<td>08:00<\/td>\n<td>09:00<\/td>\n<td colspan=\"4\">Credenciamento<\/td>\n<\/tr>\n<tr>\n<td colspan=\"2\">Conversas com Especialistas<\/td>\n<td>Audit\u00f3rio Primeiro de Maio<\/td>\n<td>Sala S\u00e9rgio Vieira de Mello<\/td>\n<td>Sala Oscar Pedroso Horta<\/td>\n<td>Sala Tiradentes<\/td>\n<\/tr>\n<tr>\n<td>09:00<\/td>\n<td>09:40<\/td>\n<td>Renata Viana<\/p>\n<p>Desafios do Prefeitura Presente: Organizando mais de uma dezena de eventos no mesmo dia com diversas autoridades, em diversos locais<\/td>\n<td>Merks Germano<\/p>\n<p>Do Fax ao Whats e de Motorista a MC &#8211; Como eu Transformei o Cerimonial do TJSP<\/td>\n<td>Regina Al Rafihi<\/p>\n<p>Intelige\u0302ncia Emocional &#8211; Eficie\u0302ncia e Alta Performance para o Cerimonialista<\/td>\n<td><\/td>\n<\/tr>\n<tr>\n<td>10:00<\/td>\n<td>10:40<\/td>\n<td>Beatriz<\/p>\n<p>RSVP: etiqueta ou irrevere\u0302ncia?<\/td>\n<td>Diego Novais<\/p>\n<p>Gesta\u0303o do Conhecimento e da Inovac\u0327a\u0303o no Cerimonial da Ca\u0302mara Municipal de Sa\u0303o Paulo<\/td>\n<td>Fernanda Diniz<\/p>\n<p>Da Rotina ao Extraordina\u0301rio: estrate\u0301gias para voce\u0302 alavancar a sua carreira<\/td>\n<td>Ceci\u0301lia Arruda<\/p>\n<p>Como ser um Mestre de Cerimo\u0302nias<\/td>\n<\/tr>\n<tr>\n<td>11:00<\/td>\n<td>11:40<\/td>\n<td>Anderson Amaury<\/p>\n<p>Qual e\u0301 o posicionamento do profissional de eventos: Um para\u0302metro informativo em nu\u0301meros e dados do mercado de eventos sociais no Brasil<\/td>\n<td>Fabiano Fantin<\/p>\n<p>Um convite para entendermos o mundo de hoje e quais ferramentas utilizar para atuar profissionalmente diante de tantos cena\u0301rios ainda na\u0303o vividos e experimentados<\/td>\n<td>Eduardo Garcia<\/p>\n<p>Tre\u0302s passos poderosos para a Excele\u0302ncia Emocional: transforme seus eventos e sua vida (role playing)<\/p>\n<p>&nbsp;<\/td>\n<td>Myrna Rode<\/p>\n<p>Gerenciando riscos e fortalecendo o cerimonial &#8211; um novo olhar estrate\u0301gico.<\/td>\n<\/tr>\n<tr>\n<td>11:50<\/td>\n<td>13:30<\/td>\n<td colspan=\"4\">Pausa para Almo\u00e7o<\/td>\n<\/tr>\n<tr>\n<td colspan=\"2\">Palestras<\/td>\n<td colspan=\"4\">Sal\u00e3o Nobre<\/td>\n<\/tr>\n<tr>\n<td>13:30<\/td>\n<td>14:00<\/td>\n<td colspan=\"4\">Mesa de Abertura<\/td>\n<\/tr>\n<tr>\n<td>14:00<\/td>\n<td>14:40<\/td>\n<td colspan=\"4\">Jonas Gomes &#8211; Um ano de Intelig\u00eancia Artificial e as aplica\u00e7\u00f5es para Cerimonial<\/td>\n<\/tr>\n<tr>\n<td>14:40<\/td>\n<td>15:20<\/td>\n<td colspan=\"4\">Gilda Fleury &#8211; Cerimonial e Eventos na Era da Tecnologia<\/td>\n<\/tr>\n<tr>\n<td>15:20<\/td>\n<td>16:00<\/td>\n<td colspan=\"4\">Brasilia de Arruda Botelho &#8211; Um case de sucesso<\/td>\n<\/tr>\n<tr>\n<td>16:00<\/td>\n<td>16:50<\/td>\n<td colspan=\"4\">Momento CNCP Brasil &#8211; Estado da arte acerca da Regulamentac\u0327a\u0303o das Profisso\u0303es de Cerimonialista (PL 5455\/2026) e de Organizadores e Gestores de Eventos (PL 7936\/2017)<\/p>\n<p>Cecilia de Arruda &#8211; Vice- Presidente CNCP Brasil<br \/>\nSonia Rodrigues &#8211; Coord. Regional do Sudeste CNCP Brasil<br \/>\nFabiano Fantin &#8211; Diretor Administrativo e Patrimonial CNCP Brasil<br \/>\nDr. Felipe Santana &#8211; Consultor Especialista em Assuntos Juri\u0301dicos CNCP Brasil<\/td>\n<\/tr>\n<tr>\n<td>16:50<\/td>\n<td>17:30<\/td>\n<td colspan=\"4\">Momento CNCP Brasil &#8211; Discussa\u0303o acerca do Decreto N\u00b0 70.274\/1972, que normatiza o Cerimonial Pu\u0301blico<\/td>\n<\/tr>\n<\/tbody>\n<\/table>\n<p>&nbsp;<\/p>\n<p><strong>Link para atividades \u00e0 tarde<\/strong><\/p>\n<p><iframe loading=\"lazy\" title=\"VIII Jornada Paulista do Cerimonial: &quot;Transforma\u00e7\u00e3o e Excel\u00eancia&quot; | 17\/05\/2024\" width=\"640\" height=\"360\" src=\"https:\/\/www.youtube.com\/embed\/Oe5SFvJBOb8?feature=oembed\" frameborder=\"0\" allow=\"accelerometer; autoplay; clipboard-write; encrypted-media; gyroscope; picture-in-picture; web-share\" referrerpolicy=\"strict-origin-when-cross-origin\" allowfullscreen><\/iframe><\/p>\n","protected":false},"excerpt":{"rendered":"<p>Hoje, mais do que nunca, constata-se que cerimonialistas, organizadores de eventos, mestres de cerim\u00f4nias, celebrantes e profissionais afins desempenham uma das atividades mais estressantes que existem. \u00c9 bastante comum encontrar equipes desgastadas, prazos ex\u00edguos e n\u00edveis de exig\u00eancia alt\u00edssimos. Nesse cen\u00e1rio, \u00e9 poss\u00edvel que o profissional se sinta desamparado e n\u00e3o saiba a quem recorrer [&hellip;]<\/p>\n","protected":false},"author":297,"featured_media":0,"parent":28919,"menu_order":17,"comment_status":"closed","ping_status":"closed","template":"","meta":{"_acf_changed":false,"footnotes":""},"class_list":["post-29092","page","type-page","status-publish","hentry"],"acf":[],"_links":{"self":[{"href":"https:\/\/homolog.saopaulo.sp.leg.br\/escoladoparlamento\/wp-json\/wp\/v2\/pages\/29092","targetHints":{"allow":["GET"]}}],"collection":[{"href":"https:\/\/homolog.saopaulo.sp.leg.br\/escoladoparlamento\/wp-json\/wp\/v2\/pages"}],"about":[{"href":"https:\/\/homolog.saopaulo.sp.leg.br\/escoladoparlamento\/wp-json\/wp\/v2\/types\/page"}],"author":[{"embeddable":true,"href":"https:\/\/homolog.saopaulo.sp.leg.br\/escoladoparlamento\/wp-json\/wp\/v2\/users\/297"}],"replies":[{"embeddable":true,"href":"https:\/\/homolog.saopaulo.sp.leg.br\/escoladoparlamento\/wp-json\/wp\/v2\/comments?post=29092"}],"version-history":[{"count":5,"href":"https:\/\/homolog.saopaulo.sp.leg.br\/escoladoparlamento\/wp-json\/wp\/v2\/pages\/29092\/revisions"}],"predecessor-version":[{"id":29132,"href":"https:\/\/homolog.saopaulo.sp.leg.br\/escoladoparlamento\/wp-json\/wp\/v2\/pages\/29092\/revisions\/29132"}],"up":[{"embeddable":true,"href":"https:\/\/homolog.saopaulo.sp.leg.br\/escoladoparlamento\/wp-json\/wp\/v2\/pages\/28919"}],"wp:attachment":[{"href":"https:\/\/homolog.saopaulo.sp.leg.br\/escoladoparlamento\/wp-json\/wp\/v2\/media?parent=29092"}],"curies":[{"name":"wp","href":"https:\/\/api.w.org\/{rel}","templated":true}]}}