{"id":29103,"date":"2024-05-13T13:29:11","date_gmt":"2024-05-13T16:29:11","guid":{"rendered":"https:\/\/homolog.saopaulo.sp.leg.br\/escoladoparlamento\/?page_id=29103"},"modified":"2024-06-27T13:22:45","modified_gmt":"2024-06-27T16:22:45","slug":"arquivos-publicos-municipais-gestao-e-cultura-a-servico-do-cidadao","status":"publish","type":"page","link":"https:\/\/homolog.saopaulo.sp.leg.br\/escoladoparlamento\/cursos\/cursos-anteriores\/cursos-realizados-em-2024\/arquivos-publicos-municipais-gestao-e-cultura-a-servico-do-cidadao\/","title":{"rendered":"Arquivos P\u00fablicos Municipais: Gest\u00e3o e Cultura a Servi\u00e7o do Cidad\u00e3o"},"content":{"rendered":"<p>Coordena\u00e7\u00e3o: <strong>Ubirajara de Farias Prestes Filho<\/strong> \u2013 <em>Secret\u00e1rio de Documenta\u00e7\u00e3o da C\u00e2mara Municipal de S\u00e3o Paulo.<\/em><\/p>\n<p>&nbsp;<\/p>\n<p>Em comemora\u00e7\u00e3o ao Dia Internacional dos Arquivos, a Secretaria de Documenta\u00e7\u00e3o da CMSP, o Arquivo Hist\u00f3rico Municipal e o Museu da Cidade, em parceria com a Escola do Parlamento, promovem reflex\u00f5es sobre as atividades e a import\u00e2ncia dos Arquivos P\u00fablicos Municipais, do ponto de vista da gest\u00e3o documental e da difus\u00e3o cultural.<\/p>\n<p>O objetivo \u00e9 discutir o papel das institui\u00e7\u00f5es arquiv\u00edsticas no \u00e2mbito municipal, tanto do Poder Executivo como Legislativo. Trata-se de institui\u00e7\u00f5es que preservam os acervos documentais produzidos e recebidos pela Administra\u00e7\u00e3o P\u00fablica, desde o per\u00edodo colonial. Al\u00e9m de atenderem a diferentes demandas dos cidad\u00e3os, os arquivos s\u00e3o espa\u00e7os privilegiados para discuss\u00e3o sobre a cultura e a mem\u00f3ria.<\/p>\n<p>Pretende-se tamb\u00e9m esclarecer a popula\u00e7\u00e3o sobre o funcionamento dos arquivos, os acervos que os comp\u00f5em e as estrat\u00e9gias de busca de informa\u00e7\u00f5es. A import\u00e2ncia da cidade de S\u00e3o Paulo e a dimens\u00e3o de seus acervos justificam tal empreitada, que pode auxiliar outros munic\u00edpios na prote\u00e7\u00e3o de direitos fundamentais, por meio de atividades de organiza\u00e7\u00e3o, gest\u00e3o e difus\u00e3o dos acervos.<\/p>\n<p>&nbsp;<\/p>\n<p><strong>P\u00daBLICO-ALVO:<\/strong> Estudantes e profissionais de Arquivos, Bibliotecas, Museus, Tecnologia da Informa\u00e7\u00e3o, Direito, Hist\u00f3ria e cidad\u00e3os em geral.<\/p>\n<p>&nbsp;<\/p>\n<p><strong>VAGAS:<\/strong> 50 presenciais<\/p>\n<p>&nbsp;<\/p>\n<p><strong>CARGA HOR\u00c1RIA:<\/strong> 3 horas<\/p>\n<p>&nbsp;<\/p>\n<h2><strong>10 de junho &#8211; 14h \u00e0s 17h &#8211; Sala Oscar Pedrosa Horta<\/strong><\/h2>\n<p>O evento contar\u00e1 tamb\u00e9m com transmiss\u00e3o ao vivo pelo <a href=\"http:\/\/www.youtube.com\/@camarasaopaulo\">canal da C\u00e2mara no YouTube<\/a><\/p>\n<p><a href=\"https:\/\/www.youtube.com\/watch?v=KEWdIYI5x8E\"><strong>Reveja clicando AQUI<\/strong><\/a><\/p>\n<p>&nbsp;<\/p>\n<p><strong>CERTIFICA\u00c7\u00c3O:<\/strong><\/p>\n<p>Se voc\u00ea se inscreveu na modalidade PRESENCIAL \u2013 presen\u00e7a aferida mediante check in na entrada da sala do evento.<\/p>\n<p>Na modalidade ONLINE \u2013 presen\u00e7a aferida mediante resposta ao formul\u00e1rio disponibilizado e enviado para o email com que foi feita a inscri\u00e7\u00e3o.<\/p>\n<p>&nbsp;<\/p>\n<h3><strong>INSCRI\u00c7\u00d5ES: <span style=\"color: #ff0000\">ENCERRADAS<\/span><\/strong><\/h3>\n<p>&nbsp;<\/p>\n<hr \/>\n<p>&nbsp;<\/p>\n<h3><span style=\"color: #ff0000\"><strong>PROGRAMA\u00c7\u00c3O:<\/strong><\/span><\/h3>\n<p><strong>Abertura<\/strong><\/p>\n<p><strong>Breno Gandelman<\/strong> \u2013 <em>Procurador Legislativo e Secret\u00e1rio Geral Parlamentar da C\u00e2mara Municipal de S\u00e3o Paulo\u00a0<\/em><\/p>\n<p><strong>Ubirajara de Farias Prestes Filho<\/strong> \u2013 <em>Secret\u00e1rio de Documenta\u00e7\u00e3o da C\u00e2mara Municipal de S\u00e3o Paulo<\/em><\/p>\n<p>&nbsp;<\/p>\n<p><strong><em>O Arquivo Hist\u00f3rico Municipal e a difus\u00e3o da informa\u00e7\u00e3o: rumos e desafios<\/em><\/strong><\/p>\n<p><strong>S\u00e1tiro Ferreira Nunes<\/strong> &#8211;\u00a0<em>Graduado em Arquivologia pela UFF e Mestre em Educa\u00e7\u00e3o pela Universidade Est\u00e1cio de S\u00e1. Atuou como servidor p\u00fablico no Arquivo Nacional, e ocupou diversas fun\u00e7\u00f5es, como Supervisor da Equipe de Documentos do Executivo e do Legislativo do Arquivo Nacional. Foi membro do Conselho Editorial do Arquivo Nacional, membro do Grupo de Trabalho para a Exposi\u00e7\u00e3o Mem\u00f3ria Cultural do Mundo e membro da Comiss\u00e3o de Acesso a Informa\u00e7\u00e3o do Arquivo Nacional. Trabalhou no acervo do Minist\u00e9rio de Rela\u00e7\u00f5es Exteriores, no Rio de Janeiro. Atuou como professor universit\u00e1rio na \u00e1rea acad\u00eamica de Educa\u00e7\u00e3o. Atualmente ocupa a fun\u00e7\u00e3o de Supervisor do Acervo Permanente no Arquivo Hist\u00f3rico Municipal.<\/em><\/p>\n<p>&nbsp;<\/p>\n<p><strong><em>O acervo fotogr\u00e1fico da Prefeitura de S\u00e3o Paulo<\/em><\/strong><\/p>\n<p><strong>Henrique Siqueira &#8211;\u00a0<\/strong><em>Graduado em Sociologia e Mestre em Fotografia pelo Departamento de Comunica\u00e7\u00e3o e Semi\u00f3tica da Pontif\u00edcia Universidade Cat\u00f3lica de S\u00e3o Paulo (PUC-SP), \u00e9 pesquisador e curador de fotografia. Depois de trabalhar em institui\u00e7\u00f5es culturais, ingressou no Museu da Cidade de S\u00e3o Paulo em 2008, onde elaborou o projeto de implanta\u00e7\u00e3o da Casa da Imagem e o desenvolvimento de seu projeto curatorial. Atualmente coordena o N\u00facleo de Curadoria do Museu da Cidade.<\/em><\/p>\n<p>&nbsp;<\/p>\n<p><strong>Encerramento<\/strong><\/p>\n<p><strong><em>O Arquivo do Legislativo Paulistano<\/em><\/strong><\/p>\n<p><strong>Daniela Pereira de Sousa Manfr\u00e9 <\/strong>&#8211; <em>Supervisora da Equipe de Arquivo Geral da C\u00e2mara Municipal de S\u00e3o Paulo<\/em><\/p>\n","protected":false},"excerpt":{"rendered":"<p>Coordena\u00e7\u00e3o: Ubirajara de Farias Prestes Filho \u2013 Secret\u00e1rio de Documenta\u00e7\u00e3o da C\u00e2mara Municipal de S\u00e3o Paulo. &nbsp; Em comemora\u00e7\u00e3o ao Dia Internacional dos Arquivos, a Secretaria de Documenta\u00e7\u00e3o da CMSP, o Arquivo Hist\u00f3rico Municipal e o Museu da Cidade, em parceria com a Escola do Parlamento, promovem reflex\u00f5es sobre as atividades e a import\u00e2ncia dos [&hellip;]<\/p>\n","protected":false},"author":522,"featured_media":0,"parent":28919,"menu_order":16,"comment_status":"closed","ping_status":"closed","template":"","meta":{"_acf_changed":false,"footnotes":""},"class_list":["post-29103","page","type-page","status-publish","hentry"],"acf":[],"_links":{"self":[{"href":"https:\/\/homolog.saopaulo.sp.leg.br\/escoladoparlamento\/wp-json\/wp\/v2\/pages\/29103","targetHints":{"allow":["GET"]}}],"collection":[{"href":"https:\/\/homolog.saopaulo.sp.leg.br\/escoladoparlamento\/wp-json\/wp\/v2\/pages"}],"about":[{"href":"https:\/\/homolog.saopaulo.sp.leg.br\/escoladoparlamento\/wp-json\/wp\/v2\/types\/page"}],"author":[{"embeddable":true,"href":"https:\/\/homolog.saopaulo.sp.leg.br\/escoladoparlamento\/wp-json\/wp\/v2\/users\/522"}],"replies":[{"embeddable":true,"href":"https:\/\/homolog.saopaulo.sp.leg.br\/escoladoparlamento\/wp-json\/wp\/v2\/comments?post=29103"}],"version-history":[{"count":5,"href":"https:\/\/homolog.saopaulo.sp.leg.br\/escoladoparlamento\/wp-json\/wp\/v2\/pages\/29103\/revisions"}],"predecessor-version":[{"id":29136,"href":"https:\/\/homolog.saopaulo.sp.leg.br\/escoladoparlamento\/wp-json\/wp\/v2\/pages\/29103\/revisions\/29136"}],"up":[{"embeddable":true,"href":"https:\/\/homolog.saopaulo.sp.leg.br\/escoladoparlamento\/wp-json\/wp\/v2\/pages\/28919"}],"wp:attachment":[{"href":"https:\/\/homolog.saopaulo.sp.leg.br\/escoladoparlamento\/wp-json\/wp\/v2\/media?parent=29103"}],"curies":[{"name":"wp","href":"https:\/\/api.w.org\/{rel}","templated":true}]}}