{"id":29138,"date":"2024-06-12T14:01:39","date_gmt":"2024-06-12T17:01:39","guid":{"rendered":"https:\/\/homolog.saopaulo.sp.leg.br\/escoladoparlamento\/?page_id=29138"},"modified":"2024-08-30T11:54:31","modified_gmt":"2024-08-30T14:54:31","slug":"oficinas-de-agentes-de-governo-aberto-edicao-2024","status":"publish","type":"page","link":"https:\/\/homolog.saopaulo.sp.leg.br\/escoladoparlamento\/cursos\/cursos-anteriores\/cursos-realizados-em-2024\/oficinas-de-agentes-de-governo-aberto-edicao-2024\/","title":{"rendered":"Oficinas de Agentes de Governo Aberto &#8211; Edi\u00e7\u00e3o 2024"},"content":{"rendered":"<p><a href=\"http:\/\/homolog.saopaulo.sp.leg.br\/escoladoparlamento\/wp-content\/uploads\/sites\/5\/2024\/06\/Capas-novo-portal-5.png\"><img loading=\"lazy\" decoding=\"async\" class=\"alignnone wp-image-29139\" src=\"http:\/\/homolog.saopaulo.sp.leg.br\/escoladoparlamento\/wp-content\/uploads\/sites\/5\/2024\/06\/Capas-novo-portal-5.png\" alt=\"\" width=\"536\" height=\"223\" srcset=\"https:\/\/homolog.saopaulo.sp.leg.br\/escoladoparlamento\/wp-content\/uploads\/sites\/5\/2024\/06\/Capas-novo-portal-5.png 2354w, https:\/\/homolog.saopaulo.sp.leg.br\/escoladoparlamento\/wp-content\/uploads\/sites\/5\/2024\/06\/Capas-novo-portal-5-300x125.png 300w, https:\/\/homolog.saopaulo.sp.leg.br\/escoladoparlamento\/wp-content\/uploads\/sites\/5\/2024\/06\/Capas-novo-portal-5-1024x426.png 1024w, https:\/\/homolog.saopaulo.sp.leg.br\/escoladoparlamento\/wp-content\/uploads\/sites\/5\/2024\/06\/Capas-novo-portal-5-768x319.png 768w, https:\/\/homolog.saopaulo.sp.leg.br\/escoladoparlamento\/wp-content\/uploads\/sites\/5\/2024\/06\/Capas-novo-portal-5-1536x639.png 1536w, https:\/\/homolog.saopaulo.sp.leg.br\/escoladoparlamento\/wp-content\/uploads\/sites\/5\/2024\/06\/Capas-novo-portal-5-2048x852.png 2048w\" sizes=\"auto, (max-width: 536px) 100vw, 536px\" \/><\/a><\/p>\n<p class=\"post-title\">Programa Agentes de Governo Aberto tem a miss\u00e3o de formar e engajar a Sociedade Civil no exerc\u00edcio da cidadania por todo o territ\u00f3rio da cidade de S\u00e3o Paulo, promovendo iniciativas de transpar\u00eancia, participa\u00e7\u00e3o social, inova\u00e7\u00e3o e tecnologia, e integridade.<\/p>\n<p><strong>ATIVIDADE PRESENCIAL<\/strong><\/p>\n<p><em>Como aumentar o controle social do or\u00e7amento p\u00fablico<\/em><br \/>\nAgente: Francisca de Moraes<\/p>\n<p>Entenda a composi\u00e7\u00e3o e funcionamento do or\u00e7amento governamental, como s\u00e3o utilizados os recursos dos impostos, tributos e contribui\u00e7\u00f5es, como analisar a aplica\u00e7\u00e3o do dinheiro nas pol\u00edticas p\u00fablicas e aumentar o controle e fiscaliza\u00e7\u00e3o social.<\/p>\n<div class=\"TypographyPresentation TypographyPresentation--m RichText3-paragraph--withVSpacingNormal RichText3-paragraph\"><strong>21 de junho (sexta-feira), das 13h \u00e0s 17h<\/strong><\/div>\n<div class=\"TypographyPresentation TypographyPresentation--m RichText3-paragraph--withVSpacingNormal RichText3-paragraph\">Local:\u00a0C\u00e2mara Municipal de S\u00e3o Paulo &#8211; Viaduto Jacare\u00ed, 100 &#8211; Sala Oscar Pedroso Horta, 1\u00b0 Subsolo<\/div>\n<div class=\"TypographyPresentation TypographyPresentation--m RichText3-paragraph--withVSpacingNormal RichText3-paragraph\"><\/div>\n<p>&nbsp;<\/p>\n<p><strong>ATIVIDADES ONLINE<\/strong><\/p>\n<p><em>1) Elei\u00e7\u00f5es Municipais: a import\u00e2ncia do voto e o funcionamento do sistema pol\u00edtico brasileiro<br \/>\n<\/em>Agente: Martha Gaud\u00eancio<\/p>\n<p>Nesta oficina ser\u00e1 apresentado como se organiza o sistema pol\u00edtico brasileiro a partir da cidade de S\u00e3o Paulo. Tamb\u00e9m ser\u00e1 apresentada a import\u00e2ncia da participa\u00e7\u00e3o no processo eleitoral e os meios legais para se exercer uma cidadania ativa p\u00f3s elei\u00e7\u00f5es.<\/p>\n<p><strong><span style=\"color: #000000\">24 de junho (segunda-feira), das 19h30 \u00e0s 22h00<\/span><\/strong><\/p>\n<p><em>2) Participa\u00e7\u00e3o pol\u00edtica para a diversidade: pessoas com defici\u00eancia<br \/>\n<\/em>Agente: Graziela Sarmento<\/p>\n<p>A partir do Objetivo 10, dos Objetivos de Desenvolvimento Sustent\u00e1vel \u201cReduzir a desigualdade dentro dos pa\u00edses e entre eles\u201d, a oficina introduzir\u00e1 o atual cen\u00e1rio da Pessoa com Defici\u00eancia no Brasil e far\u00e1 rela\u00e7\u00e3o com elementos que impactam a sua participa\u00e7\u00e3o pol\u00edtica, enquanto cidad\u00e3 e cidad\u00e3o. Faz sentido entender que a cidadania se constr\u00f3i \u00e0 medida que a participa\u00e7\u00e3o social se consolida e que a acessibilidade \u00e9 elemento insepar\u00e1vel para isto, pois influencia na capacidade de agir. Qual cidad\u00e3 e cidad\u00e3o temos escolhido e chamado para a intera\u00e7\u00e3o e di\u00e1logo quando nos propomos a um governo verdadeiramente aberto?<\/p>\n<p><strong>1\u00b0 de julho (segunda-feira), das 19h30 \u00e0s 22h00<\/strong><\/p>\n<p><em>3) Intelig\u00eancia Artificial e\u00a0\u00a0reconhecimento facial\u00a0no Governo Aberto<br \/>\n<\/em>Agente:\u00a0\u00a0Diego Galofero\u00a0 Aureliano da Silva<\/p>\n<p>Nesta oficina, vamos discutir o papel da tecnologia e da comunica\u00e7\u00e3o para uma democracia saud\u00e1vel, e refletir sobre os riscos e os benef\u00edcios do uso da IA e do reconhecimento facial. Tamb\u00e9m vamos abordar o fen\u00f4meno do racismo algor\u00edtmico, que ocorre quando os algoritmos usados em sistemas tecnol\u00f3gicos reproduzem vieses e discrimina\u00e7\u00f5es existentes na sociedade. Vamos refletir em como utilizar o algoritmo para promo\u00e7\u00e3o de igualdade racial.<\/p>\n<p><strong>8 de julho (segunda-feira), das 19h30 \u00e0s 22h00<\/strong><\/p>\n<p><em>4) Cidade das \u00e1guas: Saneamento B\u00e1sico, um direito de todos<br \/>\n<\/em>Agente: Gabriela Rosa<\/p>\n<p>A urbaniza\u00e7\u00e3o sem planejamento aterrou e poluiu rios, gerando graves problemas socioambientais. \u00c9 crucial retomar essa tem\u00e1tica no planejamento urbano. A oficina abordar\u00e1 os pilares do Saneamento B\u00e1sico.<\/p>\n<p><strong>17 de julho (quarta-feira), das 09h30 \u00e0s 12h00<\/strong><\/p>\n<p><em>5) Como participar do Or\u00e7amento Cidad\u00e3o<br \/>\n<\/em>Agente: Pablo Vinicius Paternostro<\/p>\n<p>Na plataforma Participe+ ocorrem discuss\u00f5es e formula\u00e7\u00e3o de pol\u00edticas p\u00fablicas municipais do Or\u00e7amento Cidad\u00e3o. A oficina estimula a elabora\u00e7\u00e3o de propostas vi\u00e1veis e a divulga\u00e7\u00e3o da respectiva elei\u00e7\u00e3o.<\/p>\n<p><strong>24 de julho (quarta-feira), das 08h30 \u00e0s 12h30<\/strong><\/p>\n<div class=\"TypographyPresentation TypographyPresentation--m RichText3-paragraph--withVSpacingNormal RichText3-paragraph\"><\/div>\n<h3 class=\"TypographyPresentation TypographyPresentation--m RichText3-paragraph--withVSpacingNormal RichText3-paragraph\">INSCRI\u00c7\u00d5ES ENCERRADAS<\/h3>\n","protected":false},"excerpt":{"rendered":"<p>Programa Agentes de Governo Aberto tem a miss\u00e3o de formar e engajar a Sociedade Civil no exerc\u00edcio da cidadania por todo o territ\u00f3rio da cidade de S\u00e3o Paulo, promovendo iniciativas de transpar\u00eancia, participa\u00e7\u00e3o social, inova\u00e7\u00e3o e tecnologia, e integridade. ATIVIDADE PRESENCIAL Como aumentar o controle social do or\u00e7amento p\u00fablico Agente: Francisca de Moraes Entenda a [&hellip;]<\/p>\n","protected":false},"author":297,"featured_media":0,"parent":28919,"menu_order":15,"comment_status":"closed","ping_status":"closed","template":"","meta":{"_acf_changed":false,"footnotes":""},"class_list":["post-29138","page","type-page","status-publish","hentry"],"acf":[],"_links":{"self":[{"href":"https:\/\/homolog.saopaulo.sp.leg.br\/escoladoparlamento\/wp-json\/wp\/v2\/pages\/29138","targetHints":{"allow":["GET"]}}],"collection":[{"href":"https:\/\/homolog.saopaulo.sp.leg.br\/escoladoparlamento\/wp-json\/wp\/v2\/pages"}],"about":[{"href":"https:\/\/homolog.saopaulo.sp.leg.br\/escoladoparlamento\/wp-json\/wp\/v2\/types\/page"}],"author":[{"embeddable":true,"href":"https:\/\/homolog.saopaulo.sp.leg.br\/escoladoparlamento\/wp-json\/wp\/v2\/users\/297"}],"replies":[{"embeddable":true,"href":"https:\/\/homolog.saopaulo.sp.leg.br\/escoladoparlamento\/wp-json\/wp\/v2\/comments?post=29138"}],"version-history":[{"count":5,"href":"https:\/\/homolog.saopaulo.sp.leg.br\/escoladoparlamento\/wp-json\/wp\/v2\/pages\/29138\/revisions"}],"predecessor-version":[{"id":29186,"href":"https:\/\/homolog.saopaulo.sp.leg.br\/escoladoparlamento\/wp-json\/wp\/v2\/pages\/29138\/revisions\/29186"}],"up":[{"embeddable":true,"href":"https:\/\/homolog.saopaulo.sp.leg.br\/escoladoparlamento\/wp-json\/wp\/v2\/pages\/28919"}],"wp:attachment":[{"href":"https:\/\/homolog.saopaulo.sp.leg.br\/escoladoparlamento\/wp-json\/wp\/v2\/media?parent=29138"}],"curies":[{"name":"wp","href":"https:\/\/api.w.org\/{rel}","templated":true}]}}